{"id":11427,"date":"2021-08-25T09:58:18","date_gmt":"2021-08-25T07:57:18","guid":{"rendered":"https:\/\/fulbat.com\/?post_type=product&#038;p=11427"},"modified":"2024-12-05T12:36:00","modified_gmt":"2024-12-05T11:36:00","slug":"fft12-150","status":"publish","type":"product","link":"https:\/\/fulbat.com\/fr\/produit\/fft12-150\/","title":{"rendered":"FFT12-150"},"content":{"rendered":"<p style=\"text-align: justify;\">La batterie FFT12-150 fait partie de notre gamme FP- General Purpose. Con\u00e7ue pour les applications de t\u00e9l\u00e9communication n\u00e9cessitant un niveau de s\u00e9curit\u00e9 et fiabilit\u00e9 \u00e9lev\u00e9, cette batterie 12V 150Ah \u00e0 bornes accessibles par l\u2019avant offre une dur\u00e9e de vie de 12 ans en charge permanente (floating).<\/p>\n<p>Totalement \u00e9tanche et de conception AGM r\u00e9gul\u00e9e par soupape, la batterie FFT12-100 permet une installation et maintenance plus rapide ainsi qu\u2019un gain de place au sol, id\u00e9al pour les armoires \u00e9lectriques de 19\u2019\u2019 et 23\u2019\u2019.<\/p>\n","protected":false},"excerpt":{"rendered":"<p>Bornes accessibles par l&rsquo;avant<\/p>\n<p>Facile \u00e0 installer, \u00e0 entretenir et \u00e0 utiliser<\/p>\n<p>Id\u00e9al pour les syst\u00e8mes de 48V<\/p>\n<p>Id\u00e9al pour les armoires \u00e9lectriques de 19\u2033 ou 23\u2033<\/p>\n<p>Dur\u00e9e de vie de 12 ans \u00e0 25\u00b0C<\/p>\n<p>Sans entretien et \u00e9tanche<\/p>\n<p>Technologie AGM pour des performances sup\u00e9rieures<\/p>\n<p>Faible taux d\u2019autod\u00e9charge (environ 3%\/mois \u00e0 20 \u00b0C)<\/p>\n<p>Large amplitude de temp\u00e9ratures lors de l\u2019utilisation<\/p>\n<p>Faible \u00e9mission de gaz gr\u00e2ce \u00e0 une recombinaison des gaz de 99% (VRLA)<\/p>\n","protected":false},"featured_media":11425,"template":"","meta":[],"product_brand":[],"product_cat":[822,811,829,828],"product_tag":[2272,955,953,2271,952,2270,2274,2273],"class_list":{"0":"post-11427","1":"product","2":"type-product","3":"status-publish","4":"has-post-thumbnail","6":"product_cat-fp-general-purpose-agm-fr","7":"product_cat-industriel","8":"product_cat-onduleur-ups-centre-de-donnees","9":"product_cat-telecoms","10":"product_tag-batterie-front-terminal-fr","11":"product_tag-batterie-telecoms","12":"product_tag-batterie-ups","13":"product_tag-front-terminal-battery-fr","14":"product_tag-general-purpose-battery-fr","15":"product_tag-general-purpose-front-terminal-fr","16":"product_tag-yft150-12-fr","17":"product_tag-yft15012-fr","19":"first","20":"instock","21":"shipping-taxable","22":"product-type-simple"},"yoast_head":"<!-- This site is optimized with the Yoast SEO plugin v26.9 - https:\/\/yoast.com\/product\/yoast-seo-wordpress\/ -->\n<title>FFT12-150 - Fulbat<\/title>\n<meta name=\"description\" content=\"%\" \/>\n<meta name=\"robots\" content=\"index, follow, max-snippet:-1, max-image-preview:large, max-video-preview:-1\" \/>\n<link rel=\"canonical\" href=\"https:\/\/fulbat.com\/fr\/produit\/fft12-150\/\" \/>\n<meta property=\"og:locale\" content=\"fr_FR\" \/>\n<meta property=\"og:type\" content=\"article\" \/>\n<meta property=\"og:title\" content=\"FFT12-150 - Fulbat\" \/>\n<meta property=\"og:description\" content=\"%\" \/>\n<meta property=\"og:url\" content=\"https:\/\/fulbat.com\/fr\/produit\/fft12-150\/\" \/>\n<meta property=\"og:site_name\" content=\"Fulbat\" \/>\n<meta property=\"article:modified_time\" content=\"2024-12-05T11:36:00+00:00\" \/>\n<meta property=\"og:image\" content=\"https:\/\/fulbat.com\/wp-content\/uploads\/2021\/08\/FT_FFT12-150_GeneralPurpose_AGM2-891x1024.png\" \/>\n\t<meta property=\"og:image:width\" content=\"891\" \/>\n\t<meta property=\"og:image:height\" content=\"1024\" \/>\n\t<meta property=\"og:image:type\" content=\"image\/png\" \/>\n<meta name=\"twitter:card\" content=\"summary_large_image\" \/>\n<meta name=\"twitter:label1\" content=\"Dur\u00e9e de lecture estim\u00e9e\" \/>\n\t<meta name=\"twitter:data1\" content=\"1 minute\" \/>\n<script type=\"application\/ld+json\" class=\"yoast-schema-graph\">{\"@context\":\"https:\/\/schema.org\",\"@graph\":[{\"@type\":\"WebPage\",\"@id\":\"https:\/\/fulbat.com\/fr\/produit\/fft12-150\/\",\"url\":\"https:\/\/fulbat.com\/fr\/produit\/fft12-150\/\",\"name\":\"FFT12-150 - Fulbat\",\"isPartOf\":{\"@id\":\"https:\/\/fulbat.com\/fr\/#website\"},\"primaryImageOfPage\":{\"@id\":\"https:\/\/fulbat.com\/fr\/produit\/fft12-150\/#primaryimage\"},\"image\":{\"@id\":\"https:\/\/fulbat.com\/fr\/produit\/fft12-150\/#primaryimage\"},\"thumbnailUrl\":\"https:\/\/fulbat.com\/wp-content\/uploads\/2021\/08\/FT_FFT12-150_GeneralPurpose_AGM2.png\",\"datePublished\":\"2021-08-25T07:57:18+00:00\",\"dateModified\":\"2024-12-05T11:36:00+00:00\",\"description\":\"%\",\"breadcrumb\":{\"@id\":\"https:\/\/fulbat.com\/fr\/produit\/fft12-150\/#breadcrumb\"},\"inLanguage\":\"fr-FR\",\"potentialAction\":[{\"@type\":\"ReadAction\",\"target\":[\"https:\/\/fulbat.com\/fr\/produit\/fft12-150\/\"]}]},{\"@type\":\"ImageObject\",\"inLanguage\":\"fr-FR\",\"@id\":\"https:\/\/fulbat.com\/fr\/produit\/fft12-150\/#primaryimage\",\"url\":\"https:\/\/fulbat.com\/wp-content\/uploads\/2021\/08\/FT_FFT12-150_GeneralPurpose_AGM2.png\",\"contentUrl\":\"https:\/\/fulbat.com\/wp-content\/uploads\/2021\/08\/FT_FFT12-150_GeneralPurpose_AGM2.png\",\"width\":2610,\"height\":3001,\"caption\":\"FULBAT_FFT12-150_GeneralPurpose_Front-Terminal\"},{\"@type\":\"BreadcrumbList\",\"@id\":\"https:\/\/fulbat.com\/fr\/produit\/fft12-150\/#breadcrumb\",\"itemListElement\":[{\"@type\":\"ListItem\",\"position\":1,\"name\":\"Home\",\"item\":\"https:\/\/fulbat.com\/fr\/\"},{\"@type\":\"ListItem\",\"position\":2,\"name\":\"Shop\",\"item\":\"https:\/\/fulbat.com\/shop\/\"},{\"@type\":\"ListItem\",\"position\":3,\"name\":\"Industriel\",\"item\":\"https:\/\/fulbat.com\/fr\/industriel\/\"},{\"@type\":\"ListItem\",\"position\":4,\"name\":\"FFT12-150\"}]},{\"@type\":\"WebSite\",\"@id\":\"https:\/\/fulbat.com\/fr\/#website\",\"url\":\"https:\/\/fulbat.com\/fr\/\",\"name\":\"Fulbat\",\"description\":\"Qualitative, performing &amp; reliable battery solutions\",\"potentialAction\":[{\"@type\":\"SearchAction\",\"target\":{\"@type\":\"EntryPoint\",\"urlTemplate\":\"https:\/\/fulbat.com\/fr\/?s={search_term_string}\"},\"query-input\":{\"@type\":\"PropertyValueSpecification\",\"valueRequired\":true,\"valueName\":\"search_term_string\"}}],\"inLanguage\":\"fr-FR\"}]}<\/script>\n<!-- \/ Yoast SEO plugin. -->","yoast_head_json":{"title":"FFT12-150 - Fulbat","description":"%","robots":{"index":"index","follow":"follow","max-snippet":"max-snippet:-1","max-image-preview":"max-image-preview:large","max-video-preview":"max-video-preview:-1"},"canonical":"https:\/\/fulbat.com\/fr\/produit\/fft12-150\/","og_locale":"fr_FR","og_type":"article","og_title":"FFT12-150 - Fulbat","og_description":"%","og_url":"https:\/\/fulbat.com\/fr\/produit\/fft12-150\/","og_site_name":"Fulbat","article_modified_time":"2024-12-05T11:36:00+00:00","og_image":[{"width":891,"height":1024,"url":"https:\/\/fulbat.com\/wp-content\/uploads\/2021\/08\/FT_FFT12-150_GeneralPurpose_AGM2-891x1024.png","type":"image\/png"}],"twitter_card":"summary_large_image","twitter_misc":{"Dur\u00e9e de lecture estim\u00e9e":"1 minute"},"schema":{"@context":"https:\/\/schema.org","@graph":[{"@type":"WebPage","@id":"https:\/\/fulbat.com\/fr\/produit\/fft12-150\/","url":"https:\/\/fulbat.com\/fr\/produit\/fft12-150\/","name":"FFT12-150 - Fulbat","isPartOf":{"@id":"https:\/\/fulbat.com\/fr\/#website"},"primaryImageOfPage":{"@id":"https:\/\/fulbat.com\/fr\/produit\/fft12-150\/#primaryimage"},"image":{"@id":"https:\/\/fulbat.com\/fr\/produit\/fft12-150\/#primaryimage"},"thumbnailUrl":"https:\/\/fulbat.com\/wp-content\/uploads\/2021\/08\/FT_FFT12-150_GeneralPurpose_AGM2.png","datePublished":"2021-08-25T07:57:18+00:00","dateModified":"2024-12-05T11:36:00+00:00","description":"%","breadcrumb":{"@id":"https:\/\/fulbat.com\/fr\/produit\/fft12-150\/#breadcrumb"},"inLanguage":"fr-FR","potentialAction":[{"@type":"ReadAction","target":["https:\/\/fulbat.com\/fr\/produit\/fft12-150\/"]}]},{"@type":"ImageObject","inLanguage":"fr-FR","@id":"https:\/\/fulbat.com\/fr\/produit\/fft12-150\/#primaryimage","url":"https:\/\/fulbat.com\/wp-content\/uploads\/2021\/08\/FT_FFT12-150_GeneralPurpose_AGM2.png","contentUrl":"https:\/\/fulbat.com\/wp-content\/uploads\/2021\/08\/FT_FFT12-150_GeneralPurpose_AGM2.png","width":2610,"height":3001,"caption":"FULBAT_FFT12-150_GeneralPurpose_Front-Terminal"},{"@type":"BreadcrumbList","@id":"https:\/\/fulbat.com\/fr\/produit\/fft12-150\/#breadcrumb","itemListElement":[{"@type":"ListItem","position":1,"name":"Home","item":"https:\/\/fulbat.com\/fr\/"},{"@type":"ListItem","position":2,"name":"Shop","item":"https:\/\/fulbat.com\/shop\/"},{"@type":"ListItem","position":3,"name":"Industriel","item":"https:\/\/fulbat.com\/fr\/industriel\/"},{"@type":"ListItem","position":4,"name":"FFT12-150"}]},{"@type":"WebSite","@id":"https:\/\/fulbat.com\/fr\/#website","url":"https:\/\/fulbat.com\/fr\/","name":"Fulbat","description":"Qualitative, performing &amp; reliable battery solutions","potentialAction":[{"@type":"SearchAction","target":{"@type":"EntryPoint","urlTemplate":"https:\/\/fulbat.com\/fr\/?s={search_term_string}"},"query-input":{"@type":"PropertyValueSpecification","valueRequired":true,"valueName":"search_term_string"}}],"inLanguage":"fr-FR"}]}},"_links":{"self":[{"href":"https:\/\/fulbat.com\/fr\/wp-json\/wp\/v2\/product\/11427","targetHints":{"allow":["GET"]}}],"collection":[{"href":"https:\/\/fulbat.com\/fr\/wp-json\/wp\/v2\/product"}],"about":[{"href":"https:\/\/fulbat.com\/fr\/wp-json\/wp\/v2\/types\/product"}],"wp:featuredmedia":[{"embeddable":true,"href":"https:\/\/fulbat.com\/fr\/wp-json\/wp\/v2\/media\/11425"}],"wp:attachment":[{"href":"https:\/\/fulbat.com\/fr\/wp-json\/wp\/v2\/media?parent=11427"}],"wp:term":[{"taxonomy":"product_brand","embeddable":true,"href":"https:\/\/fulbat.com\/fr\/wp-json\/wp\/v2\/product_brand?post=11427"},{"taxonomy":"product_cat","embeddable":true,"href":"https:\/\/fulbat.com\/fr\/wp-json\/wp\/v2\/product_cat?post=11427"},{"taxonomy":"product_tag","embeddable":true,"href":"https:\/\/fulbat.com\/fr\/wp-json\/wp\/v2\/product_tag?post=11427"}],"curies":[{"name":"wp","href":"https:\/\/api.w.org\/{rel}","templated":true}]}}