{"id":13333,"date":"2020-09-10T21:59:20","date_gmt":"2022-01-25T13:58:20","guid":{"rendered":"https:\/\/fulbat.com\/product\/fph-12-35w\/"},"modified":"2025-11-18T10:22:23","modified_gmt":"2025-11-18T09:22:23","slug":"fph12-35w","status":"publish","type":"product","link":"https:\/\/fulbat.com\/fr\/produit\/fph12-35w\/","title":{"rendered":"FPH12-35W"},"content":{"rendered":"<p style=\"text-align: justify;\">La batterie FPH12-35W fait partie de notre gamme FPH &#8211; High Rate. Sp\u00e9cialement con\u00e7ue pour les applications \u00e0 haute d\u00e9charge telles que les onduleurs et les centres de donn\u00e9es, cette batterie 12V 9Ah (45,5W\/cellule) offre d&rsquo;excellentes performances lors des d\u00e9charges \u00e0 courant \u00e9lev\u00e9.<\/p>\n<p>De conception AGM r\u00e9gul\u00e9e par soupape, la batterie FPH12-35W assure une dur\u00e9e de vie de 5 ans en charge permanente (floating).<\/p>\n","protected":false},"excerpt":{"rendered":"<p>Excellentes performances en mati\u00e8re de d\u00e9charge \u00e9lev\u00e9e<\/p>\n<p>Dur\u00e9e de vie de 5 ans \u00e0 25\u00b0C<\/p>\n<p>Sans entretien et \u00e9tanche<\/p>\n<p>Technologie AGM pour des performances sup\u00e9rieures<\/p>\n<p>Faible taux d\u2019autod\u00e9charge (environ 3% par mois \u00e0 25\u00b0C)<\/p>\n<p>Large amplitude de temp\u00e9ratures lors de l\u2019utilisation<\/p>\n<p>Faible \u00e9mission de gaz gr\u00e2ce \u00e0 une recombinaison des gaz de 99% (VRLA)<\/p>\n","protected":false},"featured_media":13241,"template":"","meta":[],"product_brand":[],"product_cat":[2399,811,829],"product_tag":[2458,2459,2460,2457,1674],"class_list":{"0":"post-13333","1":"product","2":"type-product","3":"status-publish","4":"has-post-thumbnail","6":"product_cat-fph-series-fr","7":"product_cat-industriel","8":"product_cat-onduleur-ups-centre-de-donnees","9":"product_tag-battery-industrielle","10":"product_tag-centre-de-donnees","11":"product_tag-fph-12-35w-fr","12":"product_tag-fph-series-fr","13":"product_tag-ups-fr","15":"first","16":"instock","17":"shipping-taxable","18":"product-type-simple"},"yoast_head":"<!-- This site is optimized with the Yoast SEO plugin v26.9 - https:\/\/yoast.com\/product\/yoast-seo-wordpress\/ -->\n<title>FPH12-35W - Fulbat<\/title>\n<meta name=\"description\" content=\"%\" \/>\n<meta name=\"robots\" content=\"index, follow, max-snippet:-1, max-image-preview:large, max-video-preview:-1\" \/>\n<link rel=\"canonical\" href=\"https:\/\/fulbat.com\/fr\/produit\/fph12-35w\/\" \/>\n<meta property=\"og:locale\" content=\"fr_FR\" \/>\n<meta property=\"og:type\" content=\"article\" \/>\n<meta property=\"og:title\" content=\"FPH12-35W - Fulbat\" \/>\n<meta property=\"og:description\" content=\"%\" \/>\n<meta property=\"og:url\" content=\"https:\/\/fulbat.com\/fr\/produit\/fph12-35w\/\" \/>\n<meta property=\"og:site_name\" content=\"Fulbat\" \/>\n<meta property=\"article:modified_time\" content=\"2025-11-18T09:22:23+00:00\" \/>\n<meta property=\"og:image\" content=\"https:\/\/fulbat.com\/wp-content\/uploads\/2022\/01\/photo-battery-fph-12-35w.png\" \/>\n\t<meta property=\"og:image:width\" content=\"500\" \/>\n\t<meta property=\"og:image:height\" content=\"426\" \/>\n\t<meta property=\"og:image:type\" content=\"image\/png\" \/>\n<meta name=\"twitter:card\" content=\"summary_large_image\" \/>\n<meta name=\"twitter:label1\" content=\"Dur\u00e9e de lecture estim\u00e9e\" \/>\n\t<meta name=\"twitter:data1\" content=\"1 minute\" \/>\n<script type=\"application\/ld+json\" class=\"yoast-schema-graph\">{\"@context\":\"https:\/\/schema.org\",\"@graph\":[{\"@type\":\"WebPage\",\"@id\":\"https:\/\/fulbat.com\/fr\/produit\/fph12-35w\/\",\"url\":\"https:\/\/fulbat.com\/fr\/produit\/fph12-35w\/\",\"name\":\"FPH12-35W - Fulbat\",\"isPartOf\":{\"@id\":\"https:\/\/fulbat.com\/fr\/#website\"},\"primaryImageOfPage\":{\"@id\":\"https:\/\/fulbat.com\/fr\/produit\/fph12-35w\/#primaryimage\"},\"image\":{\"@id\":\"https:\/\/fulbat.com\/fr\/produit\/fph12-35w\/#primaryimage\"},\"thumbnailUrl\":\"https:\/\/fulbat.com\/wp-content\/uploads\/2022\/01\/photo-battery-fph-12-35w.png\",\"datePublished\":\"2022-01-25T13:58:20+00:00\",\"dateModified\":\"2025-11-18T09:22:23+00:00\",\"description\":\"%\",\"breadcrumb\":{\"@id\":\"https:\/\/fulbat.com\/fr\/produit\/fph12-35w\/#breadcrumb\"},\"inLanguage\":\"fr-FR\",\"potentialAction\":[{\"@type\":\"ReadAction\",\"target\":[\"https:\/\/fulbat.com\/fr\/produit\/fph12-35w\/\"]}]},{\"@type\":\"ImageObject\",\"inLanguage\":\"fr-FR\",\"@id\":\"https:\/\/fulbat.com\/fr\/produit\/fph12-35w\/#primaryimage\",\"url\":\"https:\/\/fulbat.com\/wp-content\/uploads\/2022\/01\/photo-battery-fph-12-35w.png\",\"contentUrl\":\"https:\/\/fulbat.com\/wp-content\/uploads\/2022\/01\/photo-battery-fph-12-35w.png\",\"width\":500,\"height\":426,\"caption\":\"photo-battery-fph-12-35w\"},{\"@type\":\"BreadcrumbList\",\"@id\":\"https:\/\/fulbat.com\/fr\/produit\/fph12-35w\/#breadcrumb\",\"itemListElement\":[{\"@type\":\"ListItem\",\"position\":1,\"name\":\"Home\",\"item\":\"https:\/\/fulbat.com\/fr\/\"},{\"@type\":\"ListItem\",\"position\":2,\"name\":\"Shop\",\"item\":\"https:\/\/fulbat.com\/shop\/\"},{\"@type\":\"ListItem\",\"position\":3,\"name\":\"Industriel\",\"item\":\"https:\/\/fulbat.com\/fr\/industriel\/\"},{\"@type\":\"ListItem\",\"position\":4,\"name\":\"FPH12-35W\"}]},{\"@type\":\"WebSite\",\"@id\":\"https:\/\/fulbat.com\/fr\/#website\",\"url\":\"https:\/\/fulbat.com\/fr\/\",\"name\":\"Fulbat\",\"description\":\"Qualitative, performing &amp; reliable battery solutions\",\"potentialAction\":[{\"@type\":\"SearchAction\",\"target\":{\"@type\":\"EntryPoint\",\"urlTemplate\":\"https:\/\/fulbat.com\/fr\/?s={search_term_string}\"},\"query-input\":{\"@type\":\"PropertyValueSpecification\",\"valueRequired\":true,\"valueName\":\"search_term_string\"}}],\"inLanguage\":\"fr-FR\"}]}<\/script>\n<!-- \/ Yoast SEO plugin. -->","yoast_head_json":{"title":"FPH12-35W - Fulbat","description":"%","robots":{"index":"index","follow":"follow","max-snippet":"max-snippet:-1","max-image-preview":"max-image-preview:large","max-video-preview":"max-video-preview:-1"},"canonical":"https:\/\/fulbat.com\/fr\/produit\/fph12-35w\/","og_locale":"fr_FR","og_type":"article","og_title":"FPH12-35W - Fulbat","og_description":"%","og_url":"https:\/\/fulbat.com\/fr\/produit\/fph12-35w\/","og_site_name":"Fulbat","article_modified_time":"2025-11-18T09:22:23+00:00","og_image":[{"width":500,"height":426,"url":"https:\/\/fulbat.com\/wp-content\/uploads\/2022\/01\/photo-battery-fph-12-35w.png","type":"image\/png"}],"twitter_card":"summary_large_image","twitter_misc":{"Dur\u00e9e de lecture estim\u00e9e":"1 minute"},"schema":{"@context":"https:\/\/schema.org","@graph":[{"@type":"WebPage","@id":"https:\/\/fulbat.com\/fr\/produit\/fph12-35w\/","url":"https:\/\/fulbat.com\/fr\/produit\/fph12-35w\/","name":"FPH12-35W - Fulbat","isPartOf":{"@id":"https:\/\/fulbat.com\/fr\/#website"},"primaryImageOfPage":{"@id":"https:\/\/fulbat.com\/fr\/produit\/fph12-35w\/#primaryimage"},"image":{"@id":"https:\/\/fulbat.com\/fr\/produit\/fph12-35w\/#primaryimage"},"thumbnailUrl":"https:\/\/fulbat.com\/wp-content\/uploads\/2022\/01\/photo-battery-fph-12-35w.png","datePublished":"2022-01-25T13:58:20+00:00","dateModified":"2025-11-18T09:22:23+00:00","description":"%","breadcrumb":{"@id":"https:\/\/fulbat.com\/fr\/produit\/fph12-35w\/#breadcrumb"},"inLanguage":"fr-FR","potentialAction":[{"@type":"ReadAction","target":["https:\/\/fulbat.com\/fr\/produit\/fph12-35w\/"]}]},{"@type":"ImageObject","inLanguage":"fr-FR","@id":"https:\/\/fulbat.com\/fr\/produit\/fph12-35w\/#primaryimage","url":"https:\/\/fulbat.com\/wp-content\/uploads\/2022\/01\/photo-battery-fph-12-35w.png","contentUrl":"https:\/\/fulbat.com\/wp-content\/uploads\/2022\/01\/photo-battery-fph-12-35w.png","width":500,"height":426,"caption":"photo-battery-fph-12-35w"},{"@type":"BreadcrumbList","@id":"https:\/\/fulbat.com\/fr\/produit\/fph12-35w\/#breadcrumb","itemListElement":[{"@type":"ListItem","position":1,"name":"Home","item":"https:\/\/fulbat.com\/fr\/"},{"@type":"ListItem","position":2,"name":"Shop","item":"https:\/\/fulbat.com\/shop\/"},{"@type":"ListItem","position":3,"name":"Industriel","item":"https:\/\/fulbat.com\/fr\/industriel\/"},{"@type":"ListItem","position":4,"name":"FPH12-35W"}]},{"@type":"WebSite","@id":"https:\/\/fulbat.com\/fr\/#website","url":"https:\/\/fulbat.com\/fr\/","name":"Fulbat","description":"Qualitative, performing &amp; reliable battery solutions","potentialAction":[{"@type":"SearchAction","target":{"@type":"EntryPoint","urlTemplate":"https:\/\/fulbat.com\/fr\/?s={search_term_string}"},"query-input":{"@type":"PropertyValueSpecification","valueRequired":true,"valueName":"search_term_string"}}],"inLanguage":"fr-FR"}]}},"_links":{"self":[{"href":"https:\/\/fulbat.com\/fr\/wp-json\/wp\/v2\/product\/13333","targetHints":{"allow":["GET"]}}],"collection":[{"href":"https:\/\/fulbat.com\/fr\/wp-json\/wp\/v2\/product"}],"about":[{"href":"https:\/\/fulbat.com\/fr\/wp-json\/wp\/v2\/types\/product"}],"wp:featuredmedia":[{"embeddable":true,"href":"https:\/\/fulbat.com\/fr\/wp-json\/wp\/v2\/media\/13241"}],"wp:attachment":[{"href":"https:\/\/fulbat.com\/fr\/wp-json\/wp\/v2\/media?parent=13333"}],"wp:term":[{"taxonomy":"product_brand","embeddable":true,"href":"https:\/\/fulbat.com\/fr\/wp-json\/wp\/v2\/product_brand?post=13333"},{"taxonomy":"product_cat","embeddable":true,"href":"https:\/\/fulbat.com\/fr\/wp-json\/wp\/v2\/product_cat?post=13333"},{"taxonomy":"product_tag","embeddable":true,"href":"https:\/\/fulbat.com\/fr\/wp-json\/wp\/v2\/product_tag?post=13333"}],"curies":[{"name":"wp","href":"https:\/\/api.w.org\/{rel}","templated":true}]}}