{"id":18305,"date":"2020-09-09T08:49:46","date_gmt":"2023-01-05T14:22:48","guid":{"rendered":"https:\/\/fulbat.com\/?post_type=product&#038;p=18305"},"modified":"2024-11-18T16:26:08","modified_gmt":"2024-11-18T15:26:08","slug":"fl-zu01","status":"publish","type":"product","link":"https:\/\/fulbat.com\/fr\/produit\/fl-zu01\/","title":{"rendered":"FL-ZU01"},"content":{"rendered":"<p style=\"text-align: justify;\">La batterie FL-ZU01 fait partie de notre gamme Robot Lithium. Sp\u00e9cialement con\u00e7ue pour les robots tondeuses, la batterie Lithium-Ion 25.2V 2.6Ah r\u00e9pond ainsi aux besoins de charge et de d\u00e9charge intensives n\u00e9cessaire \u00e0 l\u2019utilisation des robots.<\/p>\n<p>\u00c9quip\u00e9e de cellules de haute qualit\u00e9 et de haute capacit\u00e9, la batterie FL-AL01 a \u00e9t\u00e9 d\u00e9velopp\u00e9e pour offrir une longue dur\u00e9e de vie et une autonomie de travail maximale \u00e0 votre robot.<\/p>\n<p><strong>Compatible avec les marques:<\/strong> AMBROGIO\/ZUCCHETTI ; WIPER ; TECHLINE<br \/>\n<strong>Part number d\u2019origine:<\/strong> L15, L20, L60, Twenty, Twenty Elite S+ ; i70, i100S, Climber, Q350; DX2, SX2, LX2, D1<\/p>\n","protected":false},"excerpt":{"rendered":"<p>Batterie de type compatible<\/p>\n<p>Longue dur\u00e9e de vie<\/p>\n<p>Grande autonomie : Capacit\u00e9 parfois sup\u00e9rieure \u00e0 la batterie d&rsquo;origine<\/p>\n<p>Cellules Lithium de haute qualit\u00e9<\/p>\n","protected":false},"featured_media":18397,"template":"","meta":[],"product_brand":[],"product_cat":[834,843],"product_tag":[3781,3782,3780,3783,3784,3785,2020,3788,3786,3789,3787,3776,3778,3777,3775,3779],"class_list":{"0":"post-18305","1":"product","2":"type-product","3":"status-publish","4":"has-post-thumbnail","6":"product_cat-demarrage","7":"product_cat-robot-tondeuse","8":"product_tag-ambrogio-zucchetti-l15-fr","9":"product_tag-ambrogio-zucchetti-l20-fr","10":"product_tag-ambrogio-zucchetti-l60-fr","11":"product_tag-ambrogio-zucchetti-twenty-fr","12":"product_tag-ambrogio-zucchetti-twenty-elite-s-fr","13":"product_tag-batterie-robot-techline","14":"product_tag-batterie-robot-tondeuse","15":"product_tag-techline-d1-fr","16":"product_tag-techline-dx2-fr","17":"product_tag-techline-lx2-fr","18":"product_tag-techline-sx2-fr","19":"product_tag-wiper-fr","20":"product_tag-wiper-climber-fr","21":"product_tag-wiper-i100s-fr","22":"product_tag-wiper-i70-fr","23":"product_tag-wiper-q350-fr","25":"first","26":"instock","27":"shipping-taxable","28":"product-type-simple"},"yoast_head":"<!-- This site is optimized with the Yoast SEO plugin v26.9 - https:\/\/yoast.com\/product\/yoast-seo-wordpress\/ -->\n<title>FL-ZU01 - Fulbat<\/title>\n<meta name=\"description\" content=\"%\" \/>\n<meta name=\"robots\" content=\"index, follow, max-snippet:-1, max-image-preview:large, max-video-preview:-1\" \/>\n<link rel=\"canonical\" href=\"https:\/\/fulbat.com\/fr\/produit\/fl-zu01\/\" \/>\n<meta property=\"og:locale\" content=\"fr_FR\" \/>\n<meta property=\"og:type\" content=\"article\" \/>\n<meta property=\"og:title\" content=\"FL-ZU01 - Fulbat\" \/>\n<meta property=\"og:description\" content=\"%\" \/>\n<meta property=\"og:url\" content=\"https:\/\/fulbat.com\/fr\/produit\/fl-zu01\/\" \/>\n<meta property=\"og:site_name\" content=\"Fulbat\" \/>\n<meta property=\"article:modified_time\" content=\"2024-11-18T15:26:08+00:00\" \/>\n<meta property=\"og:image\" content=\"https:\/\/fulbat.com\/wp-content\/uploads\/2023\/01\/Fulbat_Starter_Roboto_FL-ZU01.png\" \/>\n\t<meta property=\"og:image:width\" content=\"591\" \/>\n\t<meta property=\"og:image:height\" content=\"390\" \/>\n\t<meta property=\"og:image:type\" content=\"image\/png\" \/>\n<meta name=\"twitter:card\" content=\"summary_large_image\" \/>\n<meta name=\"twitter:label1\" content=\"Dur\u00e9e de lecture estim\u00e9e\" \/>\n\t<meta name=\"twitter:data1\" content=\"1 minute\" \/>\n<script type=\"application\/ld+json\" class=\"yoast-schema-graph\">{\"@context\":\"https:\/\/schema.org\",\"@graph\":[{\"@type\":\"WebPage\",\"@id\":\"https:\/\/fulbat.com\/fr\/produit\/fl-zu01\/\",\"url\":\"https:\/\/fulbat.com\/fr\/produit\/fl-zu01\/\",\"name\":\"FL-ZU01 - Fulbat\",\"isPartOf\":{\"@id\":\"https:\/\/fulbat.com\/fr\/#website\"},\"primaryImageOfPage\":{\"@id\":\"https:\/\/fulbat.com\/fr\/produit\/fl-zu01\/#primaryimage\"},\"image\":{\"@id\":\"https:\/\/fulbat.com\/fr\/produit\/fl-zu01\/#primaryimage\"},\"thumbnailUrl\":\"https:\/\/fulbat.com\/wp-content\/uploads\/2023\/01\/Fulbat_Starter_Roboto_FL-ZU01.png\",\"datePublished\":\"2023-01-05T14:22:48+00:00\",\"dateModified\":\"2024-11-18T15:26:08+00:00\",\"description\":\"%\",\"breadcrumb\":{\"@id\":\"https:\/\/fulbat.com\/fr\/produit\/fl-zu01\/#breadcrumb\"},\"inLanguage\":\"fr-FR\",\"potentialAction\":[{\"@type\":\"ReadAction\",\"target\":[\"https:\/\/fulbat.com\/fr\/produit\/fl-zu01\/\"]}]},{\"@type\":\"ImageObject\",\"inLanguage\":\"fr-FR\",\"@id\":\"https:\/\/fulbat.com\/fr\/produit\/fl-zu01\/#primaryimage\",\"url\":\"https:\/\/fulbat.com\/wp-content\/uploads\/2023\/01\/Fulbat_Starter_Roboto_FL-ZU01.png\",\"contentUrl\":\"https:\/\/fulbat.com\/wp-content\/uploads\/2023\/01\/Fulbat_Starter_Roboto_FL-ZU01.png\",\"width\":591,\"height\":390},{\"@type\":\"BreadcrumbList\",\"@id\":\"https:\/\/fulbat.com\/fr\/produit\/fl-zu01\/#breadcrumb\",\"itemListElement\":[{\"@type\":\"ListItem\",\"position\":1,\"name\":\"Home\",\"item\":\"https:\/\/fulbat.com\/fr\/\"},{\"@type\":\"ListItem\",\"position\":2,\"name\":\"Shop\",\"item\":\"https:\/\/fulbat.com\/shop\/\"},{\"@type\":\"ListItem\",\"position\":3,\"name\":\"D\u00e9marrage\",\"item\":\"https:\/\/fulbat.com\/fr\/demarrage\/\"},{\"@type\":\"ListItem\",\"position\":4,\"name\":\"FL-ZU01\"}]},{\"@type\":\"WebSite\",\"@id\":\"https:\/\/fulbat.com\/fr\/#website\",\"url\":\"https:\/\/fulbat.com\/fr\/\",\"name\":\"Fulbat\",\"description\":\"Qualitative, performing &amp; reliable battery solutions\",\"potentialAction\":[{\"@type\":\"SearchAction\",\"target\":{\"@type\":\"EntryPoint\",\"urlTemplate\":\"https:\/\/fulbat.com\/fr\/?s={search_term_string}\"},\"query-input\":{\"@type\":\"PropertyValueSpecification\",\"valueRequired\":true,\"valueName\":\"search_term_string\"}}],\"inLanguage\":\"fr-FR\"}]}<\/script>\n<!-- \/ Yoast SEO plugin. -->","yoast_head_json":{"title":"FL-ZU01 - Fulbat","description":"%","robots":{"index":"index","follow":"follow","max-snippet":"max-snippet:-1","max-image-preview":"max-image-preview:large","max-video-preview":"max-video-preview:-1"},"canonical":"https:\/\/fulbat.com\/fr\/produit\/fl-zu01\/","og_locale":"fr_FR","og_type":"article","og_title":"FL-ZU01 - Fulbat","og_description":"%","og_url":"https:\/\/fulbat.com\/fr\/produit\/fl-zu01\/","og_site_name":"Fulbat","article_modified_time":"2024-11-18T15:26:08+00:00","og_image":[{"width":591,"height":390,"url":"https:\/\/fulbat.com\/wp-content\/uploads\/2023\/01\/Fulbat_Starter_Roboto_FL-ZU01.png","type":"image\/png"}],"twitter_card":"summary_large_image","twitter_misc":{"Dur\u00e9e de lecture estim\u00e9e":"1 minute"},"schema":{"@context":"https:\/\/schema.org","@graph":[{"@type":"WebPage","@id":"https:\/\/fulbat.com\/fr\/produit\/fl-zu01\/","url":"https:\/\/fulbat.com\/fr\/produit\/fl-zu01\/","name":"FL-ZU01 - Fulbat","isPartOf":{"@id":"https:\/\/fulbat.com\/fr\/#website"},"primaryImageOfPage":{"@id":"https:\/\/fulbat.com\/fr\/produit\/fl-zu01\/#primaryimage"},"image":{"@id":"https:\/\/fulbat.com\/fr\/produit\/fl-zu01\/#primaryimage"},"thumbnailUrl":"https:\/\/fulbat.com\/wp-content\/uploads\/2023\/01\/Fulbat_Starter_Roboto_FL-ZU01.png","datePublished":"2023-01-05T14:22:48+00:00","dateModified":"2024-11-18T15:26:08+00:00","description":"%","breadcrumb":{"@id":"https:\/\/fulbat.com\/fr\/produit\/fl-zu01\/#breadcrumb"},"inLanguage":"fr-FR","potentialAction":[{"@type":"ReadAction","target":["https:\/\/fulbat.com\/fr\/produit\/fl-zu01\/"]}]},{"@type":"ImageObject","inLanguage":"fr-FR","@id":"https:\/\/fulbat.com\/fr\/produit\/fl-zu01\/#primaryimage","url":"https:\/\/fulbat.com\/wp-content\/uploads\/2023\/01\/Fulbat_Starter_Roboto_FL-ZU01.png","contentUrl":"https:\/\/fulbat.com\/wp-content\/uploads\/2023\/01\/Fulbat_Starter_Roboto_FL-ZU01.png","width":591,"height":390},{"@type":"BreadcrumbList","@id":"https:\/\/fulbat.com\/fr\/produit\/fl-zu01\/#breadcrumb","itemListElement":[{"@type":"ListItem","position":1,"name":"Home","item":"https:\/\/fulbat.com\/fr\/"},{"@type":"ListItem","position":2,"name":"Shop","item":"https:\/\/fulbat.com\/shop\/"},{"@type":"ListItem","position":3,"name":"D\u00e9marrage","item":"https:\/\/fulbat.com\/fr\/demarrage\/"},{"@type":"ListItem","position":4,"name":"FL-ZU01"}]},{"@type":"WebSite","@id":"https:\/\/fulbat.com\/fr\/#website","url":"https:\/\/fulbat.com\/fr\/","name":"Fulbat","description":"Qualitative, performing &amp; reliable battery solutions","potentialAction":[{"@type":"SearchAction","target":{"@type":"EntryPoint","urlTemplate":"https:\/\/fulbat.com\/fr\/?s={search_term_string}"},"query-input":{"@type":"PropertyValueSpecification","valueRequired":true,"valueName":"search_term_string"}}],"inLanguage":"fr-FR"}]}},"_links":{"self":[{"href":"https:\/\/fulbat.com\/fr\/wp-json\/wp\/v2\/product\/18305","targetHints":{"allow":["GET"]}}],"collection":[{"href":"https:\/\/fulbat.com\/fr\/wp-json\/wp\/v2\/product"}],"about":[{"href":"https:\/\/fulbat.com\/fr\/wp-json\/wp\/v2\/types\/product"}],"wp:featuredmedia":[{"embeddable":true,"href":"https:\/\/fulbat.com\/fr\/wp-json\/wp\/v2\/media\/18397"}],"wp:attachment":[{"href":"https:\/\/fulbat.com\/fr\/wp-json\/wp\/v2\/media?parent=18305"}],"wp:term":[{"taxonomy":"product_brand","embeddable":true,"href":"https:\/\/fulbat.com\/fr\/wp-json\/wp\/v2\/product_brand?post=18305"},{"taxonomy":"product_cat","embeddable":true,"href":"https:\/\/fulbat.com\/fr\/wp-json\/wp\/v2\/product_cat?post=18305"},{"taxonomy":"product_tag","embeddable":true,"href":"https:\/\/fulbat.com\/fr\/wp-json\/wp\/v2\/product_tag?post=18305"}],"curies":[{"name":"wp","href":"https:\/\/api.w.org\/{rel}","templated":true}]}}