{"id":19132,"date":"2020-08-27T12:51:57","date_gmt":"2023-03-17T09:10:58","guid":{"rendered":"https:\/\/fulbat.com\/?post_type=product&#038;p=19132"},"modified":"2024-11-19T12:24:10","modified_gmt":"2024-11-19T11:24:10","slug":"ft9a-bs","status":"publish","type":"product","link":"https:\/\/fulbat.com\/fr\/produit\/ft9a-bs\/","title":{"rendered":"FT9A-BS"},"content":{"rendered":"<p style=\"text-align: justify;\">La batterie FT9A-BS fait partie de notre gamme Maintenance Free. Sp\u00e9cialement con\u00e7ue pour offrir plus de confort et de performances, cette batterie 12V 9.5Ah est livr\u00e9e avec un pack acide et doit \u00eatre activ\u00e9e avant la premi\u00e8re utilisation.<\/p>\n<p>100% \u00e9tanche et sans entretien, la batterie FT9A-BS est scell\u00e9e une fois activ\u00e9e, ce qui am\u00e9liore sa dur\u00e9e de vie et sa r\u00e9sistance aux conditions difficiles.<\/p>\n<p>Chargeurs compatibles : <strong><a href=\"https:\/\/fulbat.com\/fr\/chargeur\/chargeur\/fulload-1000\/\" target=\"_blank\" rel=\"noopener noreferrer\">Fulload 1000<\/a><\/strong> | <a href=\"https:\/\/fulbat.com\/fr\/chargeur\/chargeur\/fulload-f4\/\" target=\"_blank\" rel=\"noopener noreferrer\"><strong>Fulload F4<\/strong>\u00a0<\/a><\/p>\n","protected":false},"excerpt":{"rendered":"<p>Technologie AGM<\/p>\n<p>Livr\u00e9e avec un pack d\u2019acide<\/p>\n<p>Doit \u00eatre activ\u00e9e avant la premi\u00e8re utilisation<\/p>\n<p>Aucun entretien une fois activ\u00e9e<\/p>\n<p>Dur\u00e9e de vie plus longue<\/p>\n<p>Montage vertical uniquement<\/p>\n<p>Sulfatation interne minimis\u00e9e<\/p>\n<p>Adapt\u00e9e par temps froid<\/p>\n<p>Dur\u00e9e de stockage illimit\u00e9e<\/p>\n","protected":false},"featured_media":19137,"template":"","meta":[],"product_brand":[],"product_cat":[834,849,841,842,847,835,846,845],"product_tag":[910,1446,1557,1447,1448,1461,5421,5422,5444,5446,3841,3842,5794,5796,5846,5848,6003,6004],"class_list":{"0":"post-19132","1":"product","2":"type-product","3":"status-publish","4":"has-post-thumbnail","6":"product_cat-demarrage","7":"product_cat-jet-ski","8":"product_cat-mf-fr","9":"product_cat-moto","10":"product_cat-motoneige","11":"product_cat-quad","12":"product_cat-scooter-fr","13":"product_cat-ssv-utv-fr","14":"product_tag-batterie-de-moto","15":"product_tag-batterie-jet-ski","16":"product_tag-batterie-mf","17":"product_tag-batterie-motoneige-fr","18":"product_tag-batterie-quad-fr","19":"product_tag-batterie-ssv-buggy","20":"product_tag-cbtx9a-bs-fr-2","21":"product_tag-cbtx9abs-fr-2","22":"product_tag-etx9c-bs-fr-2","23":"product_tag-etx9cbs-fr-2","24":"product_tag-ft9a-bs-fr","25":"product_tag-ft9abs-fr","26":"product_tag-gtx9a-bs-fr-2","27":"product_tag-gtx9abs-fr-2","28":"product_tag-nt9a-bs-fr-2","29":"product_tag-nt9abs-fr-2","30":"product_tag-yt9a-bs-fr-2","31":"product_tag-yt9abs-fr-2","33":"first","34":"instock","35":"shipping-taxable","36":"product-type-simple"},"yoast_head":"<!-- This site is optimized with the Yoast SEO plugin v26.9 - https:\/\/yoast.com\/product\/yoast-seo-wordpress\/ -->\n<title>FT9A-BS - Fulbat<\/title>\n<meta name=\"description\" content=\"%\" \/>\n<meta name=\"robots\" content=\"index, follow, max-snippet:-1, max-image-preview:large, max-video-preview:-1\" \/>\n<link rel=\"canonical\" href=\"https:\/\/fulbat.com\/fr\/produit\/ft9a-bs\/\" \/>\n<meta property=\"og:locale\" content=\"fr_FR\" \/>\n<meta property=\"og:type\" content=\"article\" \/>\n<meta property=\"og:title\" content=\"FT9A-BS - Fulbat\" \/>\n<meta property=\"og:description\" content=\"%\" \/>\n<meta property=\"og:url\" content=\"https:\/\/fulbat.com\/fr\/produit\/ft9a-bs\/\" \/>\n<meta property=\"og:site_name\" content=\"Fulbat\" \/>\n<meta property=\"article:modified_time\" content=\"2024-11-19T11:24:10+00:00\" \/>\n<meta property=\"og:image\" content=\"https:\/\/fulbat.com\/wp-content\/uploads\/2023\/03\/FULBAT-MF-FT9A-BS-1.png\" \/>\n\t<meta property=\"og:image:width\" content=\"580\" \/>\n\t<meta property=\"og:image:height\" content=\"450\" \/>\n\t<meta property=\"og:image:type\" content=\"image\/png\" \/>\n<meta name=\"twitter:card\" content=\"summary_large_image\" \/>\n<meta name=\"twitter:label1\" content=\"Dur\u00e9e de lecture estim\u00e9e\" \/>\n\t<meta name=\"twitter:data1\" content=\"1 minute\" \/>\n<script type=\"application\/ld+json\" class=\"yoast-schema-graph\">{\"@context\":\"https:\/\/schema.org\",\"@graph\":[{\"@type\":\"WebPage\",\"@id\":\"https:\/\/fulbat.com\/fr\/produit\/ft9a-bs\/\",\"url\":\"https:\/\/fulbat.com\/fr\/produit\/ft9a-bs\/\",\"name\":\"FT9A-BS - Fulbat\",\"isPartOf\":{\"@id\":\"https:\/\/fulbat.com\/fr\/#website\"},\"primaryImageOfPage\":{\"@id\":\"https:\/\/fulbat.com\/fr\/produit\/ft9a-bs\/#primaryimage\"},\"image\":{\"@id\":\"https:\/\/fulbat.com\/fr\/produit\/ft9a-bs\/#primaryimage\"},\"thumbnailUrl\":\"https:\/\/fulbat.com\/wp-content\/uploads\/2023\/03\/FULBAT-MF-FT9A-BS-1.png\",\"datePublished\":\"2023-03-17T09:10:58+00:00\",\"dateModified\":\"2024-11-19T11:24:10+00:00\",\"description\":\"%\",\"breadcrumb\":{\"@id\":\"https:\/\/fulbat.com\/fr\/produit\/ft9a-bs\/#breadcrumb\"},\"inLanguage\":\"fr-FR\",\"potentialAction\":[{\"@type\":\"ReadAction\",\"target\":[\"https:\/\/fulbat.com\/fr\/produit\/ft9a-bs\/\"]}]},{\"@type\":\"ImageObject\",\"inLanguage\":\"fr-FR\",\"@id\":\"https:\/\/fulbat.com\/fr\/produit\/ft9a-bs\/#primaryimage\",\"url\":\"https:\/\/fulbat.com\/wp-content\/uploads\/2023\/03\/FULBAT-MF-FT9A-BS-1.png\",\"contentUrl\":\"https:\/\/fulbat.com\/wp-content\/uploads\/2023\/03\/FULBAT-MF-FT9A-BS-1.png\",\"width\":580,\"height\":450},{\"@type\":\"BreadcrumbList\",\"@id\":\"https:\/\/fulbat.com\/fr\/produit\/ft9a-bs\/#breadcrumb\",\"itemListElement\":[{\"@type\":\"ListItem\",\"position\":1,\"name\":\"Home\",\"item\":\"https:\/\/fulbat.com\/fr\/\"},{\"@type\":\"ListItem\",\"position\":2,\"name\":\"Shop\",\"item\":\"https:\/\/fulbat.com\/shop\/\"},{\"@type\":\"ListItem\",\"position\":3,\"name\":\"D\u00e9marrage\",\"item\":\"https:\/\/fulbat.com\/fr\/demarrage\/\"},{\"@type\":\"ListItem\",\"position\":4,\"name\":\"FT9A-BS\"}]},{\"@type\":\"WebSite\",\"@id\":\"https:\/\/fulbat.com\/fr\/#website\",\"url\":\"https:\/\/fulbat.com\/fr\/\",\"name\":\"Fulbat\",\"description\":\"Qualitative, performing &amp; reliable battery solutions\",\"potentialAction\":[{\"@type\":\"SearchAction\",\"target\":{\"@type\":\"EntryPoint\",\"urlTemplate\":\"https:\/\/fulbat.com\/fr\/?s={search_term_string}\"},\"query-input\":{\"@type\":\"PropertyValueSpecification\",\"valueRequired\":true,\"valueName\":\"search_term_string\"}}],\"inLanguage\":\"fr-FR\"}]}<\/script>\n<!-- \/ Yoast SEO plugin. -->","yoast_head_json":{"title":"FT9A-BS - Fulbat","description":"%","robots":{"index":"index","follow":"follow","max-snippet":"max-snippet:-1","max-image-preview":"max-image-preview:large","max-video-preview":"max-video-preview:-1"},"canonical":"https:\/\/fulbat.com\/fr\/produit\/ft9a-bs\/","og_locale":"fr_FR","og_type":"article","og_title":"FT9A-BS - Fulbat","og_description":"%","og_url":"https:\/\/fulbat.com\/fr\/produit\/ft9a-bs\/","og_site_name":"Fulbat","article_modified_time":"2024-11-19T11:24:10+00:00","og_image":[{"width":580,"height":450,"url":"https:\/\/fulbat.com\/wp-content\/uploads\/2023\/03\/FULBAT-MF-FT9A-BS-1.png","type":"image\/png"}],"twitter_card":"summary_large_image","twitter_misc":{"Dur\u00e9e de lecture estim\u00e9e":"1 minute"},"schema":{"@context":"https:\/\/schema.org","@graph":[{"@type":"WebPage","@id":"https:\/\/fulbat.com\/fr\/produit\/ft9a-bs\/","url":"https:\/\/fulbat.com\/fr\/produit\/ft9a-bs\/","name":"FT9A-BS - Fulbat","isPartOf":{"@id":"https:\/\/fulbat.com\/fr\/#website"},"primaryImageOfPage":{"@id":"https:\/\/fulbat.com\/fr\/produit\/ft9a-bs\/#primaryimage"},"image":{"@id":"https:\/\/fulbat.com\/fr\/produit\/ft9a-bs\/#primaryimage"},"thumbnailUrl":"https:\/\/fulbat.com\/wp-content\/uploads\/2023\/03\/FULBAT-MF-FT9A-BS-1.png","datePublished":"2023-03-17T09:10:58+00:00","dateModified":"2024-11-19T11:24:10+00:00","description":"%","breadcrumb":{"@id":"https:\/\/fulbat.com\/fr\/produit\/ft9a-bs\/#breadcrumb"},"inLanguage":"fr-FR","potentialAction":[{"@type":"ReadAction","target":["https:\/\/fulbat.com\/fr\/produit\/ft9a-bs\/"]}]},{"@type":"ImageObject","inLanguage":"fr-FR","@id":"https:\/\/fulbat.com\/fr\/produit\/ft9a-bs\/#primaryimage","url":"https:\/\/fulbat.com\/wp-content\/uploads\/2023\/03\/FULBAT-MF-FT9A-BS-1.png","contentUrl":"https:\/\/fulbat.com\/wp-content\/uploads\/2023\/03\/FULBAT-MF-FT9A-BS-1.png","width":580,"height":450},{"@type":"BreadcrumbList","@id":"https:\/\/fulbat.com\/fr\/produit\/ft9a-bs\/#breadcrumb","itemListElement":[{"@type":"ListItem","position":1,"name":"Home","item":"https:\/\/fulbat.com\/fr\/"},{"@type":"ListItem","position":2,"name":"Shop","item":"https:\/\/fulbat.com\/shop\/"},{"@type":"ListItem","position":3,"name":"D\u00e9marrage","item":"https:\/\/fulbat.com\/fr\/demarrage\/"},{"@type":"ListItem","position":4,"name":"FT9A-BS"}]},{"@type":"WebSite","@id":"https:\/\/fulbat.com\/fr\/#website","url":"https:\/\/fulbat.com\/fr\/","name":"Fulbat","description":"Qualitative, performing &amp; reliable battery solutions","potentialAction":[{"@type":"SearchAction","target":{"@type":"EntryPoint","urlTemplate":"https:\/\/fulbat.com\/fr\/?s={search_term_string}"},"query-input":{"@type":"PropertyValueSpecification","valueRequired":true,"valueName":"search_term_string"}}],"inLanguage":"fr-FR"}]}},"_links":{"self":[{"href":"https:\/\/fulbat.com\/fr\/wp-json\/wp\/v2\/product\/19132","targetHints":{"allow":["GET"]}}],"collection":[{"href":"https:\/\/fulbat.com\/fr\/wp-json\/wp\/v2\/product"}],"about":[{"href":"https:\/\/fulbat.com\/fr\/wp-json\/wp\/v2\/types\/product"}],"wp:featuredmedia":[{"embeddable":true,"href":"https:\/\/fulbat.com\/fr\/wp-json\/wp\/v2\/media\/19137"}],"wp:attachment":[{"href":"https:\/\/fulbat.com\/fr\/wp-json\/wp\/v2\/media?parent=19132"}],"wp:term":[{"taxonomy":"product_brand","embeddable":true,"href":"https:\/\/fulbat.com\/fr\/wp-json\/wp\/v2\/product_brand?post=19132"},{"taxonomy":"product_cat","embeddable":true,"href":"https:\/\/fulbat.com\/fr\/wp-json\/wp\/v2\/product_cat?post=19132"},{"taxonomy":"product_tag","embeddable":true,"href":"https:\/\/fulbat.com\/fr\/wp-json\/wp\/v2\/product_tag?post=19132"}],"curies":[{"name":"wp","href":"https:\/\/api.w.org\/{rel}","templated":true}]}}