{"id":19341,"date":"2023-05-23T14:01:26","date_gmt":"2023-05-19T14:43:26","guid":{"rendered":"https:\/\/fulbat.com\/product\/fdc6-400\/"},"modified":"2024-11-08T12:29:17","modified_gmt":"2024-11-08T11:29:17","slug":"fdc6-400","status":"publish","type":"product","link":"https:\/\/fulbat.com\/fr\/produit\/fdc6-400\/","title":{"rendered":"FDC6-400"},"content":{"rendered":"<p style=\"text-align: justify;\">La batterie FDC6-400 fait partie de notre gamme FDC \u2013 Deep Cycle AGM Carbone. Sp\u00e9cialement con\u00e7ue pour les applications de traction n\u00e9cessitant des d\u00e9charges profondes et fr\u00e9quentes, cette batterie 6V 400Ah offre une dur\u00e9e de vie maximale avec une grande r\u00e9sistance aux cycles gr\u00e2ce \u00e0 des plaques plus \u00e9paisses et des grilles renforc\u00e9es.<\/p>\n<p style=\"text-align: justify;\">Totalement sans entretien et de conception \u00e9tanche, la batterie FDC6-400 offrira une performance optimale pour les v\u00e9hicules \u00e9lectriques et autres applications telles que marine, solaire\u2026 .<\/p>\n","protected":false},"excerpt":{"rendered":"<p>\u00c9tanche et sans entretien<\/p>\n<p>Pas de manipulation d\u2019acide<\/p>\n<p>Conception Deep Cycle offrant une capacit\u00e9 \u00e9lev\u00e9e et une dur\u00e9e de vie maximale<\/p>\n<p>Plaques et grilles renforc\u00e9es pour une utilisation cyclique optimale<\/p>\n<p>Ajout de carbone permettant de hautes performances en \u00e9tat de charge partielle (PSOC) et une charge plus rapide<\/p>\n<p>Pas de ph\u00e9nom\u00e8ne de stratification<\/p>\n<p>Robuste, s\u00fbre &amp; fiable<\/p>\n<p>Faible taux d\u2019autod\u00e9charge permettant une longue dur\u00e9e de stockage<\/p>\n","protected":false},"featured_media":19800,"template":"","meta":[],"product_brand":[],"product_cat":[832,4242,831,830],"product_tag":[4127],"class_list":{"0":"post-19341","1":"product","2":"type-product","3":"status-publish","4":"has-post-thumbnail","6":"product_cat-autolaveuse","7":"product_cat-fdc-deep-cycle-agm-carbone-fr","8":"product_cat-nacelle-plateforme-elevatrice","9":"product_cat-traction","10":"product_tag-motive-battery-fr","12":"first","13":"instock","14":"shipping-taxable","15":"product-type-simple"},"yoast_head":"<!-- This site is optimized with the Yoast SEO plugin v26.9 - https:\/\/yoast.com\/product\/yoast-seo-wordpress\/ -->\n<title>FDC6-400 - Fulbat<\/title>\n<meta name=\"description\" content=\"%\" \/>\n<meta name=\"robots\" content=\"index, follow, max-snippet:-1, max-image-preview:large, max-video-preview:-1\" \/>\n<link rel=\"canonical\" href=\"https:\/\/fulbat.com\/fr\/produit\/fdc6-400\/\" \/>\n<meta property=\"og:locale\" content=\"fr_FR\" \/>\n<meta property=\"og:type\" content=\"article\" \/>\n<meta property=\"og:title\" content=\"FDC6-400 - Fulbat\" \/>\n<meta property=\"og:description\" content=\"%\" \/>\n<meta property=\"og:url\" content=\"https:\/\/fulbat.com\/fr\/produit\/fdc6-400\/\" \/>\n<meta property=\"og:site_name\" content=\"Fulbat\" \/>\n<meta property=\"article:modified_time\" content=\"2024-11-08T11:29:17+00:00\" \/>\n<meta property=\"og:image\" content=\"https:\/\/fulbat.com\/wp-content\/uploads\/2023\/06\/2023-Fulbat-AGMCarbon-FDC6-400.png\" \/>\n\t<meta property=\"og:image:width\" content=\"500\" \/>\n\t<meta property=\"og:image:height\" content=\"500\" \/>\n\t<meta property=\"og:image:type\" content=\"image\/png\" \/>\n<meta name=\"twitter:card\" content=\"summary_large_image\" \/>\n<meta name=\"twitter:label1\" content=\"Dur\u00e9e de lecture estim\u00e9e\" \/>\n\t<meta name=\"twitter:data1\" content=\"1 minute\" \/>\n<script type=\"application\/ld+json\" class=\"yoast-schema-graph\">{\"@context\":\"https:\/\/schema.org\",\"@graph\":[{\"@type\":\"WebPage\",\"@id\":\"https:\/\/fulbat.com\/fr\/produit\/fdc6-400\/\",\"url\":\"https:\/\/fulbat.com\/fr\/produit\/fdc6-400\/\",\"name\":\"FDC6-400 - Fulbat\",\"isPartOf\":{\"@id\":\"https:\/\/fulbat.com\/fr\/#website\"},\"primaryImageOfPage\":{\"@id\":\"https:\/\/fulbat.com\/fr\/produit\/fdc6-400\/#primaryimage\"},\"image\":{\"@id\":\"https:\/\/fulbat.com\/fr\/produit\/fdc6-400\/#primaryimage\"},\"thumbnailUrl\":\"https:\/\/fulbat.com\/wp-content\/uploads\/2023\/06\/2023-Fulbat-AGMCarbon-FDC6-400.png\",\"datePublished\":\"2023-05-19T14:43:26+00:00\",\"dateModified\":\"2024-11-08T11:29:17+00:00\",\"description\":\"%\",\"breadcrumb\":{\"@id\":\"https:\/\/fulbat.com\/fr\/produit\/fdc6-400\/#breadcrumb\"},\"inLanguage\":\"fr-FR\",\"potentialAction\":[{\"@type\":\"ReadAction\",\"target\":[\"https:\/\/fulbat.com\/fr\/produit\/fdc6-400\/\"]}]},{\"@type\":\"ImageObject\",\"inLanguage\":\"fr-FR\",\"@id\":\"https:\/\/fulbat.com\/fr\/produit\/fdc6-400\/#primaryimage\",\"url\":\"https:\/\/fulbat.com\/wp-content\/uploads\/2023\/06\/2023-Fulbat-AGMCarbon-FDC6-400.png\",\"contentUrl\":\"https:\/\/fulbat.com\/wp-content\/uploads\/2023\/06\/2023-Fulbat-AGMCarbon-FDC6-400.png\",\"width\":500,\"height\":500},{\"@type\":\"BreadcrumbList\",\"@id\":\"https:\/\/fulbat.com\/fr\/produit\/fdc6-400\/#breadcrumb\",\"itemListElement\":[{\"@type\":\"ListItem\",\"position\":1,\"name\":\"Home\",\"item\":\"https:\/\/fulbat.com\/fr\/\"},{\"@type\":\"ListItem\",\"position\":2,\"name\":\"Shop\",\"item\":\"https:\/\/fulbat.com\/shop\/\"},{\"@type\":\"ListItem\",\"position\":3,\"name\":\"Traction\",\"item\":\"https:\/\/fulbat.com\/fr\/traction\/\"},{\"@type\":\"ListItem\",\"position\":4,\"name\":\"FDC6-400\"}]},{\"@type\":\"WebSite\",\"@id\":\"https:\/\/fulbat.com\/fr\/#website\",\"url\":\"https:\/\/fulbat.com\/fr\/\",\"name\":\"Fulbat\",\"description\":\"Qualitative, performing &amp; reliable battery solutions\",\"potentialAction\":[{\"@type\":\"SearchAction\",\"target\":{\"@type\":\"EntryPoint\",\"urlTemplate\":\"https:\/\/fulbat.com\/fr\/?s={search_term_string}\"},\"query-input\":{\"@type\":\"PropertyValueSpecification\",\"valueRequired\":true,\"valueName\":\"search_term_string\"}}],\"inLanguage\":\"fr-FR\"}]}<\/script>\n<!-- \/ Yoast SEO plugin. -->","yoast_head_json":{"title":"FDC6-400 - Fulbat","description":"%","robots":{"index":"index","follow":"follow","max-snippet":"max-snippet:-1","max-image-preview":"max-image-preview:large","max-video-preview":"max-video-preview:-1"},"canonical":"https:\/\/fulbat.com\/fr\/produit\/fdc6-400\/","og_locale":"fr_FR","og_type":"article","og_title":"FDC6-400 - Fulbat","og_description":"%","og_url":"https:\/\/fulbat.com\/fr\/produit\/fdc6-400\/","og_site_name":"Fulbat","article_modified_time":"2024-11-08T11:29:17+00:00","og_image":[{"width":500,"height":500,"url":"https:\/\/fulbat.com\/wp-content\/uploads\/2023\/06\/2023-Fulbat-AGMCarbon-FDC6-400.png","type":"image\/png"}],"twitter_card":"summary_large_image","twitter_misc":{"Dur\u00e9e de lecture estim\u00e9e":"1 minute"},"schema":{"@context":"https:\/\/schema.org","@graph":[{"@type":"WebPage","@id":"https:\/\/fulbat.com\/fr\/produit\/fdc6-400\/","url":"https:\/\/fulbat.com\/fr\/produit\/fdc6-400\/","name":"FDC6-400 - Fulbat","isPartOf":{"@id":"https:\/\/fulbat.com\/fr\/#website"},"primaryImageOfPage":{"@id":"https:\/\/fulbat.com\/fr\/produit\/fdc6-400\/#primaryimage"},"image":{"@id":"https:\/\/fulbat.com\/fr\/produit\/fdc6-400\/#primaryimage"},"thumbnailUrl":"https:\/\/fulbat.com\/wp-content\/uploads\/2023\/06\/2023-Fulbat-AGMCarbon-FDC6-400.png","datePublished":"2023-05-19T14:43:26+00:00","dateModified":"2024-11-08T11:29:17+00:00","description":"%","breadcrumb":{"@id":"https:\/\/fulbat.com\/fr\/produit\/fdc6-400\/#breadcrumb"},"inLanguage":"fr-FR","potentialAction":[{"@type":"ReadAction","target":["https:\/\/fulbat.com\/fr\/produit\/fdc6-400\/"]}]},{"@type":"ImageObject","inLanguage":"fr-FR","@id":"https:\/\/fulbat.com\/fr\/produit\/fdc6-400\/#primaryimage","url":"https:\/\/fulbat.com\/wp-content\/uploads\/2023\/06\/2023-Fulbat-AGMCarbon-FDC6-400.png","contentUrl":"https:\/\/fulbat.com\/wp-content\/uploads\/2023\/06\/2023-Fulbat-AGMCarbon-FDC6-400.png","width":500,"height":500},{"@type":"BreadcrumbList","@id":"https:\/\/fulbat.com\/fr\/produit\/fdc6-400\/#breadcrumb","itemListElement":[{"@type":"ListItem","position":1,"name":"Home","item":"https:\/\/fulbat.com\/fr\/"},{"@type":"ListItem","position":2,"name":"Shop","item":"https:\/\/fulbat.com\/shop\/"},{"@type":"ListItem","position":3,"name":"Traction","item":"https:\/\/fulbat.com\/fr\/traction\/"},{"@type":"ListItem","position":4,"name":"FDC6-400"}]},{"@type":"WebSite","@id":"https:\/\/fulbat.com\/fr\/#website","url":"https:\/\/fulbat.com\/fr\/","name":"Fulbat","description":"Qualitative, performing &amp; reliable battery solutions","potentialAction":[{"@type":"SearchAction","target":{"@type":"EntryPoint","urlTemplate":"https:\/\/fulbat.com\/fr\/?s={search_term_string}"},"query-input":{"@type":"PropertyValueSpecification","valueRequired":true,"valueName":"search_term_string"}}],"inLanguage":"fr-FR"}]}},"_links":{"self":[{"href":"https:\/\/fulbat.com\/fr\/wp-json\/wp\/v2\/product\/19341","targetHints":{"allow":["GET"]}}],"collection":[{"href":"https:\/\/fulbat.com\/fr\/wp-json\/wp\/v2\/product"}],"about":[{"href":"https:\/\/fulbat.com\/fr\/wp-json\/wp\/v2\/types\/product"}],"wp:featuredmedia":[{"embeddable":true,"href":"https:\/\/fulbat.com\/fr\/wp-json\/wp\/v2\/media\/19800"}],"wp:attachment":[{"href":"https:\/\/fulbat.com\/fr\/wp-json\/wp\/v2\/media?parent=19341"}],"wp:term":[{"taxonomy":"product_brand","embeddable":true,"href":"https:\/\/fulbat.com\/fr\/wp-json\/wp\/v2\/product_brand?post=19341"},{"taxonomy":"product_cat","embeddable":true,"href":"https:\/\/fulbat.com\/fr\/wp-json\/wp\/v2\/product_cat?post=19341"},{"taxonomy":"product_tag","embeddable":true,"href":"https:\/\/fulbat.com\/fr\/wp-json\/wp\/v2\/product_tag?post=19341"}],"curies":[{"name":"wp","href":"https:\/\/api.w.org\/{rel}","templated":true}]}}