{"id":19360,"date":"2023-05-23T10:08:07","date_gmt":"2023-05-23T07:59:08","guid":{"rendered":"https:\/\/fulbat.com\/?post_type=product&#038;p=19360"},"modified":"2024-11-08T12:30:00","modified_gmt":"2024-11-08T11:30:00","slug":"fdc-875","status":"publish","type":"product","link":"https:\/\/fulbat.com\/fr\/produit\/fdc-875\/","title":{"rendered":"FDC-875"},"content":{"rendered":"<p style=\"text-align: justify;\">FDC-875 fait partie de notre gamme FDC \u2013 Deep Cycle Series. Sp\u00e9cialement con\u00e7ue pour des applications de petites tractions, cette batterie 8V 170Ah offre une longue dur\u00e9e de vie avec une grande r\u00e9sistance aux cycles gr\u00e2ce \u00e0 des plaques de grille renforc\u00e9es.<\/p>\n<p style=\"text-align: justify;\">Dot\u00e9e de bornes sp\u00e9cifiques et d\u2019un bo\u00eetier r\u00e9sistant, la batterie FDC-875 offrira une r\u00e9sistance maximale aux vibrations pour toutes les utilisations industrielles ou de loisirs.<\/p>\n","protected":false},"excerpt":{"rendered":"<p>Grandes performances et r\u00e9sistances aux d\u00e9charges profondes<\/p>\n<p>Faible autod\u00e9charge<\/p>\n<p>Faible maintenance<\/p>\n<p>Bac en r\u00e9sine polypropyl\u00e8ne = R\u00e9sistant aux chocs et \u00e0 l\u2019acide<\/p>\n<p>Terminaux constitu\u00e9s d\u2019un alliage de plomb sp\u00e9cialement con\u00e7us pour r\u00e9sister aux fortes vibrations<\/p>\n<p>Grilles renforc\u00e9es r\u00e9sistantes \u00e0 un usage cyclique intensif<\/p>\n<p>Plaques n\u00e9gatives : plomb pur \u00e0 99,9% avec additifs sp\u00e9cifiques pour d\u00e9charges profondes<\/p>\n<p>Tr\u00e8s bonne capacit\u00e9 de charge<\/p>\n<p>Faible perte en eau et r\u00e9duction des possibilit\u00e9s d\u2019emballement thermique<\/p>\n<p>Bonnes performances dans des conditions de temp\u00e9ratures ambiantes critiques<\/p>\n","protected":false},"featured_media":5377,"template":"","meta":[],"product_brand":[],"product_cat":[832,4244,831,830,833],"product_tag":[4145,4144,4151,4127],"class_list":{"0":"post-19360","1":"product","2":"type-product","3":"status-publish","4":"has-post-thumbnail","6":"product_cat-autolaveuse","7":"product_cat-fdc-deep-cycle-flooded-fr","8":"product_cat-nacelle-plateforme-elevatrice","9":"product_cat-traction","10":"product_cat-voiturette-de-golf","11":"product_tag-batterie-flooded-fr","12":"product_tag-batterie-voiturette-de-golf","13":"product_tag-fdc-875-fr","14":"product_tag-motive-battery-fr","16":"first","17":"instock","18":"shipping-taxable","19":"product-type-simple"},"yoast_head":"<!-- This site is optimized with the Yoast SEO plugin v26.9 - https:\/\/yoast.com\/product\/yoast-seo-wordpress\/ -->\n<title>FDC-875 - Fulbat<\/title>\n<meta name=\"description\" content=\"%\" \/>\n<meta name=\"robots\" content=\"index, follow, max-snippet:-1, max-image-preview:large, max-video-preview:-1\" \/>\n<link rel=\"canonical\" href=\"https:\/\/fulbat.com\/fr\/produit\/fdc-875\/\" \/>\n<meta property=\"og:locale\" content=\"fr_FR\" \/>\n<meta property=\"og:type\" content=\"article\" \/>\n<meta property=\"og:title\" content=\"FDC-875 - Fulbat\" \/>\n<meta property=\"og:description\" content=\"%\" \/>\n<meta property=\"og:url\" content=\"https:\/\/fulbat.com\/fr\/produit\/fdc-875\/\" \/>\n<meta property=\"og:site_name\" content=\"Fulbat\" \/>\n<meta property=\"article:modified_time\" content=\"2024-11-08T11:30:00+00:00\" \/>\n<meta property=\"og:image\" content=\"https:\/\/fulbat.com\/wp-content\/uploads\/2020\/09\/Fulbat_Deepcycle_FDC-875.png\" \/>\n\t<meta property=\"og:image:width\" content=\"401\" \/>\n\t<meta property=\"og:image:height\" content=\"429\" \/>\n\t<meta property=\"og:image:type\" content=\"image\/png\" \/>\n<meta name=\"twitter:card\" content=\"summary_large_image\" \/>\n<meta name=\"twitter:label1\" content=\"Dur\u00e9e de lecture estim\u00e9e\" \/>\n\t<meta name=\"twitter:data1\" content=\"1 minute\" \/>\n<script type=\"application\/ld+json\" class=\"yoast-schema-graph\">{\"@context\":\"https:\/\/schema.org\",\"@graph\":[{\"@type\":\"WebPage\",\"@id\":\"https:\/\/fulbat.com\/fr\/produit\/fdc-875\/\",\"url\":\"https:\/\/fulbat.com\/fr\/produit\/fdc-875\/\",\"name\":\"FDC-875 - Fulbat\",\"isPartOf\":{\"@id\":\"https:\/\/fulbat.com\/fr\/#website\"},\"primaryImageOfPage\":{\"@id\":\"https:\/\/fulbat.com\/fr\/produit\/fdc-875\/#primaryimage\"},\"image\":{\"@id\":\"https:\/\/fulbat.com\/fr\/produit\/fdc-875\/#primaryimage\"},\"thumbnailUrl\":\"https:\/\/fulbat.com\/wp-content\/uploads\/2020\/09\/Fulbat_Deepcycle_FDC-875.png\",\"datePublished\":\"2023-05-23T07:59:08+00:00\",\"dateModified\":\"2024-11-08T11:30:00+00:00\",\"description\":\"%\",\"breadcrumb\":{\"@id\":\"https:\/\/fulbat.com\/fr\/produit\/fdc-875\/#breadcrumb\"},\"inLanguage\":\"fr-FR\",\"potentialAction\":[{\"@type\":\"ReadAction\",\"target\":[\"https:\/\/fulbat.com\/fr\/produit\/fdc-875\/\"]}]},{\"@type\":\"ImageObject\",\"inLanguage\":\"fr-FR\",\"@id\":\"https:\/\/fulbat.com\/fr\/produit\/fdc-875\/#primaryimage\",\"url\":\"https:\/\/fulbat.com\/wp-content\/uploads\/2020\/09\/Fulbat_Deepcycle_FDC-875.png\",\"contentUrl\":\"https:\/\/fulbat.com\/wp-content\/uploads\/2020\/09\/Fulbat_Deepcycle_FDC-875.png\",\"width\":401,\"height\":429,\"caption\":\"Fulbat_Deepcycle_FDC-875-BATTERIE\"},{\"@type\":\"BreadcrumbList\",\"@id\":\"https:\/\/fulbat.com\/fr\/produit\/fdc-875\/#breadcrumb\",\"itemListElement\":[{\"@type\":\"ListItem\",\"position\":1,\"name\":\"Home\",\"item\":\"https:\/\/fulbat.com\/fr\/\"},{\"@type\":\"ListItem\",\"position\":2,\"name\":\"Shop\",\"item\":\"https:\/\/fulbat.com\/shop\/\"},{\"@type\":\"ListItem\",\"position\":3,\"name\":\"Traction\",\"item\":\"https:\/\/fulbat.com\/fr\/traction\/\"},{\"@type\":\"ListItem\",\"position\":4,\"name\":\"FDC-875\"}]},{\"@type\":\"WebSite\",\"@id\":\"https:\/\/fulbat.com\/fr\/#website\",\"url\":\"https:\/\/fulbat.com\/fr\/\",\"name\":\"Fulbat\",\"description\":\"Qualitative, performing &amp; reliable battery solutions\",\"potentialAction\":[{\"@type\":\"SearchAction\",\"target\":{\"@type\":\"EntryPoint\",\"urlTemplate\":\"https:\/\/fulbat.com\/fr\/?s={search_term_string}\"},\"query-input\":{\"@type\":\"PropertyValueSpecification\",\"valueRequired\":true,\"valueName\":\"search_term_string\"}}],\"inLanguage\":\"fr-FR\"}]}<\/script>\n<!-- \/ Yoast SEO plugin. -->","yoast_head_json":{"title":"FDC-875 - Fulbat","description":"%","robots":{"index":"index","follow":"follow","max-snippet":"max-snippet:-1","max-image-preview":"max-image-preview:large","max-video-preview":"max-video-preview:-1"},"canonical":"https:\/\/fulbat.com\/fr\/produit\/fdc-875\/","og_locale":"fr_FR","og_type":"article","og_title":"FDC-875 - Fulbat","og_description":"%","og_url":"https:\/\/fulbat.com\/fr\/produit\/fdc-875\/","og_site_name":"Fulbat","article_modified_time":"2024-11-08T11:30:00+00:00","og_image":[{"width":401,"height":429,"url":"https:\/\/fulbat.com\/wp-content\/uploads\/2020\/09\/Fulbat_Deepcycle_FDC-875.png","type":"image\/png"}],"twitter_card":"summary_large_image","twitter_misc":{"Dur\u00e9e de lecture estim\u00e9e":"1 minute"},"schema":{"@context":"https:\/\/schema.org","@graph":[{"@type":"WebPage","@id":"https:\/\/fulbat.com\/fr\/produit\/fdc-875\/","url":"https:\/\/fulbat.com\/fr\/produit\/fdc-875\/","name":"FDC-875 - Fulbat","isPartOf":{"@id":"https:\/\/fulbat.com\/fr\/#website"},"primaryImageOfPage":{"@id":"https:\/\/fulbat.com\/fr\/produit\/fdc-875\/#primaryimage"},"image":{"@id":"https:\/\/fulbat.com\/fr\/produit\/fdc-875\/#primaryimage"},"thumbnailUrl":"https:\/\/fulbat.com\/wp-content\/uploads\/2020\/09\/Fulbat_Deepcycle_FDC-875.png","datePublished":"2023-05-23T07:59:08+00:00","dateModified":"2024-11-08T11:30:00+00:00","description":"%","breadcrumb":{"@id":"https:\/\/fulbat.com\/fr\/produit\/fdc-875\/#breadcrumb"},"inLanguage":"fr-FR","potentialAction":[{"@type":"ReadAction","target":["https:\/\/fulbat.com\/fr\/produit\/fdc-875\/"]}]},{"@type":"ImageObject","inLanguage":"fr-FR","@id":"https:\/\/fulbat.com\/fr\/produit\/fdc-875\/#primaryimage","url":"https:\/\/fulbat.com\/wp-content\/uploads\/2020\/09\/Fulbat_Deepcycle_FDC-875.png","contentUrl":"https:\/\/fulbat.com\/wp-content\/uploads\/2020\/09\/Fulbat_Deepcycle_FDC-875.png","width":401,"height":429,"caption":"Fulbat_Deepcycle_FDC-875-BATTERIE"},{"@type":"BreadcrumbList","@id":"https:\/\/fulbat.com\/fr\/produit\/fdc-875\/#breadcrumb","itemListElement":[{"@type":"ListItem","position":1,"name":"Home","item":"https:\/\/fulbat.com\/fr\/"},{"@type":"ListItem","position":2,"name":"Shop","item":"https:\/\/fulbat.com\/shop\/"},{"@type":"ListItem","position":3,"name":"Traction","item":"https:\/\/fulbat.com\/fr\/traction\/"},{"@type":"ListItem","position":4,"name":"FDC-875"}]},{"@type":"WebSite","@id":"https:\/\/fulbat.com\/fr\/#website","url":"https:\/\/fulbat.com\/fr\/","name":"Fulbat","description":"Qualitative, performing &amp; reliable battery solutions","potentialAction":[{"@type":"SearchAction","target":{"@type":"EntryPoint","urlTemplate":"https:\/\/fulbat.com\/fr\/?s={search_term_string}"},"query-input":{"@type":"PropertyValueSpecification","valueRequired":true,"valueName":"search_term_string"}}],"inLanguage":"fr-FR"}]}},"_links":{"self":[{"href":"https:\/\/fulbat.com\/fr\/wp-json\/wp\/v2\/product\/19360","targetHints":{"allow":["GET"]}}],"collection":[{"href":"https:\/\/fulbat.com\/fr\/wp-json\/wp\/v2\/product"}],"about":[{"href":"https:\/\/fulbat.com\/fr\/wp-json\/wp\/v2\/types\/product"}],"wp:featuredmedia":[{"embeddable":true,"href":"https:\/\/fulbat.com\/fr\/wp-json\/wp\/v2\/media\/5377"}],"wp:attachment":[{"href":"https:\/\/fulbat.com\/fr\/wp-json\/wp\/v2\/media?parent=19360"}],"wp:term":[{"taxonomy":"product_brand","embeddable":true,"href":"https:\/\/fulbat.com\/fr\/wp-json\/wp\/v2\/product_brand?post=19360"},{"taxonomy":"product_cat","embeddable":true,"href":"https:\/\/fulbat.com\/fr\/wp-json\/wp\/v2\/product_cat?post=19360"},{"taxonomy":"product_tag","embeddable":true,"href":"https:\/\/fulbat.com\/fr\/wp-json\/wp\/v2\/product_tag?post=19360"}],"curies":[{"name":"wp","href":"https:\/\/api.w.org\/{rel}","templated":true}]}}