{"id":20570,"date":"2023-08-21T11:43:57","date_gmt":"2023-08-21T09:43:59","guid":{"rendered":"https:\/\/fulbat.com\/?post_type=product&#038;p=20570"},"modified":"2024-12-05T11:44:25","modified_gmt":"2024-12-05T10:44:25","slug":"flp12-100b","status":"publish","type":"product","link":"https:\/\/fulbat.com\/fr\/produit\/flp12-100b\/","title":{"rendered":"FLP12-100B"},"content":{"rendered":"<p style=\"text-align: justify;\">La batterie FLP12-100B fait partie de notre gamme industrielle FLP &#8211; High Cyclic LiFePO4. Sp\u00e9cialement con\u00e7ue pour remplacer une batterie plomb gr\u00e2ce \u00e0 son bo\u00eetier de taille standard et sa tension de charge similaire, cette batterie LiFePO4 12.8V 100Ah offre de nombreux avantages par rapport au plomb en termes de poids, de performances cycliques, de s\u00e9curit\u00e9 et de puissance.<\/p>\n<p>Dot\u00e9 d\u2019un syst\u00e8me de gestion de batterie int\u00e9gr\u00e9 (BMS), la batterie FLP12-100B est id\u00e9ale pour les applications cycliques ou de traction telles que Marine et\/ou Loisirs, qui n\u00e9cessitent un rapport poids-puissance plus \u00e9lev\u00e9 ainsi que pour des applications avec des exigences de maintenance minimales.<\/p>\n<p>Gr\u00e2ce \u00e0 l&rsquo;application Android ou Apple (iOS), il est possible de se connecter au BMS de la batterie via le bluetooth de son smartphone. Ceci permet de surveiller la tension du circuit ouvert, l&rsquo;\u00e9tat de charge, l&rsquo;\u00e9tat de sant\u00e9, les courants de charge &amp; d\u00e9charge, le nombre de cycles et la temp\u00e9rature de la batterie.<\/p>\n<p><strong>Dur\u00e9e de vie cyclique<\/strong>:<\/p>\n<ul>\n<li>jusqu\u2019\u00e0 2000 cycles \u00e0 100% de profondeur de d\u00e9charge (50% capacit\u00e9 \/ 20\u00b0C)<\/li>\n<li>jusqu\u2019\u00e0 4000 cycles \u00e0 80% de profondeur de d\u00e9charge (50% capacit\u00e9 \/ 20\u00b0C)<\/li>\n<\/ul>\n","protected":false},"excerpt":{"rendered":"<p>Performances cycliques extr\u00eames : x10 par rapport aux batteries AGM<\/p>\n<p>Poids r\u00e9duit : 60% plus l\u00e9g\u00e8re qu\u2019une batterie plomb<\/p>\n<p>Excellente r\u00e9cup\u00e9ration d\u2019une d\u00e9charge profonde (d\u00e9charge jusqu\u2019\u00e0 100% de PDD)<\/p>\n<p>Compacte : une densit\u00e9 d\u2019\u00e9nergie \u00e9lev\u00e9e avec un rapport puissance\/poids\/volume extr\u00eame<\/p>\n<p>Courant de charge et d\u00e9charge tr\u00e8s \u00e9lev\u00e9 (charge jusqu\u2019\u00e0 10 fois plus rapide)<\/p>\n<p>Syst\u00e8me de gestion de batterie int\u00e9gr\u00e9 (BMS) : \u00e9quilibrage des cellules, protection contre la surcharge, d\u00e9charge, surintensit\u00e9 et temp\u00e9rature excessive<\/p>\n<p>Contr\u00f4le de la batterie connect\u00e9e \u00e0 l&rsquo;aide d&rsquo;une application Android ou Apple (iOS) via un smartphone connect\u00e9 au BMS via bluebooth.<\/p>\n<p>Large plage de temp\u00e9ratures d\u2019utilisation : de -20\u00b0C \u00e0 +60\u00b0C<\/p>\n<p>S\u00e9curisant : aucune fuite possible, aucun acide, aucun risque d\u2019explosion et aucune \u00e9mission de gaz<\/p>\n<p>Orientation dans tous les sens sans aucun risque<\/p>\n<p>Souplesse d\u2019utilisation : accepte les recharges partielles (PSOC)<\/p>\n<p>Faible taux autod\u00e9charge (3%\/mois \u00e0 20\u00b0C)<\/p>\n<p>Peut se charger avec un chargeur plomb traditionnel (sans \u00e9tape de desulfatation)<\/p>\n<p>Utilisation en s\u00e9rie\/parall\u00e8le possible<\/p>\n","protected":false},"featured_media":21365,"template":"","meta":[],"product_brand":[],"product_cat":[819,811,824],"product_tag":[954,1796,972,1804,5588,5586],"class_list":{"0":"post-20570","1":"product","2":"type-product","3":"status-publish","4":"has-post-thumbnail","6":"product_cat-flp-high-cyclic-lifepo4-fr","7":"product_cat-industriel","8":"product_cat-marine-loisir","9":"product_tag-batterie-de-loisir","10":"product_tag-batterie-lifepo4","11":"product_tag-batterie-marine","12":"product_tag-flp12-100-fr","13":"product_tag-flp12-100b-fr-2","14":"product_tag-flp12100b-fr-2","16":"first","17":"instock","18":"shipping-taxable","19":"product-type-simple"},"yoast_head":"<!-- This site is optimized with the Yoast SEO plugin v26.9 - https:\/\/yoast.com\/product\/yoast-seo-wordpress\/ -->\n<title>FLP12-100B - Fulbat<\/title>\n<meta name=\"description\" content=\"%\" \/>\n<meta name=\"robots\" content=\"index, follow, max-snippet:-1, max-image-preview:large, max-video-preview:-1\" \/>\n<link rel=\"canonical\" href=\"https:\/\/fulbat.com\/fr\/produit\/flp12-100b\/\" \/>\n<meta property=\"og:locale\" content=\"fr_FR\" \/>\n<meta property=\"og:type\" content=\"article\" \/>\n<meta property=\"og:title\" content=\"FLP12-100B - Fulbat\" \/>\n<meta property=\"og:description\" content=\"%\" \/>\n<meta property=\"og:url\" content=\"https:\/\/fulbat.com\/fr\/produit\/flp12-100b\/\" \/>\n<meta property=\"og:site_name\" content=\"Fulbat\" \/>\n<meta property=\"article:modified_time\" content=\"2024-12-05T10:44:25+00:00\" \/>\n<meta property=\"og:image\" content=\"https:\/\/fulbat.com\/wp-content\/uploads\/2023\/08\/FT_FLP12-100B_HighCyclic_LiFePO4.png\" \/>\n\t<meta property=\"og:image:width\" content=\"555\" \/>\n\t<meta property=\"og:image:height\" content=\"410\" \/>\n\t<meta property=\"og:image:type\" content=\"image\/png\" \/>\n<meta name=\"twitter:card\" content=\"summary_large_image\" \/>\n<meta name=\"twitter:label1\" content=\"Dur\u00e9e de lecture estim\u00e9e\" \/>\n\t<meta name=\"twitter:data1\" content=\"2 minutes\" \/>\n<script type=\"application\/ld+json\" class=\"yoast-schema-graph\">{\"@context\":\"https:\/\/schema.org\",\"@graph\":[{\"@type\":\"WebPage\",\"@id\":\"https:\/\/fulbat.com\/fr\/produit\/flp12-100b\/\",\"url\":\"https:\/\/fulbat.com\/fr\/produit\/flp12-100b\/\",\"name\":\"FLP12-100B - Fulbat\",\"isPartOf\":{\"@id\":\"https:\/\/fulbat.com\/fr\/#website\"},\"primaryImageOfPage\":{\"@id\":\"https:\/\/fulbat.com\/fr\/produit\/flp12-100b\/#primaryimage\"},\"image\":{\"@id\":\"https:\/\/fulbat.com\/fr\/produit\/flp12-100b\/#primaryimage\"},\"thumbnailUrl\":\"https:\/\/fulbat.com\/wp-content\/uploads\/2023\/08\/FT_FLP12-100B_HighCyclic_LiFePO4.png\",\"datePublished\":\"2023-08-21T09:43:59+00:00\",\"dateModified\":\"2024-12-05T10:44:25+00:00\",\"description\":\"%\",\"breadcrumb\":{\"@id\":\"https:\/\/fulbat.com\/fr\/produit\/flp12-100b\/#breadcrumb\"},\"inLanguage\":\"fr-FR\",\"potentialAction\":[{\"@type\":\"ReadAction\",\"target\":[\"https:\/\/fulbat.com\/fr\/produit\/flp12-100b\/\"]}]},{\"@type\":\"ImageObject\",\"inLanguage\":\"fr-FR\",\"@id\":\"https:\/\/fulbat.com\/fr\/produit\/flp12-100b\/#primaryimage\",\"url\":\"https:\/\/fulbat.com\/wp-content\/uploads\/2023\/08\/FT_FLP12-100B_HighCyclic_LiFePO4.png\",\"contentUrl\":\"https:\/\/fulbat.com\/wp-content\/uploads\/2023\/08\/FT_FLP12-100B_HighCyclic_LiFePO4.png\",\"width\":555,\"height\":410},{\"@type\":\"BreadcrumbList\",\"@id\":\"https:\/\/fulbat.com\/fr\/produit\/flp12-100b\/#breadcrumb\",\"itemListElement\":[{\"@type\":\"ListItem\",\"position\":1,\"name\":\"Home\",\"item\":\"https:\/\/fulbat.com\/fr\/\"},{\"@type\":\"ListItem\",\"position\":2,\"name\":\"Shop\",\"item\":\"https:\/\/fulbat.com\/shop\/\"},{\"@type\":\"ListItem\",\"position\":3,\"name\":\"Industriel\",\"item\":\"https:\/\/fulbat.com\/fr\/industriel\/\"},{\"@type\":\"ListItem\",\"position\":4,\"name\":\"FLP12-100B\"}]},{\"@type\":\"WebSite\",\"@id\":\"https:\/\/fulbat.com\/fr\/#website\",\"url\":\"https:\/\/fulbat.com\/fr\/\",\"name\":\"Fulbat\",\"description\":\"Qualitative, performing &amp; reliable battery solutions\",\"potentialAction\":[{\"@type\":\"SearchAction\",\"target\":{\"@type\":\"EntryPoint\",\"urlTemplate\":\"https:\/\/fulbat.com\/fr\/?s={search_term_string}\"},\"query-input\":{\"@type\":\"PropertyValueSpecification\",\"valueRequired\":true,\"valueName\":\"search_term_string\"}}],\"inLanguage\":\"fr-FR\"}]}<\/script>\n<!-- \/ Yoast SEO plugin. -->","yoast_head_json":{"title":"FLP12-100B - Fulbat","description":"%","robots":{"index":"index","follow":"follow","max-snippet":"max-snippet:-1","max-image-preview":"max-image-preview:large","max-video-preview":"max-video-preview:-1"},"canonical":"https:\/\/fulbat.com\/fr\/produit\/flp12-100b\/","og_locale":"fr_FR","og_type":"article","og_title":"FLP12-100B - Fulbat","og_description":"%","og_url":"https:\/\/fulbat.com\/fr\/produit\/flp12-100b\/","og_site_name":"Fulbat","article_modified_time":"2024-12-05T10:44:25+00:00","og_image":[{"width":555,"height":410,"url":"https:\/\/fulbat.com\/wp-content\/uploads\/2023\/08\/FT_FLP12-100B_HighCyclic_LiFePO4.png","type":"image\/png"}],"twitter_card":"summary_large_image","twitter_misc":{"Dur\u00e9e de lecture estim\u00e9e":"2 minutes"},"schema":{"@context":"https:\/\/schema.org","@graph":[{"@type":"WebPage","@id":"https:\/\/fulbat.com\/fr\/produit\/flp12-100b\/","url":"https:\/\/fulbat.com\/fr\/produit\/flp12-100b\/","name":"FLP12-100B - Fulbat","isPartOf":{"@id":"https:\/\/fulbat.com\/fr\/#website"},"primaryImageOfPage":{"@id":"https:\/\/fulbat.com\/fr\/produit\/flp12-100b\/#primaryimage"},"image":{"@id":"https:\/\/fulbat.com\/fr\/produit\/flp12-100b\/#primaryimage"},"thumbnailUrl":"https:\/\/fulbat.com\/wp-content\/uploads\/2023\/08\/FT_FLP12-100B_HighCyclic_LiFePO4.png","datePublished":"2023-08-21T09:43:59+00:00","dateModified":"2024-12-05T10:44:25+00:00","description":"%","breadcrumb":{"@id":"https:\/\/fulbat.com\/fr\/produit\/flp12-100b\/#breadcrumb"},"inLanguage":"fr-FR","potentialAction":[{"@type":"ReadAction","target":["https:\/\/fulbat.com\/fr\/produit\/flp12-100b\/"]}]},{"@type":"ImageObject","inLanguage":"fr-FR","@id":"https:\/\/fulbat.com\/fr\/produit\/flp12-100b\/#primaryimage","url":"https:\/\/fulbat.com\/wp-content\/uploads\/2023\/08\/FT_FLP12-100B_HighCyclic_LiFePO4.png","contentUrl":"https:\/\/fulbat.com\/wp-content\/uploads\/2023\/08\/FT_FLP12-100B_HighCyclic_LiFePO4.png","width":555,"height":410},{"@type":"BreadcrumbList","@id":"https:\/\/fulbat.com\/fr\/produit\/flp12-100b\/#breadcrumb","itemListElement":[{"@type":"ListItem","position":1,"name":"Home","item":"https:\/\/fulbat.com\/fr\/"},{"@type":"ListItem","position":2,"name":"Shop","item":"https:\/\/fulbat.com\/shop\/"},{"@type":"ListItem","position":3,"name":"Industriel","item":"https:\/\/fulbat.com\/fr\/industriel\/"},{"@type":"ListItem","position":4,"name":"FLP12-100B"}]},{"@type":"WebSite","@id":"https:\/\/fulbat.com\/fr\/#website","url":"https:\/\/fulbat.com\/fr\/","name":"Fulbat","description":"Qualitative, performing &amp; reliable battery solutions","potentialAction":[{"@type":"SearchAction","target":{"@type":"EntryPoint","urlTemplate":"https:\/\/fulbat.com\/fr\/?s={search_term_string}"},"query-input":{"@type":"PropertyValueSpecification","valueRequired":true,"valueName":"search_term_string"}}],"inLanguage":"fr-FR"}]}},"_links":{"self":[{"href":"https:\/\/fulbat.com\/fr\/wp-json\/wp\/v2\/product\/20570","targetHints":{"allow":["GET"]}}],"collection":[{"href":"https:\/\/fulbat.com\/fr\/wp-json\/wp\/v2\/product"}],"about":[{"href":"https:\/\/fulbat.com\/fr\/wp-json\/wp\/v2\/types\/product"}],"wp:featuredmedia":[{"embeddable":true,"href":"https:\/\/fulbat.com\/fr\/wp-json\/wp\/v2\/media\/21365"}],"wp:attachment":[{"href":"https:\/\/fulbat.com\/fr\/wp-json\/wp\/v2\/media?parent=20570"}],"wp:term":[{"taxonomy":"product_brand","embeddable":true,"href":"https:\/\/fulbat.com\/fr\/wp-json\/wp\/v2\/product_brand?post=20570"},{"taxonomy":"product_cat","embeddable":true,"href":"https:\/\/fulbat.com\/fr\/wp-json\/wp\/v2\/product_cat?post=20570"},{"taxonomy":"product_tag","embeddable":true,"href":"https:\/\/fulbat.com\/fr\/wp-json\/wp\/v2\/product_tag?post=20570"}],"curies":[{"name":"wp","href":"https:\/\/api.w.org\/{rel}","templated":true}]}}