{"id":21775,"date":"2025-06-03T12:27:11","date_gmt":"2023-12-19T11:36:12","guid":{"rendered":"https:\/\/fulbat.com\/?post_type=product&#038;p=21775"},"modified":"2024-12-05T11:48:47","modified_gmt":"2024-12-05T10:48:47","slug":"fdc51-105","status":"publish","type":"product","link":"https:\/\/fulbat.com\/fr\/produit\/fdc51-105\/","title":{"rendered":"FDC51-105"},"content":{"rendered":"<p style=\"text-align: justify;\">FDC51-105 fait partie de notre gamme de batteries FDC &#8211; Deep Cycle Lithium. Sp\u00e9cialement con\u00e7ue pour offrir une solution plus l\u00e9g\u00e8re, plus durable et plus puissante que les batteries au plomb, cette batterie 51,2V 105Ah offre une s\u00e9curit\u00e9 optimale gr\u00e2ce au BMS, syst\u00e8me de gestion de batterie int\u00e9gr\u00e9.<\/span><\/p>\n<p>Sans entretien (plus besoin de remplissage), la batterie FDC51-105 offre des performances exceptionnelles et une fiabilit\u00e9 in\u00e9gal\u00e9e pour les v\u00e9hicules \u00e9lectriques tels que les voiturettes de golf, les chariots autoguid\u00e9s, les v\u00e9hicules utilitaires..<\/p>\n","protected":false},"excerpt":{"rendered":"<p>Syst\u00e8me intelligent de gestion de la batterie (BMS) qui assure une protection contre les courts-circuits, surchauffe, surcharge, d\u00e9charge profonde et la surintensit\u00e9<\/p>\n<p>Charge rapide : moins de 4 heures<\/p>\n<p>Dur\u00e9e de vie 2 \u00e0 3 fois sup\u00e9rieure \u00e0 celle des batteries plomb-acide flooded<\/p>\n<p>Conception sans acide \u00e9liminant la corrosion, les gouttes d\u2019acide et l\u2019\u00e9mission de gaz durant la charge<\/p>\n<p>Indicateurs LED de l\u2019\u00e9tat de charge<\/p>\n<p>Communication par CAN-bus (optionnel)<\/p>\n","protected":false},"featured_media":21777,"template":"","meta":[],"product_brand":[],"product_cat":[4315,830,833],"product_tag":[4328,5551,4330],"class_list":{"0":"post-21775","1":"product","2":"type-product","3":"status-publish","4":"has-post-thumbnail","6":"product_cat-fdc-deep-cycle-lifepo4-fr","7":"product_cat-traction","8":"product_cat-voiturette-de-golf","9":"product_tag-battery-fr","10":"product_tag-fdc51-105-fr-2","11":"product_tag-motive-power-fr","13":"first","14":"outofstock","15":"shipping-taxable","16":"product-type-simple"},"yoast_head":"<!-- This site is optimized with the Yoast SEO plugin v26.9 - https:\/\/yoast.com\/product\/yoast-seo-wordpress\/ -->\n<title>FDC51-105 - Fulbat<\/title>\n<meta name=\"description\" content=\"%\" \/>\n<meta name=\"robots\" content=\"index, follow, max-snippet:-1, max-image-preview:large, max-video-preview:-1\" \/>\n<link rel=\"canonical\" href=\"https:\/\/fulbat.com\/fr\/produit\/fdc51-105\/\" \/>\n<meta property=\"og:locale\" content=\"fr_FR\" \/>\n<meta property=\"og:type\" content=\"article\" \/>\n<meta property=\"og:title\" content=\"FDC51-105 - Fulbat\" \/>\n<meta property=\"og:description\" content=\"%\" \/>\n<meta property=\"og:url\" content=\"https:\/\/fulbat.com\/fr\/produit\/fdc51-105\/\" \/>\n<meta property=\"og:site_name\" content=\"Fulbat\" \/>\n<meta property=\"article:modified_time\" content=\"2024-12-05T10:48:47+00:00\" \/>\n<meta property=\"og:image\" content=\"https:\/\/fulbat.com\/wp-content\/uploads\/2023\/12\/Fulbat_Deepcycle_FDC51-105.png\" \/>\n\t<meta property=\"og:image:width\" content=\"725\" \/>\n\t<meta property=\"og:image:height\" content=\"541\" \/>\n\t<meta property=\"og:image:type\" content=\"image\/png\" \/>\n<meta name=\"twitter:card\" content=\"summary_large_image\" \/>\n<meta name=\"twitter:label1\" content=\"Dur\u00e9e de lecture estim\u00e9e\" \/>\n\t<meta name=\"twitter:data1\" content=\"1 minute\" \/>\n<script type=\"application\/ld+json\" class=\"yoast-schema-graph\">{\"@context\":\"https:\/\/schema.org\",\"@graph\":[{\"@type\":\"WebPage\",\"@id\":\"https:\/\/fulbat.com\/fr\/produit\/fdc51-105\/\",\"url\":\"https:\/\/fulbat.com\/fr\/produit\/fdc51-105\/\",\"name\":\"FDC51-105 - Fulbat\",\"isPartOf\":{\"@id\":\"https:\/\/fulbat.com\/fr\/#website\"},\"primaryImageOfPage\":{\"@id\":\"https:\/\/fulbat.com\/fr\/produit\/fdc51-105\/#primaryimage\"},\"image\":{\"@id\":\"https:\/\/fulbat.com\/fr\/produit\/fdc51-105\/#primaryimage\"},\"thumbnailUrl\":\"https:\/\/fulbat.com\/wp-content\/uploads\/2023\/12\/Fulbat_Deepcycle_FDC51-105.png\",\"datePublished\":\"2023-12-19T11:36:12+00:00\",\"dateModified\":\"2024-12-05T10:48:47+00:00\",\"description\":\"%\",\"breadcrumb\":{\"@id\":\"https:\/\/fulbat.com\/fr\/produit\/fdc51-105\/#breadcrumb\"},\"inLanguage\":\"fr-FR\",\"potentialAction\":[{\"@type\":\"ReadAction\",\"target\":[\"https:\/\/fulbat.com\/fr\/produit\/fdc51-105\/\"]}]},{\"@type\":\"ImageObject\",\"inLanguage\":\"fr-FR\",\"@id\":\"https:\/\/fulbat.com\/fr\/produit\/fdc51-105\/#primaryimage\",\"url\":\"https:\/\/fulbat.com\/wp-content\/uploads\/2023\/12\/Fulbat_Deepcycle_FDC51-105.png\",\"contentUrl\":\"https:\/\/fulbat.com\/wp-content\/uploads\/2023\/12\/Fulbat_Deepcycle_FDC51-105.png\",\"width\":725,\"height\":541},{\"@type\":\"BreadcrumbList\",\"@id\":\"https:\/\/fulbat.com\/fr\/produit\/fdc51-105\/#breadcrumb\",\"itemListElement\":[{\"@type\":\"ListItem\",\"position\":1,\"name\":\"Home\",\"item\":\"https:\/\/fulbat.com\/fr\/\"},{\"@type\":\"ListItem\",\"position\":2,\"name\":\"Shop\",\"item\":\"https:\/\/fulbat.com\/shop\/\"},{\"@type\":\"ListItem\",\"position\":3,\"name\":\"Traction\",\"item\":\"https:\/\/fulbat.com\/fr\/traction\/\"},{\"@type\":\"ListItem\",\"position\":4,\"name\":\"FDC51-105\"}]},{\"@type\":\"WebSite\",\"@id\":\"https:\/\/fulbat.com\/fr\/#website\",\"url\":\"https:\/\/fulbat.com\/fr\/\",\"name\":\"Fulbat\",\"description\":\"Qualitative, performing &amp; reliable battery solutions\",\"potentialAction\":[{\"@type\":\"SearchAction\",\"target\":{\"@type\":\"EntryPoint\",\"urlTemplate\":\"https:\/\/fulbat.com\/fr\/?s={search_term_string}\"},\"query-input\":{\"@type\":\"PropertyValueSpecification\",\"valueRequired\":true,\"valueName\":\"search_term_string\"}}],\"inLanguage\":\"fr-FR\"}]}<\/script>\n<!-- \/ Yoast SEO plugin. -->","yoast_head_json":{"title":"FDC51-105 - Fulbat","description":"%","robots":{"index":"index","follow":"follow","max-snippet":"max-snippet:-1","max-image-preview":"max-image-preview:large","max-video-preview":"max-video-preview:-1"},"canonical":"https:\/\/fulbat.com\/fr\/produit\/fdc51-105\/","og_locale":"fr_FR","og_type":"article","og_title":"FDC51-105 - Fulbat","og_description":"%","og_url":"https:\/\/fulbat.com\/fr\/produit\/fdc51-105\/","og_site_name":"Fulbat","article_modified_time":"2024-12-05T10:48:47+00:00","og_image":[{"width":725,"height":541,"url":"https:\/\/fulbat.com\/wp-content\/uploads\/2023\/12\/Fulbat_Deepcycle_FDC51-105.png","type":"image\/png"}],"twitter_card":"summary_large_image","twitter_misc":{"Dur\u00e9e de lecture estim\u00e9e":"1 minute"},"schema":{"@context":"https:\/\/schema.org","@graph":[{"@type":"WebPage","@id":"https:\/\/fulbat.com\/fr\/produit\/fdc51-105\/","url":"https:\/\/fulbat.com\/fr\/produit\/fdc51-105\/","name":"FDC51-105 - Fulbat","isPartOf":{"@id":"https:\/\/fulbat.com\/fr\/#website"},"primaryImageOfPage":{"@id":"https:\/\/fulbat.com\/fr\/produit\/fdc51-105\/#primaryimage"},"image":{"@id":"https:\/\/fulbat.com\/fr\/produit\/fdc51-105\/#primaryimage"},"thumbnailUrl":"https:\/\/fulbat.com\/wp-content\/uploads\/2023\/12\/Fulbat_Deepcycle_FDC51-105.png","datePublished":"2023-12-19T11:36:12+00:00","dateModified":"2024-12-05T10:48:47+00:00","description":"%","breadcrumb":{"@id":"https:\/\/fulbat.com\/fr\/produit\/fdc51-105\/#breadcrumb"},"inLanguage":"fr-FR","potentialAction":[{"@type":"ReadAction","target":["https:\/\/fulbat.com\/fr\/produit\/fdc51-105\/"]}]},{"@type":"ImageObject","inLanguage":"fr-FR","@id":"https:\/\/fulbat.com\/fr\/produit\/fdc51-105\/#primaryimage","url":"https:\/\/fulbat.com\/wp-content\/uploads\/2023\/12\/Fulbat_Deepcycle_FDC51-105.png","contentUrl":"https:\/\/fulbat.com\/wp-content\/uploads\/2023\/12\/Fulbat_Deepcycle_FDC51-105.png","width":725,"height":541},{"@type":"BreadcrumbList","@id":"https:\/\/fulbat.com\/fr\/produit\/fdc51-105\/#breadcrumb","itemListElement":[{"@type":"ListItem","position":1,"name":"Home","item":"https:\/\/fulbat.com\/fr\/"},{"@type":"ListItem","position":2,"name":"Shop","item":"https:\/\/fulbat.com\/shop\/"},{"@type":"ListItem","position":3,"name":"Traction","item":"https:\/\/fulbat.com\/fr\/traction\/"},{"@type":"ListItem","position":4,"name":"FDC51-105"}]},{"@type":"WebSite","@id":"https:\/\/fulbat.com\/fr\/#website","url":"https:\/\/fulbat.com\/fr\/","name":"Fulbat","description":"Qualitative, performing &amp; reliable battery solutions","potentialAction":[{"@type":"SearchAction","target":{"@type":"EntryPoint","urlTemplate":"https:\/\/fulbat.com\/fr\/?s={search_term_string}"},"query-input":{"@type":"PropertyValueSpecification","valueRequired":true,"valueName":"search_term_string"}}],"inLanguage":"fr-FR"}]}},"_links":{"self":[{"href":"https:\/\/fulbat.com\/fr\/wp-json\/wp\/v2\/product\/21775","targetHints":{"allow":["GET"]}}],"collection":[{"href":"https:\/\/fulbat.com\/fr\/wp-json\/wp\/v2\/product"}],"about":[{"href":"https:\/\/fulbat.com\/fr\/wp-json\/wp\/v2\/types\/product"}],"wp:featuredmedia":[{"embeddable":true,"href":"https:\/\/fulbat.com\/fr\/wp-json\/wp\/v2\/media\/21777"}],"wp:attachment":[{"href":"https:\/\/fulbat.com\/fr\/wp-json\/wp\/v2\/media?parent=21775"}],"wp:term":[{"taxonomy":"product_brand","embeddable":true,"href":"https:\/\/fulbat.com\/fr\/wp-json\/wp\/v2\/product_brand?post=21775"},{"taxonomy":"product_cat","embeddable":true,"href":"https:\/\/fulbat.com\/fr\/wp-json\/wp\/v2\/product_cat?post=21775"},{"taxonomy":"product_tag","embeddable":true,"href":"https:\/\/fulbat.com\/fr\/wp-json\/wp\/v2\/product_tag?post=21775"}],"curies":[{"name":"wp","href":"https:\/\/api.w.org\/{rel}","templated":true}]}}