{"id":21816,"date":"2023-12-22T10:10:17","date_gmt":"2023-12-22T09:10:18","guid":{"rendered":"https:\/\/fulbat.com\/?post_type=product&#038;p=21816"},"modified":"2023-12-22T14:25:18","modified_gmt":"2023-12-22T13:25:18","slug":"kit-de-remplissage-48v-6x8v","status":"publish","type":"product","link":"https:\/\/fulbat.com\/fr\/produit\/kit-de-remplissage-48v-6x8v\/","title":{"rendered":"KIT DE REMPLISSAGE 48V (6X8V)"},"content":{"rendered":"<p>Ce kit de remplissage facilite l&rsquo;entretien des batteries FDC Deep Cycle Flooded et leur remplissage au niveau d&rsquo;eau optimal !<br \/>\nCe syst\u00e8me automatise le processus de remplissage, ce qui am\u00e9liore l&rsquo;efficacit\u00e9, la s\u00e9curit\u00e9 et la dur\u00e9e de vie des batteries. Ces avantages se traduisent \u00e9galement par des \u00e9conomies de temps et d&rsquo;argent !<\/p>\n<p>Ce kit 48V est con\u00e7u pour nos batteries Flooded 8V FULBAT FDC (FDC-875).<\/p>\n<p><strong>Contenu du kit:\u00a0<\/strong><\/p>\n<ul>\n<li>Bouchons Pr\u00e9-Mont\u00e9s (x6 pcs)<\/li>\n<li>Bouchons De Fin (x2 pcs)<\/li>\n<li>Connecteur Tout-En-Un M\u00e2le (x1 pcs)<\/li>\n<li>Tube PVC (x1 pcs)<\/li>\n<\/ul>\n","protected":false},"excerpt":{"rendered":"<p>Entretien facile des batteries FDC Deep Cycle Flooded<\/p>\n<p>Am\u00e9liore l&rsquo;efficacit\u00e9, la s\u00e9curit\u00e9 et la dur\u00e9e de vie de la batterie.<\/p>\n<p>Gain de temps et d&rsquo;argent<\/p>\n","protected":false},"featured_media":21818,"template":"","meta":[],"product_brand":[],"product_cat":[4244,830,833],"product_tag":[4328,4151],"class_list":{"0":"post-21816","1":"product","2":"type-product","3":"status-publish","4":"has-post-thumbnail","6":"product_cat-fdc-deep-cycle-flooded-fr","7":"product_cat-traction","8":"product_cat-voiturette-de-golf","9":"product_tag-battery-fr","10":"product_tag-fdc-875-fr","12":"first","13":"outofstock","14":"shipping-taxable","15":"product-type-simple"},"yoast_head":"<!-- This site is optimized with the Yoast SEO plugin v26.9 - https:\/\/yoast.com\/product\/yoast-seo-wordpress\/ -->\n<title>KIT DE REMPLISSAGE 48V (6X8V) - Fulbat<\/title>\n<meta name=\"description\" content=\"%\" \/>\n<meta name=\"robots\" content=\"index, follow, max-snippet:-1, max-image-preview:large, max-video-preview:-1\" \/>\n<link rel=\"canonical\" href=\"https:\/\/fulbat.com\/fr\/produit\/kit-de-remplissage-48v-6x8v\/\" \/>\n<meta property=\"og:locale\" content=\"fr_FR\" \/>\n<meta property=\"og:type\" content=\"article\" \/>\n<meta property=\"og:title\" content=\"KIT DE REMPLISSAGE 48V (6X8V) - Fulbat\" \/>\n<meta property=\"og:description\" content=\"%\" \/>\n<meta property=\"og:url\" content=\"https:\/\/fulbat.com\/fr\/produit\/kit-de-remplissage-48v-6x8v\/\" \/>\n<meta property=\"og:site_name\" content=\"Fulbat\" \/>\n<meta property=\"article:modified_time\" content=\"2023-12-22T13:25:18+00:00\" \/>\n<meta property=\"og:image\" content=\"https:\/\/fulbat.com\/wp-content\/uploads\/2023\/12\/FT_Watering_Kit_48V_6x8V-1024x459.png\" \/>\n\t<meta property=\"og:image:width\" content=\"1024\" \/>\n\t<meta property=\"og:image:height\" content=\"459\" \/>\n\t<meta property=\"og:image:type\" content=\"image\/png\" \/>\n<meta name=\"twitter:card\" content=\"summary_large_image\" \/>\n<meta name=\"twitter:label1\" content=\"Dur\u00e9e de lecture estim\u00e9e\" \/>\n\t<meta name=\"twitter:data1\" content=\"1 minute\" \/>\n<script type=\"application\/ld+json\" class=\"yoast-schema-graph\">{\"@context\":\"https:\/\/schema.org\",\"@graph\":[{\"@type\":\"WebPage\",\"@id\":\"https:\/\/fulbat.com\/fr\/produit\/kit-de-remplissage-48v-6x8v\/\",\"url\":\"https:\/\/fulbat.com\/fr\/produit\/kit-de-remplissage-48v-6x8v\/\",\"name\":\"KIT DE REMPLISSAGE 48V (6X8V) - Fulbat\",\"isPartOf\":{\"@id\":\"https:\/\/fulbat.com\/fr\/#website\"},\"primaryImageOfPage\":{\"@id\":\"https:\/\/fulbat.com\/fr\/produit\/kit-de-remplissage-48v-6x8v\/#primaryimage\"},\"image\":{\"@id\":\"https:\/\/fulbat.com\/fr\/produit\/kit-de-remplissage-48v-6x8v\/#primaryimage\"},\"thumbnailUrl\":\"https:\/\/fulbat.com\/wp-content\/uploads\/2023\/12\/FT_Watering_Kit_48V_6x8V.png\",\"datePublished\":\"2023-12-22T09:10:18+00:00\",\"dateModified\":\"2023-12-22T13:25:18+00:00\",\"description\":\"%\",\"breadcrumb\":{\"@id\":\"https:\/\/fulbat.com\/fr\/produit\/kit-de-remplissage-48v-6x8v\/#breadcrumb\"},\"inLanguage\":\"fr-FR\",\"potentialAction\":[{\"@type\":\"ReadAction\",\"target\":[\"https:\/\/fulbat.com\/fr\/produit\/kit-de-remplissage-48v-6x8v\/\"]}]},{\"@type\":\"ImageObject\",\"inLanguage\":\"fr-FR\",\"@id\":\"https:\/\/fulbat.com\/fr\/produit\/kit-de-remplissage-48v-6x8v\/#primaryimage\",\"url\":\"https:\/\/fulbat.com\/wp-content\/uploads\/2023\/12\/FT_Watering_Kit_48V_6x8V.png\",\"contentUrl\":\"https:\/\/fulbat.com\/wp-content\/uploads\/2023\/12\/FT_Watering_Kit_48V_6x8V.png\",\"width\":3334,\"height\":1496},{\"@type\":\"BreadcrumbList\",\"@id\":\"https:\/\/fulbat.com\/fr\/produit\/kit-de-remplissage-48v-6x8v\/#breadcrumb\",\"itemListElement\":[{\"@type\":\"ListItem\",\"position\":1,\"name\":\"Home\",\"item\":\"https:\/\/fulbat.com\/fr\/\"},{\"@type\":\"ListItem\",\"position\":2,\"name\":\"Shop\",\"item\":\"https:\/\/fulbat.com\/shop\/\"},{\"@type\":\"ListItem\",\"position\":3,\"name\":\"Traction\",\"item\":\"https:\/\/fulbat.com\/fr\/traction\/\"},{\"@type\":\"ListItem\",\"position\":4,\"name\":\"KIT DE REMPLISSAGE 48V (6X8V)\"}]},{\"@type\":\"WebSite\",\"@id\":\"https:\/\/fulbat.com\/fr\/#website\",\"url\":\"https:\/\/fulbat.com\/fr\/\",\"name\":\"Fulbat\",\"description\":\"Qualitative, performing &amp; reliable battery solutions\",\"potentialAction\":[{\"@type\":\"SearchAction\",\"target\":{\"@type\":\"EntryPoint\",\"urlTemplate\":\"https:\/\/fulbat.com\/fr\/?s={search_term_string}\"},\"query-input\":{\"@type\":\"PropertyValueSpecification\",\"valueRequired\":true,\"valueName\":\"search_term_string\"}}],\"inLanguage\":\"fr-FR\"}]}<\/script>\n<!-- \/ Yoast SEO plugin. -->","yoast_head_json":{"title":"KIT DE REMPLISSAGE 48V (6X8V) - Fulbat","description":"%","robots":{"index":"index","follow":"follow","max-snippet":"max-snippet:-1","max-image-preview":"max-image-preview:large","max-video-preview":"max-video-preview:-1"},"canonical":"https:\/\/fulbat.com\/fr\/produit\/kit-de-remplissage-48v-6x8v\/","og_locale":"fr_FR","og_type":"article","og_title":"KIT DE REMPLISSAGE 48V (6X8V) - Fulbat","og_description":"%","og_url":"https:\/\/fulbat.com\/fr\/produit\/kit-de-remplissage-48v-6x8v\/","og_site_name":"Fulbat","article_modified_time":"2023-12-22T13:25:18+00:00","og_image":[{"width":1024,"height":459,"url":"https:\/\/fulbat.com\/wp-content\/uploads\/2023\/12\/FT_Watering_Kit_48V_6x8V-1024x459.png","type":"image\/png"}],"twitter_card":"summary_large_image","twitter_misc":{"Dur\u00e9e de lecture estim\u00e9e":"1 minute"},"schema":{"@context":"https:\/\/schema.org","@graph":[{"@type":"WebPage","@id":"https:\/\/fulbat.com\/fr\/produit\/kit-de-remplissage-48v-6x8v\/","url":"https:\/\/fulbat.com\/fr\/produit\/kit-de-remplissage-48v-6x8v\/","name":"KIT DE REMPLISSAGE 48V (6X8V) - Fulbat","isPartOf":{"@id":"https:\/\/fulbat.com\/fr\/#website"},"primaryImageOfPage":{"@id":"https:\/\/fulbat.com\/fr\/produit\/kit-de-remplissage-48v-6x8v\/#primaryimage"},"image":{"@id":"https:\/\/fulbat.com\/fr\/produit\/kit-de-remplissage-48v-6x8v\/#primaryimage"},"thumbnailUrl":"https:\/\/fulbat.com\/wp-content\/uploads\/2023\/12\/FT_Watering_Kit_48V_6x8V.png","datePublished":"2023-12-22T09:10:18+00:00","dateModified":"2023-12-22T13:25:18+00:00","description":"%","breadcrumb":{"@id":"https:\/\/fulbat.com\/fr\/produit\/kit-de-remplissage-48v-6x8v\/#breadcrumb"},"inLanguage":"fr-FR","potentialAction":[{"@type":"ReadAction","target":["https:\/\/fulbat.com\/fr\/produit\/kit-de-remplissage-48v-6x8v\/"]}]},{"@type":"ImageObject","inLanguage":"fr-FR","@id":"https:\/\/fulbat.com\/fr\/produit\/kit-de-remplissage-48v-6x8v\/#primaryimage","url":"https:\/\/fulbat.com\/wp-content\/uploads\/2023\/12\/FT_Watering_Kit_48V_6x8V.png","contentUrl":"https:\/\/fulbat.com\/wp-content\/uploads\/2023\/12\/FT_Watering_Kit_48V_6x8V.png","width":3334,"height":1496},{"@type":"BreadcrumbList","@id":"https:\/\/fulbat.com\/fr\/produit\/kit-de-remplissage-48v-6x8v\/#breadcrumb","itemListElement":[{"@type":"ListItem","position":1,"name":"Home","item":"https:\/\/fulbat.com\/fr\/"},{"@type":"ListItem","position":2,"name":"Shop","item":"https:\/\/fulbat.com\/shop\/"},{"@type":"ListItem","position":3,"name":"Traction","item":"https:\/\/fulbat.com\/fr\/traction\/"},{"@type":"ListItem","position":4,"name":"KIT DE REMPLISSAGE 48V (6X8V)"}]},{"@type":"WebSite","@id":"https:\/\/fulbat.com\/fr\/#website","url":"https:\/\/fulbat.com\/fr\/","name":"Fulbat","description":"Qualitative, performing &amp; reliable battery solutions","potentialAction":[{"@type":"SearchAction","target":{"@type":"EntryPoint","urlTemplate":"https:\/\/fulbat.com\/fr\/?s={search_term_string}"},"query-input":{"@type":"PropertyValueSpecification","valueRequired":true,"valueName":"search_term_string"}}],"inLanguage":"fr-FR"}]}},"_links":{"self":[{"href":"https:\/\/fulbat.com\/fr\/wp-json\/wp\/v2\/product\/21816","targetHints":{"allow":["GET"]}}],"collection":[{"href":"https:\/\/fulbat.com\/fr\/wp-json\/wp\/v2\/product"}],"about":[{"href":"https:\/\/fulbat.com\/fr\/wp-json\/wp\/v2\/types\/product"}],"wp:featuredmedia":[{"embeddable":true,"href":"https:\/\/fulbat.com\/fr\/wp-json\/wp\/v2\/media\/21818"}],"wp:attachment":[{"href":"https:\/\/fulbat.com\/fr\/wp-json\/wp\/v2\/media?parent=21816"}],"wp:term":[{"taxonomy":"product_brand","embeddable":true,"href":"https:\/\/fulbat.com\/fr\/wp-json\/wp\/v2\/product_brand?post=21816"},{"taxonomy":"product_cat","embeddable":true,"href":"https:\/\/fulbat.com\/fr\/wp-json\/wp\/v2\/product_cat?post=21816"},{"taxonomy":"product_tag","embeddable":true,"href":"https:\/\/fulbat.com\/fr\/wp-json\/wp\/v2\/product_tag?post=21816"}],"curies":[{"name":"wp","href":"https:\/\/api.w.org\/{rel}","templated":true}]}}