{"id":22082,"date":"2020-09-14T11:39:39","date_gmt":"2024-02-08T09:09:41","guid":{"rendered":"https:\/\/fulbat.com\/?post_type=product&#038;p=22082"},"modified":"2024-12-05T12:44:22","modified_gmt":"2024-12-05T11:44:22","slug":"flp12-84","status":"publish","type":"product","link":"https:\/\/fulbat.com\/fr\/produit\/flp12-84\/","title":{"rendered":"FLP12-84"},"content":{"rendered":"<p style=\"text-align: justify;\">La batterie FLP12-84 fait partie de notre gamme industrielle FLP &#8211; High Cyclic LiFePO4. Sp\u00e9cialement con\u00e7ue pour remplacer une batterie plomb gr\u00e2ce \u00e0 son bo\u00eetier de taille standard et sa tension de charge similaire, cette batterie LiFePO4 12.8V 84Ah offre de nombreux avantages par rapport au plomb en termes de poids, de performances cycliques, de s\u00e9curit\u00e9 et de puissance.<\/p>\n<p>Dot\u00e9 d\u2019un circuit de protection int\u00e9gr\u00e9 (PCM), la batterie FLP12-84 est id\u00e9ale pour les applications cycliques ou de traction qui n\u00e9cessitent un rapport poids-puissance plus \u00e9lev\u00e9 ainsi que pour des applications avec des exigences de maintenance minimales.<\/p>\n<p><strong>Dur\u00e9e de vie cyclique<\/strong>:<\/p>\n<ul>\n<li>jusqu\u2019\u00e0 2000 cycles \u00e0 100% de profondeur de d\u00e9charge (50% capacit\u00e9 \/ 20\u00b0C)<\/li>\n<li>jusqu\u2019\u00e0 4000 cycles \u00e0 80% de profondeur de d\u00e9charge (50% capacit\u00e9 \/ 20\u00b0C)<\/li>\n<\/ul>\n","protected":false},"excerpt":{"rendered":"<p>Performances cycliques \u00e9lev\u00e9es : x10 sup\u00e9rieures \u00e0 celles des batteries AGM<\/p>\n<p>Poids plus l\u00e9ger : 60% plus l\u00e9ger qu&rsquo;une batterie plomb<\/p>\n<p>R\u00e9cup\u00e9ration tr\u00e8s \u00e9lev\u00e9e apr\u00e8s une d\u00e9charge profonde (jusqu&rsquo;\u00e0 100 % DOD)<\/p>\n<p>Circuit de protection int\u00e9gr\u00e9 (PCM) : fonction d&rsquo;\u00e9quilibrage des cellules, surcharge, surd\u00e9charge, protection contre la temp\u00e9rature<\/p>\n<p>PSOC : \u00e9tat de charge partiel accept\u00e9<\/p>\n<p>Peut \u00eatre charg\u00e9e avec un chargeur plomb standard (sans \u00e9tape de d\u00e9sulfatation)<\/p>\n<p>Utilisation en s\u00e9rie\/parall\u00e8le possible (4 batteries en s\u00e9rie max. ou 4 batteries en parall\u00e8le max)<\/p>\n","protected":false},"featured_media":23413,"template":"","meta":[],"product_brand":[],"product_cat":[823,827,819,811,825,829],"product_tag":[1757,1796,951,1746,1767,4382,1765,1766,1768,1797],"class_list":{"0":"post-22082","1":"product","2":"type-product","3":"status-publish","4":"has-post-thumbnail","6":"product_cat-chariot-de-golf","7":"product_cat-energies-renouvelables","8":"product_cat-flp-high-cyclic-lifepo4-fr","9":"product_cat-industriel","10":"product_cat-medical-fr","11":"product_cat-onduleur-ups-centre-de-donnees","12":"product_tag-batterie-chariot-de-golf","13":"product_tag-batterie-lifepo4","14":"product_tag-batterie-medicale","15":"product_tag-batterie-mobilite","16":"product_tag-flp12-36-fr","17":"product_tag-flp12-84-fr","18":"product_tag-fpc12-35-fr","19":"product_tag-fpg12-31-fr","20":"product_tag-rec36-12i-fr","21":"product_tag-vehicule-electrique","23":"first","24":"instock","25":"shipping-taxable","26":"product-type-simple"},"yoast_head":"<!-- This site is optimized with the Yoast SEO plugin v26.9 - https:\/\/yoast.com\/product\/yoast-seo-wordpress\/ -->\n<title>FLP12-84 - Fulbat<\/title>\n<meta name=\"description\" content=\"%\" \/>\n<meta name=\"robots\" content=\"index, follow, max-snippet:-1, max-image-preview:large, max-video-preview:-1\" \/>\n<link rel=\"canonical\" href=\"https:\/\/fulbat.com\/fr\/produit\/flp12-84\/\" \/>\n<meta property=\"og:locale\" content=\"fr_FR\" \/>\n<meta property=\"og:type\" content=\"article\" \/>\n<meta property=\"og:title\" content=\"FLP12-84 - Fulbat\" \/>\n<meta property=\"og:description\" content=\"%\" \/>\n<meta property=\"og:url\" content=\"https:\/\/fulbat.com\/fr\/produit\/flp12-84\/\" \/>\n<meta property=\"og:site_name\" content=\"Fulbat\" \/>\n<meta property=\"article:modified_time\" content=\"2024-12-05T11:44:22+00:00\" \/>\n<meta property=\"og:image\" content=\"https:\/\/fulbat.com\/wp-content\/uploads\/2020\/09\/FT_FLP12-84_HighCyclic_LiFePO4-1.png\" \/>\n\t<meta property=\"og:image:width\" content=\"550\" \/>\n\t<meta property=\"og:image:height\" content=\"499\" \/>\n\t<meta property=\"og:image:type\" content=\"image\/png\" \/>\n<meta name=\"twitter:card\" content=\"summary_large_image\" \/>\n<meta name=\"twitter:label1\" content=\"Dur\u00e9e de lecture estim\u00e9e\" \/>\n\t<meta name=\"twitter:data1\" content=\"1 minute\" \/>\n<script type=\"application\/ld+json\" class=\"yoast-schema-graph\">{\"@context\":\"https:\/\/schema.org\",\"@graph\":[{\"@type\":\"WebPage\",\"@id\":\"https:\/\/fulbat.com\/fr\/produit\/flp12-84\/\",\"url\":\"https:\/\/fulbat.com\/fr\/produit\/flp12-84\/\",\"name\":\"FLP12-84 - Fulbat\",\"isPartOf\":{\"@id\":\"https:\/\/fulbat.com\/fr\/#website\"},\"primaryImageOfPage\":{\"@id\":\"https:\/\/fulbat.com\/fr\/produit\/flp12-84\/#primaryimage\"},\"image\":{\"@id\":\"https:\/\/fulbat.com\/fr\/produit\/flp12-84\/#primaryimage\"},\"thumbnailUrl\":\"https:\/\/fulbat.com\/wp-content\/uploads\/2020\/09\/FT_FLP12-84_HighCyclic_LiFePO4-1.png\",\"datePublished\":\"2024-02-08T09:09:41+00:00\",\"dateModified\":\"2024-12-05T11:44:22+00:00\",\"description\":\"%\",\"breadcrumb\":{\"@id\":\"https:\/\/fulbat.com\/fr\/produit\/flp12-84\/#breadcrumb\"},\"inLanguage\":\"fr-FR\",\"potentialAction\":[{\"@type\":\"ReadAction\",\"target\":[\"https:\/\/fulbat.com\/fr\/produit\/flp12-84\/\"]}]},{\"@type\":\"ImageObject\",\"inLanguage\":\"fr-FR\",\"@id\":\"https:\/\/fulbat.com\/fr\/produit\/flp12-84\/#primaryimage\",\"url\":\"https:\/\/fulbat.com\/wp-content\/uploads\/2020\/09\/FT_FLP12-84_HighCyclic_LiFePO4-1.png\",\"contentUrl\":\"https:\/\/fulbat.com\/wp-content\/uploads\/2020\/09\/FT_FLP12-84_HighCyclic_LiFePO4-1.png\",\"width\":550,\"height\":499,\"caption\":\"FT_FLP12-84_HighCyclic_LiFePO4\"},{\"@type\":\"BreadcrumbList\",\"@id\":\"https:\/\/fulbat.com\/fr\/produit\/flp12-84\/#breadcrumb\",\"itemListElement\":[{\"@type\":\"ListItem\",\"position\":1,\"name\":\"Home\",\"item\":\"https:\/\/fulbat.com\/fr\/\"},{\"@type\":\"ListItem\",\"position\":2,\"name\":\"Shop\",\"item\":\"https:\/\/fulbat.com\/shop\/\"},{\"@type\":\"ListItem\",\"position\":3,\"name\":\"Industriel\",\"item\":\"https:\/\/fulbat.com\/fr\/industriel\/\"},{\"@type\":\"ListItem\",\"position\":4,\"name\":\"FLP12-84\"}]},{\"@type\":\"WebSite\",\"@id\":\"https:\/\/fulbat.com\/fr\/#website\",\"url\":\"https:\/\/fulbat.com\/fr\/\",\"name\":\"Fulbat\",\"description\":\"Qualitative, performing &amp; reliable battery solutions\",\"potentialAction\":[{\"@type\":\"SearchAction\",\"target\":{\"@type\":\"EntryPoint\",\"urlTemplate\":\"https:\/\/fulbat.com\/fr\/?s={search_term_string}\"},\"query-input\":{\"@type\":\"PropertyValueSpecification\",\"valueRequired\":true,\"valueName\":\"search_term_string\"}}],\"inLanguage\":\"fr-FR\"}]}<\/script>\n<!-- \/ Yoast SEO plugin. -->","yoast_head_json":{"title":"FLP12-84 - Fulbat","description":"%","robots":{"index":"index","follow":"follow","max-snippet":"max-snippet:-1","max-image-preview":"max-image-preview:large","max-video-preview":"max-video-preview:-1"},"canonical":"https:\/\/fulbat.com\/fr\/produit\/flp12-84\/","og_locale":"fr_FR","og_type":"article","og_title":"FLP12-84 - Fulbat","og_description":"%","og_url":"https:\/\/fulbat.com\/fr\/produit\/flp12-84\/","og_site_name":"Fulbat","article_modified_time":"2024-12-05T11:44:22+00:00","og_image":[{"width":550,"height":499,"url":"https:\/\/fulbat.com\/wp-content\/uploads\/2020\/09\/FT_FLP12-84_HighCyclic_LiFePO4-1.png","type":"image\/png"}],"twitter_card":"summary_large_image","twitter_misc":{"Dur\u00e9e de lecture estim\u00e9e":"1 minute"},"schema":{"@context":"https:\/\/schema.org","@graph":[{"@type":"WebPage","@id":"https:\/\/fulbat.com\/fr\/produit\/flp12-84\/","url":"https:\/\/fulbat.com\/fr\/produit\/flp12-84\/","name":"FLP12-84 - Fulbat","isPartOf":{"@id":"https:\/\/fulbat.com\/fr\/#website"},"primaryImageOfPage":{"@id":"https:\/\/fulbat.com\/fr\/produit\/flp12-84\/#primaryimage"},"image":{"@id":"https:\/\/fulbat.com\/fr\/produit\/flp12-84\/#primaryimage"},"thumbnailUrl":"https:\/\/fulbat.com\/wp-content\/uploads\/2020\/09\/FT_FLP12-84_HighCyclic_LiFePO4-1.png","datePublished":"2024-02-08T09:09:41+00:00","dateModified":"2024-12-05T11:44:22+00:00","description":"%","breadcrumb":{"@id":"https:\/\/fulbat.com\/fr\/produit\/flp12-84\/#breadcrumb"},"inLanguage":"fr-FR","potentialAction":[{"@type":"ReadAction","target":["https:\/\/fulbat.com\/fr\/produit\/flp12-84\/"]}]},{"@type":"ImageObject","inLanguage":"fr-FR","@id":"https:\/\/fulbat.com\/fr\/produit\/flp12-84\/#primaryimage","url":"https:\/\/fulbat.com\/wp-content\/uploads\/2020\/09\/FT_FLP12-84_HighCyclic_LiFePO4-1.png","contentUrl":"https:\/\/fulbat.com\/wp-content\/uploads\/2020\/09\/FT_FLP12-84_HighCyclic_LiFePO4-1.png","width":550,"height":499,"caption":"FT_FLP12-84_HighCyclic_LiFePO4"},{"@type":"BreadcrumbList","@id":"https:\/\/fulbat.com\/fr\/produit\/flp12-84\/#breadcrumb","itemListElement":[{"@type":"ListItem","position":1,"name":"Home","item":"https:\/\/fulbat.com\/fr\/"},{"@type":"ListItem","position":2,"name":"Shop","item":"https:\/\/fulbat.com\/shop\/"},{"@type":"ListItem","position":3,"name":"Industriel","item":"https:\/\/fulbat.com\/fr\/industriel\/"},{"@type":"ListItem","position":4,"name":"FLP12-84"}]},{"@type":"WebSite","@id":"https:\/\/fulbat.com\/fr\/#website","url":"https:\/\/fulbat.com\/fr\/","name":"Fulbat","description":"Qualitative, performing &amp; reliable battery solutions","potentialAction":[{"@type":"SearchAction","target":{"@type":"EntryPoint","urlTemplate":"https:\/\/fulbat.com\/fr\/?s={search_term_string}"},"query-input":{"@type":"PropertyValueSpecification","valueRequired":true,"valueName":"search_term_string"}}],"inLanguage":"fr-FR"}]}},"_links":{"self":[{"href":"https:\/\/fulbat.com\/fr\/wp-json\/wp\/v2\/product\/22082","targetHints":{"allow":["GET"]}}],"collection":[{"href":"https:\/\/fulbat.com\/fr\/wp-json\/wp\/v2\/product"}],"about":[{"href":"https:\/\/fulbat.com\/fr\/wp-json\/wp\/v2\/types\/product"}],"wp:featuredmedia":[{"embeddable":true,"href":"https:\/\/fulbat.com\/fr\/wp-json\/wp\/v2\/media\/23413"}],"wp:attachment":[{"href":"https:\/\/fulbat.com\/fr\/wp-json\/wp\/v2\/media?parent=22082"}],"wp:term":[{"taxonomy":"product_brand","embeddable":true,"href":"https:\/\/fulbat.com\/fr\/wp-json\/wp\/v2\/product_brand?post=22082"},{"taxonomy":"product_cat","embeddable":true,"href":"https:\/\/fulbat.com\/fr\/wp-json\/wp\/v2\/product_cat?post=22082"},{"taxonomy":"product_tag","embeddable":true,"href":"https:\/\/fulbat.com\/fr\/wp-json\/wp\/v2\/product_tag?post=22082"}],"curies":[{"name":"wp","href":"https:\/\/api.w.org\/{rel}","templated":true}]}}