{"id":22592,"date":"2024-04-02T14:08:01","date_gmt":"2024-04-02T12:08:03","guid":{"rendered":"https:\/\/fulbat.com\/?post_type=product&#038;p=22592"},"modified":"2024-12-05T11:29:43","modified_gmt":"2024-12-05T10:29:43","slug":"fdm12-550-m24","status":"publish","type":"product","link":"https:\/\/fulbat.com\/fr\/produit\/fdm12-550-m24\/","title":{"rendered":"FDM12-550 (M24)"},"content":{"rendered":"<p style=\"text-align: justify;\">La batterie FDM12-550 (M24) fait partie de notre gamme FDM &#8211; Dual Purpose AGM Carbon. Sp\u00e9cialement con\u00e7ue pour offrir des performances de d\u00e9marrage et de cyclage sup\u00e9rieures pour les applications marines et de loisirs, cette batterie 12V 79Ah garantit des performances accrues et une fiabilit\u00e9 exceptionnelle, r\u00e9pondant aux exigences rigoureuses des bateaux de plaisance et des caravanes les plus populaires.<\/p>\n<p>Dot\u00e9e d&rsquo;une conception anti-d\u00e9versement et sans entretien, la gamme FDM se caract\u00e9rise par une faible autod\u00e9charge et une dur\u00e9e de vie prolong\u00e9e. Dot\u00e9e d&rsquo;additifs au carbone, cette gamme fonctionne efficacement m\u00eame sans atteindre la pleine charge.<\/p>\n","protected":false},"excerpt":{"rendered":"<p>Technologie AGM \u00e0 double usage (VRLA)<\/p>\n<p>Ne se d\u00e9verse pas et ne n\u00e9cessite pas d&rsquo;entretien<\/p>\n<p>Performances sup\u00e9rieures en mati\u00e8re de d\u00e9marrage et de cyclage<\/p>\n<p>Additifs de carbone pour une meilleure performance en \u00e9tat de charge partielle (PSOC) et pour augmenter l&rsquo;acceptation de la charge.<\/p>\n<p>Haute r\u00e9sistance aux vibrations<\/p>\n<p>Faible taux d&rsquo;autod\u00e9charge pour une dur\u00e9e de vie plus longue<\/p>\n","protected":false},"featured_media":22609,"template":"","meta":[],"product_brand":[],"product_cat":[4432,811,824],"product_tag":[954,1796,972,4468,4437,1804,5588,5586,4438,4439],"class_list":{"0":"post-22592","1":"product","2":"type-product","3":"status-publish","4":"has-post-thumbnail","6":"product_cat-fdm-dual-purpose-agm-carbon-fr","7":"product_cat-industriel","8":"product_cat-marine-loisir","9":"product_tag-batterie-de-loisir","10":"product_tag-batterie-lifepo4","11":"product_tag-batterie-marine","12":"product_tag-dcm-12800-g24-fr","13":"product_tag-fdm12-550-fr","14":"product_tag-flp12-100-fr","15":"product_tag-flp12-100b-fr-2","16":"product_tag-flp12100b-fr-2","17":"product_tag-m24-fr","18":"product_tag-m24-agm-fr","20":"first","21":"instock","22":"shipping-taxable","23":"product-type-simple"},"yoast_head":"<!-- This site is optimized with the Yoast SEO plugin v26.9 - https:\/\/yoast.com\/product\/yoast-seo-wordpress\/ -->\n<title>FDM12-550 (M24) - Fulbat<\/title>\n<meta name=\"description\" content=\"%\" \/>\n<meta name=\"robots\" content=\"index, follow, max-snippet:-1, max-image-preview:large, max-video-preview:-1\" \/>\n<link rel=\"canonical\" href=\"https:\/\/fulbat.com\/fr\/produit\/fdm12-550-m24\/\" \/>\n<meta property=\"og:locale\" content=\"fr_FR\" \/>\n<meta property=\"og:type\" content=\"article\" \/>\n<meta property=\"og:title\" content=\"FDM12-550 (M24) - Fulbat\" \/>\n<meta property=\"og:description\" content=\"%\" \/>\n<meta property=\"og:url\" content=\"https:\/\/fulbat.com\/fr\/produit\/fdm12-550-m24\/\" \/>\n<meta property=\"og:site_name\" content=\"Fulbat\" \/>\n<meta property=\"article:modified_time\" content=\"2024-12-05T10:29:43+00:00\" \/>\n<meta property=\"og:image\" content=\"https:\/\/fulbat.com\/wp-content\/uploads\/2024\/04\/fdm12-550-png.png\" \/>\n\t<meta property=\"og:image:width\" content=\"500\" \/>\n\t<meta property=\"og:image:height\" content=\"500\" \/>\n\t<meta property=\"og:image:type\" content=\"image\/png\" \/>\n<meta name=\"twitter:card\" content=\"summary_large_image\" \/>\n<meta name=\"twitter:label1\" content=\"Dur\u00e9e de lecture estim\u00e9e\" \/>\n\t<meta name=\"twitter:data1\" content=\"1 minute\" \/>\n<script type=\"application\/ld+json\" class=\"yoast-schema-graph\">{\"@context\":\"https:\/\/schema.org\",\"@graph\":[{\"@type\":\"WebPage\",\"@id\":\"https:\/\/fulbat.com\/fr\/produit\/fdm12-550-m24\/\",\"url\":\"https:\/\/fulbat.com\/fr\/produit\/fdm12-550-m24\/\",\"name\":\"FDM12-550 (M24) - Fulbat\",\"isPartOf\":{\"@id\":\"https:\/\/fulbat.com\/fr\/#website\"},\"primaryImageOfPage\":{\"@id\":\"https:\/\/fulbat.com\/fr\/produit\/fdm12-550-m24\/#primaryimage\"},\"image\":{\"@id\":\"https:\/\/fulbat.com\/fr\/produit\/fdm12-550-m24\/#primaryimage\"},\"thumbnailUrl\":\"https:\/\/fulbat.com\/wp-content\/uploads\/2024\/04\/fdm12-550-png.png\",\"datePublished\":\"2024-04-02T12:08:03+00:00\",\"dateModified\":\"2024-12-05T10:29:43+00:00\",\"description\":\"%\",\"breadcrumb\":{\"@id\":\"https:\/\/fulbat.com\/fr\/produit\/fdm12-550-m24\/#breadcrumb\"},\"inLanguage\":\"fr-FR\",\"potentialAction\":[{\"@type\":\"ReadAction\",\"target\":[\"https:\/\/fulbat.com\/fr\/produit\/fdm12-550-m24\/\"]}]},{\"@type\":\"ImageObject\",\"inLanguage\":\"fr-FR\",\"@id\":\"https:\/\/fulbat.com\/fr\/produit\/fdm12-550-m24\/#primaryimage\",\"url\":\"https:\/\/fulbat.com\/wp-content\/uploads\/2024\/04\/fdm12-550-png.png\",\"contentUrl\":\"https:\/\/fulbat.com\/wp-content\/uploads\/2024\/04\/fdm12-550-png.png\",\"width\":500,\"height\":500,\"caption\":\"fdm12-550 png\"},{\"@type\":\"BreadcrumbList\",\"@id\":\"https:\/\/fulbat.com\/fr\/produit\/fdm12-550-m24\/#breadcrumb\",\"itemListElement\":[{\"@type\":\"ListItem\",\"position\":1,\"name\":\"Home\",\"item\":\"https:\/\/fulbat.com\/fr\/\"},{\"@type\":\"ListItem\",\"position\":2,\"name\":\"Shop\",\"item\":\"https:\/\/fulbat.com\/shop\/\"},{\"@type\":\"ListItem\",\"position\":3,\"name\":\"Industriel\",\"item\":\"https:\/\/fulbat.com\/fr\/industriel\/\"},{\"@type\":\"ListItem\",\"position\":4,\"name\":\"FDM12-550 (M24)\"}]},{\"@type\":\"WebSite\",\"@id\":\"https:\/\/fulbat.com\/fr\/#website\",\"url\":\"https:\/\/fulbat.com\/fr\/\",\"name\":\"Fulbat\",\"description\":\"Qualitative, performing &amp; reliable battery solutions\",\"potentialAction\":[{\"@type\":\"SearchAction\",\"target\":{\"@type\":\"EntryPoint\",\"urlTemplate\":\"https:\/\/fulbat.com\/fr\/?s={search_term_string}\"},\"query-input\":{\"@type\":\"PropertyValueSpecification\",\"valueRequired\":true,\"valueName\":\"search_term_string\"}}],\"inLanguage\":\"fr-FR\"}]}<\/script>\n<!-- \/ Yoast SEO plugin. -->","yoast_head_json":{"title":"FDM12-550 (M24) - Fulbat","description":"%","robots":{"index":"index","follow":"follow","max-snippet":"max-snippet:-1","max-image-preview":"max-image-preview:large","max-video-preview":"max-video-preview:-1"},"canonical":"https:\/\/fulbat.com\/fr\/produit\/fdm12-550-m24\/","og_locale":"fr_FR","og_type":"article","og_title":"FDM12-550 (M24) - Fulbat","og_description":"%","og_url":"https:\/\/fulbat.com\/fr\/produit\/fdm12-550-m24\/","og_site_name":"Fulbat","article_modified_time":"2024-12-05T10:29:43+00:00","og_image":[{"width":500,"height":500,"url":"https:\/\/fulbat.com\/wp-content\/uploads\/2024\/04\/fdm12-550-png.png","type":"image\/png"}],"twitter_card":"summary_large_image","twitter_misc":{"Dur\u00e9e de lecture estim\u00e9e":"1 minute"},"schema":{"@context":"https:\/\/schema.org","@graph":[{"@type":"WebPage","@id":"https:\/\/fulbat.com\/fr\/produit\/fdm12-550-m24\/","url":"https:\/\/fulbat.com\/fr\/produit\/fdm12-550-m24\/","name":"FDM12-550 (M24) - Fulbat","isPartOf":{"@id":"https:\/\/fulbat.com\/fr\/#website"},"primaryImageOfPage":{"@id":"https:\/\/fulbat.com\/fr\/produit\/fdm12-550-m24\/#primaryimage"},"image":{"@id":"https:\/\/fulbat.com\/fr\/produit\/fdm12-550-m24\/#primaryimage"},"thumbnailUrl":"https:\/\/fulbat.com\/wp-content\/uploads\/2024\/04\/fdm12-550-png.png","datePublished":"2024-04-02T12:08:03+00:00","dateModified":"2024-12-05T10:29:43+00:00","description":"%","breadcrumb":{"@id":"https:\/\/fulbat.com\/fr\/produit\/fdm12-550-m24\/#breadcrumb"},"inLanguage":"fr-FR","potentialAction":[{"@type":"ReadAction","target":["https:\/\/fulbat.com\/fr\/produit\/fdm12-550-m24\/"]}]},{"@type":"ImageObject","inLanguage":"fr-FR","@id":"https:\/\/fulbat.com\/fr\/produit\/fdm12-550-m24\/#primaryimage","url":"https:\/\/fulbat.com\/wp-content\/uploads\/2024\/04\/fdm12-550-png.png","contentUrl":"https:\/\/fulbat.com\/wp-content\/uploads\/2024\/04\/fdm12-550-png.png","width":500,"height":500,"caption":"fdm12-550 png"},{"@type":"BreadcrumbList","@id":"https:\/\/fulbat.com\/fr\/produit\/fdm12-550-m24\/#breadcrumb","itemListElement":[{"@type":"ListItem","position":1,"name":"Home","item":"https:\/\/fulbat.com\/fr\/"},{"@type":"ListItem","position":2,"name":"Shop","item":"https:\/\/fulbat.com\/shop\/"},{"@type":"ListItem","position":3,"name":"Industriel","item":"https:\/\/fulbat.com\/fr\/industriel\/"},{"@type":"ListItem","position":4,"name":"FDM12-550 (M24)"}]},{"@type":"WebSite","@id":"https:\/\/fulbat.com\/fr\/#website","url":"https:\/\/fulbat.com\/fr\/","name":"Fulbat","description":"Qualitative, performing &amp; reliable battery solutions","potentialAction":[{"@type":"SearchAction","target":{"@type":"EntryPoint","urlTemplate":"https:\/\/fulbat.com\/fr\/?s={search_term_string}"},"query-input":{"@type":"PropertyValueSpecification","valueRequired":true,"valueName":"search_term_string"}}],"inLanguage":"fr-FR"}]}},"_links":{"self":[{"href":"https:\/\/fulbat.com\/fr\/wp-json\/wp\/v2\/product\/22592","targetHints":{"allow":["GET"]}}],"collection":[{"href":"https:\/\/fulbat.com\/fr\/wp-json\/wp\/v2\/product"}],"about":[{"href":"https:\/\/fulbat.com\/fr\/wp-json\/wp\/v2\/types\/product"}],"wp:featuredmedia":[{"embeddable":true,"href":"https:\/\/fulbat.com\/fr\/wp-json\/wp\/v2\/media\/22609"}],"wp:attachment":[{"href":"https:\/\/fulbat.com\/fr\/wp-json\/wp\/v2\/media?parent=22592"}],"wp:term":[{"taxonomy":"product_brand","embeddable":true,"href":"https:\/\/fulbat.com\/fr\/wp-json\/wp\/v2\/product_brand?post=22592"},{"taxonomy":"product_cat","embeddable":true,"href":"https:\/\/fulbat.com\/fr\/wp-json\/wp\/v2\/product_cat?post=22592"},{"taxonomy":"product_tag","embeddable":true,"href":"https:\/\/fulbat.com\/fr\/wp-json\/wp\/v2\/product_tag?post=22592"}],"curies":[{"name":"wp","href":"https:\/\/api.w.org\/{rel}","templated":true}]}}