{"id":35014,"date":"2025-02-07T14:17:18","date_gmt":"2025-02-07T13:17:20","guid":{"rendered":"https:\/\/fulbat.com\/?post_type=product&#038;p=35014"},"modified":"2025-02-09T23:01:58","modified_gmt":"2025-02-09T22:01:58","slug":"fb14l-a2-12n14-3a","status":"publish","type":"product","link":"https:\/\/fulbat.com\/fr\/produit\/fb14l-a2-12n14-3a\/","title":{"rendered":"FB14L-A2 \/12N14-3A"},"content":{"rendered":"<p style=\"text-align: justify;\">La batterie <span>FB14L-A2 \/12N14-3A<\/span> fait partie de notre gamme DRY. Sp\u00e9cialement con\u00e7ue pour offrir de bonnes performances et une bonne r\u00e9sistance aux vibrations, cette batterie 12V 14.7Ah est livr\u00e9e avec un pack acide. Elle doit \u00eatre activ\u00e9e avant la premi\u00e8re utilisation et n\u00e9cessite d&rsquo;\u00eatre v\u00e9rifi\u00e9e p\u00e9riodiquement.<\/p>\n<p>Gr\u00e2ce \u00e0 sa conception unique, la batterie <span>FB14L-A2 \/12N14-3A<\/span> ne n\u00e9cessite pas d&rsquo;entretien pendant une longue p\u00e9riode de stockage.<\/p>\n<p>Chargeur compatible : <strong><a href=\"https:\/\/fulbat.com\/fr\/chargeur\/chargeur\/fulload-1000\/\" target=\"_blank\" rel=\"noopener noreferrer\">Fulload 1000<\/a><\/strong><\/p>\n","protected":false},"excerpt":{"rendered":"<p>Construction s\u00e8che<\/p>\n<p>Doit \u00eatre activ\u00e9e avant la premi\u00e8re utilisation<\/p>\n<p>Doit \u00eatre r\u00e9guli\u00e8rement contr\u00f4l\u00e9e et remplie si n\u00e9cessaire<\/p>\n<p>Montage vertical uniquement<\/p>\n<p>Batteries 6V et 12V<\/p>\n<p>Dur\u00e9e de vie standard<\/p>\n<p>Dur\u00e9e de stockage illimit\u00e9e<\/p>\n","protected":false},"featured_media":35028,"template":"","meta":[],"product_brand":[],"product_cat":[834,837,839],"product_tag":[922,1955,2081,1383,2082,1951,1954,1952,1953],"class_list":{"0":"post-35014","1":"product","2":"type-product","3":"status-publish","4":"has-post-thumbnail","6":"product_cat-demarrage","7":"product_cat-dry-fr","8":"product_cat-motoculture","9":"product_tag-12n14-3a-fr","10":"product_tag-12n143a-fr","11":"product_tag-batterie-conventionnelle","12":"product_tag-batterie-motoculture-fr","13":"product_tag-batterie-plomb-acide-fr","14":"product_tag-fb14l-a2-fr","15":"product_tag-fb14la2-fr","16":"product_tag-yb14l-a2-fr","17":"product_tag-yb14la2-fr","19":"first","20":"instock","21":"shipping-taxable","22":"product-type-simple"},"yoast_head":"<!-- This site is optimized with the Yoast SEO plugin v26.9 - https:\/\/yoast.com\/product\/yoast-seo-wordpress\/ -->\n<title>FB14L-A2 \/12N14-3A - Fulbat<\/title>\n<meta name=\"description\" content=\"%\" \/>\n<meta name=\"robots\" content=\"index, follow, max-snippet:-1, max-image-preview:large, max-video-preview:-1\" \/>\n<link rel=\"canonical\" href=\"https:\/\/fulbat.com\/fr\/produit\/fb14l-a2-12n14-3a\/\" \/>\n<meta property=\"og:locale\" content=\"fr_FR\" \/>\n<meta property=\"og:type\" content=\"article\" \/>\n<meta property=\"og:title\" content=\"FB14L-A2 \/12N14-3A - Fulbat\" \/>\n<meta property=\"og:description\" content=\"%\" \/>\n<meta property=\"og:url\" content=\"https:\/\/fulbat.com\/fr\/produit\/fb14l-a2-12n14-3a\/\" \/>\n<meta property=\"og:site_name\" content=\"Fulbat\" \/>\n<meta property=\"article:modified_time\" content=\"2025-02-09T22:01:58+00:00\" \/>\n<meta property=\"og:image\" content=\"https:\/\/fulbat.com\/wp-content\/uploads\/2025\/02\/FB14L-A2-12N14-3A.png\" \/>\n\t<meta property=\"og:image:width\" content=\"1080\" \/>\n\t<meta property=\"og:image:height\" content=\"1080\" \/>\n\t<meta property=\"og:image:type\" content=\"image\/png\" \/>\n<meta name=\"twitter:card\" content=\"summary_large_image\" \/>\n<meta name=\"twitter:label1\" content=\"Dur\u00e9e de lecture estim\u00e9e\" \/>\n\t<meta name=\"twitter:data1\" content=\"1 minute\" \/>\n<script type=\"application\/ld+json\" class=\"yoast-schema-graph\">{\"@context\":\"https:\/\/schema.org\",\"@graph\":[{\"@type\":\"WebPage\",\"@id\":\"https:\/\/fulbat.com\/fr\/produit\/fb14l-a2-12n14-3a\/\",\"url\":\"https:\/\/fulbat.com\/fr\/produit\/fb14l-a2-12n14-3a\/\",\"name\":\"FB14L-A2 \/12N14-3A - Fulbat\",\"isPartOf\":{\"@id\":\"https:\/\/fulbat.com\/fr\/#website\"},\"primaryImageOfPage\":{\"@id\":\"https:\/\/fulbat.com\/fr\/produit\/fb14l-a2-12n14-3a\/#primaryimage\"},\"image\":{\"@id\":\"https:\/\/fulbat.com\/fr\/produit\/fb14l-a2-12n14-3a\/#primaryimage\"},\"thumbnailUrl\":\"https:\/\/fulbat.com\/wp-content\/uploads\/2025\/02\/FB14L-A2-12N14-3A.png\",\"datePublished\":\"2025-02-07T13:17:20+00:00\",\"dateModified\":\"2025-02-09T22:01:58+00:00\",\"description\":\"%\",\"breadcrumb\":{\"@id\":\"https:\/\/fulbat.com\/fr\/produit\/fb14l-a2-12n14-3a\/#breadcrumb\"},\"inLanguage\":\"fr-FR\",\"potentialAction\":[{\"@type\":\"ReadAction\",\"target\":[\"https:\/\/fulbat.com\/fr\/produit\/fb14l-a2-12n14-3a\/\"]}]},{\"@type\":\"ImageObject\",\"inLanguage\":\"fr-FR\",\"@id\":\"https:\/\/fulbat.com\/fr\/produit\/fb14l-a2-12n14-3a\/#primaryimage\",\"url\":\"https:\/\/fulbat.com\/wp-content\/uploads\/2025\/02\/FB14L-A2-12N14-3A.png\",\"contentUrl\":\"https:\/\/fulbat.com\/wp-content\/uploads\/2025\/02\/FB14L-A2-12N14-3A.png\",\"width\":1080,\"height\":1080,\"caption\":\"FB14L-A2 12N14-3A\"},{\"@type\":\"BreadcrumbList\",\"@id\":\"https:\/\/fulbat.com\/fr\/produit\/fb14l-a2-12n14-3a\/#breadcrumb\",\"itemListElement\":[{\"@type\":\"ListItem\",\"position\":1,\"name\":\"Home\",\"item\":\"https:\/\/fulbat.com\/fr\/\"},{\"@type\":\"ListItem\",\"position\":2,\"name\":\"Shop\",\"item\":\"https:\/\/fulbat.com\/shop\/\"},{\"@type\":\"ListItem\",\"position\":3,\"name\":\"D\u00e9marrage\",\"item\":\"https:\/\/fulbat.com\/fr\/demarrage\/\"},{\"@type\":\"ListItem\",\"position\":4,\"name\":\"FB14L-A2 \/12N14-3A\"}]},{\"@type\":\"WebSite\",\"@id\":\"https:\/\/fulbat.com\/fr\/#website\",\"url\":\"https:\/\/fulbat.com\/fr\/\",\"name\":\"Fulbat\",\"description\":\"Qualitative, performing &amp; reliable battery solutions\",\"potentialAction\":[{\"@type\":\"SearchAction\",\"target\":{\"@type\":\"EntryPoint\",\"urlTemplate\":\"https:\/\/fulbat.com\/fr\/?s={search_term_string}\"},\"query-input\":{\"@type\":\"PropertyValueSpecification\",\"valueRequired\":true,\"valueName\":\"search_term_string\"}}],\"inLanguage\":\"fr-FR\"}]}<\/script>\n<!-- \/ Yoast SEO plugin. -->","yoast_head_json":{"title":"FB14L-A2 \/12N14-3A - Fulbat","description":"%","robots":{"index":"index","follow":"follow","max-snippet":"max-snippet:-1","max-image-preview":"max-image-preview:large","max-video-preview":"max-video-preview:-1"},"canonical":"https:\/\/fulbat.com\/fr\/produit\/fb14l-a2-12n14-3a\/","og_locale":"fr_FR","og_type":"article","og_title":"FB14L-A2 \/12N14-3A - Fulbat","og_description":"%","og_url":"https:\/\/fulbat.com\/fr\/produit\/fb14l-a2-12n14-3a\/","og_site_name":"Fulbat","article_modified_time":"2025-02-09T22:01:58+00:00","og_image":[{"width":1080,"height":1080,"url":"https:\/\/fulbat.com\/wp-content\/uploads\/2025\/02\/FB14L-A2-12N14-3A.png","type":"image\/png"}],"twitter_card":"summary_large_image","twitter_misc":{"Dur\u00e9e de lecture estim\u00e9e":"1 minute"},"schema":{"@context":"https:\/\/schema.org","@graph":[{"@type":"WebPage","@id":"https:\/\/fulbat.com\/fr\/produit\/fb14l-a2-12n14-3a\/","url":"https:\/\/fulbat.com\/fr\/produit\/fb14l-a2-12n14-3a\/","name":"FB14L-A2 \/12N14-3A - Fulbat","isPartOf":{"@id":"https:\/\/fulbat.com\/fr\/#website"},"primaryImageOfPage":{"@id":"https:\/\/fulbat.com\/fr\/produit\/fb14l-a2-12n14-3a\/#primaryimage"},"image":{"@id":"https:\/\/fulbat.com\/fr\/produit\/fb14l-a2-12n14-3a\/#primaryimage"},"thumbnailUrl":"https:\/\/fulbat.com\/wp-content\/uploads\/2025\/02\/FB14L-A2-12N14-3A.png","datePublished":"2025-02-07T13:17:20+00:00","dateModified":"2025-02-09T22:01:58+00:00","description":"%","breadcrumb":{"@id":"https:\/\/fulbat.com\/fr\/produit\/fb14l-a2-12n14-3a\/#breadcrumb"},"inLanguage":"fr-FR","potentialAction":[{"@type":"ReadAction","target":["https:\/\/fulbat.com\/fr\/produit\/fb14l-a2-12n14-3a\/"]}]},{"@type":"ImageObject","inLanguage":"fr-FR","@id":"https:\/\/fulbat.com\/fr\/produit\/fb14l-a2-12n14-3a\/#primaryimage","url":"https:\/\/fulbat.com\/wp-content\/uploads\/2025\/02\/FB14L-A2-12N14-3A.png","contentUrl":"https:\/\/fulbat.com\/wp-content\/uploads\/2025\/02\/FB14L-A2-12N14-3A.png","width":1080,"height":1080,"caption":"FB14L-A2 12N14-3A"},{"@type":"BreadcrumbList","@id":"https:\/\/fulbat.com\/fr\/produit\/fb14l-a2-12n14-3a\/#breadcrumb","itemListElement":[{"@type":"ListItem","position":1,"name":"Home","item":"https:\/\/fulbat.com\/fr\/"},{"@type":"ListItem","position":2,"name":"Shop","item":"https:\/\/fulbat.com\/shop\/"},{"@type":"ListItem","position":3,"name":"D\u00e9marrage","item":"https:\/\/fulbat.com\/fr\/demarrage\/"},{"@type":"ListItem","position":4,"name":"FB14L-A2 \/12N14-3A"}]},{"@type":"WebSite","@id":"https:\/\/fulbat.com\/fr\/#website","url":"https:\/\/fulbat.com\/fr\/","name":"Fulbat","description":"Qualitative, performing &amp; reliable battery solutions","potentialAction":[{"@type":"SearchAction","target":{"@type":"EntryPoint","urlTemplate":"https:\/\/fulbat.com\/fr\/?s={search_term_string}"},"query-input":{"@type":"PropertyValueSpecification","valueRequired":true,"valueName":"search_term_string"}}],"inLanguage":"fr-FR"}]}},"_links":{"self":[{"href":"https:\/\/fulbat.com\/fr\/wp-json\/wp\/v2\/product\/35014","targetHints":{"allow":["GET"]}}],"collection":[{"href":"https:\/\/fulbat.com\/fr\/wp-json\/wp\/v2\/product"}],"about":[{"href":"https:\/\/fulbat.com\/fr\/wp-json\/wp\/v2\/types\/product"}],"wp:featuredmedia":[{"embeddable":true,"href":"https:\/\/fulbat.com\/fr\/wp-json\/wp\/v2\/media\/35028"}],"wp:attachment":[{"href":"https:\/\/fulbat.com\/fr\/wp-json\/wp\/v2\/media?parent=35014"}],"wp:term":[{"taxonomy":"product_brand","embeddable":true,"href":"https:\/\/fulbat.com\/fr\/wp-json\/wp\/v2\/product_brand?post=35014"},{"taxonomy":"product_cat","embeddable":true,"href":"https:\/\/fulbat.com\/fr\/wp-json\/wp\/v2\/product_cat?post=35014"},{"taxonomy":"product_tag","embeddable":true,"href":"https:\/\/fulbat.com\/fr\/wp-json\/wp\/v2\/product_tag?post=35014"}],"curies":[{"name":"wp","href":"https:\/\/api.w.org\/{rel}","templated":true}]}}