{"id":35624,"date":"2025-07-09T11:13:56","date_gmt":"2025-04-17T09:13:57","guid":{"rendered":"https:\/\/fulbat.com\/?post_type=product&#038;p=35624"},"modified":"2025-04-17T12:32:37","modified_gmt":"2025-04-17T10:32:37","slug":"u1-500-sla","status":"publish","type":"product","link":"https:\/\/fulbat.com\/fr\/produit\/u1-500-sla\/","title":{"rendered":"U1-500 SLA"},"content":{"rendered":"<p style=\"text-align: justify;\">U1-500 SLA fait partie de notre gamme SLA. Sp\u00e9cialement con\u00e7ue pour offrir des performances et une s\u00e9curit\u00e9 maximales, cette batterie 12V est pr\u00eate \u00e0 l&#8217;emploi et ne n\u00e9cessite aucune manipulation d&rsquo;acide, aucune pr\u00e9paration initiale ni aucun entretien.<\/p>\n<p>Gr\u00e2ce \u00e0 sa conception non d\u00e9versante (VRLA), la batterie SLA U1-500 est id\u00e9ale pour toutes les tondeuses autoport\u00e9es qui n\u00e9cessitent des performances \u00e9lev\u00e9es.<\/p>\n<p><img loading=\"lazy\" decoding=\"async\" class=\"alignnone wp-image-8284\" src=\"https:\/\/fulbat.com\/wp-content\/uploads\/2020\/08\/EU-flag-300x200.jpg\" alt=\"\" width=\"26\" height=\"17\" srcset=\"https:\/\/fulbat.com\/wp-content\/uploads\/2020\/08\/EU-flag-300x200.jpg 300w, https:\/\/fulbat.com\/wp-content\/uploads\/2020\/08\/EU-flag-150x100.jpg 150w, https:\/\/fulbat.com\/wp-content\/uploads\/2020\/08\/EU-flag.jpg 425w\" sizes=\"auto, (max-width: 26px) 100vw, 26px\" \/> Conforme \u00e0 2021 R\u00e8glement europ\u00e9en (UE) 2019\/1148 pour la vente d&rsquo;acide pour batteries<\/p>\n<p>Chargeur compatible : <a href=\"https:\/\/fulbat.com\/charger\/charger\/fulload-f4\/\"><strong>Fulload F4<\/strong><\/a><\/p>\n","protected":false},"excerpt":{"rendered":"<p>Technologie AGA<\/p>\n<p>Activ\u00e9 en usine et pr\u00eat \u00e0 l&#8217;emploi<\/p>\n<p>Batterie VRLA (Valve Regulated Lead Acid Battery)<\/p>\n<p>Non d\u00e9versable : facile \u00e0 exp\u00e9dier<\/p>\n<p>Pas de manipulation d&rsquo;acide<\/p>\n<p>Facile \u00e0 installer et sans entretien<\/p>\n<p>Dur\u00e9e de vie plus longue<\/p>\n<p>Sulfatation des plaques minimis\u00e9e<\/p>\n<p>Adapt\u00e9 au temps froid<\/p>\n","protected":false},"featured_media":39218,"template":"","meta":[],"product_brand":[],"product_cat":[834,839,844],"product_tag":[4509,1383,1405,4510,1400,1416,1401,1417],"class_list":{"0":"post-35624","1":"product","2":"type-product","3":"status-publish","4":"has-post-thumbnail","6":"product_cat-demarrage","7":"product_cat-motoculture","8":"product_cat-sla-fr","9":"product_tag-551003-fr","10":"product_tag-batterie-motoculture-fr","11":"product_tag-batterie-sla","12":"product_tag-u1-350-fr","13":"product_tag-u1-9-fr","14":"product_tag-u1-9-sla-fr","15":"product_tag-u19-fr","16":"product_tag-u19-sla-fr","18":"first","19":"instock","20":"shipping-taxable","21":"product-type-simple"},"yoast_head":"<!-- This site is optimized with the Yoast SEO plugin v26.9 - https:\/\/yoast.com\/product\/yoast-seo-wordpress\/ -->\n<title>U1-500 SLA - Fulbat<\/title>\n<meta name=\"description\" content=\"%\" \/>\n<meta name=\"robots\" content=\"index, follow, max-snippet:-1, max-image-preview:large, max-video-preview:-1\" \/>\n<link rel=\"canonical\" href=\"https:\/\/fulbat.com\/fr\/produit\/u1-500-sla\/\" \/>\n<meta property=\"og:locale\" content=\"fr_FR\" \/>\n<meta property=\"og:type\" content=\"article\" \/>\n<meta property=\"og:title\" content=\"U1-500 SLA - Fulbat\" \/>\n<meta property=\"og:description\" content=\"%\" \/>\n<meta property=\"og:url\" content=\"https:\/\/fulbat.com\/fr\/produit\/u1-500-sla\/\" \/>\n<meta property=\"og:site_name\" content=\"Fulbat\" \/>\n<meta property=\"article:modified_time\" content=\"2025-04-17T10:32:37+00:00\" \/>\n<meta property=\"og:image\" content=\"https:\/\/fulbat.com\/wp-content\/uploads\/2025\/04\/Fulbat_SLA_U1-500.png\" \/>\n\t<meta property=\"og:image:width\" content=\"1080\" \/>\n\t<meta property=\"og:image:height\" content=\"1201\" \/>\n\t<meta property=\"og:image:type\" content=\"image\/png\" \/>\n<meta name=\"twitter:card\" content=\"summary_large_image\" \/>\n<meta name=\"twitter:label1\" content=\"Dur\u00e9e de lecture estim\u00e9e\" \/>\n\t<meta name=\"twitter:data1\" content=\"1 minute\" \/>\n<script type=\"application\/ld+json\" class=\"yoast-schema-graph\">{\"@context\":\"https:\/\/schema.org\",\"@graph\":[{\"@type\":\"WebPage\",\"@id\":\"https:\/\/fulbat.com\/fr\/produit\/u1-500-sla\/\",\"url\":\"https:\/\/fulbat.com\/fr\/produit\/u1-500-sla\/\",\"name\":\"U1-500 SLA - Fulbat\",\"isPartOf\":{\"@id\":\"https:\/\/fulbat.com\/fr\/#website\"},\"primaryImageOfPage\":{\"@id\":\"https:\/\/fulbat.com\/fr\/produit\/u1-500-sla\/#primaryimage\"},\"image\":{\"@id\":\"https:\/\/fulbat.com\/fr\/produit\/u1-500-sla\/#primaryimage\"},\"thumbnailUrl\":\"https:\/\/fulbat.com\/wp-content\/uploads\/2026\/01\/FT_AGM_U1-500_USA_handle.png\",\"datePublished\":\"2025-04-17T09:13:57+00:00\",\"dateModified\":\"2025-04-17T10:32:37+00:00\",\"description\":\"%\",\"breadcrumb\":{\"@id\":\"https:\/\/fulbat.com\/fr\/produit\/u1-500-sla\/#breadcrumb\"},\"inLanguage\":\"fr-FR\",\"potentialAction\":[{\"@type\":\"ReadAction\",\"target\":[\"https:\/\/fulbat.com\/fr\/produit\/u1-500-sla\/\"]}]},{\"@type\":\"ImageObject\",\"inLanguage\":\"fr-FR\",\"@id\":\"https:\/\/fulbat.com\/fr\/produit\/u1-500-sla\/#primaryimage\",\"url\":\"https:\/\/fulbat.com\/wp-content\/uploads\/2026\/01\/FT_AGM_U1-500_USA_handle.png\",\"contentUrl\":\"https:\/\/fulbat.com\/wp-content\/uploads\/2026\/01\/FT_AGM_U1-500_USA_handle.png\",\"width\":2604,\"height\":2896,\"caption\":\"FT_AGM_U1-500_USA_handle\"},{\"@type\":\"BreadcrumbList\",\"@id\":\"https:\/\/fulbat.com\/fr\/produit\/u1-500-sla\/#breadcrumb\",\"itemListElement\":[{\"@type\":\"ListItem\",\"position\":1,\"name\":\"Home\",\"item\":\"https:\/\/fulbat.com\/fr\/\"},{\"@type\":\"ListItem\",\"position\":2,\"name\":\"Shop\",\"item\":\"https:\/\/fulbat.com\/shop\/\"},{\"@type\":\"ListItem\",\"position\":3,\"name\":\"D\u00e9marrage\",\"item\":\"https:\/\/fulbat.com\/fr\/demarrage\/\"},{\"@type\":\"ListItem\",\"position\":4,\"name\":\"U1-500 SLA\"}]},{\"@type\":\"WebSite\",\"@id\":\"https:\/\/fulbat.com\/fr\/#website\",\"url\":\"https:\/\/fulbat.com\/fr\/\",\"name\":\"Fulbat\",\"description\":\"Qualitative, performing &amp; reliable battery solutions\",\"potentialAction\":[{\"@type\":\"SearchAction\",\"target\":{\"@type\":\"EntryPoint\",\"urlTemplate\":\"https:\/\/fulbat.com\/fr\/?s={search_term_string}\"},\"query-input\":{\"@type\":\"PropertyValueSpecification\",\"valueRequired\":true,\"valueName\":\"search_term_string\"}}],\"inLanguage\":\"fr-FR\"}]}<\/script>\n<!-- \/ Yoast SEO plugin. -->","yoast_head_json":{"title":"U1-500 SLA - Fulbat","description":"%","robots":{"index":"index","follow":"follow","max-snippet":"max-snippet:-1","max-image-preview":"max-image-preview:large","max-video-preview":"max-video-preview:-1"},"canonical":"https:\/\/fulbat.com\/fr\/produit\/u1-500-sla\/","og_locale":"fr_FR","og_type":"article","og_title":"U1-500 SLA - Fulbat","og_description":"%","og_url":"https:\/\/fulbat.com\/fr\/produit\/u1-500-sla\/","og_site_name":"Fulbat","article_modified_time":"2025-04-17T10:32:37+00:00","og_image":[{"width":1080,"height":1201,"url":"https:\/\/fulbat.com\/wp-content\/uploads\/2025\/04\/Fulbat_SLA_U1-500.png","type":"image\/png"}],"twitter_card":"summary_large_image","twitter_misc":{"Dur\u00e9e de lecture estim\u00e9e":"1 minute"},"schema":{"@context":"https:\/\/schema.org","@graph":[{"@type":"WebPage","@id":"https:\/\/fulbat.com\/fr\/produit\/u1-500-sla\/","url":"https:\/\/fulbat.com\/fr\/produit\/u1-500-sla\/","name":"U1-500 SLA - Fulbat","isPartOf":{"@id":"https:\/\/fulbat.com\/fr\/#website"},"primaryImageOfPage":{"@id":"https:\/\/fulbat.com\/fr\/produit\/u1-500-sla\/#primaryimage"},"image":{"@id":"https:\/\/fulbat.com\/fr\/produit\/u1-500-sla\/#primaryimage"},"thumbnailUrl":"https:\/\/fulbat.com\/wp-content\/uploads\/2026\/01\/FT_AGM_U1-500_USA_handle.png","datePublished":"2025-04-17T09:13:57+00:00","dateModified":"2025-04-17T10:32:37+00:00","description":"%","breadcrumb":{"@id":"https:\/\/fulbat.com\/fr\/produit\/u1-500-sla\/#breadcrumb"},"inLanguage":"fr-FR","potentialAction":[{"@type":"ReadAction","target":["https:\/\/fulbat.com\/fr\/produit\/u1-500-sla\/"]}]},{"@type":"ImageObject","inLanguage":"fr-FR","@id":"https:\/\/fulbat.com\/fr\/produit\/u1-500-sla\/#primaryimage","url":"https:\/\/fulbat.com\/wp-content\/uploads\/2026\/01\/FT_AGM_U1-500_USA_handle.png","contentUrl":"https:\/\/fulbat.com\/wp-content\/uploads\/2026\/01\/FT_AGM_U1-500_USA_handle.png","width":2604,"height":2896,"caption":"FT_AGM_U1-500_USA_handle"},{"@type":"BreadcrumbList","@id":"https:\/\/fulbat.com\/fr\/produit\/u1-500-sla\/#breadcrumb","itemListElement":[{"@type":"ListItem","position":1,"name":"Home","item":"https:\/\/fulbat.com\/fr\/"},{"@type":"ListItem","position":2,"name":"Shop","item":"https:\/\/fulbat.com\/shop\/"},{"@type":"ListItem","position":3,"name":"D\u00e9marrage","item":"https:\/\/fulbat.com\/fr\/demarrage\/"},{"@type":"ListItem","position":4,"name":"U1-500 SLA"}]},{"@type":"WebSite","@id":"https:\/\/fulbat.com\/fr\/#website","url":"https:\/\/fulbat.com\/fr\/","name":"Fulbat","description":"Qualitative, performing &amp; reliable battery solutions","potentialAction":[{"@type":"SearchAction","target":{"@type":"EntryPoint","urlTemplate":"https:\/\/fulbat.com\/fr\/?s={search_term_string}"},"query-input":{"@type":"PropertyValueSpecification","valueRequired":true,"valueName":"search_term_string"}}],"inLanguage":"fr-FR"}]}},"_links":{"self":[{"href":"https:\/\/fulbat.com\/fr\/wp-json\/wp\/v2\/product\/35624","targetHints":{"allow":["GET"]}}],"collection":[{"href":"https:\/\/fulbat.com\/fr\/wp-json\/wp\/v2\/product"}],"about":[{"href":"https:\/\/fulbat.com\/fr\/wp-json\/wp\/v2\/types\/product"}],"wp:featuredmedia":[{"embeddable":true,"href":"https:\/\/fulbat.com\/fr\/wp-json\/wp\/v2\/media\/39218"}],"wp:attachment":[{"href":"https:\/\/fulbat.com\/fr\/wp-json\/wp\/v2\/media?parent=35624"}],"wp:term":[{"taxonomy":"product_brand","embeddable":true,"href":"https:\/\/fulbat.com\/fr\/wp-json\/wp\/v2\/product_brand?post=35624"},{"taxonomy":"product_cat","embeddable":true,"href":"https:\/\/fulbat.com\/fr\/wp-json\/wp\/v2\/product_cat?post=35624"},{"taxonomy":"product_tag","embeddable":true,"href":"https:\/\/fulbat.com\/fr\/wp-json\/wp\/v2\/product_tag?post=35624"}],"curies":[{"name":"wp","href":"https:\/\/api.w.org\/{rel}","templated":true}]}}