{"id":35773,"date":"2020-09-10T17:04:38","date_gmt":"2025-05-05T09:56:39","guid":{"rendered":"https:\/\/fulbat.com\/?post_type=product&#038;p=35773"},"modified":"2025-05-05T13:23:01","modified_gmt":"2025-05-05T11:23:01","slug":"fp12-3-2fr","status":"publish","type":"product","link":"https:\/\/fulbat.com\/fr\/produit\/fp12-3-2fr\/","title":{"rendered":"FP12-3.2FR"},"content":{"rendered":"<p style=\"text-align: justify;\">FP12-3.2FR fait partie de notre s\u00e9rie FP &#8211; General Purpose. Sp\u00e9cialement con\u00e7ue pour les applications de secours et d&rsquo;appoint, cette batterie 12V 3.2Ah est ignifug\u00e9e selon UL94-V0 et a une dur\u00e9e de vie de 5 ans en service flottant.<\/p>\n<p>Gr\u00e2ce \u00e0 la technologie avanc\u00e9e de r\u00e9gulation par valve AGM et aux mati\u00e8res premi\u00e8res de haute puret\u00e9, la batterie FP12-3.2FR garantit des performances \u00e9lev\u00e9es et une dur\u00e9e de vie fiable en mode veille.<\/p>\n","protected":false},"excerpt":{"rendered":"<p>Sans entretien et sans d\u00e9versement<\/p>\n<p>Technologie AGM pour des performances sup\u00e9rieures<\/p>\n<p>Faible taux d&rsquo;autod\u00e9charge (environ 3 %\/mois \u00e0 20 \u00b0C)<\/p>\n<p>Grilles plomb-calcium pour une dur\u00e9e de vie sup\u00e9rieure<\/p>\n<p>Possibilit\u00e9 d&rsquo;utilisation en s\u00e9rie\/en parall\u00e8le<\/p>\n<p>Fonctionne dans n&rsquo;importe quelle orientation (\u00e0 l&rsquo;exception d&rsquo;une utilisation continue \u00e0 l&rsquo;envers)<\/p>\n<p>Large gamme de temp\u00e9ratures de fonctionnement<\/p>\n<p>Bo\u00eetier ABS robuste r\u00e9sistant aux chocs<\/p>\n<p>Faible \u00e9mission de gaz gr\u00e2ce \u00e0 une recombinaison des gaz de 99% (VRLA)<\/p>\n","protected":false},"featured_media":35776,"template":"","meta":[],"product_brand":[],"product_cat":[818,822,811,829],"product_tag":[6484,1596,953,6485,952,6486,6487],"class_list":{"0":"post-35773","1":"product","2":"type-product","3":"status-publish","4":"has-post-thumbnail","6":"product_cat-alarme-securite","7":"product_cat-fp-general-purpose-agm-fr","8":"product_cat-industriel","9":"product_cat-onduleur-ups-centre-de-donnees","10":"product_tag-590072-fr","11":"product_tag-batterie-alarme","12":"product_tag-batterie-ups","13":"product_tag-fp12-3-2fr-fr","14":"product_tag-general-purpose-battery-fr","15":"product_tag-np3-2-12fr-fr","16":"product_tag-y3-2-12fr-fr","18":"first","19":"instock","20":"shipping-taxable","21":"product-type-simple"},"yoast_head":"<!-- This site is optimized with the Yoast SEO plugin v26.9 - https:\/\/yoast.com\/product\/yoast-seo-wordpress\/ -->\n<title>FP12-3.2FR - Fulbat<\/title>\n<meta name=\"description\" content=\"FP12-3.2FR fait partie de notre s\u00e9rie FP - General Purpose. Sp\u00e9cialement con\u00e7ue pour les applications de secours et d&#039;appoint, cette batterie 12V 3.2Ah est ignifug\u00e9e.\" \/>\n<meta name=\"robots\" content=\"index, follow, max-snippet:-1, max-image-preview:large, max-video-preview:-1\" \/>\n<link rel=\"canonical\" href=\"https:\/\/fulbat.com\/fr\/produit\/fp12-3-2fr\/\" \/>\n<meta property=\"og:locale\" content=\"fr_FR\" \/>\n<meta property=\"og:type\" content=\"article\" \/>\n<meta property=\"og:title\" content=\"FP12-3.2FR - Fulbat\" \/>\n<meta property=\"og:description\" content=\"FP12-3.2FR fait partie de notre s\u00e9rie FP - General Purpose. Sp\u00e9cialement con\u00e7ue pour les applications de secours et d&#039;appoint, cette batterie 12V 3.2Ah est ignifug\u00e9e.\" \/>\n<meta property=\"og:url\" content=\"https:\/\/fulbat.com\/fr\/produit\/fp12-3-2fr\/\" \/>\n<meta property=\"og:site_name\" content=\"Fulbat\" \/>\n<meta property=\"article:modified_time\" content=\"2025-05-05T11:23:01+00:00\" \/>\n<meta property=\"og:image\" content=\"https:\/\/fulbat.com\/wp-content\/uploads\/2025\/05\/FT_AGM_FP12-3.2_FR.png\" \/>\n\t<meta property=\"og:image:width\" content=\"1960\" \/>\n\t<meta property=\"og:image:height\" content=\"1160\" \/>\n\t<meta property=\"og:image:type\" content=\"image\/png\" \/>\n<meta name=\"twitter:card\" content=\"summary_large_image\" \/>\n<meta name=\"twitter:label1\" content=\"Dur\u00e9e de lecture estim\u00e9e\" \/>\n\t<meta name=\"twitter:data1\" content=\"1 minute\" \/>\n<script type=\"application\/ld+json\" class=\"yoast-schema-graph\">{\"@context\":\"https:\/\/schema.org\",\"@graph\":[{\"@type\":\"WebPage\",\"@id\":\"https:\/\/fulbat.com\/fr\/produit\/fp12-3-2fr\/\",\"url\":\"https:\/\/fulbat.com\/fr\/produit\/fp12-3-2fr\/\",\"name\":\"FP12-3.2FR - Fulbat\",\"isPartOf\":{\"@id\":\"https:\/\/fulbat.com\/fr\/#website\"},\"primaryImageOfPage\":{\"@id\":\"https:\/\/fulbat.com\/fr\/produit\/fp12-3-2fr\/#primaryimage\"},\"image\":{\"@id\":\"https:\/\/fulbat.com\/fr\/produit\/fp12-3-2fr\/#primaryimage\"},\"thumbnailUrl\":\"https:\/\/fulbat.com\/wp-content\/uploads\/2025\/05\/FT_AGM_FP12-3.2_FR.png\",\"datePublished\":\"2025-05-05T09:56:39+00:00\",\"dateModified\":\"2025-05-05T11:23:01+00:00\",\"description\":\"FP12-3.2FR fait partie de notre s\u00e9rie FP - General Purpose. Sp\u00e9cialement con\u00e7ue pour les applications de secours et d'appoint, cette batterie 12V 3.2Ah est ignifug\u00e9e.\",\"breadcrumb\":{\"@id\":\"https:\/\/fulbat.com\/fr\/produit\/fp12-3-2fr\/#breadcrumb\"},\"inLanguage\":\"fr-FR\",\"potentialAction\":[{\"@type\":\"ReadAction\",\"target\":[\"https:\/\/fulbat.com\/fr\/produit\/fp12-3-2fr\/\"]}]},{\"@type\":\"ImageObject\",\"inLanguage\":\"fr-FR\",\"@id\":\"https:\/\/fulbat.com\/fr\/produit\/fp12-3-2fr\/#primaryimage\",\"url\":\"https:\/\/fulbat.com\/wp-content\/uploads\/2025\/05\/FT_AGM_FP12-3.2_FR.png\",\"contentUrl\":\"https:\/\/fulbat.com\/wp-content\/uploads\/2025\/05\/FT_AGM_FP12-3.2_FR.png\",\"width\":1960,\"height\":1160,\"caption\":\"FT_AGM_FP12-3.2_FR\"},{\"@type\":\"BreadcrumbList\",\"@id\":\"https:\/\/fulbat.com\/fr\/produit\/fp12-3-2fr\/#breadcrumb\",\"itemListElement\":[{\"@type\":\"ListItem\",\"position\":1,\"name\":\"Home\",\"item\":\"https:\/\/fulbat.com\/fr\/\"},{\"@type\":\"ListItem\",\"position\":2,\"name\":\"Shop\",\"item\":\"https:\/\/fulbat.com\/shop\/\"},{\"@type\":\"ListItem\",\"position\":3,\"name\":\"Industriel\",\"item\":\"https:\/\/fulbat.com\/fr\/industriel\/\"},{\"@type\":\"ListItem\",\"position\":4,\"name\":\"FP12-3.2FR\"}]},{\"@type\":\"WebSite\",\"@id\":\"https:\/\/fulbat.com\/fr\/#website\",\"url\":\"https:\/\/fulbat.com\/fr\/\",\"name\":\"Fulbat\",\"description\":\"Qualitative, performing &amp; reliable battery solutions\",\"potentialAction\":[{\"@type\":\"SearchAction\",\"target\":{\"@type\":\"EntryPoint\",\"urlTemplate\":\"https:\/\/fulbat.com\/fr\/?s={search_term_string}\"},\"query-input\":{\"@type\":\"PropertyValueSpecification\",\"valueRequired\":true,\"valueName\":\"search_term_string\"}}],\"inLanguage\":\"fr-FR\"}]}<\/script>\n<!-- \/ Yoast SEO plugin. -->","yoast_head_json":{"title":"FP12-3.2FR - Fulbat","description":"FP12-3.2FR fait partie de notre s\u00e9rie FP - General Purpose. Sp\u00e9cialement con\u00e7ue pour les applications de secours et d'appoint, cette batterie 12V 3.2Ah est ignifug\u00e9e.","robots":{"index":"index","follow":"follow","max-snippet":"max-snippet:-1","max-image-preview":"max-image-preview:large","max-video-preview":"max-video-preview:-1"},"canonical":"https:\/\/fulbat.com\/fr\/produit\/fp12-3-2fr\/","og_locale":"fr_FR","og_type":"article","og_title":"FP12-3.2FR - Fulbat","og_description":"FP12-3.2FR fait partie de notre s\u00e9rie FP - General Purpose. Sp\u00e9cialement con\u00e7ue pour les applications de secours et d'appoint, cette batterie 12V 3.2Ah est ignifug\u00e9e.","og_url":"https:\/\/fulbat.com\/fr\/produit\/fp12-3-2fr\/","og_site_name":"Fulbat","article_modified_time":"2025-05-05T11:23:01+00:00","og_image":[{"width":1960,"height":1160,"url":"https:\/\/fulbat.com\/wp-content\/uploads\/2025\/05\/FT_AGM_FP12-3.2_FR.png","type":"image\/png"}],"twitter_card":"summary_large_image","twitter_misc":{"Dur\u00e9e de lecture estim\u00e9e":"1 minute"},"schema":{"@context":"https:\/\/schema.org","@graph":[{"@type":"WebPage","@id":"https:\/\/fulbat.com\/fr\/produit\/fp12-3-2fr\/","url":"https:\/\/fulbat.com\/fr\/produit\/fp12-3-2fr\/","name":"FP12-3.2FR - Fulbat","isPartOf":{"@id":"https:\/\/fulbat.com\/fr\/#website"},"primaryImageOfPage":{"@id":"https:\/\/fulbat.com\/fr\/produit\/fp12-3-2fr\/#primaryimage"},"image":{"@id":"https:\/\/fulbat.com\/fr\/produit\/fp12-3-2fr\/#primaryimage"},"thumbnailUrl":"https:\/\/fulbat.com\/wp-content\/uploads\/2025\/05\/FT_AGM_FP12-3.2_FR.png","datePublished":"2025-05-05T09:56:39+00:00","dateModified":"2025-05-05T11:23:01+00:00","description":"FP12-3.2FR fait partie de notre s\u00e9rie FP - General Purpose. Sp\u00e9cialement con\u00e7ue pour les applications de secours et d'appoint, cette batterie 12V 3.2Ah est ignifug\u00e9e.","breadcrumb":{"@id":"https:\/\/fulbat.com\/fr\/produit\/fp12-3-2fr\/#breadcrumb"},"inLanguage":"fr-FR","potentialAction":[{"@type":"ReadAction","target":["https:\/\/fulbat.com\/fr\/produit\/fp12-3-2fr\/"]}]},{"@type":"ImageObject","inLanguage":"fr-FR","@id":"https:\/\/fulbat.com\/fr\/produit\/fp12-3-2fr\/#primaryimage","url":"https:\/\/fulbat.com\/wp-content\/uploads\/2025\/05\/FT_AGM_FP12-3.2_FR.png","contentUrl":"https:\/\/fulbat.com\/wp-content\/uploads\/2025\/05\/FT_AGM_FP12-3.2_FR.png","width":1960,"height":1160,"caption":"FT_AGM_FP12-3.2_FR"},{"@type":"BreadcrumbList","@id":"https:\/\/fulbat.com\/fr\/produit\/fp12-3-2fr\/#breadcrumb","itemListElement":[{"@type":"ListItem","position":1,"name":"Home","item":"https:\/\/fulbat.com\/fr\/"},{"@type":"ListItem","position":2,"name":"Shop","item":"https:\/\/fulbat.com\/shop\/"},{"@type":"ListItem","position":3,"name":"Industriel","item":"https:\/\/fulbat.com\/fr\/industriel\/"},{"@type":"ListItem","position":4,"name":"FP12-3.2FR"}]},{"@type":"WebSite","@id":"https:\/\/fulbat.com\/fr\/#website","url":"https:\/\/fulbat.com\/fr\/","name":"Fulbat","description":"Qualitative, performing &amp; reliable battery solutions","potentialAction":[{"@type":"SearchAction","target":{"@type":"EntryPoint","urlTemplate":"https:\/\/fulbat.com\/fr\/?s={search_term_string}"},"query-input":{"@type":"PropertyValueSpecification","valueRequired":true,"valueName":"search_term_string"}}],"inLanguage":"fr-FR"}]}},"_links":{"self":[{"href":"https:\/\/fulbat.com\/fr\/wp-json\/wp\/v2\/product\/35773","targetHints":{"allow":["GET"]}}],"collection":[{"href":"https:\/\/fulbat.com\/fr\/wp-json\/wp\/v2\/product"}],"about":[{"href":"https:\/\/fulbat.com\/fr\/wp-json\/wp\/v2\/types\/product"}],"wp:featuredmedia":[{"embeddable":true,"href":"https:\/\/fulbat.com\/fr\/wp-json\/wp\/v2\/media\/35776"}],"wp:attachment":[{"href":"https:\/\/fulbat.com\/fr\/wp-json\/wp\/v2\/media?parent=35773"}],"wp:term":[{"taxonomy":"product_brand","embeddable":true,"href":"https:\/\/fulbat.com\/fr\/wp-json\/wp\/v2\/product_brand?post=35773"},{"taxonomy":"product_cat","embeddable":true,"href":"https:\/\/fulbat.com\/fr\/wp-json\/wp\/v2\/product_cat?post=35773"},{"taxonomy":"product_tag","embeddable":true,"href":"https:\/\/fulbat.com\/fr\/wp-json\/wp\/v2\/product_tag?post=35773"}],"curies":[{"name":"wp","href":"https:\/\/api.w.org\/{rel}","templated":true}]}}