{"id":35965,"date":"2025-06-03T12:03:59","date_gmt":"2025-06-03T10:04:00","guid":{"rendered":"https:\/\/fulbat.com\/?post_type=product&#038;p=35965"},"modified":"2025-08-01T10:54:03","modified_gmt":"2025-08-01T08:54:03","slug":"fdc-cm24-200","status":"publish","type":"product","link":"https:\/\/fulbat.com\/fr\/produit\/fdc-cm24-200\/","title":{"rendered":"FDC-CM24-200"},"content":{"rendered":"<p style=\"text-align: justify;\">FDC-CM24-200 fait partie de notre gamme de batteries lithium \u00e0 cycle profond FDC. Sp\u00e9cialement con\u00e7ue pour offrir une solution plus l\u00e9g\u00e8re, plus durable et plus puissante que les batteries au plomb, cette batterie 25,6V 200Ah offre une s\u00e9curit\u00e9 optimale gr\u00e2ce \u00e0 un syst\u00e8me de gestion de batterie (BMS) int\u00e9gr\u00e9.<\/p>\n<p style=\"text-align: justify;\">Sans entretien (plus besoin d&rsquo;arrosage), la batterie FDC-CM24-200 offre des performances exceptionnelles et une fiabilit\u00e9 in\u00e9gal\u00e9e pour les v\u00e9hicules \u00e9lectriques tels que les machines de nettoyage.<\/p>\n","protected":false},"excerpt":{"rendered":"<p>Le syst\u00e8me intelligent de gestion de la batterie (BMS) assure une autoprotection contre les courts-circuits, la surchauffe, la surcharge, la d\u00e9charge excessive et la surintensit\u00e9<\/p>\n<p>Charge rapide : moins de 4 heures<\/p>\n<p>2 \u00e0 3 fois la dur\u00e9e de vie des batteries plomb-acide flooded<\/p>\n<p>La conception sans acide \u00e9limine la corrosion, les gouttes d&rsquo;acide et les fum\u00e9es de charge.<\/p>\n","protected":false},"featured_media":36117,"template":"","meta":[],"product_brand":[],"product_cat":[832,4315,830],"product_tag":[6545,4328,6544,6534,4330],"class_list":{"0":"post-35965","1":"product","2":"type-product","3":"status-publish","4":"has-post-thumbnail","6":"product_cat-autolaveuse","7":"product_cat-fdc-deep-cycle-lifepo4-fr","8":"product_cat-traction","9":"product_tag-593992-fr","10":"product_tag-battery-fr","11":"product_tag-fdc-cm24-200-fr","12":"product_tag-machine-de-nettoyage-des-sols","13":"product_tag-motive-power-fr","15":"first","16":"outofstock","17":"shipping-taxable","18":"product-type-simple"},"yoast_head":"<!-- This site is optimized with the Yoast SEO plugin v26.9 - https:\/\/yoast.com\/product\/yoast-seo-wordpress\/ -->\n<title>FDC-CM24-200 - Fulbat<\/title>\n<meta name=\"description\" content=\"FDC-CM24-200 fait partie de notre gamme de batteries FDC - Deep Cycle Lithium. Con\u00e7ues pour offrir une solution plus l\u00e9g\u00e8re, plus durable et plus puissante que les batteries au plomb-acide.\" \/>\n<meta name=\"robots\" content=\"index, follow, max-snippet:-1, max-image-preview:large, max-video-preview:-1\" \/>\n<link rel=\"canonical\" href=\"https:\/\/fulbat.com\/fr\/produit\/fdc-cm24-200\/\" \/>\n<meta property=\"og:locale\" content=\"fr_FR\" \/>\n<meta property=\"og:type\" content=\"article\" \/>\n<meta property=\"og:title\" content=\"FDC-CM24-200 - Fulbat\" \/>\n<meta property=\"og:description\" content=\"FDC-CM24-200 fait partie de notre gamme de batteries FDC - Deep Cycle Lithium. Con\u00e7ues pour offrir une solution plus l\u00e9g\u00e8re, plus durable et plus puissante que les batteries au plomb-acide.\" \/>\n<meta property=\"og:url\" content=\"https:\/\/fulbat.com\/fr\/produit\/fdc-cm24-200\/\" \/>\n<meta property=\"og:site_name\" content=\"Fulbat\" \/>\n<meta property=\"article:modified_time\" content=\"2025-08-01T08:54:03+00:00\" \/>\n<meta property=\"og:image\" content=\"https:\/\/fulbat.com\/wp-content\/uploads\/2025\/06\/CM24-200.png\" \/>\n\t<meta property=\"og:image:width\" content=\"1080\" \/>\n\t<meta property=\"og:image:height\" content=\"1080\" \/>\n\t<meta property=\"og:image:type\" content=\"image\/png\" \/>\n<meta name=\"twitter:card\" content=\"summary_large_image\" \/>\n<meta name=\"twitter:label1\" content=\"Dur\u00e9e de lecture estim\u00e9e\" \/>\n\t<meta name=\"twitter:data1\" content=\"1 minute\" \/>\n<script type=\"application\/ld+json\" class=\"yoast-schema-graph\">{\"@context\":\"https:\/\/schema.org\",\"@graph\":[{\"@type\":\"WebPage\",\"@id\":\"https:\/\/fulbat.com\/fr\/produit\/fdc-cm24-200\/\",\"url\":\"https:\/\/fulbat.com\/fr\/produit\/fdc-cm24-200\/\",\"name\":\"FDC-CM24-200 - Fulbat\",\"isPartOf\":{\"@id\":\"https:\/\/fulbat.com\/fr\/#website\"},\"primaryImageOfPage\":{\"@id\":\"https:\/\/fulbat.com\/fr\/produit\/fdc-cm24-200\/#primaryimage\"},\"image\":{\"@id\":\"https:\/\/fulbat.com\/fr\/produit\/fdc-cm24-200\/#primaryimage\"},\"thumbnailUrl\":\"https:\/\/fulbat.com\/wp-content\/uploads\/2025\/06\/CM24-200.png\",\"datePublished\":\"2025-06-03T10:04:00+00:00\",\"dateModified\":\"2025-08-01T08:54:03+00:00\",\"description\":\"FDC-CM24-200 fait partie de notre gamme de batteries FDC - Deep Cycle Lithium. Con\u00e7ues pour offrir une solution plus l\u00e9g\u00e8re, plus durable et plus puissante que les batteries au plomb-acide.\",\"breadcrumb\":{\"@id\":\"https:\/\/fulbat.com\/fr\/produit\/fdc-cm24-200\/#breadcrumb\"},\"inLanguage\":\"fr-FR\",\"potentialAction\":[{\"@type\":\"ReadAction\",\"target\":[\"https:\/\/fulbat.com\/fr\/produit\/fdc-cm24-200\/\"]}]},{\"@type\":\"ImageObject\",\"inLanguage\":\"fr-FR\",\"@id\":\"https:\/\/fulbat.com\/fr\/produit\/fdc-cm24-200\/#primaryimage\",\"url\":\"https:\/\/fulbat.com\/wp-content\/uploads\/2025\/06\/CM24-200.png\",\"contentUrl\":\"https:\/\/fulbat.com\/wp-content\/uploads\/2025\/06\/CM24-200.png\",\"width\":1080,\"height\":1080,\"caption\":\"CM24-200\"},{\"@type\":\"BreadcrumbList\",\"@id\":\"https:\/\/fulbat.com\/fr\/produit\/fdc-cm24-200\/#breadcrumb\",\"itemListElement\":[{\"@type\":\"ListItem\",\"position\":1,\"name\":\"Home\",\"item\":\"https:\/\/fulbat.com\/fr\/\"},{\"@type\":\"ListItem\",\"position\":2,\"name\":\"Shop\",\"item\":\"https:\/\/fulbat.com\/shop\/\"},{\"@type\":\"ListItem\",\"position\":3,\"name\":\"Traction\",\"item\":\"https:\/\/fulbat.com\/fr\/traction\/\"},{\"@type\":\"ListItem\",\"position\":4,\"name\":\"FDC-CM24-200\"}]},{\"@type\":\"WebSite\",\"@id\":\"https:\/\/fulbat.com\/fr\/#website\",\"url\":\"https:\/\/fulbat.com\/fr\/\",\"name\":\"Fulbat\",\"description\":\"Qualitative, performing &amp; reliable battery solutions\",\"potentialAction\":[{\"@type\":\"SearchAction\",\"target\":{\"@type\":\"EntryPoint\",\"urlTemplate\":\"https:\/\/fulbat.com\/fr\/?s={search_term_string}\"},\"query-input\":{\"@type\":\"PropertyValueSpecification\",\"valueRequired\":true,\"valueName\":\"search_term_string\"}}],\"inLanguage\":\"fr-FR\"}]}<\/script>\n<!-- \/ Yoast SEO plugin. -->","yoast_head_json":{"title":"FDC-CM24-200 - Fulbat","description":"FDC-CM24-200 fait partie de notre gamme de batteries FDC - Deep Cycle Lithium. Con\u00e7ues pour offrir une solution plus l\u00e9g\u00e8re, plus durable et plus puissante que les batteries au plomb-acide.","robots":{"index":"index","follow":"follow","max-snippet":"max-snippet:-1","max-image-preview":"max-image-preview:large","max-video-preview":"max-video-preview:-1"},"canonical":"https:\/\/fulbat.com\/fr\/produit\/fdc-cm24-200\/","og_locale":"fr_FR","og_type":"article","og_title":"FDC-CM24-200 - Fulbat","og_description":"FDC-CM24-200 fait partie de notre gamme de batteries FDC - Deep Cycle Lithium. Con\u00e7ues pour offrir une solution plus l\u00e9g\u00e8re, plus durable et plus puissante que les batteries au plomb-acide.","og_url":"https:\/\/fulbat.com\/fr\/produit\/fdc-cm24-200\/","og_site_name":"Fulbat","article_modified_time":"2025-08-01T08:54:03+00:00","og_image":[{"width":1080,"height":1080,"url":"https:\/\/fulbat.com\/wp-content\/uploads\/2025\/06\/CM24-200.png","type":"image\/png"}],"twitter_card":"summary_large_image","twitter_misc":{"Dur\u00e9e de lecture estim\u00e9e":"1 minute"},"schema":{"@context":"https:\/\/schema.org","@graph":[{"@type":"WebPage","@id":"https:\/\/fulbat.com\/fr\/produit\/fdc-cm24-200\/","url":"https:\/\/fulbat.com\/fr\/produit\/fdc-cm24-200\/","name":"FDC-CM24-200 - Fulbat","isPartOf":{"@id":"https:\/\/fulbat.com\/fr\/#website"},"primaryImageOfPage":{"@id":"https:\/\/fulbat.com\/fr\/produit\/fdc-cm24-200\/#primaryimage"},"image":{"@id":"https:\/\/fulbat.com\/fr\/produit\/fdc-cm24-200\/#primaryimage"},"thumbnailUrl":"https:\/\/fulbat.com\/wp-content\/uploads\/2025\/06\/CM24-200.png","datePublished":"2025-06-03T10:04:00+00:00","dateModified":"2025-08-01T08:54:03+00:00","description":"FDC-CM24-200 fait partie de notre gamme de batteries FDC - Deep Cycle Lithium. Con\u00e7ues pour offrir une solution plus l\u00e9g\u00e8re, plus durable et plus puissante que les batteries au plomb-acide.","breadcrumb":{"@id":"https:\/\/fulbat.com\/fr\/produit\/fdc-cm24-200\/#breadcrumb"},"inLanguage":"fr-FR","potentialAction":[{"@type":"ReadAction","target":["https:\/\/fulbat.com\/fr\/produit\/fdc-cm24-200\/"]}]},{"@type":"ImageObject","inLanguage":"fr-FR","@id":"https:\/\/fulbat.com\/fr\/produit\/fdc-cm24-200\/#primaryimage","url":"https:\/\/fulbat.com\/wp-content\/uploads\/2025\/06\/CM24-200.png","contentUrl":"https:\/\/fulbat.com\/wp-content\/uploads\/2025\/06\/CM24-200.png","width":1080,"height":1080,"caption":"CM24-200"},{"@type":"BreadcrumbList","@id":"https:\/\/fulbat.com\/fr\/produit\/fdc-cm24-200\/#breadcrumb","itemListElement":[{"@type":"ListItem","position":1,"name":"Home","item":"https:\/\/fulbat.com\/fr\/"},{"@type":"ListItem","position":2,"name":"Shop","item":"https:\/\/fulbat.com\/shop\/"},{"@type":"ListItem","position":3,"name":"Traction","item":"https:\/\/fulbat.com\/fr\/traction\/"},{"@type":"ListItem","position":4,"name":"FDC-CM24-200"}]},{"@type":"WebSite","@id":"https:\/\/fulbat.com\/fr\/#website","url":"https:\/\/fulbat.com\/fr\/","name":"Fulbat","description":"Qualitative, performing &amp; reliable battery solutions","potentialAction":[{"@type":"SearchAction","target":{"@type":"EntryPoint","urlTemplate":"https:\/\/fulbat.com\/fr\/?s={search_term_string}"},"query-input":{"@type":"PropertyValueSpecification","valueRequired":true,"valueName":"search_term_string"}}],"inLanguage":"fr-FR"}]}},"_links":{"self":[{"href":"https:\/\/fulbat.com\/fr\/wp-json\/wp\/v2\/product\/35965","targetHints":{"allow":["GET"]}}],"collection":[{"href":"https:\/\/fulbat.com\/fr\/wp-json\/wp\/v2\/product"}],"about":[{"href":"https:\/\/fulbat.com\/fr\/wp-json\/wp\/v2\/types\/product"}],"wp:featuredmedia":[{"embeddable":true,"href":"https:\/\/fulbat.com\/fr\/wp-json\/wp\/v2\/media\/36117"}],"wp:attachment":[{"href":"https:\/\/fulbat.com\/fr\/wp-json\/wp\/v2\/media?parent=35965"}],"wp:term":[{"taxonomy":"product_brand","embeddable":true,"href":"https:\/\/fulbat.com\/fr\/wp-json\/wp\/v2\/product_brand?post=35965"},{"taxonomy":"product_cat","embeddable":true,"href":"https:\/\/fulbat.com\/fr\/wp-json\/wp\/v2\/product_cat?post=35965"},{"taxonomy":"product_tag","embeddable":true,"href":"https:\/\/fulbat.com\/fr\/wp-json\/wp\/v2\/product_tag?post=35965"}],"curies":[{"name":"wp","href":"https:\/\/api.w.org\/{rel}","templated":true}]}}