{"id":36145,"date":"2025-06-16T13:51:51","date_gmt":"2025-06-16T11:51:53","guid":{"rendered":"https:\/\/fulbat.com\/?post_type=product&#038;p=36145"},"modified":"2025-06-16T14:30:40","modified_gmt":"2025-06-16T12:30:40","slug":"fhd32hl-bs-gel","status":"publish","type":"product","link":"https:\/\/fulbat.com\/fr\/produit\/fhd32hl-bs-gel\/","title":{"rendered":"FHD32HL-BS GEL"},"content":{"rendered":"<p style=\"text-align: justify;\">La batterie FHD32HL-BS Gel fait partie de la gamme Gel de FitHD. Sp\u00e9cialement con\u00e7ue pour offrir des performances et une s\u00e9curit\u00e9 maximales, cette batterie renforc\u00e9e 12V 33,6Ah de haute capacit\u00e9 est pr\u00eate \u00e0 l&#8217;emploi et ne n\u00e9cessite aucune manipulation d&rsquo;acide, aucune pr\u00e9paration initiale ni aucun entretien.<\/p>\n<p>Avec des bornes et un bo\u00eetier de batterie sp\u00e9cifiques, la batterie FHD32HL-BS Gel offre une r\u00e9sistance maximale aux vibrations pour les motos Heavy Duty.<\/p>\n<p><img loading=\"lazy\" decoding=\"async\" class=\"alignnone wp-image-8284\" src=\"https:\/\/fulbat.com\/wp-content\/uploads\/2020\/08\/EU-flag-300x200.jpg\" alt=\"\" width=\"26\" height=\"17\" srcset=\"https:\/\/fulbat.com\/wp-content\/uploads\/2020\/08\/EU-flag-300x200.jpg 300w, https:\/\/fulbat.com\/wp-content\/uploads\/2020\/08\/EU-flag-150x100.jpg 150w, https:\/\/fulbat.com\/wp-content\/uploads\/2020\/08\/EU-flag.jpg 425w\" sizes=\"auto, (max-width: 26px) 100vw, 26px\" \/> Conforme \u00e0 2021 R\u00e8glement europ\u00e9en (UE) 2019\/1148 pour la vente d&rsquo;acide pour batteries<\/p>\n<p>Chargeur compatible : <strong><a href=\"https:\/\/fulbat.com\/charger\/charger\/fulload-f4\/\">Fulload F4<\/a><\/strong><\/p>\n","protected":false},"excerpt":{"rendered":"<p>Technologie GEL<\/p>\n<p>Pr\u00eat \u00e0 l&#8217;emploi<\/p>\n<p>Batterie VRLA<\/p>\n<p>Non d\u00e9versable : facile \u00e0 exp\u00e9dier<\/p>\n<p>100% sans entretien<\/p>\n<p>Adaptation multipositionnelle<\/p>\n<p>Sulfatation des plaques minimis\u00e9e<\/p>\n<p>Adapt\u00e9 au temps froid<\/p>\n<p>Pas de manipulation d&rsquo;acide<\/p>\n<p>Facile \u00e0 installer<\/p>\n","protected":false},"featured_media":36152,"template":"","meta":[],"product_brand":[],"product_cat":[834,838,842,847,835,845],"product_tag":[6588,910,911,1448,1935,1937,2014,2015,6587,1558,1560,5620,1924,1936,1938,1559,1561],"class_list":{"0":"post-36145","1":"product","2":"type-product","3":"status-publish","4":"has-post-thumbnail","6":"product_cat-demarrage","7":"product_cat-gel-fr","8":"product_cat-moto","9":"product_cat-motoneige","10":"product_cat-quad","11":"product_cat-ssv-utv-fr","12":"product_tag-550874-fr","13":"product_tag-batterie-de-moto","14":"product_tag-batterie-gel-fr","15":"product_tag-batterie-quad-fr","16":"product_tag-fb30l-b-fr","17":"product_tag-fb30lb-fr","18":"product_tag-fhd30hl-bs-fr","19":"product_tag-fhd30hlbs-fr","20":"product_tag-fhd32hl-bs-fr","21":"product_tag-fix30l-bs-fr","22":"product_tag-fix30lbs-fr","23":"product_tag-fltx30hl-fr-2","24":"product_tag-harley-davidson-fr","25":"product_tag-yb30l-b-fr","26":"product_tag-yb30lb-fr","27":"product_tag-yix30l-bs-fr","28":"product_tag-yix30lbs-fr","30":"first","31":"instock","32":"shipping-taxable","33":"product-type-simple"},"yoast_head":"<!-- This site is optimized with the Yoast SEO plugin v26.9 - https:\/\/yoast.com\/product\/yoast-seo-wordpress\/ -->\n<title>FHD32HL-BS GEL - Fulbat<\/title>\n<meta name=\"description\" content=\"La batterie FULBAT FHD32HL-BS Gel fait partie de la gamme FitHD Gel. Sp\u00e9cialement con\u00e7ue pour offrir des performances et une s\u00e9curit\u00e9 maximales.\" \/>\n<meta name=\"robots\" content=\"index, follow, max-snippet:-1, max-image-preview:large, max-video-preview:-1\" \/>\n<link rel=\"canonical\" href=\"https:\/\/fulbat.com\/fr\/produit\/fhd32hl-bs-gel\/\" \/>\n<meta property=\"og:locale\" content=\"fr_FR\" \/>\n<meta property=\"og:type\" content=\"article\" \/>\n<meta property=\"og:title\" content=\"FHD32HL-BS GEL - Fulbat\" \/>\n<meta property=\"og:description\" content=\"La batterie FULBAT FHD32HL-BS Gel fait partie de la gamme FitHD Gel. Sp\u00e9cialement con\u00e7ue pour offrir des performances et une s\u00e9curit\u00e9 maximales.\" \/>\n<meta property=\"og:url\" content=\"https:\/\/fulbat.com\/fr\/produit\/fhd32hl-bs-gel\/\" \/>\n<meta property=\"og:site_name\" content=\"Fulbat\" \/>\n<meta property=\"article:modified_time\" content=\"2025-06-16T12:30:40+00:00\" \/>\n<meta property=\"og:image\" content=\"https:\/\/fulbat.com\/wp-content\/uploads\/2025\/06\/FT_GEL_FHD30HL-BS-932x1024.png\" \/>\n\t<meta property=\"og:image:width\" content=\"932\" \/>\n\t<meta property=\"og:image:height\" content=\"1024\" \/>\n\t<meta property=\"og:image:type\" content=\"image\/png\" \/>\n<meta name=\"twitter:card\" content=\"summary_large_image\" \/>\n<meta name=\"twitter:label1\" content=\"Dur\u00e9e de lecture estim\u00e9e\" \/>\n\t<meta name=\"twitter:data1\" content=\"1 minute\" \/>\n<script type=\"application\/ld+json\" class=\"yoast-schema-graph\">{\"@context\":\"https:\/\/schema.org\",\"@graph\":[{\"@type\":\"WebPage\",\"@id\":\"https:\/\/fulbat.com\/fr\/produit\/fhd32hl-bs-gel\/\",\"url\":\"https:\/\/fulbat.com\/fr\/produit\/fhd32hl-bs-gel\/\",\"name\":\"FHD32HL-BS GEL - Fulbat\",\"isPartOf\":{\"@id\":\"https:\/\/fulbat.com\/fr\/#website\"},\"primaryImageOfPage\":{\"@id\":\"https:\/\/fulbat.com\/fr\/produit\/fhd32hl-bs-gel\/#primaryimage\"},\"image\":{\"@id\":\"https:\/\/fulbat.com\/fr\/produit\/fhd32hl-bs-gel\/#primaryimage\"},\"thumbnailUrl\":\"https:\/\/fulbat.com\/wp-content\/uploads\/2025\/06\/FT_GEL_FHD30HL-BS.png\",\"datePublished\":\"2025-06-16T11:51:53+00:00\",\"dateModified\":\"2025-06-16T12:30:40+00:00\",\"description\":\"La batterie FULBAT FHD32HL-BS Gel fait partie de la gamme FitHD Gel. Sp\u00e9cialement con\u00e7ue pour offrir des performances et une s\u00e9curit\u00e9 maximales.\",\"breadcrumb\":{\"@id\":\"https:\/\/fulbat.com\/fr\/produit\/fhd32hl-bs-gel\/#breadcrumb\"},\"inLanguage\":\"fr-FR\",\"potentialAction\":[{\"@type\":\"ReadAction\",\"target\":[\"https:\/\/fulbat.com\/fr\/produit\/fhd32hl-bs-gel\/\"]}]},{\"@type\":\"ImageObject\",\"inLanguage\":\"fr-FR\",\"@id\":\"https:\/\/fulbat.com\/fr\/produit\/fhd32hl-bs-gel\/#primaryimage\",\"url\":\"https:\/\/fulbat.com\/wp-content\/uploads\/2025\/06\/FT_GEL_FHD30HL-BS.png\",\"contentUrl\":\"https:\/\/fulbat.com\/wp-content\/uploads\/2025\/06\/FT_GEL_FHD30HL-BS.png\",\"width\":2885,\"height\":3171,\"caption\":\"FT_GEL_FHD32HL-BS\"},{\"@type\":\"BreadcrumbList\",\"@id\":\"https:\/\/fulbat.com\/fr\/produit\/fhd32hl-bs-gel\/#breadcrumb\",\"itemListElement\":[{\"@type\":\"ListItem\",\"position\":1,\"name\":\"Home\",\"item\":\"https:\/\/fulbat.com\/fr\/\"},{\"@type\":\"ListItem\",\"position\":2,\"name\":\"Shop\",\"item\":\"https:\/\/fulbat.com\/shop\/\"},{\"@type\":\"ListItem\",\"position\":3,\"name\":\"D\u00e9marrage\",\"item\":\"https:\/\/fulbat.com\/fr\/demarrage\/\"},{\"@type\":\"ListItem\",\"position\":4,\"name\":\"FHD32HL-BS GEL\"}]},{\"@type\":\"WebSite\",\"@id\":\"https:\/\/fulbat.com\/fr\/#website\",\"url\":\"https:\/\/fulbat.com\/fr\/\",\"name\":\"Fulbat\",\"description\":\"Qualitative, performing &amp; reliable battery solutions\",\"potentialAction\":[{\"@type\":\"SearchAction\",\"target\":{\"@type\":\"EntryPoint\",\"urlTemplate\":\"https:\/\/fulbat.com\/fr\/?s={search_term_string}\"},\"query-input\":{\"@type\":\"PropertyValueSpecification\",\"valueRequired\":true,\"valueName\":\"search_term_string\"}}],\"inLanguage\":\"fr-FR\"}]}<\/script>\n<!-- \/ Yoast SEO plugin. -->","yoast_head_json":{"title":"FHD32HL-BS GEL - Fulbat","description":"La batterie FULBAT FHD32HL-BS Gel fait partie de la gamme FitHD Gel. Sp\u00e9cialement con\u00e7ue pour offrir des performances et une s\u00e9curit\u00e9 maximales.","robots":{"index":"index","follow":"follow","max-snippet":"max-snippet:-1","max-image-preview":"max-image-preview:large","max-video-preview":"max-video-preview:-1"},"canonical":"https:\/\/fulbat.com\/fr\/produit\/fhd32hl-bs-gel\/","og_locale":"fr_FR","og_type":"article","og_title":"FHD32HL-BS GEL - Fulbat","og_description":"La batterie FULBAT FHD32HL-BS Gel fait partie de la gamme FitHD Gel. Sp\u00e9cialement con\u00e7ue pour offrir des performances et une s\u00e9curit\u00e9 maximales.","og_url":"https:\/\/fulbat.com\/fr\/produit\/fhd32hl-bs-gel\/","og_site_name":"Fulbat","article_modified_time":"2025-06-16T12:30:40+00:00","og_image":[{"width":932,"height":1024,"url":"https:\/\/fulbat.com\/wp-content\/uploads\/2025\/06\/FT_GEL_FHD30HL-BS-932x1024.png","type":"image\/png"}],"twitter_card":"summary_large_image","twitter_misc":{"Dur\u00e9e de lecture estim\u00e9e":"1 minute"},"schema":{"@context":"https:\/\/schema.org","@graph":[{"@type":"WebPage","@id":"https:\/\/fulbat.com\/fr\/produit\/fhd32hl-bs-gel\/","url":"https:\/\/fulbat.com\/fr\/produit\/fhd32hl-bs-gel\/","name":"FHD32HL-BS GEL - Fulbat","isPartOf":{"@id":"https:\/\/fulbat.com\/fr\/#website"},"primaryImageOfPage":{"@id":"https:\/\/fulbat.com\/fr\/produit\/fhd32hl-bs-gel\/#primaryimage"},"image":{"@id":"https:\/\/fulbat.com\/fr\/produit\/fhd32hl-bs-gel\/#primaryimage"},"thumbnailUrl":"https:\/\/fulbat.com\/wp-content\/uploads\/2025\/06\/FT_GEL_FHD30HL-BS.png","datePublished":"2025-06-16T11:51:53+00:00","dateModified":"2025-06-16T12:30:40+00:00","description":"La batterie FULBAT FHD32HL-BS Gel fait partie de la gamme FitHD Gel. Sp\u00e9cialement con\u00e7ue pour offrir des performances et une s\u00e9curit\u00e9 maximales.","breadcrumb":{"@id":"https:\/\/fulbat.com\/fr\/produit\/fhd32hl-bs-gel\/#breadcrumb"},"inLanguage":"fr-FR","potentialAction":[{"@type":"ReadAction","target":["https:\/\/fulbat.com\/fr\/produit\/fhd32hl-bs-gel\/"]}]},{"@type":"ImageObject","inLanguage":"fr-FR","@id":"https:\/\/fulbat.com\/fr\/produit\/fhd32hl-bs-gel\/#primaryimage","url":"https:\/\/fulbat.com\/wp-content\/uploads\/2025\/06\/FT_GEL_FHD30HL-BS.png","contentUrl":"https:\/\/fulbat.com\/wp-content\/uploads\/2025\/06\/FT_GEL_FHD30HL-BS.png","width":2885,"height":3171,"caption":"FT_GEL_FHD32HL-BS"},{"@type":"BreadcrumbList","@id":"https:\/\/fulbat.com\/fr\/produit\/fhd32hl-bs-gel\/#breadcrumb","itemListElement":[{"@type":"ListItem","position":1,"name":"Home","item":"https:\/\/fulbat.com\/fr\/"},{"@type":"ListItem","position":2,"name":"Shop","item":"https:\/\/fulbat.com\/shop\/"},{"@type":"ListItem","position":3,"name":"D\u00e9marrage","item":"https:\/\/fulbat.com\/fr\/demarrage\/"},{"@type":"ListItem","position":4,"name":"FHD32HL-BS GEL"}]},{"@type":"WebSite","@id":"https:\/\/fulbat.com\/fr\/#website","url":"https:\/\/fulbat.com\/fr\/","name":"Fulbat","description":"Qualitative, performing &amp; reliable battery solutions","potentialAction":[{"@type":"SearchAction","target":{"@type":"EntryPoint","urlTemplate":"https:\/\/fulbat.com\/fr\/?s={search_term_string}"},"query-input":{"@type":"PropertyValueSpecification","valueRequired":true,"valueName":"search_term_string"}}],"inLanguage":"fr-FR"}]}},"_links":{"self":[{"href":"https:\/\/fulbat.com\/fr\/wp-json\/wp\/v2\/product\/36145","targetHints":{"allow":["GET"]}}],"collection":[{"href":"https:\/\/fulbat.com\/fr\/wp-json\/wp\/v2\/product"}],"about":[{"href":"https:\/\/fulbat.com\/fr\/wp-json\/wp\/v2\/types\/product"}],"wp:featuredmedia":[{"embeddable":true,"href":"https:\/\/fulbat.com\/fr\/wp-json\/wp\/v2\/media\/36152"}],"wp:attachment":[{"href":"https:\/\/fulbat.com\/fr\/wp-json\/wp\/v2\/media?parent=36145"}],"wp:term":[{"taxonomy":"product_brand","embeddable":true,"href":"https:\/\/fulbat.com\/fr\/wp-json\/wp\/v2\/product_brand?post=36145"},{"taxonomy":"product_cat","embeddable":true,"href":"https:\/\/fulbat.com\/fr\/wp-json\/wp\/v2\/product_cat?post=36145"},{"taxonomy":"product_tag","embeddable":true,"href":"https:\/\/fulbat.com\/fr\/wp-json\/wp\/v2\/product_tag?post=36145"}],"curies":[{"name":"wp","href":"https:\/\/api.w.org\/{rel}","templated":true}]}}