{"id":36757,"date":"2025-07-21T12:23:36","date_gmt":"2025-07-21T10:23:37","guid":{"rendered":"https:\/\/fulbat.com\/?post_type=product&#038;p=36757"},"modified":"2025-07-22T15:50:20","modified_gmt":"2025-07-22T13:50:20","slug":"fdct12-120","status":"publish","type":"product","link":"https:\/\/fulbat.com\/fr\/produit\/fdct12-120\/","title":{"rendered":"FDCT12-120"},"content":{"rendered":"<p style=\"text-align: justify;\">FDCT12-120 fait partie de nos batteries tubulaires \u00e0 cycle profond FDCT, sp\u00e9cialement con\u00e7ues pour les applications exigeantes n\u00e9cessitant une longue dur\u00e9e de vie, des performances de cyclage \u00e9lev\u00e9es et des exigences de d\u00e9charge intensives.<\/p>\n<p style=\"text-align: justify;\">Construite avec des plaques de blindage tubulaires positives, la gamme FDCT offre une capacit\u00e9 de d\u00e9charge tr\u00e8s \u00e9lev\u00e9e et une endurance accrue, m\u00eame dans de mauvaises conditions de charge. Gr\u00e2ce \u00e0 leur productivit\u00e9 \u00e9lev\u00e9e dans des environnements de travail difficiles, les batteries tubulaires FDCT conviennent parfaitement \u00e0 des applications telles que les nacelles \u00e9l\u00e9vatrices, les gerbeurs \u00e9lectriques, les machines de nettoyage et les syst\u00e8mes d&rsquo;\u00e9nergie solaire.<\/p>\n","protected":false},"excerpt":{"rendered":"<p>Conception \u00e0 plaques tubulaires avec \u00e9lectrolyte libre, garantissant une longue dur\u00e9e de vie<\/p>\n<p>Tr\u00e8s hautes performances en cyclage : jusqu\u2019\u00e0 1200 cycles (selon la norme EN 60254-1 \/ 25\u00b0C &#8211; pour batteries de traction)<\/p>\n<p>Forte capacit\u00e9 de d\u00e9charge<\/p>\n<p>Excellente r\u00e9sistance aux vibrations<\/p>\n<p>Endurance accrue, m\u00eame en cas de conditions de charge difficiles<\/p>\n<p>Productivit\u00e9 \u00e9lev\u00e9e, m\u00eame dans des environnements de travail s\u00e9v\u00e8res<\/p>\n","protected":false},"featured_media":36729,"template":"","meta":[],"product_brand":[],"product_cat":[6609,832,831,830],"product_tag":[6611,6610,4127],"class_list":{"0":"post-36757","1":"product","2":"type-product","3":"status-publish","4":"has-post-thumbnail","6":"product_cat-fdct-deep-cycle-tubular-fr-2","7":"product_cat-autolaveuse","8":"product_cat-nacelle-plateforme-elevatrice","9":"product_cat-traction","10":"product_tag-593040-fr","11":"product_tag-fdct12-120-fr","12":"product_tag-motive-battery-fr","14":"first","15":"instock","16":"shipping-taxable","17":"product-type-simple"},"yoast_head":"<!-- This site is optimized with the Yoast SEO plugin v26.9 - https:\/\/yoast.com\/product\/yoast-seo-wordpress\/ -->\n<title>FDCT12-120 - Fulbat<\/title>\n<meta name=\"description\" content=\"%\" \/>\n<meta name=\"robots\" content=\"index, follow, max-snippet:-1, max-image-preview:large, max-video-preview:-1\" \/>\n<link rel=\"canonical\" href=\"https:\/\/fulbat.com\/fr\/produit\/fdct12-120\/\" \/>\n<meta property=\"og:locale\" content=\"fr_FR\" \/>\n<meta property=\"og:type\" content=\"article\" \/>\n<meta property=\"og:title\" content=\"FDCT12-120 - Fulbat\" \/>\n<meta property=\"og:description\" content=\"%\" \/>\n<meta property=\"og:url\" content=\"https:\/\/fulbat.com\/fr\/produit\/fdct12-120\/\" \/>\n<meta property=\"og:site_name\" content=\"Fulbat\" \/>\n<meta property=\"article:modified_time\" content=\"2025-07-22T13:50:20+00:00\" \/>\n<meta property=\"og:image\" content=\"https:\/\/fulbat.com\/wp-content\/uploads\/2025\/07\/FDCT12-120.png\" \/>\n\t<meta property=\"og:image:width\" content=\"800\" \/>\n\t<meta property=\"og:image:height\" content=\"800\" \/>\n\t<meta property=\"og:image:type\" content=\"image\/png\" \/>\n<meta name=\"twitter:card\" content=\"summary_large_image\" \/>\n<meta name=\"twitter:label1\" content=\"Dur\u00e9e de lecture estim\u00e9e\" \/>\n\t<meta name=\"twitter:data1\" content=\"1 minute\" \/>\n<script type=\"application\/ld+json\" class=\"yoast-schema-graph\">{\"@context\":\"https:\/\/schema.org\",\"@graph\":[{\"@type\":\"WebPage\",\"@id\":\"https:\/\/fulbat.com\/fr\/produit\/fdct12-120\/\",\"url\":\"https:\/\/fulbat.com\/fr\/produit\/fdct12-120\/\",\"name\":\"FDCT12-120 - Fulbat\",\"isPartOf\":{\"@id\":\"https:\/\/fulbat.com\/fr\/#website\"},\"primaryImageOfPage\":{\"@id\":\"https:\/\/fulbat.com\/fr\/produit\/fdct12-120\/#primaryimage\"},\"image\":{\"@id\":\"https:\/\/fulbat.com\/fr\/produit\/fdct12-120\/#primaryimage\"},\"thumbnailUrl\":\"https:\/\/fulbat.com\/wp-content\/uploads\/2025\/07\/FDCT12-120.png\",\"datePublished\":\"2025-07-21T10:23:37+00:00\",\"dateModified\":\"2025-07-22T13:50:20+00:00\",\"description\":\"%\",\"breadcrumb\":{\"@id\":\"https:\/\/fulbat.com\/fr\/produit\/fdct12-120\/#breadcrumb\"},\"inLanguage\":\"fr-FR\",\"potentialAction\":[{\"@type\":\"ReadAction\",\"target\":[\"https:\/\/fulbat.com\/fr\/produit\/fdct12-120\/\"]}]},{\"@type\":\"ImageObject\",\"inLanguage\":\"fr-FR\",\"@id\":\"https:\/\/fulbat.com\/fr\/produit\/fdct12-120\/#primaryimage\",\"url\":\"https:\/\/fulbat.com\/wp-content\/uploads\/2025\/07\/FDCT12-120.png\",\"contentUrl\":\"https:\/\/fulbat.com\/wp-content\/uploads\/2025\/07\/FDCT12-120.png\",\"width\":800,\"height\":800,\"caption\":\"FDCT12-120\"},{\"@type\":\"BreadcrumbList\",\"@id\":\"https:\/\/fulbat.com\/fr\/produit\/fdct12-120\/#breadcrumb\",\"itemListElement\":[{\"@type\":\"ListItem\",\"position\":1,\"name\":\"Home\",\"item\":\"https:\/\/fulbat.com\/fr\/\"},{\"@type\":\"ListItem\",\"position\":2,\"name\":\"Shop\",\"item\":\"https:\/\/fulbat.com\/shop\/\"},{\"@type\":\"ListItem\",\"position\":3,\"name\":\"Traction\",\"item\":\"https:\/\/fulbat.com\/fr\/traction\/\"},{\"@type\":\"ListItem\",\"position\":4,\"name\":\"FDCT12-120\"}]},{\"@type\":\"WebSite\",\"@id\":\"https:\/\/fulbat.com\/fr\/#website\",\"url\":\"https:\/\/fulbat.com\/fr\/\",\"name\":\"Fulbat\",\"description\":\"Qualitative, performing &amp; reliable battery solutions\",\"potentialAction\":[{\"@type\":\"SearchAction\",\"target\":{\"@type\":\"EntryPoint\",\"urlTemplate\":\"https:\/\/fulbat.com\/fr\/?s={search_term_string}\"},\"query-input\":{\"@type\":\"PropertyValueSpecification\",\"valueRequired\":true,\"valueName\":\"search_term_string\"}}],\"inLanguage\":\"fr-FR\"}]}<\/script>\n<!-- \/ Yoast SEO plugin. -->","yoast_head_json":{"title":"FDCT12-120 - Fulbat","description":"%","robots":{"index":"index","follow":"follow","max-snippet":"max-snippet:-1","max-image-preview":"max-image-preview:large","max-video-preview":"max-video-preview:-1"},"canonical":"https:\/\/fulbat.com\/fr\/produit\/fdct12-120\/","og_locale":"fr_FR","og_type":"article","og_title":"FDCT12-120 - Fulbat","og_description":"%","og_url":"https:\/\/fulbat.com\/fr\/produit\/fdct12-120\/","og_site_name":"Fulbat","article_modified_time":"2025-07-22T13:50:20+00:00","og_image":[{"width":800,"height":800,"url":"https:\/\/fulbat.com\/wp-content\/uploads\/2025\/07\/FDCT12-120.png","type":"image\/png"}],"twitter_card":"summary_large_image","twitter_misc":{"Dur\u00e9e de lecture estim\u00e9e":"1 minute"},"schema":{"@context":"https:\/\/schema.org","@graph":[{"@type":"WebPage","@id":"https:\/\/fulbat.com\/fr\/produit\/fdct12-120\/","url":"https:\/\/fulbat.com\/fr\/produit\/fdct12-120\/","name":"FDCT12-120 - Fulbat","isPartOf":{"@id":"https:\/\/fulbat.com\/fr\/#website"},"primaryImageOfPage":{"@id":"https:\/\/fulbat.com\/fr\/produit\/fdct12-120\/#primaryimage"},"image":{"@id":"https:\/\/fulbat.com\/fr\/produit\/fdct12-120\/#primaryimage"},"thumbnailUrl":"https:\/\/fulbat.com\/wp-content\/uploads\/2025\/07\/FDCT12-120.png","datePublished":"2025-07-21T10:23:37+00:00","dateModified":"2025-07-22T13:50:20+00:00","description":"%","breadcrumb":{"@id":"https:\/\/fulbat.com\/fr\/produit\/fdct12-120\/#breadcrumb"},"inLanguage":"fr-FR","potentialAction":[{"@type":"ReadAction","target":["https:\/\/fulbat.com\/fr\/produit\/fdct12-120\/"]}]},{"@type":"ImageObject","inLanguage":"fr-FR","@id":"https:\/\/fulbat.com\/fr\/produit\/fdct12-120\/#primaryimage","url":"https:\/\/fulbat.com\/wp-content\/uploads\/2025\/07\/FDCT12-120.png","contentUrl":"https:\/\/fulbat.com\/wp-content\/uploads\/2025\/07\/FDCT12-120.png","width":800,"height":800,"caption":"FDCT12-120"},{"@type":"BreadcrumbList","@id":"https:\/\/fulbat.com\/fr\/produit\/fdct12-120\/#breadcrumb","itemListElement":[{"@type":"ListItem","position":1,"name":"Home","item":"https:\/\/fulbat.com\/fr\/"},{"@type":"ListItem","position":2,"name":"Shop","item":"https:\/\/fulbat.com\/shop\/"},{"@type":"ListItem","position":3,"name":"Traction","item":"https:\/\/fulbat.com\/fr\/traction\/"},{"@type":"ListItem","position":4,"name":"FDCT12-120"}]},{"@type":"WebSite","@id":"https:\/\/fulbat.com\/fr\/#website","url":"https:\/\/fulbat.com\/fr\/","name":"Fulbat","description":"Qualitative, performing &amp; reliable battery solutions","potentialAction":[{"@type":"SearchAction","target":{"@type":"EntryPoint","urlTemplate":"https:\/\/fulbat.com\/fr\/?s={search_term_string}"},"query-input":{"@type":"PropertyValueSpecification","valueRequired":true,"valueName":"search_term_string"}}],"inLanguage":"fr-FR"}]}},"_links":{"self":[{"href":"https:\/\/fulbat.com\/fr\/wp-json\/wp\/v2\/product\/36757","targetHints":{"allow":["GET"]}}],"collection":[{"href":"https:\/\/fulbat.com\/fr\/wp-json\/wp\/v2\/product"}],"about":[{"href":"https:\/\/fulbat.com\/fr\/wp-json\/wp\/v2\/types\/product"}],"wp:featuredmedia":[{"embeddable":true,"href":"https:\/\/fulbat.com\/fr\/wp-json\/wp\/v2\/media\/36729"}],"wp:attachment":[{"href":"https:\/\/fulbat.com\/fr\/wp-json\/wp\/v2\/media?parent=36757"}],"wp:term":[{"taxonomy":"product_brand","embeddable":true,"href":"https:\/\/fulbat.com\/fr\/wp-json\/wp\/v2\/product_brand?post=36757"},{"taxonomy":"product_cat","embeddable":true,"href":"https:\/\/fulbat.com\/fr\/wp-json\/wp\/v2\/product_cat?post=36757"},{"taxonomy":"product_tag","embeddable":true,"href":"https:\/\/fulbat.com\/fr\/wp-json\/wp\/v2\/product_tag?post=36757"}],"curies":[{"name":"wp","href":"https:\/\/api.w.org\/{rel}","templated":true}]}}