{"id":37864,"date":"2023-05-23T16:54:49","date_gmt":"2025-09-29T12:25:50","guid":{"rendered":"https:\/\/fulbat.com\/?post_type=product&#038;p=37864"},"modified":"2025-09-30T14:34:44","modified_gmt":"2025-09-30T12:34:44","slug":"fdc12-75l","status":"publish","type":"product","link":"https:\/\/fulbat.com\/fr\/produit\/fdc12-75l\/","title":{"rendered":"FDC12-75L"},"content":{"rendered":"<p style=\"text-align: justify;\">FDC12-75L fait partie de notre gamme de batteries FDC &#8211; Deep Cycle AGM Carbon. Sp\u00e9cialement con\u00e7ue pour les applications \u00e0 d\u00e9charge fr\u00e9quente et \u00e0 cycle profond, cette batterie 12V 76Ah offre une faible autod\u00e9charge et garantit une dur\u00e9e de vie maximale avec une r\u00e9sistance \u00e9lev\u00e9e aux cycles gr\u00e2ce \u00e0 des plaques de grille renforc\u00e9es.<\/p>\n<p style=\"text-align: justify;\">Gr\u00e2ce \u00e0 sa conception anti-d\u00e9versement et \u00e0 l&rsquo;absence de maintenance, la batterie FDC12-75L offre des performances fiables pour les v\u00e9hicules \u00e9lectriques et d&rsquo;autres applications telles que les machines de nettoyage&#8230;<\/p>\n","protected":false},"excerpt":{"rendered":"<p><span>\u00c9tanche et sans entretien<\/span><\/p>\n<p>Pas de manipulation d&rsquo;acide<\/p>\n<p>Conception \u00e0 cycle profond pour une capacit\u00e9 \u00e9lev\u00e9e et une dur\u00e9e de vie maximale<\/p>\n<p>Grille\/plaques renforc\u00e9es pour une utilisation cyclique optimale<\/p>\n<p>Additifs au carbone pour un \u00e9tat de charge partiel (psoc) et pour augmenter l&rsquo;efficacit\u00e9 de la charge<\/p>\n<p>Pas de ph\u00e9nom\u00e8ne de stratification<\/p>\n<p>Robuste, s\u00fbr et fiable<\/p>\n<p>Faible taux d&rsquo;autod\u00e9charge pour une dur\u00e9e de conservation plus longue<\/p>\n","protected":false},"featured_media":37884,"template":"","meta":[],"product_brand":[],"product_cat":[832,4242,831,830],"product_tag":[6717,4127],"class_list":{"0":"post-37864","1":"product","2":"type-product","3":"status-publish","4":"has-post-thumbnail","6":"product_cat-autolaveuse","7":"product_cat-fdc-deep-cycle-agm-carbone-fr","8":"product_cat-nacelle-plateforme-elevatrice","9":"product_cat-traction","10":"product_tag-fdc12-75l-fr","11":"product_tag-motive-battery-fr","13":"first","14":"instock","15":"shipping-taxable","16":"product-type-simple"},"yoast_head":"<!-- This site is optimized with the Yoast SEO plugin v26.9 - https:\/\/yoast.com\/product\/yoast-seo-wordpress\/ -->\n<title>FDC12-75L - Fulbat<\/title>\n<meta name=\"description\" content=\"FDC12-75L fait partie de notre gamme de batteries FDC - Deep Cycle AGM Carbon. Cette batterie offre une faible autod\u00e9charge et garantit une dur\u00e9e de vie maximale.\" \/>\n<meta name=\"robots\" content=\"index, follow, max-snippet:-1, max-image-preview:large, max-video-preview:-1\" \/>\n<link rel=\"canonical\" href=\"https:\/\/fulbat.com\/fr\/produit\/fdc12-75l\/\" \/>\n<meta property=\"og:locale\" content=\"fr_FR\" \/>\n<meta property=\"og:type\" content=\"article\" \/>\n<meta property=\"og:title\" content=\"FDC12-75L - Fulbat\" \/>\n<meta property=\"og:description\" content=\"FDC12-75L fait partie de notre gamme de batteries FDC - Deep Cycle AGM Carbon. Cette batterie offre une faible autod\u00e9charge et garantit une dur\u00e9e de vie maximale.\" \/>\n<meta property=\"og:url\" content=\"https:\/\/fulbat.com\/fr\/produit\/fdc12-75l\/\" \/>\n<meta property=\"og:site_name\" content=\"Fulbat\" \/>\n<meta property=\"article:modified_time\" content=\"2025-09-30T12:34:44+00:00\" \/>\n<meta property=\"og:image\" content=\"https:\/\/fulbat.com\/wp-content\/uploads\/2023\/05\/FT_FDC12-75L-2-1024x1012.png\" \/>\n\t<meta property=\"og:image:width\" content=\"1024\" \/>\n\t<meta property=\"og:image:height\" content=\"1012\" \/>\n\t<meta property=\"og:image:type\" content=\"image\/png\" \/>\n<meta name=\"twitter:card\" content=\"summary_large_image\" \/>\n<meta name=\"twitter:label1\" content=\"Dur\u00e9e de lecture estim\u00e9e\" \/>\n\t<meta name=\"twitter:data1\" content=\"1 minute\" \/>\n<script type=\"application\/ld+json\" class=\"yoast-schema-graph\">{\"@context\":\"https:\/\/schema.org\",\"@graph\":[{\"@type\":\"WebPage\",\"@id\":\"https:\/\/fulbat.com\/fr\/produit\/fdc12-75l\/\",\"url\":\"https:\/\/fulbat.com\/fr\/produit\/fdc12-75l\/\",\"name\":\"FDC12-75L - Fulbat\",\"isPartOf\":{\"@id\":\"https:\/\/fulbat.com\/fr\/#website\"},\"primaryImageOfPage\":{\"@id\":\"https:\/\/fulbat.com\/fr\/produit\/fdc12-75l\/#primaryimage\"},\"image\":{\"@id\":\"https:\/\/fulbat.com\/fr\/produit\/fdc12-75l\/#primaryimage\"},\"thumbnailUrl\":\"https:\/\/fulbat.com\/wp-content\/uploads\/2023\/05\/FT_FDC12-75L-2.png\",\"datePublished\":\"2025-09-29T12:25:50+00:00\",\"dateModified\":\"2025-09-30T12:34:44+00:00\",\"description\":\"FDC12-75L fait partie de notre gamme de batteries FDC - Deep Cycle AGM Carbon. Cette batterie offre une faible autod\u00e9charge et garantit une dur\u00e9e de vie maximale.\",\"breadcrumb\":{\"@id\":\"https:\/\/fulbat.com\/fr\/produit\/fdc12-75l\/#breadcrumb\"},\"inLanguage\":\"fr-FR\",\"potentialAction\":[{\"@type\":\"ReadAction\",\"target\":[\"https:\/\/fulbat.com\/fr\/produit\/fdc12-75l\/\"]}]},{\"@type\":\"ImageObject\",\"inLanguage\":\"fr-FR\",\"@id\":\"https:\/\/fulbat.com\/fr\/produit\/fdc12-75l\/#primaryimage\",\"url\":\"https:\/\/fulbat.com\/wp-content\/uploads\/2023\/05\/FT_FDC12-75L-2.png\",\"contentUrl\":\"https:\/\/fulbat.com\/wp-content\/uploads\/2023\/05\/FT_FDC12-75L-2.png\",\"width\":3260,\"height\":3223,\"caption\":\"FT_FDC12-75L\"},{\"@type\":\"BreadcrumbList\",\"@id\":\"https:\/\/fulbat.com\/fr\/produit\/fdc12-75l\/#breadcrumb\",\"itemListElement\":[{\"@type\":\"ListItem\",\"position\":1,\"name\":\"Home\",\"item\":\"https:\/\/fulbat.com\/fr\/\"},{\"@type\":\"ListItem\",\"position\":2,\"name\":\"Shop\",\"item\":\"https:\/\/fulbat.com\/shop\/\"},{\"@type\":\"ListItem\",\"position\":3,\"name\":\"Traction\",\"item\":\"https:\/\/fulbat.com\/fr\/traction\/\"},{\"@type\":\"ListItem\",\"position\":4,\"name\":\"FDC12-75L\"}]},{\"@type\":\"WebSite\",\"@id\":\"https:\/\/fulbat.com\/fr\/#website\",\"url\":\"https:\/\/fulbat.com\/fr\/\",\"name\":\"Fulbat\",\"description\":\"Qualitative, performing &amp; reliable battery solutions\",\"potentialAction\":[{\"@type\":\"SearchAction\",\"target\":{\"@type\":\"EntryPoint\",\"urlTemplate\":\"https:\/\/fulbat.com\/fr\/?s={search_term_string}\"},\"query-input\":{\"@type\":\"PropertyValueSpecification\",\"valueRequired\":true,\"valueName\":\"search_term_string\"}}],\"inLanguage\":\"fr-FR\"}]}<\/script>\n<!-- \/ Yoast SEO plugin. -->","yoast_head_json":{"title":"FDC12-75L - Fulbat","description":"FDC12-75L fait partie de notre gamme de batteries FDC - Deep Cycle AGM Carbon. Cette batterie offre une faible autod\u00e9charge et garantit une dur\u00e9e de vie maximale.","robots":{"index":"index","follow":"follow","max-snippet":"max-snippet:-1","max-image-preview":"max-image-preview:large","max-video-preview":"max-video-preview:-1"},"canonical":"https:\/\/fulbat.com\/fr\/produit\/fdc12-75l\/","og_locale":"fr_FR","og_type":"article","og_title":"FDC12-75L - Fulbat","og_description":"FDC12-75L fait partie de notre gamme de batteries FDC - Deep Cycle AGM Carbon. Cette batterie offre une faible autod\u00e9charge et garantit une dur\u00e9e de vie maximale.","og_url":"https:\/\/fulbat.com\/fr\/produit\/fdc12-75l\/","og_site_name":"Fulbat","article_modified_time":"2025-09-30T12:34:44+00:00","og_image":[{"width":1024,"height":1012,"url":"https:\/\/fulbat.com\/wp-content\/uploads\/2023\/05\/FT_FDC12-75L-2-1024x1012.png","type":"image\/png"}],"twitter_card":"summary_large_image","twitter_misc":{"Dur\u00e9e de lecture estim\u00e9e":"1 minute"},"schema":{"@context":"https:\/\/schema.org","@graph":[{"@type":"WebPage","@id":"https:\/\/fulbat.com\/fr\/produit\/fdc12-75l\/","url":"https:\/\/fulbat.com\/fr\/produit\/fdc12-75l\/","name":"FDC12-75L - Fulbat","isPartOf":{"@id":"https:\/\/fulbat.com\/fr\/#website"},"primaryImageOfPage":{"@id":"https:\/\/fulbat.com\/fr\/produit\/fdc12-75l\/#primaryimage"},"image":{"@id":"https:\/\/fulbat.com\/fr\/produit\/fdc12-75l\/#primaryimage"},"thumbnailUrl":"https:\/\/fulbat.com\/wp-content\/uploads\/2023\/05\/FT_FDC12-75L-2.png","datePublished":"2025-09-29T12:25:50+00:00","dateModified":"2025-09-30T12:34:44+00:00","description":"FDC12-75L fait partie de notre gamme de batteries FDC - Deep Cycle AGM Carbon. Cette batterie offre une faible autod\u00e9charge et garantit une dur\u00e9e de vie maximale.","breadcrumb":{"@id":"https:\/\/fulbat.com\/fr\/produit\/fdc12-75l\/#breadcrumb"},"inLanguage":"fr-FR","potentialAction":[{"@type":"ReadAction","target":["https:\/\/fulbat.com\/fr\/produit\/fdc12-75l\/"]}]},{"@type":"ImageObject","inLanguage":"fr-FR","@id":"https:\/\/fulbat.com\/fr\/produit\/fdc12-75l\/#primaryimage","url":"https:\/\/fulbat.com\/wp-content\/uploads\/2023\/05\/FT_FDC12-75L-2.png","contentUrl":"https:\/\/fulbat.com\/wp-content\/uploads\/2023\/05\/FT_FDC12-75L-2.png","width":3260,"height":3223,"caption":"FT_FDC12-75L"},{"@type":"BreadcrumbList","@id":"https:\/\/fulbat.com\/fr\/produit\/fdc12-75l\/#breadcrumb","itemListElement":[{"@type":"ListItem","position":1,"name":"Home","item":"https:\/\/fulbat.com\/fr\/"},{"@type":"ListItem","position":2,"name":"Shop","item":"https:\/\/fulbat.com\/shop\/"},{"@type":"ListItem","position":3,"name":"Traction","item":"https:\/\/fulbat.com\/fr\/traction\/"},{"@type":"ListItem","position":4,"name":"FDC12-75L"}]},{"@type":"WebSite","@id":"https:\/\/fulbat.com\/fr\/#website","url":"https:\/\/fulbat.com\/fr\/","name":"Fulbat","description":"Qualitative, performing &amp; reliable battery solutions","potentialAction":[{"@type":"SearchAction","target":{"@type":"EntryPoint","urlTemplate":"https:\/\/fulbat.com\/fr\/?s={search_term_string}"},"query-input":{"@type":"PropertyValueSpecification","valueRequired":true,"valueName":"search_term_string"}}],"inLanguage":"fr-FR"}]}},"_links":{"self":[{"href":"https:\/\/fulbat.com\/fr\/wp-json\/wp\/v2\/product\/37864","targetHints":{"allow":["GET"]}}],"collection":[{"href":"https:\/\/fulbat.com\/fr\/wp-json\/wp\/v2\/product"}],"about":[{"href":"https:\/\/fulbat.com\/fr\/wp-json\/wp\/v2\/types\/product"}],"wp:featuredmedia":[{"embeddable":true,"href":"https:\/\/fulbat.com\/fr\/wp-json\/wp\/v2\/media\/37884"}],"wp:attachment":[{"href":"https:\/\/fulbat.com\/fr\/wp-json\/wp\/v2\/media?parent=37864"}],"wp:term":[{"taxonomy":"product_brand","embeddable":true,"href":"https:\/\/fulbat.com\/fr\/wp-json\/wp\/v2\/product_brand?post=37864"},{"taxonomy":"product_cat","embeddable":true,"href":"https:\/\/fulbat.com\/fr\/wp-json\/wp\/v2\/product_cat?post=37864"},{"taxonomy":"product_tag","embeddable":true,"href":"https:\/\/fulbat.com\/fr\/wp-json\/wp\/v2\/product_tag?post=37864"}],"curies":[{"name":"wp","href":"https:\/\/api.w.org\/{rel}","templated":true}]}}