{"id":39854,"date":"2026-02-20T11:58:01","date_gmt":"2026-02-20T10:58:01","guid":{"rendered":"https:\/\/fulbat.com\/product\/fulload-1000\/"},"modified":"2026-04-07T15:50:42","modified_gmt":"2026-04-07T13:50:42","slug":"fulload-1000","status":"publish","type":"product","link":"https:\/\/fulbat.com\/fr\/produit\/fulload-1000\/","title":{"rendered":"FULLOAD 1000"},"content":{"rendered":"<p style=\"text-align: justify;\">Le FULLOAD 1000 est un chargeur et mainteneur de batterie intelligent et enti\u00e8rement automatique, sp\u00e9cialement con\u00e7u pour les batteries plomb-acide et lithium de sports motoris\u00e9s.<\/p>\n<p style=\"text-align: justify;\">Avec 4 modes s\u00e9lectionnables &#8211; dont un mode Lithium d\u00e9di\u00e9 &#8211; il charge les batteries 6V et 12V jusqu&rsquo;\u00e0 20Ah avec une sortie s\u00fbre de 1A. Son processus de charge intuitif en 3 \u00e9tapes garantit des performances optimales, prolonge la dur\u00e9e de vie de la batterie et permet \u00e0 vos v\u00e9hicules de sports motoris\u00e9s d&rsquo;\u00eatre pr\u00eats \u00e0 rouler.<\/p>\n<p>Le FULLOAD 1000 est livr\u00e9 avec un jeu de pinces et un jeu de cosses, offrant une connexion simple et polyvalente \u00e0 toutes les batteries.<\/p>\n","protected":false},"excerpt":{"rendered":"<p><strong>Large compatibilit\u00e9<\/strong>: pour les batteries plomb-acide 6V\/12V et les batteries LiFePO4 12V<br \/>\n4<strong>modes de charge<\/strong>: pour s&rsquo;adapter aux diff\u00e9rents types de batteries et conditions<br \/>\n<strong>Fonctionnement simple<\/strong>: connectez, s\u00e9lectionnez le mode de charge et oubliez<br \/>\n<strong>Affichage LED clair<\/strong>: indicateurs faciles \u00e0 lire pour l&rsquo;\u00e9tat de charge<br \/>\n<strong>Tr\u00e8s s\u00fbr :<\/strong> prot\u00e9g\u00e9 contre les courts-circuits, l&rsquo;inversion de polarit\u00e9, la surcharge et la surchauffe<\/p>\n","protected":false},"featured_media":37830,"template":"","meta":[],"product_brand":[],"product_cat":[6788,6789,850],"product_tag":[],"class_list":{"0":"post-39854","1":"product","2":"type-product","3":"status-publish","4":"has-post-thumbnail","6":"product_cat-charger-fr","7":"product_cat-charger-2-fr","8":"product_cat-sans-categorie","10":"first","11":"instock","12":"shipping-taxable","13":"product-type-simple"},"yoast_head":"<!-- This site is optimized with the Yoast SEO plugin v26.9 - https:\/\/yoast.com\/product\/yoast-seo-wordpress\/ -->\n<title>FULLOAD 1000 - Fulbat<\/title>\n<meta name=\"description\" content=\"%\" \/>\n<meta name=\"robots\" content=\"index, follow, max-snippet:-1, max-image-preview:large, max-video-preview:-1\" \/>\n<link rel=\"canonical\" href=\"https:\/\/fulbat.com\/fr\/produit\/fulload-1000\/\" \/>\n<meta property=\"og:locale\" content=\"fr_FR\" \/>\n<meta property=\"og:type\" content=\"article\" \/>\n<meta property=\"og:title\" content=\"FULLOAD 1000 - Fulbat\" \/>\n<meta property=\"og:description\" content=\"%\" \/>\n<meta property=\"og:url\" content=\"https:\/\/fulbat.com\/fr\/produit\/fulload-1000\/\" \/>\n<meta property=\"og:site_name\" content=\"Fulbat\" \/>\n<meta property=\"article:modified_time\" content=\"2026-04-07T13:50:42+00:00\" \/>\n<meta property=\"og:image\" content=\"https:\/\/fulbat.com\/wp-content\/uploads\/2025\/09\/Fulbat_photo_produit-charger.f10001png.png\" \/>\n\t<meta property=\"og:image:width\" content=\"1200\" \/>\n\t<meta property=\"og:image:height\" content=\"800\" \/>\n\t<meta property=\"og:image:type\" content=\"image\/png\" \/>\n<meta name=\"twitter:card\" content=\"summary_large_image\" \/>\n<meta name=\"twitter:label1\" content=\"Dur\u00e9e de lecture estim\u00e9e\" \/>\n\t<meta name=\"twitter:data1\" content=\"1 minute\" \/>\n<script type=\"application\/ld+json\" class=\"yoast-schema-graph\">{\"@context\":\"https:\/\/schema.org\",\"@graph\":[{\"@type\":\"WebPage\",\"@id\":\"https:\/\/fulbat.com\/fr\/produit\/fulload-1000\/\",\"url\":\"https:\/\/fulbat.com\/fr\/produit\/fulload-1000\/\",\"name\":\"FULLOAD 1000 - Fulbat\",\"isPartOf\":{\"@id\":\"https:\/\/fulbat.com\/fr\/#website\"},\"primaryImageOfPage\":{\"@id\":\"https:\/\/fulbat.com\/fr\/produit\/fulload-1000\/#primaryimage\"},\"image\":{\"@id\":\"https:\/\/fulbat.com\/fr\/produit\/fulload-1000\/#primaryimage\"},\"thumbnailUrl\":\"https:\/\/fulbat.com\/wp-content\/uploads\/2025\/09\/Fulbat_photo_produit-charger.f10001png.png\",\"datePublished\":\"2026-02-20T10:58:01+00:00\",\"dateModified\":\"2026-04-07T13:50:42+00:00\",\"description\":\"%\",\"breadcrumb\":{\"@id\":\"https:\/\/fulbat.com\/fr\/produit\/fulload-1000\/#breadcrumb\"},\"inLanguage\":\"fr-FR\",\"potentialAction\":[{\"@type\":\"ReadAction\",\"target\":[\"https:\/\/fulbat.com\/fr\/produit\/fulload-1000\/\"]}]},{\"@type\":\"ImageObject\",\"inLanguage\":\"fr-FR\",\"@id\":\"https:\/\/fulbat.com\/fr\/produit\/fulload-1000\/#primaryimage\",\"url\":\"https:\/\/fulbat.com\/wp-content\/uploads\/2025\/09\/Fulbat_photo_produit-charger.f10001png.png\",\"contentUrl\":\"https:\/\/fulbat.com\/wp-content\/uploads\/2025\/09\/Fulbat_photo_produit-charger.f10001png.png\",\"width\":1200,\"height\":800,\"caption\":\"Fulbat_photo_produit-charger.f10001png\"},{\"@type\":\"BreadcrumbList\",\"@id\":\"https:\/\/fulbat.com\/fr\/produit\/fulload-1000\/#breadcrumb\",\"itemListElement\":[{\"@type\":\"ListItem\",\"position\":1,\"name\":\"Home\",\"item\":\"https:\/\/fulbat.com\/fr\/\"},{\"@type\":\"ListItem\",\"position\":2,\"name\":\"Shop\",\"item\":\"https:\/\/fulbat.com\/shop\/\"},{\"@type\":\"ListItem\",\"position\":3,\"name\":\"Sans cat\u00e9gorie\",\"item\":\"https:\/\/fulbat.com\/fr\/sans-categorie\/\"},{\"@type\":\"ListItem\",\"position\":4,\"name\":\"FULLOAD 1000\"}]},{\"@type\":\"WebSite\",\"@id\":\"https:\/\/fulbat.com\/fr\/#website\",\"url\":\"https:\/\/fulbat.com\/fr\/\",\"name\":\"Fulbat\",\"description\":\"Qualitative, performing &amp; reliable battery solutions\",\"potentialAction\":[{\"@type\":\"SearchAction\",\"target\":{\"@type\":\"EntryPoint\",\"urlTemplate\":\"https:\/\/fulbat.com\/fr\/?s={search_term_string}\"},\"query-input\":{\"@type\":\"PropertyValueSpecification\",\"valueRequired\":true,\"valueName\":\"search_term_string\"}}],\"inLanguage\":\"fr-FR\"}]}<\/script>\n<!-- \/ Yoast SEO plugin. -->","yoast_head_json":{"title":"FULLOAD 1000 - Fulbat","description":"%","robots":{"index":"index","follow":"follow","max-snippet":"max-snippet:-1","max-image-preview":"max-image-preview:large","max-video-preview":"max-video-preview:-1"},"canonical":"https:\/\/fulbat.com\/fr\/produit\/fulload-1000\/","og_locale":"fr_FR","og_type":"article","og_title":"FULLOAD 1000 - Fulbat","og_description":"%","og_url":"https:\/\/fulbat.com\/fr\/produit\/fulload-1000\/","og_site_name":"Fulbat","article_modified_time":"2026-04-07T13:50:42+00:00","og_image":[{"width":1200,"height":800,"url":"https:\/\/fulbat.com\/wp-content\/uploads\/2025\/09\/Fulbat_photo_produit-charger.f10001png.png","type":"image\/png"}],"twitter_card":"summary_large_image","twitter_misc":{"Dur\u00e9e de lecture estim\u00e9e":"1 minute"},"schema":{"@context":"https:\/\/schema.org","@graph":[{"@type":"WebPage","@id":"https:\/\/fulbat.com\/fr\/produit\/fulload-1000\/","url":"https:\/\/fulbat.com\/fr\/produit\/fulload-1000\/","name":"FULLOAD 1000 - Fulbat","isPartOf":{"@id":"https:\/\/fulbat.com\/fr\/#website"},"primaryImageOfPage":{"@id":"https:\/\/fulbat.com\/fr\/produit\/fulload-1000\/#primaryimage"},"image":{"@id":"https:\/\/fulbat.com\/fr\/produit\/fulload-1000\/#primaryimage"},"thumbnailUrl":"https:\/\/fulbat.com\/wp-content\/uploads\/2025\/09\/Fulbat_photo_produit-charger.f10001png.png","datePublished":"2026-02-20T10:58:01+00:00","dateModified":"2026-04-07T13:50:42+00:00","description":"%","breadcrumb":{"@id":"https:\/\/fulbat.com\/fr\/produit\/fulload-1000\/#breadcrumb"},"inLanguage":"fr-FR","potentialAction":[{"@type":"ReadAction","target":["https:\/\/fulbat.com\/fr\/produit\/fulload-1000\/"]}]},{"@type":"ImageObject","inLanguage":"fr-FR","@id":"https:\/\/fulbat.com\/fr\/produit\/fulload-1000\/#primaryimage","url":"https:\/\/fulbat.com\/wp-content\/uploads\/2025\/09\/Fulbat_photo_produit-charger.f10001png.png","contentUrl":"https:\/\/fulbat.com\/wp-content\/uploads\/2025\/09\/Fulbat_photo_produit-charger.f10001png.png","width":1200,"height":800,"caption":"Fulbat_photo_produit-charger.f10001png"},{"@type":"BreadcrumbList","@id":"https:\/\/fulbat.com\/fr\/produit\/fulload-1000\/#breadcrumb","itemListElement":[{"@type":"ListItem","position":1,"name":"Home","item":"https:\/\/fulbat.com\/fr\/"},{"@type":"ListItem","position":2,"name":"Shop","item":"https:\/\/fulbat.com\/shop\/"},{"@type":"ListItem","position":3,"name":"Sans cat\u00e9gorie","item":"https:\/\/fulbat.com\/fr\/sans-categorie\/"},{"@type":"ListItem","position":4,"name":"FULLOAD 1000"}]},{"@type":"WebSite","@id":"https:\/\/fulbat.com\/fr\/#website","url":"https:\/\/fulbat.com\/fr\/","name":"Fulbat","description":"Qualitative, performing &amp; reliable battery solutions","potentialAction":[{"@type":"SearchAction","target":{"@type":"EntryPoint","urlTemplate":"https:\/\/fulbat.com\/fr\/?s={search_term_string}"},"query-input":{"@type":"PropertyValueSpecification","valueRequired":true,"valueName":"search_term_string"}}],"inLanguage":"fr-FR"}]}},"_links":{"self":[{"href":"https:\/\/fulbat.com\/fr\/wp-json\/wp\/v2\/product\/39854","targetHints":{"allow":["GET"]}}],"collection":[{"href":"https:\/\/fulbat.com\/fr\/wp-json\/wp\/v2\/product"}],"about":[{"href":"https:\/\/fulbat.com\/fr\/wp-json\/wp\/v2\/types\/product"}],"wp:featuredmedia":[{"embeddable":true,"href":"https:\/\/fulbat.com\/fr\/wp-json\/wp\/v2\/media\/37830"}],"wp:attachment":[{"href":"https:\/\/fulbat.com\/fr\/wp-json\/wp\/v2\/media?parent=39854"}],"wp:term":[{"taxonomy":"product_brand","embeddable":true,"href":"https:\/\/fulbat.com\/fr\/wp-json\/wp\/v2\/product_brand?post=39854"},{"taxonomy":"product_cat","embeddable":true,"href":"https:\/\/fulbat.com\/fr\/wp-json\/wp\/v2\/product_cat?post=39854"},{"taxonomy":"product_tag","embeddable":true,"href":"https:\/\/fulbat.com\/fr\/wp-json\/wp\/v2\/product_tag?post=39854"}],"curies":[{"name":"wp","href":"https:\/\/api.w.org\/{rel}","templated":true}]}}