{"id":39861,"date":"2026-02-20T11:09:35","date_gmt":"2026-02-20T10:09:35","guid":{"rendered":"https:\/\/fulbat.com\/product\/fulload-f4\/"},"modified":"2026-04-07T15:50:32","modified_gmt":"2026-04-07T13:50:32","slug":"fulload-f4","status":"publish","type":"product","link":"https:\/\/fulbat.com\/fr\/produit\/fulload-f4\/","title":{"rendered":"FULLOAD F4"},"content":{"rendered":"<p style=\"text-align: justify;\">Le FULLOAD F4 est un chargeur et mainteneur de batterie intelligent et enti\u00e8rement automatique, con\u00e7u sp\u00e9cialement pour les batteries plomb-acide et lithium de sports motoris\u00e9s.<\/p>\n<p style=\"text-align: justify;\">Avec 7 modes s\u00e9lectionnables \u2014 dont un mode Lithium d\u00e9di\u00e9 \u2014 il charge en toute s\u00e9curit\u00e9 les batteries 6V et 12V avec un courant de 2A ou 4A, s\u2019adaptant parfaitement aux batteries petites et standard (jusqu\u2019\u00e0 80Ah). Son processus de charge avanc\u00e9 en 8 \u00e9tapes maximise les performances, prolonge la dur\u00e9e de vie des batteries et maintient vos v\u00e9hicules toujours pr\u00eats \u00e0 l\u2019action.<\/p>\n<p>Le FULLOAD F4 est livr\u00e9 avec un jeu de pinces et un jeu de cosses, offrant polyvalence et facilit\u00e9 de connexion \u00e0 toutes les batteries.<\/p>\n","protected":false},"excerpt":{"rendered":"<p><strong>Large compatibilit\u00e9 : <\/strong><span>pour les batteries au plomb 6 V\/12 V et les batteries LiFePO4 12 V<\/span><br \/>\n<strong>7 modes de charge :<\/strong> <span>pour s&rsquo;adapter \u00e0 diff\u00e9rents types et \u00e9tats de batterie<\/span><br \/>\n<strong>Utilisation simple :<\/strong> branchez, s\u00e9lectionnez le mode de charge et n&rsquo;y pensez plus<br \/>\n<strong>Affichage LED clair :<\/strong> indicateurs faciles \u00e0 lire pour l&rsquo;\u00e9tat de charge<br \/>\nTr\u00e8s s\u00fbr : prot\u00e9g\u00e9 contre les courts-circuits, les inversions de polarit\u00e9, les surcharges et les surchauffes<\/p>\n","protected":false},"featured_media":37809,"template":"","meta":[],"product_brand":[],"product_cat":[6788,6789,850],"product_tag":[],"class_list":{"0":"post-39861","1":"product","2":"type-product","3":"status-publish","4":"has-post-thumbnail","6":"product_cat-charger-fr","7":"product_cat-charger-2-fr","8":"product_cat-sans-categorie","10":"first","11":"instock","12":"shipping-taxable","13":"product-type-simple"},"yoast_head":"<!-- This site is optimized with the Yoast SEO plugin v26.9 - https:\/\/yoast.com\/product\/yoast-seo-wordpress\/ -->\n<title>FULLOAD F4 - Fulbat<\/title>\n<meta name=\"description\" content=\"%\" \/>\n<meta name=\"robots\" content=\"index, follow, max-snippet:-1, max-image-preview:large, max-video-preview:-1\" \/>\n<link rel=\"canonical\" href=\"https:\/\/fulbat.com\/fr\/produit\/fulload-f4\/\" \/>\n<meta property=\"og:locale\" content=\"fr_FR\" \/>\n<meta property=\"og:type\" content=\"article\" \/>\n<meta property=\"og:title\" content=\"FULLOAD F4 - Fulbat\" \/>\n<meta property=\"og:description\" content=\"%\" \/>\n<meta property=\"og:url\" content=\"https:\/\/fulbat.com\/fr\/produit\/fulload-f4\/\" \/>\n<meta property=\"og:site_name\" content=\"Fulbat\" \/>\n<meta property=\"article:modified_time\" content=\"2026-04-07T13:50:32+00:00\" \/>\n<meta property=\"og:image\" content=\"https:\/\/fulbat.com\/wp-content\/uploads\/2025\/09\/Fulbat_photo_produit-charger1.png\" \/>\n\t<meta property=\"og:image:width\" content=\"1200\" \/>\n\t<meta property=\"og:image:height\" content=\"800\" \/>\n\t<meta property=\"og:image:type\" content=\"image\/png\" \/>\n<meta name=\"twitter:card\" content=\"summary_large_image\" \/>\n<meta name=\"twitter:label1\" content=\"Dur\u00e9e de lecture estim\u00e9e\" \/>\n\t<meta name=\"twitter:data1\" content=\"1 minute\" \/>\n<script type=\"application\/ld+json\" class=\"yoast-schema-graph\">{\"@context\":\"https:\/\/schema.org\",\"@graph\":[{\"@type\":\"WebPage\",\"@id\":\"https:\/\/fulbat.com\/fr\/produit\/fulload-f4\/\",\"url\":\"https:\/\/fulbat.com\/fr\/produit\/fulload-f4\/\",\"name\":\"FULLOAD F4 - Fulbat\",\"isPartOf\":{\"@id\":\"https:\/\/fulbat.com\/fr\/#website\"},\"primaryImageOfPage\":{\"@id\":\"https:\/\/fulbat.com\/fr\/produit\/fulload-f4\/#primaryimage\"},\"image\":{\"@id\":\"https:\/\/fulbat.com\/fr\/produit\/fulload-f4\/#primaryimage\"},\"thumbnailUrl\":\"https:\/\/fulbat.com\/wp-content\/uploads\/2025\/09\/Fulbat_photo_produit-charger1.png\",\"datePublished\":\"2026-02-20T10:09:35+00:00\",\"dateModified\":\"2026-04-07T13:50:32+00:00\",\"description\":\"%\",\"breadcrumb\":{\"@id\":\"https:\/\/fulbat.com\/fr\/produit\/fulload-f4\/#breadcrumb\"},\"inLanguage\":\"fr-FR\",\"potentialAction\":[{\"@type\":\"ReadAction\",\"target\":[\"https:\/\/fulbat.com\/fr\/produit\/fulload-f4\/\"]}]},{\"@type\":\"ImageObject\",\"inLanguage\":\"fr-FR\",\"@id\":\"https:\/\/fulbat.com\/fr\/produit\/fulload-f4\/#primaryimage\",\"url\":\"https:\/\/fulbat.com\/wp-content\/uploads\/2025\/09\/Fulbat_photo_produit-charger1.png\",\"contentUrl\":\"https:\/\/fulbat.com\/wp-content\/uploads\/2025\/09\/Fulbat_photo_produit-charger1.png\",\"width\":1200,\"height\":800,\"caption\":\"Fulbat_photo_produit-charger1\"},{\"@type\":\"BreadcrumbList\",\"@id\":\"https:\/\/fulbat.com\/fr\/produit\/fulload-f4\/#breadcrumb\",\"itemListElement\":[{\"@type\":\"ListItem\",\"position\":1,\"name\":\"Home\",\"item\":\"https:\/\/fulbat.com\/fr\/\"},{\"@type\":\"ListItem\",\"position\":2,\"name\":\"Shop\",\"item\":\"https:\/\/fulbat.com\/shop\/\"},{\"@type\":\"ListItem\",\"position\":3,\"name\":\"Sans cat\u00e9gorie\",\"item\":\"https:\/\/fulbat.com\/fr\/sans-categorie\/\"},{\"@type\":\"ListItem\",\"position\":4,\"name\":\"FULLOAD F4\"}]},{\"@type\":\"WebSite\",\"@id\":\"https:\/\/fulbat.com\/fr\/#website\",\"url\":\"https:\/\/fulbat.com\/fr\/\",\"name\":\"Fulbat\",\"description\":\"Qualitative, performing &amp; reliable battery solutions\",\"potentialAction\":[{\"@type\":\"SearchAction\",\"target\":{\"@type\":\"EntryPoint\",\"urlTemplate\":\"https:\/\/fulbat.com\/fr\/?s={search_term_string}\"},\"query-input\":{\"@type\":\"PropertyValueSpecification\",\"valueRequired\":true,\"valueName\":\"search_term_string\"}}],\"inLanguage\":\"fr-FR\"}]}<\/script>\n<!-- \/ Yoast SEO plugin. -->","yoast_head_json":{"title":"FULLOAD F4 - Fulbat","description":"%","robots":{"index":"index","follow":"follow","max-snippet":"max-snippet:-1","max-image-preview":"max-image-preview:large","max-video-preview":"max-video-preview:-1"},"canonical":"https:\/\/fulbat.com\/fr\/produit\/fulload-f4\/","og_locale":"fr_FR","og_type":"article","og_title":"FULLOAD F4 - Fulbat","og_description":"%","og_url":"https:\/\/fulbat.com\/fr\/produit\/fulload-f4\/","og_site_name":"Fulbat","article_modified_time":"2026-04-07T13:50:32+00:00","og_image":[{"width":1200,"height":800,"url":"https:\/\/fulbat.com\/wp-content\/uploads\/2025\/09\/Fulbat_photo_produit-charger1.png","type":"image\/png"}],"twitter_card":"summary_large_image","twitter_misc":{"Dur\u00e9e de lecture estim\u00e9e":"1 minute"},"schema":{"@context":"https:\/\/schema.org","@graph":[{"@type":"WebPage","@id":"https:\/\/fulbat.com\/fr\/produit\/fulload-f4\/","url":"https:\/\/fulbat.com\/fr\/produit\/fulload-f4\/","name":"FULLOAD F4 - Fulbat","isPartOf":{"@id":"https:\/\/fulbat.com\/fr\/#website"},"primaryImageOfPage":{"@id":"https:\/\/fulbat.com\/fr\/produit\/fulload-f4\/#primaryimage"},"image":{"@id":"https:\/\/fulbat.com\/fr\/produit\/fulload-f4\/#primaryimage"},"thumbnailUrl":"https:\/\/fulbat.com\/wp-content\/uploads\/2025\/09\/Fulbat_photo_produit-charger1.png","datePublished":"2026-02-20T10:09:35+00:00","dateModified":"2026-04-07T13:50:32+00:00","description":"%","breadcrumb":{"@id":"https:\/\/fulbat.com\/fr\/produit\/fulload-f4\/#breadcrumb"},"inLanguage":"fr-FR","potentialAction":[{"@type":"ReadAction","target":["https:\/\/fulbat.com\/fr\/produit\/fulload-f4\/"]}]},{"@type":"ImageObject","inLanguage":"fr-FR","@id":"https:\/\/fulbat.com\/fr\/produit\/fulload-f4\/#primaryimage","url":"https:\/\/fulbat.com\/wp-content\/uploads\/2025\/09\/Fulbat_photo_produit-charger1.png","contentUrl":"https:\/\/fulbat.com\/wp-content\/uploads\/2025\/09\/Fulbat_photo_produit-charger1.png","width":1200,"height":800,"caption":"Fulbat_photo_produit-charger1"},{"@type":"BreadcrumbList","@id":"https:\/\/fulbat.com\/fr\/produit\/fulload-f4\/#breadcrumb","itemListElement":[{"@type":"ListItem","position":1,"name":"Home","item":"https:\/\/fulbat.com\/fr\/"},{"@type":"ListItem","position":2,"name":"Shop","item":"https:\/\/fulbat.com\/shop\/"},{"@type":"ListItem","position":3,"name":"Sans cat\u00e9gorie","item":"https:\/\/fulbat.com\/fr\/sans-categorie\/"},{"@type":"ListItem","position":4,"name":"FULLOAD F4"}]},{"@type":"WebSite","@id":"https:\/\/fulbat.com\/fr\/#website","url":"https:\/\/fulbat.com\/fr\/","name":"Fulbat","description":"Qualitative, performing &amp; reliable battery solutions","potentialAction":[{"@type":"SearchAction","target":{"@type":"EntryPoint","urlTemplate":"https:\/\/fulbat.com\/fr\/?s={search_term_string}"},"query-input":{"@type":"PropertyValueSpecification","valueRequired":true,"valueName":"search_term_string"}}],"inLanguage":"fr-FR"}]}},"_links":{"self":[{"href":"https:\/\/fulbat.com\/fr\/wp-json\/wp\/v2\/product\/39861","targetHints":{"allow":["GET"]}}],"collection":[{"href":"https:\/\/fulbat.com\/fr\/wp-json\/wp\/v2\/product"}],"about":[{"href":"https:\/\/fulbat.com\/fr\/wp-json\/wp\/v2\/types\/product"}],"wp:featuredmedia":[{"embeddable":true,"href":"https:\/\/fulbat.com\/fr\/wp-json\/wp\/v2\/media\/37809"}],"wp:attachment":[{"href":"https:\/\/fulbat.com\/fr\/wp-json\/wp\/v2\/media?parent=39861"}],"wp:term":[{"taxonomy":"product_brand","embeddable":true,"href":"https:\/\/fulbat.com\/fr\/wp-json\/wp\/v2\/product_brand?post=39861"},{"taxonomy":"product_cat","embeddable":true,"href":"https:\/\/fulbat.com\/fr\/wp-json\/wp\/v2\/product_cat?post=39861"},{"taxonomy":"product_tag","embeddable":true,"href":"https:\/\/fulbat.com\/fr\/wp-json\/wp\/v2\/product_tag?post=39861"}],"curies":[{"name":"wp","href":"https:\/\/api.w.org\/{rel}","templated":true}]}}