{"id":39863,"date":"2026-02-20T10:52:41","date_gmt":"2026-02-20T09:52:41","guid":{"rendered":"https:\/\/fulbat.com\/product\/fulload-f10\/"},"modified":"2026-04-07T15:50:25","modified_gmt":"2026-04-07T13:50:25","slug":"fulload-f10","status":"publish","type":"product","link":"https:\/\/fulbat.com\/fr\/produit\/fulload-f10\/","title":{"rendered":"FULLOAD F10"},"content":{"rendered":"<p style=\"text-align: justify;\">Le tout nouveau FULLOAD F10 est un chargeur et mainteneur de batterie automatique, con\u00e7u pour les batteries plomb-acide et lithium automobile ou de sports motoris\u00e9s.<\/p>\n<p style=\"text-align: justify;\">Avec 5 modes s\u00e9lectionnables et une fonction alimentation d\u00e9di\u00e9e, le FULLOAD F10 offre une polyvalence exceptionnelle pour les batteries de moyenne et grande capacit\u00e9 (jusqu\u2019\u00e0 200Ah), avec un courant de 2A pour les batteries 6V et de 10A pour les batteries 12V.<\/p>\n<p style=\"text-align: justify;\">S\u00fbr, efficace et facile \u00e0 utiliser, son processus de charge en trois \u00e9tapes garantit des performances optimales, une protection fiable et une dur\u00e9e de vie prolong\u00e9e pour toutes vos batteries.<\/p>\n<p>Le FULLOAD F10 est livr\u00e9 avec un jeu de pinces<\/p>\n","protected":false},"excerpt":{"rendered":"<p><strong>Large compatibilit\u00e9 :<\/strong><span> pour les batteries au plomb 6 V\/12 V et les batteries LiFePO4 12 V.<\/span><br \/>\n<strong>5 modes de charge :<\/strong> <span>pour s&rsquo;adapter \u00e0 diff\u00e9rents types et \u00e9tats de batterie.<br \/>\n<strong>Fonction d&rsquo;alimentation \u00e9lectrique :<\/strong> fournit une sortie stable pour alimenter les composants \u00e9lectroniques du v\u00e9hicule pendant l&rsquo;entretien ou le remplacement de la batterie.<\/span><br \/>\n<strong>Utilisation simple : <\/strong>connectez, s\u00e9lectionnez le mode de charge et n&rsquo;y pensez plus.<br \/>\n<strong>Affichage LED clair :<\/strong> indicateurs faciles \u00e0 lire pour l&rsquo;\u00e9tat de charge.<br \/>\n<strong>Tr\u00e8s s\u00fbr :<\/strong> prot\u00e9g\u00e9 contre les courts-circuits, les inversions de polarit\u00e9, les surcharges et les surchauffes.<\/p>\n","protected":false},"featured_media":38919,"template":"","meta":[],"product_brand":[],"product_cat":[6788,6789,850],"product_tag":[],"class_list":{"0":"post-39863","1":"product","2":"type-product","3":"status-publish","4":"has-post-thumbnail","6":"product_cat-charger-fr","7":"product_cat-charger-2-fr","8":"product_cat-sans-categorie","10":"first","11":"instock","12":"shipping-taxable","13":"product-type-simple"},"yoast_head":"<!-- This site is optimized with the Yoast SEO plugin v26.9 - https:\/\/yoast.com\/product\/yoast-seo-wordpress\/ -->\n<title>FULLOAD F10 - Fulbat<\/title>\n<meta name=\"description\" content=\"%\" \/>\n<meta name=\"robots\" content=\"index, follow, max-snippet:-1, max-image-preview:large, max-video-preview:-1\" \/>\n<link rel=\"canonical\" href=\"https:\/\/fulbat.com\/fr\/produit\/fulload-f10\/\" \/>\n<meta property=\"og:locale\" content=\"fr_FR\" \/>\n<meta property=\"og:type\" content=\"article\" \/>\n<meta property=\"og:title\" content=\"FULLOAD F10 - Fulbat\" \/>\n<meta property=\"og:description\" content=\"%\" \/>\n<meta property=\"og:url\" content=\"https:\/\/fulbat.com\/fr\/produit\/fulload-f10\/\" \/>\n<meta property=\"og:site_name\" content=\"Fulbat\" \/>\n<meta property=\"article:modified_time\" content=\"2026-04-07T13:50:25+00:00\" \/>\n<meta property=\"og:image\" content=\"https:\/\/fulbat.com\/wp-content\/uploads\/2025\/12\/FT_Fulload_F10-vignette.png\" \/>\n\t<meta property=\"og:image:width\" content=\"790\" \/>\n\t<meta property=\"og:image:height\" content=\"512\" \/>\n\t<meta property=\"og:image:type\" content=\"image\/png\" \/>\n<meta name=\"twitter:card\" content=\"summary_large_image\" \/>\n<meta name=\"twitter:label1\" content=\"Dur\u00e9e de lecture estim\u00e9e\" \/>\n\t<meta name=\"twitter:data1\" content=\"1 minute\" \/>\n<script type=\"application\/ld+json\" class=\"yoast-schema-graph\">{\"@context\":\"https:\/\/schema.org\",\"@graph\":[{\"@type\":\"WebPage\",\"@id\":\"https:\/\/fulbat.com\/fr\/produit\/fulload-f10\/\",\"url\":\"https:\/\/fulbat.com\/fr\/produit\/fulload-f10\/\",\"name\":\"FULLOAD F10 - Fulbat\",\"isPartOf\":{\"@id\":\"https:\/\/fulbat.com\/fr\/#website\"},\"primaryImageOfPage\":{\"@id\":\"https:\/\/fulbat.com\/fr\/produit\/fulload-f10\/#primaryimage\"},\"image\":{\"@id\":\"https:\/\/fulbat.com\/fr\/produit\/fulload-f10\/#primaryimage\"},\"thumbnailUrl\":\"https:\/\/fulbat.com\/wp-content\/uploads\/2025\/12\/FT_Fulload_F10-vignette.png\",\"datePublished\":\"2026-02-20T09:52:41+00:00\",\"dateModified\":\"2026-04-07T13:50:25+00:00\",\"description\":\"%\",\"breadcrumb\":{\"@id\":\"https:\/\/fulbat.com\/fr\/produit\/fulload-f10\/#breadcrumb\"},\"inLanguage\":\"fr-FR\",\"potentialAction\":[{\"@type\":\"ReadAction\",\"target\":[\"https:\/\/fulbat.com\/fr\/produit\/fulload-f10\/\"]}]},{\"@type\":\"ImageObject\",\"inLanguage\":\"fr-FR\",\"@id\":\"https:\/\/fulbat.com\/fr\/produit\/fulload-f10\/#primaryimage\",\"url\":\"https:\/\/fulbat.com\/wp-content\/uploads\/2025\/12\/FT_Fulload_F10-vignette.png\",\"contentUrl\":\"https:\/\/fulbat.com\/wp-content\/uploads\/2025\/12\/FT_Fulload_F10-vignette.png\",\"width\":790,\"height\":512,\"caption\":\"FT_Fulload_F10-vignette\"},{\"@type\":\"BreadcrumbList\",\"@id\":\"https:\/\/fulbat.com\/fr\/produit\/fulload-f10\/#breadcrumb\",\"itemListElement\":[{\"@type\":\"ListItem\",\"position\":1,\"name\":\"Home\",\"item\":\"https:\/\/fulbat.com\/fr\/\"},{\"@type\":\"ListItem\",\"position\":2,\"name\":\"Shop\",\"item\":\"https:\/\/fulbat.com\/shop\/\"},{\"@type\":\"ListItem\",\"position\":3,\"name\":\"Sans cat\u00e9gorie\",\"item\":\"https:\/\/fulbat.com\/fr\/sans-categorie\/\"},{\"@type\":\"ListItem\",\"position\":4,\"name\":\"FULLOAD F10\"}]},{\"@type\":\"WebSite\",\"@id\":\"https:\/\/fulbat.com\/fr\/#website\",\"url\":\"https:\/\/fulbat.com\/fr\/\",\"name\":\"Fulbat\",\"description\":\"Qualitative, performing &amp; reliable battery solutions\",\"potentialAction\":[{\"@type\":\"SearchAction\",\"target\":{\"@type\":\"EntryPoint\",\"urlTemplate\":\"https:\/\/fulbat.com\/fr\/?s={search_term_string}\"},\"query-input\":{\"@type\":\"PropertyValueSpecification\",\"valueRequired\":true,\"valueName\":\"search_term_string\"}}],\"inLanguage\":\"fr-FR\"}]}<\/script>\n<!-- \/ Yoast SEO plugin. -->","yoast_head_json":{"title":"FULLOAD F10 - Fulbat","description":"%","robots":{"index":"index","follow":"follow","max-snippet":"max-snippet:-1","max-image-preview":"max-image-preview:large","max-video-preview":"max-video-preview:-1"},"canonical":"https:\/\/fulbat.com\/fr\/produit\/fulload-f10\/","og_locale":"fr_FR","og_type":"article","og_title":"FULLOAD F10 - Fulbat","og_description":"%","og_url":"https:\/\/fulbat.com\/fr\/produit\/fulload-f10\/","og_site_name":"Fulbat","article_modified_time":"2026-04-07T13:50:25+00:00","og_image":[{"width":790,"height":512,"url":"https:\/\/fulbat.com\/wp-content\/uploads\/2025\/12\/FT_Fulload_F10-vignette.png","type":"image\/png"}],"twitter_card":"summary_large_image","twitter_misc":{"Dur\u00e9e de lecture estim\u00e9e":"1 minute"},"schema":{"@context":"https:\/\/schema.org","@graph":[{"@type":"WebPage","@id":"https:\/\/fulbat.com\/fr\/produit\/fulload-f10\/","url":"https:\/\/fulbat.com\/fr\/produit\/fulload-f10\/","name":"FULLOAD F10 - Fulbat","isPartOf":{"@id":"https:\/\/fulbat.com\/fr\/#website"},"primaryImageOfPage":{"@id":"https:\/\/fulbat.com\/fr\/produit\/fulload-f10\/#primaryimage"},"image":{"@id":"https:\/\/fulbat.com\/fr\/produit\/fulload-f10\/#primaryimage"},"thumbnailUrl":"https:\/\/fulbat.com\/wp-content\/uploads\/2025\/12\/FT_Fulload_F10-vignette.png","datePublished":"2026-02-20T09:52:41+00:00","dateModified":"2026-04-07T13:50:25+00:00","description":"%","breadcrumb":{"@id":"https:\/\/fulbat.com\/fr\/produit\/fulload-f10\/#breadcrumb"},"inLanguage":"fr-FR","potentialAction":[{"@type":"ReadAction","target":["https:\/\/fulbat.com\/fr\/produit\/fulload-f10\/"]}]},{"@type":"ImageObject","inLanguage":"fr-FR","@id":"https:\/\/fulbat.com\/fr\/produit\/fulload-f10\/#primaryimage","url":"https:\/\/fulbat.com\/wp-content\/uploads\/2025\/12\/FT_Fulload_F10-vignette.png","contentUrl":"https:\/\/fulbat.com\/wp-content\/uploads\/2025\/12\/FT_Fulload_F10-vignette.png","width":790,"height":512,"caption":"FT_Fulload_F10-vignette"},{"@type":"BreadcrumbList","@id":"https:\/\/fulbat.com\/fr\/produit\/fulload-f10\/#breadcrumb","itemListElement":[{"@type":"ListItem","position":1,"name":"Home","item":"https:\/\/fulbat.com\/fr\/"},{"@type":"ListItem","position":2,"name":"Shop","item":"https:\/\/fulbat.com\/shop\/"},{"@type":"ListItem","position":3,"name":"Sans cat\u00e9gorie","item":"https:\/\/fulbat.com\/fr\/sans-categorie\/"},{"@type":"ListItem","position":4,"name":"FULLOAD F10"}]},{"@type":"WebSite","@id":"https:\/\/fulbat.com\/fr\/#website","url":"https:\/\/fulbat.com\/fr\/","name":"Fulbat","description":"Qualitative, performing &amp; reliable battery solutions","potentialAction":[{"@type":"SearchAction","target":{"@type":"EntryPoint","urlTemplate":"https:\/\/fulbat.com\/fr\/?s={search_term_string}"},"query-input":{"@type":"PropertyValueSpecification","valueRequired":true,"valueName":"search_term_string"}}],"inLanguage":"fr-FR"}]}},"_links":{"self":[{"href":"https:\/\/fulbat.com\/fr\/wp-json\/wp\/v2\/product\/39863","targetHints":{"allow":["GET"]}}],"collection":[{"href":"https:\/\/fulbat.com\/fr\/wp-json\/wp\/v2\/product"}],"about":[{"href":"https:\/\/fulbat.com\/fr\/wp-json\/wp\/v2\/types\/product"}],"wp:featuredmedia":[{"embeddable":true,"href":"https:\/\/fulbat.com\/fr\/wp-json\/wp\/v2\/media\/38919"}],"wp:attachment":[{"href":"https:\/\/fulbat.com\/fr\/wp-json\/wp\/v2\/media?parent=39863"}],"wp:term":[{"taxonomy":"product_brand","embeddable":true,"href":"https:\/\/fulbat.com\/fr\/wp-json\/wp\/v2\/product_brand?post=39863"},{"taxonomy":"product_cat","embeddable":true,"href":"https:\/\/fulbat.com\/fr\/wp-json\/wp\/v2\/product_cat?post=39863"},{"taxonomy":"product_tag","embeddable":true,"href":"https:\/\/fulbat.com\/fr\/wp-json\/wp\/v2\/product_tag?post=39863"}],"curies":[{"name":"wp","href":"https:\/\/api.w.org\/{rel}","templated":true}]}}