{"id":39865,"date":"2026-01-21T12:54:12","date_gmt":"2026-01-21T11:54:12","guid":{"rendered":"https:\/\/fulbat.com\/product\/fulbank-f2\/"},"modified":"2026-04-07T15:49:45","modified_gmt":"2026-04-07T13:49:45","slug":"fulbank-f2","status":"publish","type":"product","link":"https:\/\/fulbat.com\/fr\/produit\/fulbank-f2\/","title":{"rendered":"FULBANK F2"},"content":{"rendered":"<p style=\"text-align: justify;\">Le tout nouveau FULBANK F2 est un chargeur et mainteneur automatique compact et puissant, con\u00e7u pour les batteries de sports motoris\u00e9s au plomb-acide et au lithium. Il peut charger des batteries 6V et 12V et g\u00e9rer simultan\u00e9ment diff\u00e9rentes technologies et tensions de batteries sur ses deux bancs, offrant ainsi une flexibilit\u00e9 totale pour tous vos besoins de charge.<\/p>\n<p style=\"text-align: justify;\">Avec 4 modes s\u00e9lectionnables &#8211; y compris un mode Lithium d\u00e9di\u00e9 &#8211; le FULBANK F2 offre une excellente polyvalence pour les batteries de petite et moyenne capacit\u00e9 (jusqu&rsquo;\u00e0 40Ah), offrant une charge 6V \/12V \u00e0 2A par canal,<\/p>\n<p style=\"text-align: justify;\">S\u00fbr, efficace et facile \u00e0 utiliser, son processus de charge multi-\u00e9tapes garantit des performances optimales, une protection fiable et une dur\u00e9e de vie prolong\u00e9e pour vos batteries.<\/p>\n<p style=\"text-align: justify;\">Le FULBANK F2 est livr\u00e9 avec deux jeux de pinces.<\/p>\n<p style=\"text-align: justify;\">Le FULBANK F2 peut \u00eatre mont\u00e9 sur un pr\u00e9sentoir FULBAT \u00e0 l&rsquo;aide de nos pi\u00e8ces d&rsquo;assemblage <a href=\"https:\/\/fulbat.com\/fr\/chargeur\/chargeur\/fulbank-2000-pieces-dassemblage\/\">(PN : 700518)<\/a> pour cr\u00e9er une station de charge compl\u00e8te, permettant de charger jusqu&rsquo;\u00e0 6 batteries \u00e0 la fois &#8211; une solution id\u00e9ale pour les professionnels.<\/p>\n","protected":false},"excerpt":{"rendered":"<p><strong>Large compatibilit\u00e9 :<\/strong> <span>pour batteries plomb-acide 6V\/12V et batteries LiFePO4 12V<\/span><br \/>\n<strong>2 canaux :<\/strong> <span>charge et maintient 2 batteries avec des tensions et technologies diff\u00e9rentes en m\u00eame temps<\/span><br \/>\n<strong>4 modes de charge :<\/strong> pour s\u2019adapter \u00e0 diff\u00e9rents types et \u00e9tats de batteries<br \/>\n<strong>Utilisation simple : <\/strong>connectez, s\u00e9lectionnez le mode de charge et laissez fonctionner<br \/>\n<strong>Affichage LED clair : <\/strong>indicateurs faciles \u00e0 lire pour le statut de charge<br \/>\n<strong>Tr\u00e8s s\u00e9curis\u00e9 : <\/strong>prot\u00e9g\u00e9 contre les courts-circuits, l\u2019inversion de polarit\u00e9, la surcharge et la surchauffe<\/p>\n","protected":false},"featured_media":38172,"template":"","meta":[],"product_brand":[],"product_cat":[6788,6789,850],"product_tag":[],"class_list":{"0":"post-39865","1":"product","2":"type-product","3":"status-publish","4":"has-post-thumbnail","6":"product_cat-charger-fr","7":"product_cat-charger-2-fr","8":"product_cat-sans-categorie","10":"first","11":"instock","12":"shipping-taxable","13":"product-type-simple"},"yoast_head":"<!-- This site is optimized with the Yoast SEO plugin v26.9 - https:\/\/yoast.com\/product\/yoast-seo-wordpress\/ -->\n<title>FULBANK F2 - Fulbat<\/title>\n<meta name=\"description\" content=\"%\" \/>\n<meta name=\"robots\" content=\"index, follow, max-snippet:-1, max-image-preview:large, max-video-preview:-1\" \/>\n<link rel=\"canonical\" href=\"https:\/\/fulbat.com\/fr\/produit\/fulbank-f2\/\" \/>\n<meta property=\"og:locale\" content=\"fr_FR\" \/>\n<meta property=\"og:type\" content=\"article\" \/>\n<meta property=\"og:title\" content=\"FULBANK F2 - Fulbat\" \/>\n<meta property=\"og:description\" content=\"%\" \/>\n<meta property=\"og:url\" content=\"https:\/\/fulbat.com\/fr\/produit\/fulbank-f2\/\" \/>\n<meta property=\"og:site_name\" content=\"Fulbat\" \/>\n<meta property=\"article:modified_time\" content=\"2026-04-07T13:49:45+00:00\" \/>\n<meta property=\"og:image\" content=\"https:\/\/fulbat.com\/wp-content\/uploads\/2025\/10\/FT_Fulbank_F2_clamps-1024x675.png\" \/>\n\t<meta property=\"og:image:width\" content=\"1024\" \/>\n\t<meta property=\"og:image:height\" content=\"675\" \/>\n\t<meta property=\"og:image:type\" content=\"image\/png\" \/>\n<meta name=\"twitter:card\" content=\"summary_large_image\" \/>\n<meta name=\"twitter:label1\" content=\"Dur\u00e9e de lecture estim\u00e9e\" \/>\n\t<meta name=\"twitter:data1\" content=\"1 minute\" \/>\n<script type=\"application\/ld+json\" class=\"yoast-schema-graph\">{\"@context\":\"https:\/\/schema.org\",\"@graph\":[{\"@type\":\"WebPage\",\"@id\":\"https:\/\/fulbat.com\/fr\/produit\/fulbank-f2\/\",\"url\":\"https:\/\/fulbat.com\/fr\/produit\/fulbank-f2\/\",\"name\":\"FULBANK F2 - Fulbat\",\"isPartOf\":{\"@id\":\"https:\/\/fulbat.com\/fr\/#website\"},\"primaryImageOfPage\":{\"@id\":\"https:\/\/fulbat.com\/fr\/produit\/fulbank-f2\/#primaryimage\"},\"image\":{\"@id\":\"https:\/\/fulbat.com\/fr\/produit\/fulbank-f2\/#primaryimage\"},\"thumbnailUrl\":\"https:\/\/fulbat.com\/wp-content\/uploads\/2025\/10\/FT_Fulbank_F2_clamps.png\",\"datePublished\":\"2026-01-21T11:54:12+00:00\",\"dateModified\":\"2026-04-07T13:49:45+00:00\",\"description\":\"%\",\"breadcrumb\":{\"@id\":\"https:\/\/fulbat.com\/fr\/produit\/fulbank-f2\/#breadcrumb\"},\"inLanguage\":\"fr-FR\",\"potentialAction\":[{\"@type\":\"ReadAction\",\"target\":[\"https:\/\/fulbat.com\/fr\/produit\/fulbank-f2\/\"]}]},{\"@type\":\"ImageObject\",\"inLanguage\":\"fr-FR\",\"@id\":\"https:\/\/fulbat.com\/fr\/produit\/fulbank-f2\/#primaryimage\",\"url\":\"https:\/\/fulbat.com\/wp-content\/uploads\/2025\/10\/FT_Fulbank_F2_clamps.png\",\"contentUrl\":\"https:\/\/fulbat.com\/wp-content\/uploads\/2025\/10\/FT_Fulbank_F2_clamps.png\",\"width\":2771,\"height\":1826,\"caption\":\"FT_Fulbank_F2_clamps\"},{\"@type\":\"BreadcrumbList\",\"@id\":\"https:\/\/fulbat.com\/fr\/produit\/fulbank-f2\/#breadcrumb\",\"itemListElement\":[{\"@type\":\"ListItem\",\"position\":1,\"name\":\"Home\",\"item\":\"https:\/\/fulbat.com\/fr\/\"},{\"@type\":\"ListItem\",\"position\":2,\"name\":\"Shop\",\"item\":\"https:\/\/fulbat.com\/shop\/\"},{\"@type\":\"ListItem\",\"position\":3,\"name\":\"Sans cat\u00e9gorie\",\"item\":\"https:\/\/fulbat.com\/fr\/sans-categorie\/\"},{\"@type\":\"ListItem\",\"position\":4,\"name\":\"FULBANK F2\"}]},{\"@type\":\"WebSite\",\"@id\":\"https:\/\/fulbat.com\/fr\/#website\",\"url\":\"https:\/\/fulbat.com\/fr\/\",\"name\":\"Fulbat\",\"description\":\"Qualitative, performing &amp; reliable battery solutions\",\"potentialAction\":[{\"@type\":\"SearchAction\",\"target\":{\"@type\":\"EntryPoint\",\"urlTemplate\":\"https:\/\/fulbat.com\/fr\/?s={search_term_string}\"},\"query-input\":{\"@type\":\"PropertyValueSpecification\",\"valueRequired\":true,\"valueName\":\"search_term_string\"}}],\"inLanguage\":\"fr-FR\"}]}<\/script>\n<!-- \/ Yoast SEO plugin. -->","yoast_head_json":{"title":"FULBANK F2 - Fulbat","description":"%","robots":{"index":"index","follow":"follow","max-snippet":"max-snippet:-1","max-image-preview":"max-image-preview:large","max-video-preview":"max-video-preview:-1"},"canonical":"https:\/\/fulbat.com\/fr\/produit\/fulbank-f2\/","og_locale":"fr_FR","og_type":"article","og_title":"FULBANK F2 - Fulbat","og_description":"%","og_url":"https:\/\/fulbat.com\/fr\/produit\/fulbank-f2\/","og_site_name":"Fulbat","article_modified_time":"2026-04-07T13:49:45+00:00","og_image":[{"width":1024,"height":675,"url":"https:\/\/fulbat.com\/wp-content\/uploads\/2025\/10\/FT_Fulbank_F2_clamps-1024x675.png","type":"image\/png"}],"twitter_card":"summary_large_image","twitter_misc":{"Dur\u00e9e de lecture estim\u00e9e":"1 minute"},"schema":{"@context":"https:\/\/schema.org","@graph":[{"@type":"WebPage","@id":"https:\/\/fulbat.com\/fr\/produit\/fulbank-f2\/","url":"https:\/\/fulbat.com\/fr\/produit\/fulbank-f2\/","name":"FULBANK F2 - Fulbat","isPartOf":{"@id":"https:\/\/fulbat.com\/fr\/#website"},"primaryImageOfPage":{"@id":"https:\/\/fulbat.com\/fr\/produit\/fulbank-f2\/#primaryimage"},"image":{"@id":"https:\/\/fulbat.com\/fr\/produit\/fulbank-f2\/#primaryimage"},"thumbnailUrl":"https:\/\/fulbat.com\/wp-content\/uploads\/2025\/10\/FT_Fulbank_F2_clamps.png","datePublished":"2026-01-21T11:54:12+00:00","dateModified":"2026-04-07T13:49:45+00:00","description":"%","breadcrumb":{"@id":"https:\/\/fulbat.com\/fr\/produit\/fulbank-f2\/#breadcrumb"},"inLanguage":"fr-FR","potentialAction":[{"@type":"ReadAction","target":["https:\/\/fulbat.com\/fr\/produit\/fulbank-f2\/"]}]},{"@type":"ImageObject","inLanguage":"fr-FR","@id":"https:\/\/fulbat.com\/fr\/produit\/fulbank-f2\/#primaryimage","url":"https:\/\/fulbat.com\/wp-content\/uploads\/2025\/10\/FT_Fulbank_F2_clamps.png","contentUrl":"https:\/\/fulbat.com\/wp-content\/uploads\/2025\/10\/FT_Fulbank_F2_clamps.png","width":2771,"height":1826,"caption":"FT_Fulbank_F2_clamps"},{"@type":"BreadcrumbList","@id":"https:\/\/fulbat.com\/fr\/produit\/fulbank-f2\/#breadcrumb","itemListElement":[{"@type":"ListItem","position":1,"name":"Home","item":"https:\/\/fulbat.com\/fr\/"},{"@type":"ListItem","position":2,"name":"Shop","item":"https:\/\/fulbat.com\/shop\/"},{"@type":"ListItem","position":3,"name":"Sans cat\u00e9gorie","item":"https:\/\/fulbat.com\/fr\/sans-categorie\/"},{"@type":"ListItem","position":4,"name":"FULBANK F2"}]},{"@type":"WebSite","@id":"https:\/\/fulbat.com\/fr\/#website","url":"https:\/\/fulbat.com\/fr\/","name":"Fulbat","description":"Qualitative, performing &amp; reliable battery solutions","potentialAction":[{"@type":"SearchAction","target":{"@type":"EntryPoint","urlTemplate":"https:\/\/fulbat.com\/fr\/?s={search_term_string}"},"query-input":{"@type":"PropertyValueSpecification","valueRequired":true,"valueName":"search_term_string"}}],"inLanguage":"fr-FR"}]}},"_links":{"self":[{"href":"https:\/\/fulbat.com\/fr\/wp-json\/wp\/v2\/product\/39865","targetHints":{"allow":["GET"]}}],"collection":[{"href":"https:\/\/fulbat.com\/fr\/wp-json\/wp\/v2\/product"}],"about":[{"href":"https:\/\/fulbat.com\/fr\/wp-json\/wp\/v2\/types\/product"}],"wp:featuredmedia":[{"embeddable":true,"href":"https:\/\/fulbat.com\/fr\/wp-json\/wp\/v2\/media\/38172"}],"wp:attachment":[{"href":"https:\/\/fulbat.com\/fr\/wp-json\/wp\/v2\/media?parent=39865"}],"wp:term":[{"taxonomy":"product_brand","embeddable":true,"href":"https:\/\/fulbat.com\/fr\/wp-json\/wp\/v2\/product_brand?post=39865"},{"taxonomy":"product_cat","embeddable":true,"href":"https:\/\/fulbat.com\/fr\/wp-json\/wp\/v2\/product_cat?post=39865"},{"taxonomy":"product_tag","embeddable":true,"href":"https:\/\/fulbat.com\/fr\/wp-json\/wp\/v2\/product_tag?post=39865"}],"curies":[{"name":"wp","href":"https:\/\/api.w.org\/{rel}","templated":true}]}}