{"id":39875,"date":"2026-01-22T12:00:24","date_gmt":"2026-01-22T11:00:24","guid":{"rendered":"https:\/\/fulbat.com\/product\/fulboost-test\/"},"modified":"2026-04-07T15:49:53","modified_gmt":"2026-04-07T13:49:53","slug":"fulboost","status":"publish","type":"product","link":"https:\/\/fulbat.com\/fr\/produit\/fulboost\/","title":{"rendered":"FULBOOST"},"content":{"rendered":"<p><span>Le FULBOOST est un booster au lithium multifonction compact et ultra-portable pour le d\u00e9marrage des v\u00e9hicules, la recharge des appareils USB et l&rsquo;\u00e9clairage d&rsquo;urgence.<\/span><\/p>\n<p><span>Avec des performances de d\u00e9marrage am\u00e9lior\u00e9es, notre FULBOOST est maintenant capable de d\u00e9livrer un courant de pointe de 1600A : id\u00e9al pour d\u00e9marrer les moteurs 7.0L Gas et 6.0L Diesel ainsi que tous les v\u00e9hicules de sports motoris\u00e9s \u00e9quip\u00e9s d&rsquo;une batterie 12V Lead-acid. <\/span><span>Con\u00e7ue avec une batterie Lithium-ion interne, notre FULBOOST peut \u00e9galement recharger tous types d&rsquo;appareils \u00e9lectriques (smartphones, tablettes, \u00e9couteurs&#8230;). Les 150 lumens de sa fonction lampe de poche sont utiles en cas d&rsquo;urgence.<br \/>\n<\/span><\/p>\n<p><span>Facile \u00e0 utiliser, \u00e0 ranger et \u00e0 charger, le FULBOOST est la solution de secours id\u00e9ale \u00e0 placer dans le coffre d&rsquo;une moto, la bo\u00eete \u00e0 gants ou le sac \u00e0 dos d&rsquo;un aventurier !<\/span><\/p>\n<p>L&rsquo;AIRBOOST est livr\u00e9 avec un chargeur domestique de 12 V, un c\u00e2ble USB multiconnecteur, un \u00e9tui de protection et un c\u00e2ble intelligent.<\/p>\n","protected":false},"excerpt":{"rendered":"<p>Booster lithium compact et puissant de 1600A<br \/>\nPour les v\u00e9hicules \u00e9quip\u00e9s d&rsquo;une batterie 12V plomb-acide<br \/>\nCon\u00e7u pour les moteurs essence jusqu&rsquo;\u00e0 7.0L et diesel jusqu&rsquo;\u00e0 6.0L<br \/>\nUltra-s\u00fbr gr\u00e2ce \u00e0 la technologie smart cables : protection contre les \u00e9tincelles, les courts-circuits et l&rsquo;inversion de polarit\u00e9<br \/>\nChargeur pour tous les types de p\u00e9riph\u00e9riques USB<br \/>\nLampe de poche LED ultra-brillante de 150 lumens avec 3 modes : constant, SOS, flash<\/p>\n","protected":false},"featured_media":40041,"template":"","meta":[],"product_brand":[],"product_cat":[6810,6788],"product_tag":[],"class_list":{"0":"post-39875","1":"product","2":"type-product","3":"status-publish","4":"has-post-thumbnail","6":"product_cat-booster","7":"product_cat-charger-fr","9":"first","10":"instock","11":"shipping-taxable","12":"product-type-simple"},"yoast_head":"<!-- This site is optimized with the Yoast SEO plugin v26.9 - https:\/\/yoast.com\/product\/yoast-seo-wordpress\/ -->\n<title>FULBOOST - Fulbat<\/title>\n<meta name=\"description\" content=\"%\" \/>\n<meta name=\"robots\" content=\"index, follow, max-snippet:-1, max-image-preview:large, max-video-preview:-1\" \/>\n<link rel=\"canonical\" href=\"https:\/\/fulbat.com\/fr\/produit\/fulboost\/\" \/>\n<meta property=\"og:locale\" content=\"fr_FR\" \/>\n<meta property=\"og:type\" content=\"article\" \/>\n<meta property=\"og:title\" content=\"FULBOOST - Fulbat\" \/>\n<meta property=\"og:description\" content=\"%\" \/>\n<meta property=\"og:url\" content=\"https:\/\/fulbat.com\/fr\/produit\/fulboost\/\" \/>\n<meta property=\"og:site_name\" content=\"Fulbat\" \/>\n<meta property=\"article:modified_time\" content=\"2026-04-07T13:49:53+00:00\" \/>\n<meta property=\"og:image\" content=\"https:\/\/fulbat.com\/wp-content\/uploads\/2026\/01\/fulboost.png\" \/>\n\t<meta property=\"og:image:width\" content=\"1080\" \/>\n\t<meta property=\"og:image:height\" content=\"1080\" \/>\n\t<meta property=\"og:image:type\" content=\"image\/png\" \/>\n<meta name=\"twitter:card\" content=\"summary_large_image\" \/>\n<meta name=\"twitter:label1\" content=\"Dur\u00e9e de lecture estim\u00e9e\" \/>\n\t<meta name=\"twitter:data1\" content=\"1 minute\" \/>\n<script type=\"application\/ld+json\" class=\"yoast-schema-graph\">{\"@context\":\"https:\/\/schema.org\",\"@graph\":[{\"@type\":\"WebPage\",\"@id\":\"https:\/\/fulbat.com\/fr\/produit\/fulboost\/\",\"url\":\"https:\/\/fulbat.com\/fr\/produit\/fulboost\/\",\"name\":\"FULBOOST - Fulbat\",\"isPartOf\":{\"@id\":\"https:\/\/fulbat.com\/fr\/#website\"},\"primaryImageOfPage\":{\"@id\":\"https:\/\/fulbat.com\/fr\/produit\/fulboost\/#primaryimage\"},\"image\":{\"@id\":\"https:\/\/fulbat.com\/fr\/produit\/fulboost\/#primaryimage\"},\"thumbnailUrl\":\"https:\/\/fulbat.com\/wp-content\/uploads\/2026\/01\/fulboost.png\",\"datePublished\":\"2026-01-22T11:00:24+00:00\",\"dateModified\":\"2026-04-07T13:49:53+00:00\",\"description\":\"%\",\"breadcrumb\":{\"@id\":\"https:\/\/fulbat.com\/fr\/produit\/fulboost\/#breadcrumb\"},\"inLanguage\":\"fr-FR\",\"potentialAction\":[{\"@type\":\"ReadAction\",\"target\":[\"https:\/\/fulbat.com\/fr\/produit\/fulboost\/\"]}]},{\"@type\":\"ImageObject\",\"inLanguage\":\"fr-FR\",\"@id\":\"https:\/\/fulbat.com\/fr\/produit\/fulboost\/#primaryimage\",\"url\":\"https:\/\/fulbat.com\/wp-content\/uploads\/2026\/01\/fulboost.png\",\"contentUrl\":\"https:\/\/fulbat.com\/wp-content\/uploads\/2026\/01\/fulboost.png\",\"width\":1080,\"height\":1080,\"caption\":\"fulboost\"},{\"@type\":\"BreadcrumbList\",\"@id\":\"https:\/\/fulbat.com\/fr\/produit\/fulboost\/#breadcrumb\",\"itemListElement\":[{\"@type\":\"ListItem\",\"position\":1,\"name\":\"Home\",\"item\":\"https:\/\/fulbat.com\/fr\/\"},{\"@type\":\"ListItem\",\"position\":2,\"name\":\"Shop\",\"item\":\"https:\/\/fulbat.com\/shop\/\"},{\"@type\":\"ListItem\",\"position\":3,\"name\":\"Charger\",\"item\":\"https:\/\/fulbat.com\/fr\/charger-fr\/\"},{\"@type\":\"ListItem\",\"position\":4,\"name\":\"Booster\",\"item\":\"https:\/\/fulbat.com\/fr\/charger-fr\/booster\/\"},{\"@type\":\"ListItem\",\"position\":5,\"name\":\"FULBOOST\"}]},{\"@type\":\"WebSite\",\"@id\":\"https:\/\/fulbat.com\/fr\/#website\",\"url\":\"https:\/\/fulbat.com\/fr\/\",\"name\":\"Fulbat\",\"description\":\"Qualitative, performing &amp; reliable battery solutions\",\"potentialAction\":[{\"@type\":\"SearchAction\",\"target\":{\"@type\":\"EntryPoint\",\"urlTemplate\":\"https:\/\/fulbat.com\/fr\/?s={search_term_string}\"},\"query-input\":{\"@type\":\"PropertyValueSpecification\",\"valueRequired\":true,\"valueName\":\"search_term_string\"}}],\"inLanguage\":\"fr-FR\"}]}<\/script>\n<!-- \/ Yoast SEO plugin. -->","yoast_head_json":{"title":"FULBOOST - Fulbat","description":"%","robots":{"index":"index","follow":"follow","max-snippet":"max-snippet:-1","max-image-preview":"max-image-preview:large","max-video-preview":"max-video-preview:-1"},"canonical":"https:\/\/fulbat.com\/fr\/produit\/fulboost\/","og_locale":"fr_FR","og_type":"article","og_title":"FULBOOST - Fulbat","og_description":"%","og_url":"https:\/\/fulbat.com\/fr\/produit\/fulboost\/","og_site_name":"Fulbat","article_modified_time":"2026-04-07T13:49:53+00:00","og_image":[{"width":1080,"height":1080,"url":"https:\/\/fulbat.com\/wp-content\/uploads\/2026\/01\/fulboost.png","type":"image\/png"}],"twitter_card":"summary_large_image","twitter_misc":{"Dur\u00e9e de lecture estim\u00e9e":"1 minute"},"schema":{"@context":"https:\/\/schema.org","@graph":[{"@type":"WebPage","@id":"https:\/\/fulbat.com\/fr\/produit\/fulboost\/","url":"https:\/\/fulbat.com\/fr\/produit\/fulboost\/","name":"FULBOOST - Fulbat","isPartOf":{"@id":"https:\/\/fulbat.com\/fr\/#website"},"primaryImageOfPage":{"@id":"https:\/\/fulbat.com\/fr\/produit\/fulboost\/#primaryimage"},"image":{"@id":"https:\/\/fulbat.com\/fr\/produit\/fulboost\/#primaryimage"},"thumbnailUrl":"https:\/\/fulbat.com\/wp-content\/uploads\/2026\/01\/fulboost.png","datePublished":"2026-01-22T11:00:24+00:00","dateModified":"2026-04-07T13:49:53+00:00","description":"%","breadcrumb":{"@id":"https:\/\/fulbat.com\/fr\/produit\/fulboost\/#breadcrumb"},"inLanguage":"fr-FR","potentialAction":[{"@type":"ReadAction","target":["https:\/\/fulbat.com\/fr\/produit\/fulboost\/"]}]},{"@type":"ImageObject","inLanguage":"fr-FR","@id":"https:\/\/fulbat.com\/fr\/produit\/fulboost\/#primaryimage","url":"https:\/\/fulbat.com\/wp-content\/uploads\/2026\/01\/fulboost.png","contentUrl":"https:\/\/fulbat.com\/wp-content\/uploads\/2026\/01\/fulboost.png","width":1080,"height":1080,"caption":"fulboost"},{"@type":"BreadcrumbList","@id":"https:\/\/fulbat.com\/fr\/produit\/fulboost\/#breadcrumb","itemListElement":[{"@type":"ListItem","position":1,"name":"Home","item":"https:\/\/fulbat.com\/fr\/"},{"@type":"ListItem","position":2,"name":"Shop","item":"https:\/\/fulbat.com\/shop\/"},{"@type":"ListItem","position":3,"name":"Charger","item":"https:\/\/fulbat.com\/fr\/charger-fr\/"},{"@type":"ListItem","position":4,"name":"Booster","item":"https:\/\/fulbat.com\/fr\/charger-fr\/booster\/"},{"@type":"ListItem","position":5,"name":"FULBOOST"}]},{"@type":"WebSite","@id":"https:\/\/fulbat.com\/fr\/#website","url":"https:\/\/fulbat.com\/fr\/","name":"Fulbat","description":"Qualitative, performing &amp; reliable battery solutions","potentialAction":[{"@type":"SearchAction","target":{"@type":"EntryPoint","urlTemplate":"https:\/\/fulbat.com\/fr\/?s={search_term_string}"},"query-input":{"@type":"PropertyValueSpecification","valueRequired":true,"valueName":"search_term_string"}}],"inLanguage":"fr-FR"}]}},"_links":{"self":[{"href":"https:\/\/fulbat.com\/fr\/wp-json\/wp\/v2\/product\/39875","targetHints":{"allow":["GET"]}}],"collection":[{"href":"https:\/\/fulbat.com\/fr\/wp-json\/wp\/v2\/product"}],"about":[{"href":"https:\/\/fulbat.com\/fr\/wp-json\/wp\/v2\/types\/product"}],"wp:featuredmedia":[{"embeddable":true,"href":"https:\/\/fulbat.com\/fr\/wp-json\/wp\/v2\/media\/40041"}],"wp:attachment":[{"href":"https:\/\/fulbat.com\/fr\/wp-json\/wp\/v2\/media?parent=39875"}],"wp:term":[{"taxonomy":"product_brand","embeddable":true,"href":"https:\/\/fulbat.com\/fr\/wp-json\/wp\/v2\/product_brand?post=39875"},{"taxonomy":"product_cat","embeddable":true,"href":"https:\/\/fulbat.com\/fr\/wp-json\/wp\/v2\/product_cat?post=39875"},{"taxonomy":"product_tag","embeddable":true,"href":"https:\/\/fulbat.com\/fr\/wp-json\/wp\/v2\/product_tag?post=39875"}],"curies":[{"name":"wp","href":"https:\/\/api.w.org\/{rel}","templated":true}]}}