{"id":39878,"date":"2026-02-28T09:28:15","date_gmt":"2026-02-28T08:28:15","guid":{"rendered":"https:\/\/fulbat.com\/?post_type=product&#038;p=39878"},"modified":"2026-04-07T15:51:03","modified_gmt":"2026-04-07T13:51:03","slug":"airboost","status":"publish","type":"product","link":"https:\/\/fulbat.com\/fr\/produit\/airboost\/","title":{"rendered":"AIRBOOST"},"content":{"rendered":"<p style=\"text-align: justify;\">L\u2019AIRBOOST est un booster de d\u00e9marrage au lithium compact et ultra-portable avec compresseur d\u2019air int\u00e9gr\u00e9, con\u00e7u comme la solution d\u2019urgence tout-en-un par excellence. D\u00e9livrant un courant de pointe de 1600A, il permet de d\u00e9marrer en toute s\u00e9curit\u00e9 des moteurs essence jusqu\u2019\u00e0 7,0L et diesel jusqu\u2019\u00e0 6,0L, pur tous les v\u00e9hicules \u00e9quip\u00e9 de batteries plomb 12V (voitures, motos et autre v\u00e9hciles de sports motoris\u00e9s&#8230;)<\/p>\n<p style=\"text-align: justify;\">\u00c9quip\u00e9 d\u2019un puissant compresseur d\u2019air 150 PSI (10,4 bar), il gonfle rapidement les pneus de voiture, moto et v\u00e9lo, ainsi que les ballons et autres objets gonflables, o\u00f9 que vous soyez. Sa lampe LED int\u00e9gr\u00e9e de 240 lumens assure un \u00e9clairage fiable en cas d\u2019urgence, tandis que la batterie int\u00e9gr\u00e9e permet de recharger smartphones, tablettes, \u00e9couteurs et autres appareils \u00e9lectroniques en d\u00e9placement.<\/p>\n<p style=\"text-align: justify;\">Compact, puissant et facile \u00e0 utiliser, l\u2019AIRBOOST est votre booster de d\u00e9marrage portable et gonfleur de pneus indispensable pour les voyages, les trajets quotidiens et les aventures en plein air.<\/p>\n<p style=\"text-align: justify;\">Le AIRBOOST est livr\u00e9 avec <span>un\u00a0<\/span>chargeur 220V<span>, un c\u00e2ble USB-C, un c\u00e2ble Micro-USB , un cable Lightning, des pinces, un tuyau de gonflage, 4 valves et une housse de rangement.<\/span><\/p>\n","protected":false},"excerpt":{"rendered":"<p>Booster LITHIUM compact et puissant d\u00e9livrant 1600A<br \/>\nPour v\u00e9hicules \u00e9quip\u00e9s d\u2019une batterie plomb-acide 12V<br \/>\nCon\u00e7u pour moteurs essence jusqu\u2019\u00e0 7,0L et diesel jusqu\u2019\u00e0 6,0L<br \/>\nUltra s\u00e9curis\u00e9 gr\u00e2ce \u00e0 la technologie smart cable : protection anti-\u00e9tincelles, contre les courts-circuits et l\u2019inversion de polarit\u00e9<br \/>\nPermet de gonfler pneus (voiture, moto, v\u00e9lo) et ballons gr\u00e2ce au compresseur d\u2019air int\u00e9gr\u00e9<br \/>\nChargeur pour tous types d\u2019appareils USB<br \/>\nLampe torche LED ultra lumineuse de 240 lumens avec 3 modes<\/p>\n","protected":false},"featured_media":40037,"template":"","meta":[],"product_brand":[],"product_cat":[6810,6788],"product_tag":[],"class_list":{"0":"post-39878","1":"product","2":"type-product","3":"status-publish","4":"has-post-thumbnail","6":"product_cat-booster","7":"product_cat-charger-fr","9":"first","10":"instock","11":"shipping-taxable","12":"product-type-simple"},"yoast_head":"<!-- This site is optimized with the Yoast SEO plugin v26.9 - https:\/\/yoast.com\/product\/yoast-seo-wordpress\/ -->\n<title>AIRBOOST - Fulbat<\/title>\n<meta name=\"description\" content=\"L\u2019AIRBOOST est un booster de d\u00e9marrage au lithium compact et ultra-portable avec compresseur d\u2019air int\u00e9gr\u00e9, con\u00e7u comme la solution d\u2019urgence tout-en-un par excellence.\" \/>\n<meta name=\"robots\" content=\"index, follow, max-snippet:-1, max-image-preview:large, max-video-preview:-1\" \/>\n<link rel=\"canonical\" href=\"https:\/\/fulbat.com\/fr\/produit\/airboost\/\" \/>\n<meta property=\"og:locale\" content=\"fr_FR\" \/>\n<meta property=\"og:type\" content=\"article\" \/>\n<meta property=\"og:title\" content=\"AIRBOOST - Fulbat\" \/>\n<meta property=\"og:description\" content=\"L\u2019AIRBOOST est un booster de d\u00e9marrage au lithium compact et ultra-portable avec compresseur d\u2019air int\u00e9gr\u00e9, con\u00e7u comme la solution d\u2019urgence tout-en-un par excellence.\" \/>\n<meta property=\"og:url\" content=\"https:\/\/fulbat.com\/fr\/produit\/airboost\/\" \/>\n<meta property=\"og:site_name\" content=\"Fulbat\" \/>\n<meta property=\"article:modified_time\" content=\"2026-04-07T13:51:03+00:00\" \/>\n<meta property=\"og:image\" content=\"https:\/\/fulbat.com\/wp-content\/uploads\/2026\/02\/Airboost.png\" \/>\n\t<meta property=\"og:image:width\" content=\"1080\" \/>\n\t<meta property=\"og:image:height\" content=\"1080\" \/>\n\t<meta property=\"og:image:type\" content=\"image\/png\" \/>\n<meta name=\"twitter:card\" content=\"summary_large_image\" \/>\n<meta name=\"twitter:label1\" content=\"Dur\u00e9e de lecture estim\u00e9e\" \/>\n\t<meta name=\"twitter:data1\" content=\"2 minutes\" \/>\n<script type=\"application\/ld+json\" class=\"yoast-schema-graph\">{\"@context\":\"https:\/\/schema.org\",\"@graph\":[{\"@type\":\"WebPage\",\"@id\":\"https:\/\/fulbat.com\/fr\/produit\/airboost\/\",\"url\":\"https:\/\/fulbat.com\/fr\/produit\/airboost\/\",\"name\":\"AIRBOOST - Fulbat\",\"isPartOf\":{\"@id\":\"https:\/\/fulbat.com\/fr\/#website\"},\"primaryImageOfPage\":{\"@id\":\"https:\/\/fulbat.com\/fr\/produit\/airboost\/#primaryimage\"},\"image\":{\"@id\":\"https:\/\/fulbat.com\/fr\/produit\/airboost\/#primaryimage\"},\"thumbnailUrl\":\"https:\/\/fulbat.com\/wp-content\/uploads\/2026\/02\/Airboost.png\",\"datePublished\":\"2026-02-28T08:28:15+00:00\",\"dateModified\":\"2026-04-07T13:51:03+00:00\",\"description\":\"L\u2019AIRBOOST est un booster de d\u00e9marrage au lithium compact et ultra-portable avec compresseur d\u2019air int\u00e9gr\u00e9, con\u00e7u comme la solution d\u2019urgence tout-en-un par excellence.\",\"breadcrumb\":{\"@id\":\"https:\/\/fulbat.com\/fr\/produit\/airboost\/#breadcrumb\"},\"inLanguage\":\"fr-FR\",\"potentialAction\":[{\"@type\":\"ReadAction\",\"target\":[\"https:\/\/fulbat.com\/fr\/produit\/airboost\/\"]}]},{\"@type\":\"ImageObject\",\"inLanguage\":\"fr-FR\",\"@id\":\"https:\/\/fulbat.com\/fr\/produit\/airboost\/#primaryimage\",\"url\":\"https:\/\/fulbat.com\/wp-content\/uploads\/2026\/02\/Airboost.png\",\"contentUrl\":\"https:\/\/fulbat.com\/wp-content\/uploads\/2026\/02\/Airboost.png\",\"width\":1080,\"height\":1080,\"caption\":\"Airboost\"},{\"@type\":\"BreadcrumbList\",\"@id\":\"https:\/\/fulbat.com\/fr\/produit\/airboost\/#breadcrumb\",\"itemListElement\":[{\"@type\":\"ListItem\",\"position\":1,\"name\":\"Home\",\"item\":\"https:\/\/fulbat.com\/fr\/\"},{\"@type\":\"ListItem\",\"position\":2,\"name\":\"Shop\",\"item\":\"https:\/\/fulbat.com\/shop\/\"},{\"@type\":\"ListItem\",\"position\":3,\"name\":\"Charger\",\"item\":\"https:\/\/fulbat.com\/fr\/charger-fr\/\"},{\"@type\":\"ListItem\",\"position\":4,\"name\":\"Booster\",\"item\":\"https:\/\/fulbat.com\/fr\/charger-fr\/booster\/\"},{\"@type\":\"ListItem\",\"position\":5,\"name\":\"AIRBOOST\"}]},{\"@type\":\"WebSite\",\"@id\":\"https:\/\/fulbat.com\/fr\/#website\",\"url\":\"https:\/\/fulbat.com\/fr\/\",\"name\":\"Fulbat\",\"description\":\"Qualitative, performing &amp; reliable battery solutions\",\"potentialAction\":[{\"@type\":\"SearchAction\",\"target\":{\"@type\":\"EntryPoint\",\"urlTemplate\":\"https:\/\/fulbat.com\/fr\/?s={search_term_string}\"},\"query-input\":{\"@type\":\"PropertyValueSpecification\",\"valueRequired\":true,\"valueName\":\"search_term_string\"}}],\"inLanguage\":\"fr-FR\"}]}<\/script>\n<!-- \/ Yoast SEO plugin. -->","yoast_head_json":{"title":"AIRBOOST - Fulbat","description":"L\u2019AIRBOOST est un booster de d\u00e9marrage au lithium compact et ultra-portable avec compresseur d\u2019air int\u00e9gr\u00e9, con\u00e7u comme la solution d\u2019urgence tout-en-un par excellence.","robots":{"index":"index","follow":"follow","max-snippet":"max-snippet:-1","max-image-preview":"max-image-preview:large","max-video-preview":"max-video-preview:-1"},"canonical":"https:\/\/fulbat.com\/fr\/produit\/airboost\/","og_locale":"fr_FR","og_type":"article","og_title":"AIRBOOST - Fulbat","og_description":"L\u2019AIRBOOST est un booster de d\u00e9marrage au lithium compact et ultra-portable avec compresseur d\u2019air int\u00e9gr\u00e9, con\u00e7u comme la solution d\u2019urgence tout-en-un par excellence.","og_url":"https:\/\/fulbat.com\/fr\/produit\/airboost\/","og_site_name":"Fulbat","article_modified_time":"2026-04-07T13:51:03+00:00","og_image":[{"width":1080,"height":1080,"url":"https:\/\/fulbat.com\/wp-content\/uploads\/2026\/02\/Airboost.png","type":"image\/png"}],"twitter_card":"summary_large_image","twitter_misc":{"Dur\u00e9e de lecture estim\u00e9e":"2 minutes"},"schema":{"@context":"https:\/\/schema.org","@graph":[{"@type":"WebPage","@id":"https:\/\/fulbat.com\/fr\/produit\/airboost\/","url":"https:\/\/fulbat.com\/fr\/produit\/airboost\/","name":"AIRBOOST - Fulbat","isPartOf":{"@id":"https:\/\/fulbat.com\/fr\/#website"},"primaryImageOfPage":{"@id":"https:\/\/fulbat.com\/fr\/produit\/airboost\/#primaryimage"},"image":{"@id":"https:\/\/fulbat.com\/fr\/produit\/airboost\/#primaryimage"},"thumbnailUrl":"https:\/\/fulbat.com\/wp-content\/uploads\/2026\/02\/Airboost.png","datePublished":"2026-02-28T08:28:15+00:00","dateModified":"2026-04-07T13:51:03+00:00","description":"L\u2019AIRBOOST est un booster de d\u00e9marrage au lithium compact et ultra-portable avec compresseur d\u2019air int\u00e9gr\u00e9, con\u00e7u comme la solution d\u2019urgence tout-en-un par excellence.","breadcrumb":{"@id":"https:\/\/fulbat.com\/fr\/produit\/airboost\/#breadcrumb"},"inLanguage":"fr-FR","potentialAction":[{"@type":"ReadAction","target":["https:\/\/fulbat.com\/fr\/produit\/airboost\/"]}]},{"@type":"ImageObject","inLanguage":"fr-FR","@id":"https:\/\/fulbat.com\/fr\/produit\/airboost\/#primaryimage","url":"https:\/\/fulbat.com\/wp-content\/uploads\/2026\/02\/Airboost.png","contentUrl":"https:\/\/fulbat.com\/wp-content\/uploads\/2026\/02\/Airboost.png","width":1080,"height":1080,"caption":"Airboost"},{"@type":"BreadcrumbList","@id":"https:\/\/fulbat.com\/fr\/produit\/airboost\/#breadcrumb","itemListElement":[{"@type":"ListItem","position":1,"name":"Home","item":"https:\/\/fulbat.com\/fr\/"},{"@type":"ListItem","position":2,"name":"Shop","item":"https:\/\/fulbat.com\/shop\/"},{"@type":"ListItem","position":3,"name":"Charger","item":"https:\/\/fulbat.com\/fr\/charger-fr\/"},{"@type":"ListItem","position":4,"name":"Booster","item":"https:\/\/fulbat.com\/fr\/charger-fr\/booster\/"},{"@type":"ListItem","position":5,"name":"AIRBOOST"}]},{"@type":"WebSite","@id":"https:\/\/fulbat.com\/fr\/#website","url":"https:\/\/fulbat.com\/fr\/","name":"Fulbat","description":"Qualitative, performing &amp; reliable battery solutions","potentialAction":[{"@type":"SearchAction","target":{"@type":"EntryPoint","urlTemplate":"https:\/\/fulbat.com\/fr\/?s={search_term_string}"},"query-input":{"@type":"PropertyValueSpecification","valueRequired":true,"valueName":"search_term_string"}}],"inLanguage":"fr-FR"}]}},"_links":{"self":[{"href":"https:\/\/fulbat.com\/fr\/wp-json\/wp\/v2\/product\/39878","targetHints":{"allow":["GET"]}}],"collection":[{"href":"https:\/\/fulbat.com\/fr\/wp-json\/wp\/v2\/product"}],"about":[{"href":"https:\/\/fulbat.com\/fr\/wp-json\/wp\/v2\/types\/product"}],"wp:featuredmedia":[{"embeddable":true,"href":"https:\/\/fulbat.com\/fr\/wp-json\/wp\/v2\/media\/40037"}],"wp:attachment":[{"href":"https:\/\/fulbat.com\/fr\/wp-json\/wp\/v2\/media?parent=39878"}],"wp:term":[{"taxonomy":"product_brand","embeddable":true,"href":"https:\/\/fulbat.com\/fr\/wp-json\/wp\/v2\/product_brand?post=39878"},{"taxonomy":"product_cat","embeddable":true,"href":"https:\/\/fulbat.com\/fr\/wp-json\/wp\/v2\/product_cat?post=39878"},{"taxonomy":"product_tag","embeddable":true,"href":"https:\/\/fulbat.com\/fr\/wp-json\/wp\/v2\/product_tag?post=39878"}],"curies":[{"name":"wp","href":"https:\/\/api.w.org\/{rel}","templated":true}]}}