{"id":40369,"date":"2026-01-22T16:56:23","date_gmt":"2026-01-22T15:56:23","guid":{"rendered":"https:\/\/fulbat.com\/product\/fultest-2\/"},"modified":"2026-04-07T15:50:03","modified_gmt":"2026-04-07T13:50:03","slug":"fultest-2","status":"publish","type":"product","link":"https:\/\/fulbat.com\/fr\/produit\/fultest-2\/","title":{"rendered":"FULTEST 2"},"content":{"rendered":"<p>Le tout nouveau Fultest 2 est un testeur de batterie 12V au plomb et au lithium qui offre un programme de test complet tel que le test de batterie, le test de d\u00e9marrage, le test de charge et l&rsquo;impression. Il ne se contente pas de v\u00e9rifier la tension, il v\u00e9rifie \u00e9galement le CCA (cold cranking amps) pour contr\u00f4ler le fonctionnement r\u00e9el de votre batterie. Ainsi, ce testeur fournit une analyse compl\u00e8te de la dur\u00e9e de vie de votre batterie. Outre l&rsquo;indication pr\u00e9cise de l&rsquo;\u00e9tat de sant\u00e9 de la batterie, il est \u00e9galement capable de tester l&rsquo;alternateur et le d\u00e9marreur. Con\u00e7u pour tous les professionnels, le Fultest 2 est un bon moyen de v\u00e9rifier facilement l&rsquo;\u00e9tat de votre batterie automobile et de votre batterie de sports motoris\u00e9s !<\/p>\n<p>Utile et compact, notre Fultest 2 est livr\u00e9 avec un jeu de pinces, une pochette de protection et un c\u00e2ble USB qui vous permet de connecter le testeur \u00e0 l&rsquo;ordinateur pour imprimer tous les diagnostics.<\/p>\n","protected":false},"excerpt":{"rendered":"<p>Pour toutes les batteries 12V de v\u00e9hicules et de motos<br \/>\n3 tests de batterie : Amp\u00e8res de d\u00e9marrage \u00e0 froid, tension, r\u00e9sistance interne<br \/>\nTest de l&rsquo;alternateur et du syst\u00e8me de d\u00e9marrage<br \/>\nFacile \u00e0 lire gr\u00e2ce au grand \u00e9cran LCD<br \/>\nProtections contre les courts-circuits et les inversions de polarit\u00e9<br \/>\nFonction d&rsquo;impression via une imprimante PC<br \/>\nPlusieurs langues : Anglais, allemand, espagnol, fran\u00e7ais, n\u00e9erlandais, italien<\/p>\n","protected":false},"featured_media":19232,"template":"","meta":[],"product_brand":[],"product_cat":[6788,6801],"product_tag":[],"class_list":{"0":"post-40369","1":"product","2":"type-product","3":"status-publish","4":"has-post-thumbnail","6":"product_cat-charger-fr","7":"product_cat-tester","9":"first","10":"instock","11":"shipping-taxable","12":"product-type-simple"},"yoast_head":"<!-- This site is optimized with the Yoast SEO plugin v26.9 - https:\/\/yoast.com\/product\/yoast-seo-wordpress\/ -->\n<title>FULTEST 2 - Fulbat<\/title>\n<meta name=\"description\" content=\"%\" \/>\n<meta name=\"robots\" content=\"index, follow, max-snippet:-1, max-image-preview:large, max-video-preview:-1\" \/>\n<link rel=\"canonical\" href=\"https:\/\/fulbat.com\/fr\/produit\/fultest-2\/\" \/>\n<meta property=\"og:locale\" content=\"fr_FR\" \/>\n<meta property=\"og:type\" content=\"article\" \/>\n<meta property=\"og:title\" content=\"FULTEST 2 - Fulbat\" \/>\n<meta property=\"og:description\" content=\"%\" \/>\n<meta property=\"og:url\" content=\"https:\/\/fulbat.com\/fr\/produit\/fultest-2\/\" \/>\n<meta property=\"og:site_name\" content=\"Fulbat\" \/>\n<meta property=\"article:modified_time\" content=\"2026-04-07T13:50:03+00:00\" \/>\n<meta property=\"og:image\" content=\"https:\/\/fulbat.com\/wp-content\/uploads\/2023\/04\/Fulbat_Fultest-2_tester-battery-thumbnail.png\" \/>\n\t<meta property=\"og:image:width\" content=\"300\" \/>\n\t<meta property=\"og:image:height\" content=\"225\" \/>\n\t<meta property=\"og:image:type\" content=\"image\/png\" \/>\n<meta name=\"twitter:card\" content=\"summary_large_image\" \/>\n<meta name=\"twitter:label1\" content=\"Dur\u00e9e de lecture estim\u00e9e\" \/>\n\t<meta name=\"twitter:data1\" content=\"1 minute\" \/>\n<script type=\"application\/ld+json\" class=\"yoast-schema-graph\">{\"@context\":\"https:\/\/schema.org\",\"@graph\":[{\"@type\":\"WebPage\",\"@id\":\"https:\/\/fulbat.com\/fr\/produit\/fultest-2\/\",\"url\":\"https:\/\/fulbat.com\/fr\/produit\/fultest-2\/\",\"name\":\"FULTEST 2 - Fulbat\",\"isPartOf\":{\"@id\":\"https:\/\/fulbat.com\/fr\/#website\"},\"primaryImageOfPage\":{\"@id\":\"https:\/\/fulbat.com\/fr\/produit\/fultest-2\/#primaryimage\"},\"image\":{\"@id\":\"https:\/\/fulbat.com\/fr\/produit\/fultest-2\/#primaryimage\"},\"thumbnailUrl\":\"https:\/\/fulbat.com\/wp-content\/uploads\/2023\/04\/Fulbat_Fultest-2_tester-battery-thumbnail.png\",\"datePublished\":\"2026-01-22T15:56:23+00:00\",\"dateModified\":\"2026-04-07T13:50:03+00:00\",\"description\":\"%\",\"breadcrumb\":{\"@id\":\"https:\/\/fulbat.com\/fr\/produit\/fultest-2\/#breadcrumb\"},\"inLanguage\":\"fr-FR\",\"potentialAction\":[{\"@type\":\"ReadAction\",\"target\":[\"https:\/\/fulbat.com\/fr\/produit\/fultest-2\/\"]}]},{\"@type\":\"ImageObject\",\"inLanguage\":\"fr-FR\",\"@id\":\"https:\/\/fulbat.com\/fr\/produit\/fultest-2\/#primaryimage\",\"url\":\"https:\/\/fulbat.com\/wp-content\/uploads\/2023\/04\/Fulbat_Fultest-2_tester-battery-thumbnail.png\",\"contentUrl\":\"https:\/\/fulbat.com\/wp-content\/uploads\/2023\/04\/Fulbat_Fultest-2_tester-battery-thumbnail.png\",\"width\":300,\"height\":225},{\"@type\":\"BreadcrumbList\",\"@id\":\"https:\/\/fulbat.com\/fr\/produit\/fultest-2\/#breadcrumb\",\"itemListElement\":[{\"@type\":\"ListItem\",\"position\":1,\"name\":\"Home\",\"item\":\"https:\/\/fulbat.com\/fr\/\"},{\"@type\":\"ListItem\",\"position\":2,\"name\":\"Shop\",\"item\":\"https:\/\/fulbat.com\/shop\/\"},{\"@type\":\"ListItem\",\"position\":3,\"name\":\"Charger\",\"item\":\"https:\/\/fulbat.com\/fr\/charger-fr\/\"},{\"@type\":\"ListItem\",\"position\":4,\"name\":\"Tester\",\"item\":\"https:\/\/fulbat.com\/fr\/charger-fr\/tester\/\"},{\"@type\":\"ListItem\",\"position\":5,\"name\":\"FULTEST 2\"}]},{\"@type\":\"WebSite\",\"@id\":\"https:\/\/fulbat.com\/fr\/#website\",\"url\":\"https:\/\/fulbat.com\/fr\/\",\"name\":\"Fulbat\",\"description\":\"Qualitative, performing &amp; reliable battery solutions\",\"potentialAction\":[{\"@type\":\"SearchAction\",\"target\":{\"@type\":\"EntryPoint\",\"urlTemplate\":\"https:\/\/fulbat.com\/fr\/?s={search_term_string}\"},\"query-input\":{\"@type\":\"PropertyValueSpecification\",\"valueRequired\":true,\"valueName\":\"search_term_string\"}}],\"inLanguage\":\"fr-FR\"}]}<\/script>\n<!-- \/ Yoast SEO plugin. -->","yoast_head_json":{"title":"FULTEST 2 - Fulbat","description":"%","robots":{"index":"index","follow":"follow","max-snippet":"max-snippet:-1","max-image-preview":"max-image-preview:large","max-video-preview":"max-video-preview:-1"},"canonical":"https:\/\/fulbat.com\/fr\/produit\/fultest-2\/","og_locale":"fr_FR","og_type":"article","og_title":"FULTEST 2 - Fulbat","og_description":"%","og_url":"https:\/\/fulbat.com\/fr\/produit\/fultest-2\/","og_site_name":"Fulbat","article_modified_time":"2026-04-07T13:50:03+00:00","og_image":[{"width":300,"height":225,"url":"https:\/\/fulbat.com\/wp-content\/uploads\/2023\/04\/Fulbat_Fultest-2_tester-battery-thumbnail.png","type":"image\/png"}],"twitter_card":"summary_large_image","twitter_misc":{"Dur\u00e9e de lecture estim\u00e9e":"1 minute"},"schema":{"@context":"https:\/\/schema.org","@graph":[{"@type":"WebPage","@id":"https:\/\/fulbat.com\/fr\/produit\/fultest-2\/","url":"https:\/\/fulbat.com\/fr\/produit\/fultest-2\/","name":"FULTEST 2 - Fulbat","isPartOf":{"@id":"https:\/\/fulbat.com\/fr\/#website"},"primaryImageOfPage":{"@id":"https:\/\/fulbat.com\/fr\/produit\/fultest-2\/#primaryimage"},"image":{"@id":"https:\/\/fulbat.com\/fr\/produit\/fultest-2\/#primaryimage"},"thumbnailUrl":"https:\/\/fulbat.com\/wp-content\/uploads\/2023\/04\/Fulbat_Fultest-2_tester-battery-thumbnail.png","datePublished":"2026-01-22T15:56:23+00:00","dateModified":"2026-04-07T13:50:03+00:00","description":"%","breadcrumb":{"@id":"https:\/\/fulbat.com\/fr\/produit\/fultest-2\/#breadcrumb"},"inLanguage":"fr-FR","potentialAction":[{"@type":"ReadAction","target":["https:\/\/fulbat.com\/fr\/produit\/fultest-2\/"]}]},{"@type":"ImageObject","inLanguage":"fr-FR","@id":"https:\/\/fulbat.com\/fr\/produit\/fultest-2\/#primaryimage","url":"https:\/\/fulbat.com\/wp-content\/uploads\/2023\/04\/Fulbat_Fultest-2_tester-battery-thumbnail.png","contentUrl":"https:\/\/fulbat.com\/wp-content\/uploads\/2023\/04\/Fulbat_Fultest-2_tester-battery-thumbnail.png","width":300,"height":225},{"@type":"BreadcrumbList","@id":"https:\/\/fulbat.com\/fr\/produit\/fultest-2\/#breadcrumb","itemListElement":[{"@type":"ListItem","position":1,"name":"Home","item":"https:\/\/fulbat.com\/fr\/"},{"@type":"ListItem","position":2,"name":"Shop","item":"https:\/\/fulbat.com\/shop\/"},{"@type":"ListItem","position":3,"name":"Charger","item":"https:\/\/fulbat.com\/fr\/charger-fr\/"},{"@type":"ListItem","position":4,"name":"Tester","item":"https:\/\/fulbat.com\/fr\/charger-fr\/tester\/"},{"@type":"ListItem","position":5,"name":"FULTEST 2"}]},{"@type":"WebSite","@id":"https:\/\/fulbat.com\/fr\/#website","url":"https:\/\/fulbat.com\/fr\/","name":"Fulbat","description":"Qualitative, performing &amp; reliable battery solutions","potentialAction":[{"@type":"SearchAction","target":{"@type":"EntryPoint","urlTemplate":"https:\/\/fulbat.com\/fr\/?s={search_term_string}"},"query-input":{"@type":"PropertyValueSpecification","valueRequired":true,"valueName":"search_term_string"}}],"inLanguage":"fr-FR"}]}},"_links":{"self":[{"href":"https:\/\/fulbat.com\/fr\/wp-json\/wp\/v2\/product\/40369","targetHints":{"allow":["GET"]}}],"collection":[{"href":"https:\/\/fulbat.com\/fr\/wp-json\/wp\/v2\/product"}],"about":[{"href":"https:\/\/fulbat.com\/fr\/wp-json\/wp\/v2\/types\/product"}],"wp:featuredmedia":[{"embeddable":true,"href":"https:\/\/fulbat.com\/fr\/wp-json\/wp\/v2\/media\/19232"}],"wp:attachment":[{"href":"https:\/\/fulbat.com\/fr\/wp-json\/wp\/v2\/media?parent=40369"}],"wp:term":[{"taxonomy":"product_brand","embeddable":true,"href":"https:\/\/fulbat.com\/fr\/wp-json\/wp\/v2\/product_brand?post=40369"},{"taxonomy":"product_cat","embeddable":true,"href":"https:\/\/fulbat.com\/fr\/wp-json\/wp\/v2\/product_cat?post=40369"},{"taxonomy":"product_tag","embeddable":true,"href":"https:\/\/fulbat.com\/fr\/wp-json\/wp\/v2\/product_tag?post=40369"}],"curies":[{"name":"wp","href":"https:\/\/api.w.org\/{rel}","templated":true}]}}