{"id":40388,"date":"2026-04-07T14:43:33","date_gmt":"2026-04-07T12:43:33","guid":{"rendered":"https:\/\/fulbat.com\/?post_type=product&#038;p=40388"},"modified":"2026-04-07T15:52:04","modified_gmt":"2026-04-07T13:52:04","slug":"adaptateur-t1-a-t2","status":"publish","type":"product","link":"https:\/\/fulbat.com\/fr\/produit\/adaptateur-t1-a-t2\/","title":{"rendered":"ADAPTATEUR T1 A T2"},"content":{"rendered":"<p style=\"text-align: justify;\">Utile dans les applications de s\u00e9curit\u00e9, UPS et m\u00e9dicales, cet adaptateur T1-T2 permet de passer d&rsquo;une batterie \u00e9quip\u00e9e d&rsquo;une borne T1 \u00e0 une batterie \u00e9quip\u00e9e d&rsquo;une borne T2. Ce jeu de deux adaptateurs permet de convertir une borne T1 (Faston 4,7 mm) en une borne T2 (Faston 6,35 mm). Il peut \u00e9galement \u00eatre utilis\u00e9 pour toutes les batteries plomb-acide scell\u00e9es dot\u00e9es d&rsquo;un connecteur \u00e0 glissi\u00e8re.<\/p>\n<p>Pour en savoir plus sur les demandes : <a href=\"https:\/\/fulbat.com\/fr\/industriel\/alarme-securite\/\"><strong>Urgence et s\u00e9curit\u00e9<\/strong><\/a> | <a href=\"https:\/\/fulbat.com\/fr\/industriel\/onduleur-ups-centre-de-donnees\/\"><strong>Onduleurs et centres de donn\u00e9es<\/strong><\/a> | <a href=\"https:\/\/fulbat.com\/fr\/industriel\/medical\/\"><strong>M\u00e9dical<\/strong><\/a><\/p>\n","protected":false},"excerpt":{"rendered":"<p>Utile dans les applications de s\u00e9curit\u00e9, UPS et m\u00e9dicales, cet adaptateur T1-T2 permet de passer d&rsquo;une batterie \u00e9quip\u00e9e d&rsquo;une borne T1 \u00e0 une batterie \u00e9quip\u00e9e d&rsquo;une borne T2. Ce jeu de deux adaptateurs permet de convertir une borne T1 (Faston 4,7 mm) en une borne T2 (Faston 6,35 mm). Il peut \u00e9galement \u00eatre utilis\u00e9 pour&#8230;<\/p>\n","protected":false},"featured_media":11297,"template":"","meta":[],"product_brand":[],"product_cat":[6824,6788],"product_tag":[],"class_list":{"0":"post-40388","1":"product","2":"type-product","3":"status-publish","4":"has-post-thumbnail","6":"product_cat-accessoires","7":"product_cat-charger-fr","9":"first","10":"instock","11":"shipping-taxable","12":"product-type-simple"},"yoast_head":"<!-- This site is optimized with the Yoast SEO plugin v26.9 - https:\/\/yoast.com\/product\/yoast-seo-wordpress\/ -->\n<title>ADAPTATEUR T1 A T2 - Fulbat<\/title>\n<meta name=\"description\" content=\"%\" \/>\n<meta name=\"robots\" content=\"index, follow, max-snippet:-1, max-image-preview:large, max-video-preview:-1\" \/>\n<link rel=\"canonical\" href=\"https:\/\/fulbat.com\/fr\/produit\/adaptateur-t1-a-t2\/\" \/>\n<meta property=\"og:locale\" content=\"fr_FR\" \/>\n<meta property=\"og:type\" content=\"article\" \/>\n<meta property=\"og:title\" content=\"ADAPTATEUR T1 A T2 - Fulbat\" \/>\n<meta property=\"og:description\" content=\"%\" \/>\n<meta property=\"og:url\" content=\"https:\/\/fulbat.com\/fr\/produit\/adaptateur-t1-a-t2\/\" \/>\n<meta property=\"og:site_name\" content=\"Fulbat\" \/>\n<meta property=\"article:modified_time\" content=\"2026-04-07T13:52:04+00:00\" \/>\n<meta property=\"og:image\" content=\"https:\/\/fulbat.com\/wp-content\/uploads\/2021\/07\/FT_Adaptor_T1-T2.png\" \/>\n\t<meta property=\"og:image:width\" content=\"601\" \/>\n\t<meta property=\"og:image:height\" content=\"735\" \/>\n\t<meta property=\"og:image:type\" content=\"image\/png\" \/>\n<meta name=\"twitter:card\" content=\"summary_large_image\" \/>\n<meta name=\"twitter:label1\" content=\"Dur\u00e9e de lecture estim\u00e9e\" \/>\n\t<meta name=\"twitter:data1\" content=\"1 minute\" \/>\n<script type=\"application\/ld+json\" class=\"yoast-schema-graph\">{\"@context\":\"https:\/\/schema.org\",\"@graph\":[{\"@type\":\"WebPage\",\"@id\":\"https:\/\/fulbat.com\/fr\/produit\/adaptateur-t1-a-t2\/\",\"url\":\"https:\/\/fulbat.com\/fr\/produit\/adaptateur-t1-a-t2\/\",\"name\":\"ADAPTATEUR T1 A T2 - Fulbat\",\"isPartOf\":{\"@id\":\"https:\/\/fulbat.com\/fr\/#website\"},\"primaryImageOfPage\":{\"@id\":\"https:\/\/fulbat.com\/fr\/produit\/adaptateur-t1-a-t2\/#primaryimage\"},\"image\":{\"@id\":\"https:\/\/fulbat.com\/fr\/produit\/adaptateur-t1-a-t2\/#primaryimage\"},\"thumbnailUrl\":\"https:\/\/fulbat.com\/wp-content\/uploads\/2021\/07\/FT_Adaptor_T1-T2.png\",\"datePublished\":\"2026-04-07T12:43:33+00:00\",\"dateModified\":\"2026-04-07T13:52:04+00:00\",\"description\":\"%\",\"breadcrumb\":{\"@id\":\"https:\/\/fulbat.com\/fr\/produit\/adaptateur-t1-a-t2\/#breadcrumb\"},\"inLanguage\":\"fr-FR\",\"potentialAction\":[{\"@type\":\"ReadAction\",\"target\":[\"https:\/\/fulbat.com\/fr\/produit\/adaptateur-t1-a-t2\/\"]}]},{\"@type\":\"ImageObject\",\"inLanguage\":\"fr-FR\",\"@id\":\"https:\/\/fulbat.com\/fr\/produit\/adaptateur-t1-a-t2\/#primaryimage\",\"url\":\"https:\/\/fulbat.com\/wp-content\/uploads\/2021\/07\/FT_Adaptor_T1-T2.png\",\"contentUrl\":\"https:\/\/fulbat.com\/wp-content\/uploads\/2021\/07\/FT_Adaptor_T1-T2.png\",\"width\":601,\"height\":735,\"caption\":\"FT_Adaptor_T1-T2\"},{\"@type\":\"BreadcrumbList\",\"@id\":\"https:\/\/fulbat.com\/fr\/produit\/adaptateur-t1-a-t2\/#breadcrumb\",\"itemListElement\":[{\"@type\":\"ListItem\",\"position\":1,\"name\":\"Home\",\"item\":\"https:\/\/fulbat.com\/fr\/\"},{\"@type\":\"ListItem\",\"position\":2,\"name\":\"Shop\",\"item\":\"https:\/\/fulbat.com\/shop\/\"},{\"@type\":\"ListItem\",\"position\":3,\"name\":\"Charger\",\"item\":\"https:\/\/fulbat.com\/fr\/charger-fr\/\"},{\"@type\":\"ListItem\",\"position\":4,\"name\":\"Accessoires\",\"item\":\"https:\/\/fulbat.com\/fr\/charger-fr\/accessoires\/\"},{\"@type\":\"ListItem\",\"position\":5,\"name\":\"ADAPTATEUR T1 A T2\"}]},{\"@type\":\"WebSite\",\"@id\":\"https:\/\/fulbat.com\/fr\/#website\",\"url\":\"https:\/\/fulbat.com\/fr\/\",\"name\":\"Fulbat\",\"description\":\"Qualitative, performing &amp; reliable battery solutions\",\"potentialAction\":[{\"@type\":\"SearchAction\",\"target\":{\"@type\":\"EntryPoint\",\"urlTemplate\":\"https:\/\/fulbat.com\/fr\/?s={search_term_string}\"},\"query-input\":{\"@type\":\"PropertyValueSpecification\",\"valueRequired\":true,\"valueName\":\"search_term_string\"}}],\"inLanguage\":\"fr-FR\"}]}<\/script>\n<!-- \/ Yoast SEO plugin. -->","yoast_head_json":{"title":"ADAPTATEUR T1 A T2 - Fulbat","description":"%","robots":{"index":"index","follow":"follow","max-snippet":"max-snippet:-1","max-image-preview":"max-image-preview:large","max-video-preview":"max-video-preview:-1"},"canonical":"https:\/\/fulbat.com\/fr\/produit\/adaptateur-t1-a-t2\/","og_locale":"fr_FR","og_type":"article","og_title":"ADAPTATEUR T1 A T2 - Fulbat","og_description":"%","og_url":"https:\/\/fulbat.com\/fr\/produit\/adaptateur-t1-a-t2\/","og_site_name":"Fulbat","article_modified_time":"2026-04-07T13:52:04+00:00","og_image":[{"width":601,"height":735,"url":"https:\/\/fulbat.com\/wp-content\/uploads\/2021\/07\/FT_Adaptor_T1-T2.png","type":"image\/png"}],"twitter_card":"summary_large_image","twitter_misc":{"Dur\u00e9e de lecture estim\u00e9e":"1 minute"},"schema":{"@context":"https:\/\/schema.org","@graph":[{"@type":"WebPage","@id":"https:\/\/fulbat.com\/fr\/produit\/adaptateur-t1-a-t2\/","url":"https:\/\/fulbat.com\/fr\/produit\/adaptateur-t1-a-t2\/","name":"ADAPTATEUR T1 A T2 - Fulbat","isPartOf":{"@id":"https:\/\/fulbat.com\/fr\/#website"},"primaryImageOfPage":{"@id":"https:\/\/fulbat.com\/fr\/produit\/adaptateur-t1-a-t2\/#primaryimage"},"image":{"@id":"https:\/\/fulbat.com\/fr\/produit\/adaptateur-t1-a-t2\/#primaryimage"},"thumbnailUrl":"https:\/\/fulbat.com\/wp-content\/uploads\/2021\/07\/FT_Adaptor_T1-T2.png","datePublished":"2026-04-07T12:43:33+00:00","dateModified":"2026-04-07T13:52:04+00:00","description":"%","breadcrumb":{"@id":"https:\/\/fulbat.com\/fr\/produit\/adaptateur-t1-a-t2\/#breadcrumb"},"inLanguage":"fr-FR","potentialAction":[{"@type":"ReadAction","target":["https:\/\/fulbat.com\/fr\/produit\/adaptateur-t1-a-t2\/"]}]},{"@type":"ImageObject","inLanguage":"fr-FR","@id":"https:\/\/fulbat.com\/fr\/produit\/adaptateur-t1-a-t2\/#primaryimage","url":"https:\/\/fulbat.com\/wp-content\/uploads\/2021\/07\/FT_Adaptor_T1-T2.png","contentUrl":"https:\/\/fulbat.com\/wp-content\/uploads\/2021\/07\/FT_Adaptor_T1-T2.png","width":601,"height":735,"caption":"FT_Adaptor_T1-T2"},{"@type":"BreadcrumbList","@id":"https:\/\/fulbat.com\/fr\/produit\/adaptateur-t1-a-t2\/#breadcrumb","itemListElement":[{"@type":"ListItem","position":1,"name":"Home","item":"https:\/\/fulbat.com\/fr\/"},{"@type":"ListItem","position":2,"name":"Shop","item":"https:\/\/fulbat.com\/shop\/"},{"@type":"ListItem","position":3,"name":"Charger","item":"https:\/\/fulbat.com\/fr\/charger-fr\/"},{"@type":"ListItem","position":4,"name":"Accessoires","item":"https:\/\/fulbat.com\/fr\/charger-fr\/accessoires\/"},{"@type":"ListItem","position":5,"name":"ADAPTATEUR T1 A T2"}]},{"@type":"WebSite","@id":"https:\/\/fulbat.com\/fr\/#website","url":"https:\/\/fulbat.com\/fr\/","name":"Fulbat","description":"Qualitative, performing &amp; reliable battery solutions","potentialAction":[{"@type":"SearchAction","target":{"@type":"EntryPoint","urlTemplate":"https:\/\/fulbat.com\/fr\/?s={search_term_string}"},"query-input":{"@type":"PropertyValueSpecification","valueRequired":true,"valueName":"search_term_string"}}],"inLanguage":"fr-FR"}]}},"_links":{"self":[{"href":"https:\/\/fulbat.com\/fr\/wp-json\/wp\/v2\/product\/40388","targetHints":{"allow":["GET"]}}],"collection":[{"href":"https:\/\/fulbat.com\/fr\/wp-json\/wp\/v2\/product"}],"about":[{"href":"https:\/\/fulbat.com\/fr\/wp-json\/wp\/v2\/types\/product"}],"wp:featuredmedia":[{"embeddable":true,"href":"https:\/\/fulbat.com\/fr\/wp-json\/wp\/v2\/media\/11297"}],"wp:attachment":[{"href":"https:\/\/fulbat.com\/fr\/wp-json\/wp\/v2\/media?parent=40388"}],"wp:term":[{"taxonomy":"product_brand","embeddable":true,"href":"https:\/\/fulbat.com\/fr\/wp-json\/wp\/v2\/product_brand?post=40388"},{"taxonomy":"product_cat","embeddable":true,"href":"https:\/\/fulbat.com\/fr\/wp-json\/wp\/v2\/product_cat?post=40388"},{"taxonomy":"product_tag","embeddable":true,"href":"https:\/\/fulbat.com\/fr\/wp-json\/wp\/v2\/product_tag?post=40388"}],"curies":[{"name":"wp","href":"https:\/\/api.w.org\/{rel}","templated":true}]}}