{"id":9189,"date":"2020-08-10T10:14:40","date_gmt":"2020-08-10T08:14:40","guid":{"rendered":"https:\/\/fulbat.com\/product\/u1r-12-sla\/"},"modified":"2023-09-19T15:27:34","modified_gmt":"2023-09-19T13:27:34","slug":"u1r-12-sla","status":"publish","type":"product","link":"https:\/\/fulbat.com\/fr\/produit\/u1r-12-sla\/","title":{"rendered":"U1R-12 SLA"},"content":{"rendered":"<h6>La batterie U1R-12 SLA fait partie de notre gamme SLA. Sp\u00e9cialement con\u00e7ue pour offrir des performances maximales et une s\u00e9curit\u00e9 optimale, cette batterie 12V 32Ah est pr\u00eate \u00e0 l&#8217;emploi et ne n\u00e9cessitera aucune manipulation d&rsquo;acide, de pr\u00e9paration initiale ni d&rsquo;entretien.<\/h6>\n<p>Avec sa conception 100% \u00e9tanche (VRLA), la batterie U1R-12 SLA est id\u00e9ale pour toutes les tondeuses autoport\u00e9es qui n\u00e9cessitent des performances \u00e9lev\u00e9es.<\/p>\n<p><img loading=\"lazy\" decoding=\"async\" class=\"alignnone wp-image-8284\" src=\"https:\/\/fulbat.com\/wp-content\/uploads\/2020\/08\/EU-flag-300x200.jpg\" alt=\"\" width=\"26\" height=\"17\" srcset=\"https:\/\/fulbat.com\/wp-content\/uploads\/2020\/08\/EU-flag-300x200.jpg 300w, https:\/\/fulbat.com\/wp-content\/uploads\/2020\/08\/EU-flag-150x100.jpg 150w, https:\/\/fulbat.com\/wp-content\/uploads\/2020\/08\/EU-flag.jpg 425w\" sizes=\"auto, (max-width: 26px) 100vw, 26px\" \/> Conforme \u00e0 la nouvelle r\u00e9glementation Europ\u00e9enne (UE) 2019\/1148 de 2021 concernant la vente d\u2019acide pour batteries.<\/p>\n<p>Chargeurs compatibles : <strong> <a href=\"https:\/\/fulbat.com\/fr\/chargeur\/chargeur\/fulload-f4\/\" target=\"_blank\" rel=\"noopener noreferrer\"><strong>Fulload F4<\/strong> | <\/a><a href=\"https:\/\/fulbat.com\/fr\/chargeur\/chargeur\/fulbank-2000\/\" target=\"_blank\" rel=\"noopener noreferrer\"><strong>Fulbank 2000<\/strong><\/a><\/strong><\/p>\n","protected":false},"excerpt":{"rendered":"<p>Technologie AGM<\/p>\n<p>Activ\u00e9e en usine et pr\u00eat \u00e0 l\u2019emploi<\/p>\n<p>Batterie VRLA (Valve Regulated Lead Acid)<\/p>\n<p>\u00c9tanche : facile \u00e0 exp\u00e9dier<\/p>\n<p>Aucune manipulation d\u2019acide<\/p>\n<p>Facile \u00e0 installer et sans entretien<\/p>\n<p>Dur\u00e9e de vie plus longue<\/p>\n<p>Sulfatation interne minimis\u00e9e<\/p>\n<p>Utilisable par temps froid<\/p>\n","protected":false},"featured_media":22120,"template":"","meta":[],"product_brand":[],"product_cat":[834,839,844],"product_tag":[1383,1405,1407,1406,1408,1409],"class_list":{"0":"post-9189","1":"product","2":"type-product","3":"status-publish","4":"has-post-thumbnail","6":"product_cat-demarrage","7":"product_cat-motoculture","8":"product_cat-sla-fr","9":"product_tag-batterie-motoculture-fr","10":"product_tag-batterie-sla","11":"product_tag-u1r-12-fr","12":"product_tag-u1r-12-sla-fr","13":"product_tag-u1r12-fr","14":"product_tag-u1r12-sla-fr","16":"first","17":"instock","18":"shipping-taxable","19":"product-type-simple"},"yoast_head":"<!-- This site is optimized with the Yoast SEO plugin v26.9 - https:\/\/yoast.com\/product\/yoast-seo-wordpress\/ -->\n<title>U1R-12 SLA - Fulbat<\/title>\n<meta name=\"description\" content=\"%\" \/>\n<meta name=\"robots\" content=\"index, follow, max-snippet:-1, max-image-preview:large, max-video-preview:-1\" \/>\n<link rel=\"canonical\" href=\"https:\/\/fulbat.com\/fr\/produit\/u1r-12-sla\/\" \/>\n<meta property=\"og:locale\" content=\"fr_FR\" \/>\n<meta property=\"og:type\" content=\"article\" \/>\n<meta property=\"og:title\" content=\"U1R-12 SLA - Fulbat\" \/>\n<meta property=\"og:description\" content=\"%\" \/>\n<meta property=\"og:url\" content=\"https:\/\/fulbat.com\/fr\/produit\/u1r-12-sla\/\" \/>\n<meta property=\"og:site_name\" content=\"Fulbat\" \/>\n<meta property=\"article:modified_time\" content=\"2023-09-19T13:27:34+00:00\" \/>\n<meta property=\"og:image\" content=\"https:\/\/fulbat.com\/wp-content\/uploads\/2020\/08\/Fulbat_SLA_U1R-121-921x1024.png\" \/>\n\t<meta property=\"og:image:width\" content=\"921\" \/>\n\t<meta property=\"og:image:height\" content=\"1024\" \/>\n\t<meta property=\"og:image:type\" content=\"image\/png\" \/>\n<meta name=\"twitter:card\" content=\"summary_large_image\" \/>\n<script type=\"application\/ld+json\" class=\"yoast-schema-graph\">{\"@context\":\"https:\/\/schema.org\",\"@graph\":[{\"@type\":\"WebPage\",\"@id\":\"https:\/\/fulbat.com\/fr\/produit\/u1r-12-sla\/\",\"url\":\"https:\/\/fulbat.com\/fr\/produit\/u1r-12-sla\/\",\"name\":\"U1R-12 SLA - Fulbat\",\"isPartOf\":{\"@id\":\"https:\/\/fulbat.com\/fr\/#website\"},\"primaryImageOfPage\":{\"@id\":\"https:\/\/fulbat.com\/fr\/produit\/u1r-12-sla\/#primaryimage\"},\"image\":{\"@id\":\"https:\/\/fulbat.com\/fr\/produit\/u1r-12-sla\/#primaryimage\"},\"thumbnailUrl\":\"https:\/\/fulbat.com\/wp-content\/uploads\/2020\/08\/Fulbat_SLA_U1R-121.png\",\"datePublished\":\"2020-08-10T08:14:40+00:00\",\"dateModified\":\"2023-09-19T13:27:34+00:00\",\"description\":\"%\",\"breadcrumb\":{\"@id\":\"https:\/\/fulbat.com\/fr\/produit\/u1r-12-sla\/#breadcrumb\"},\"inLanguage\":\"fr-FR\",\"potentialAction\":[{\"@type\":\"ReadAction\",\"target\":[\"https:\/\/fulbat.com\/fr\/produit\/u1r-12-sla\/\"]}]},{\"@type\":\"ImageObject\",\"inLanguage\":\"fr-FR\",\"@id\":\"https:\/\/fulbat.com\/fr\/produit\/u1r-12-sla\/#primaryimage\",\"url\":\"https:\/\/fulbat.com\/wp-content\/uploads\/2020\/08\/Fulbat_SLA_U1R-121.png\",\"contentUrl\":\"https:\/\/fulbat.com\/wp-content\/uploads\/2020\/08\/Fulbat_SLA_U1R-121.png\",\"width\":2566,\"height\":2854,\"caption\":\"Fulbat_SLA_U1R-12(1)\"},{\"@type\":\"BreadcrumbList\",\"@id\":\"https:\/\/fulbat.com\/fr\/produit\/u1r-12-sla\/#breadcrumb\",\"itemListElement\":[{\"@type\":\"ListItem\",\"position\":1,\"name\":\"Home\",\"item\":\"https:\/\/fulbat.com\/fr\/\"},{\"@type\":\"ListItem\",\"position\":2,\"name\":\"Shop\",\"item\":\"https:\/\/fulbat.com\/shop\/\"},{\"@type\":\"ListItem\",\"position\":3,\"name\":\"D\u00e9marrage\",\"item\":\"https:\/\/fulbat.com\/fr\/demarrage\/\"},{\"@type\":\"ListItem\",\"position\":4,\"name\":\"U1R-12 SLA\"}]},{\"@type\":\"WebSite\",\"@id\":\"https:\/\/fulbat.com\/fr\/#website\",\"url\":\"https:\/\/fulbat.com\/fr\/\",\"name\":\"Fulbat\",\"description\":\"Qualitative, performing &amp; reliable battery solutions\",\"potentialAction\":[{\"@type\":\"SearchAction\",\"target\":{\"@type\":\"EntryPoint\",\"urlTemplate\":\"https:\/\/fulbat.com\/fr\/?s={search_term_string}\"},\"query-input\":{\"@type\":\"PropertyValueSpecification\",\"valueRequired\":true,\"valueName\":\"search_term_string\"}}],\"inLanguage\":\"fr-FR\"}]}<\/script>\n<!-- \/ Yoast SEO plugin. -->","yoast_head_json":{"title":"U1R-12 SLA - Fulbat","description":"%","robots":{"index":"index","follow":"follow","max-snippet":"max-snippet:-1","max-image-preview":"max-image-preview:large","max-video-preview":"max-video-preview:-1"},"canonical":"https:\/\/fulbat.com\/fr\/produit\/u1r-12-sla\/","og_locale":"fr_FR","og_type":"article","og_title":"U1R-12 SLA - Fulbat","og_description":"%","og_url":"https:\/\/fulbat.com\/fr\/produit\/u1r-12-sla\/","og_site_name":"Fulbat","article_modified_time":"2023-09-19T13:27:34+00:00","og_image":[{"width":921,"height":1024,"url":"https:\/\/fulbat.com\/wp-content\/uploads\/2020\/08\/Fulbat_SLA_U1R-121-921x1024.png","type":"image\/png"}],"twitter_card":"summary_large_image","schema":{"@context":"https:\/\/schema.org","@graph":[{"@type":"WebPage","@id":"https:\/\/fulbat.com\/fr\/produit\/u1r-12-sla\/","url":"https:\/\/fulbat.com\/fr\/produit\/u1r-12-sla\/","name":"U1R-12 SLA - Fulbat","isPartOf":{"@id":"https:\/\/fulbat.com\/fr\/#website"},"primaryImageOfPage":{"@id":"https:\/\/fulbat.com\/fr\/produit\/u1r-12-sla\/#primaryimage"},"image":{"@id":"https:\/\/fulbat.com\/fr\/produit\/u1r-12-sla\/#primaryimage"},"thumbnailUrl":"https:\/\/fulbat.com\/wp-content\/uploads\/2020\/08\/Fulbat_SLA_U1R-121.png","datePublished":"2020-08-10T08:14:40+00:00","dateModified":"2023-09-19T13:27:34+00:00","description":"%","breadcrumb":{"@id":"https:\/\/fulbat.com\/fr\/produit\/u1r-12-sla\/#breadcrumb"},"inLanguage":"fr-FR","potentialAction":[{"@type":"ReadAction","target":["https:\/\/fulbat.com\/fr\/produit\/u1r-12-sla\/"]}]},{"@type":"ImageObject","inLanguage":"fr-FR","@id":"https:\/\/fulbat.com\/fr\/produit\/u1r-12-sla\/#primaryimage","url":"https:\/\/fulbat.com\/wp-content\/uploads\/2020\/08\/Fulbat_SLA_U1R-121.png","contentUrl":"https:\/\/fulbat.com\/wp-content\/uploads\/2020\/08\/Fulbat_SLA_U1R-121.png","width":2566,"height":2854,"caption":"Fulbat_SLA_U1R-12(1)"},{"@type":"BreadcrumbList","@id":"https:\/\/fulbat.com\/fr\/produit\/u1r-12-sla\/#breadcrumb","itemListElement":[{"@type":"ListItem","position":1,"name":"Home","item":"https:\/\/fulbat.com\/fr\/"},{"@type":"ListItem","position":2,"name":"Shop","item":"https:\/\/fulbat.com\/shop\/"},{"@type":"ListItem","position":3,"name":"D\u00e9marrage","item":"https:\/\/fulbat.com\/fr\/demarrage\/"},{"@type":"ListItem","position":4,"name":"U1R-12 SLA"}]},{"@type":"WebSite","@id":"https:\/\/fulbat.com\/fr\/#website","url":"https:\/\/fulbat.com\/fr\/","name":"Fulbat","description":"Qualitative, performing &amp; reliable battery solutions","potentialAction":[{"@type":"SearchAction","target":{"@type":"EntryPoint","urlTemplate":"https:\/\/fulbat.com\/fr\/?s={search_term_string}"},"query-input":{"@type":"PropertyValueSpecification","valueRequired":true,"valueName":"search_term_string"}}],"inLanguage":"fr-FR"}]}},"_links":{"self":[{"href":"https:\/\/fulbat.com\/fr\/wp-json\/wp\/v2\/product\/9189","targetHints":{"allow":["GET"]}}],"collection":[{"href":"https:\/\/fulbat.com\/fr\/wp-json\/wp\/v2\/product"}],"about":[{"href":"https:\/\/fulbat.com\/fr\/wp-json\/wp\/v2\/types\/product"}],"wp:featuredmedia":[{"embeddable":true,"href":"https:\/\/fulbat.com\/fr\/wp-json\/wp\/v2\/media\/22120"}],"wp:attachment":[{"href":"https:\/\/fulbat.com\/fr\/wp-json\/wp\/v2\/media?parent=9189"}],"wp:term":[{"taxonomy":"product_brand","embeddable":true,"href":"https:\/\/fulbat.com\/fr\/wp-json\/wp\/v2\/product_brand?post=9189"},{"taxonomy":"product_cat","embeddable":true,"href":"https:\/\/fulbat.com\/fr\/wp-json\/wp\/v2\/product_cat?post=9189"},{"taxonomy":"product_tag","embeddable":true,"href":"https:\/\/fulbat.com\/fr\/wp-json\/wp\/v2\/product_tag?post=9189"}],"curies":[{"name":"wp","href":"https:\/\/api.w.org\/{rel}","templated":true}]}}