{"id":9290,"date":"2020-08-26T12:39:37","date_gmt":"2020-08-26T10:39:37","guid":{"rendered":"https:\/\/fulbat.com\/product\/flt12b\/"},"modified":"2024-11-20T15:26:51","modified_gmt":"2024-11-20T14:26:51","slug":"flt12b-14b","status":"publish","type":"product","link":"https:\/\/fulbat.com\/fr\/produit\/flt12b-14b\/","title":{"rendered":"FLT12B\/14B"},"content":{"rendered":"<p style=\"text-align: justify;\">La batterie FLT12B fait partie de notre gamme Lithium LiFePO4. \u00c9quip\u00e9e d&rsquo;un syst\u00e8me de gestion de batterie int\u00e9gr\u00e9 et d&rsquo;un testeur de batterie LCD, cette batterie 12,8V 76.8Wh assurera des performances de d\u00e9marrage extr\u00eames, une autod\u00e9charge tr\u00e8s faible et une dur\u00e9e de vie de cycle extr\u00eame dans des conditions plus s\u00fbres.<\/p>\n<p>Pr\u00eate \u00e0 l&#8217;emploi et de conception ultra l\u00e9g\u00e8re, la batterie FLT12B\/14B est id\u00e9ale pour les pilotes les plus exigeants qui recherchent une exp\u00e9rience de conduite ultime.<\/p>\n<p>Livr\u00e9e avec une cale en mousse de 15 mm pouvant \u00eatre empil\u00e9e et fix\u00e9e \u00e0 notre batterie FLT, c&rsquo;est id\u00e9al pour remplacer les mod\u00e8les de batterie plus plomb-acide tout en assurant un montage s\u00fbr !<\/p>\n<p><img loading=\"lazy\" decoding=\"async\" class=\"alignnone wp-image-8284\" src=\"https:\/\/fulbat.com\/wp-content\/uploads\/2020\/08\/EU-flag-300x200.jpg\" alt=\"\" width=\"26\" height=\"17\" srcset=\"https:\/\/fulbat.com\/wp-content\/uploads\/2020\/08\/EU-flag-300x200.jpg 300w, https:\/\/fulbat.com\/wp-content\/uploads\/2020\/08\/EU-flag-150x100.jpg 150w, https:\/\/fulbat.com\/wp-content\/uploads\/2020\/08\/EU-flag.jpg 425w\" sizes=\"auto, (max-width: 26px) 100vw, 26px\" \/> Conforme \u00e0 la nouvelle r\u00e9glementation Europ\u00e9enne (UE) 2019\/1148 de 2021 concernant la vente d\u2019acide pour batteries.<\/p>\n<p>Chargeurs compatibles : <strong><a href=\"https:\/\/fulbat.com\/fr\/chargeur\/chargeur\/fulload-1000\/\" target=\"_blank\" rel=\"noopener noreferrer\">Fulload 1000<\/a><\/strong> | <a href=\"https:\/\/fulbat.com\/fr\/chargeur\/chargeur\/fulload-f4\/\" target=\"_blank\" rel=\"noopener noreferrer\"><strong>Fulload F4<\/strong><\/a> <strong>|\u00a0<a href=\"https:\/\/fulbat.com\/fr\/chargeur\/chargeur\/fulbank-2000\/\">Fulbank 2000<\/a><\/strong><\/p>\n","protected":false},"excerpt":{"rendered":"<p>Pr\u00eate \u00e0 l\u2019emploi et sans entretien<\/p>\n<p>Poids ultra l\u00e9ger compar\u00e9 aux batteries plomb<\/p>\n<p>Haute performance de d\u00e9marrage \u00e0 froid<\/p>\n<p>Charge rapide (jusqu\u2019\u00e0 5x plus rapide qu\u2019une batterie plomb)<\/p>\n<p>Conception fiable et s\u00e9curis\u00e9e gr\u00e2ce au syst\u00e8me BMS<\/p>\n<p>Peut se monter dans toutes les positions<\/p>\n<p>Testeur de batterie int\u00e9gr\u00e9 avec \u00e9cran LCD<\/p>\n<p>Tr\u00e8s faible autod\u00e9charge<\/p>\n","protected":false},"featured_media":17706,"template":"","meta":[],"product_brand":[],"product_cat":[834,840,842,846],"product_tag":[910,1445,1469,1496,1497,1468,1444,1498,1499],"class_list":{"0":"post-9290","1":"product","2":"type-product","3":"status-publish","4":"has-post-thumbnail","6":"product_cat-demarrage","7":"product_cat-lithium-fr","8":"product_cat-moto","9":"product_cat-scooter-fr","10":"product_tag-batterie-de-moto","11":"product_tag-batterie-lithium-fr","12":"product_tag-batterie-scooter-fr","13":"product_tag-ft12b-4-fr","14":"product_tag-hjt12b-fp-fr","15":"product_tag-lifep04-fr","16":"product_tag-lithium-fr","17":"product_tag-yt12b-bs-fr","18":"product_tag-yt12bbs-fr","20":"first","21":"instock","22":"shipping-taxable","23":"product-type-simple"},"yoast_head":"<!-- This site is optimized with the Yoast SEO plugin v26.9 - https:\/\/yoast.com\/product\/yoast-seo-wordpress\/ -->\n<title>FLT12B\/14B - Fulbat<\/title>\n<meta name=\"description\" content=\"%\" \/>\n<meta name=\"robots\" content=\"index, follow, max-snippet:-1, max-image-preview:large, max-video-preview:-1\" \/>\n<link rel=\"canonical\" href=\"https:\/\/fulbat.com\/fr\/produit\/flt12b-14b\/\" \/>\n<meta property=\"og:locale\" content=\"fr_FR\" \/>\n<meta property=\"og:type\" content=\"article\" \/>\n<meta property=\"og:title\" content=\"FLT12B\/14B - Fulbat\" \/>\n<meta property=\"og:description\" content=\"%\" \/>\n<meta property=\"og:url\" content=\"https:\/\/fulbat.com\/fr\/produit\/flt12b-14b\/\" \/>\n<meta property=\"og:site_name\" content=\"Fulbat\" \/>\n<meta property=\"article:modified_time\" content=\"2024-11-20T14:26:51+00:00\" \/>\n<meta property=\"og:image\" content=\"https:\/\/fulbat.com\/wp-content\/uploads\/2022\/09\/FLT12B_14B.png\" \/>\n\t<meta property=\"og:image:width\" content=\"500\" \/>\n\t<meta property=\"og:image:height\" content=\"500\" \/>\n\t<meta property=\"og:image:type\" content=\"image\/png\" \/>\n<meta name=\"twitter:card\" content=\"summary_large_image\" \/>\n<meta name=\"twitter:label1\" content=\"Dur\u00e9e de lecture estim\u00e9e\" \/>\n\t<meta name=\"twitter:data1\" content=\"2 minutes\" \/>\n<script type=\"application\/ld+json\" class=\"yoast-schema-graph\">{\"@context\":\"https:\/\/schema.org\",\"@graph\":[{\"@type\":\"WebPage\",\"@id\":\"https:\/\/fulbat.com\/fr\/produit\/flt12b-14b\/\",\"url\":\"https:\/\/fulbat.com\/fr\/produit\/flt12b-14b\/\",\"name\":\"FLT12B\/14B - Fulbat\",\"isPartOf\":{\"@id\":\"https:\/\/fulbat.com\/fr\/#website\"},\"primaryImageOfPage\":{\"@id\":\"https:\/\/fulbat.com\/fr\/produit\/flt12b-14b\/#primaryimage\"},\"image\":{\"@id\":\"https:\/\/fulbat.com\/fr\/produit\/flt12b-14b\/#primaryimage\"},\"thumbnailUrl\":\"https:\/\/fulbat.com\/wp-content\/uploads\/2022\/09\/FLT12B_14B.png\",\"datePublished\":\"2020-08-26T10:39:37+00:00\",\"dateModified\":\"2024-11-20T14:26:51+00:00\",\"description\":\"%\",\"breadcrumb\":{\"@id\":\"https:\/\/fulbat.com\/fr\/produit\/flt12b-14b\/#breadcrumb\"},\"inLanguage\":\"fr-FR\",\"potentialAction\":[{\"@type\":\"ReadAction\",\"target\":[\"https:\/\/fulbat.com\/fr\/produit\/flt12b-14b\/\"]}]},{\"@type\":\"ImageObject\",\"inLanguage\":\"fr-FR\",\"@id\":\"https:\/\/fulbat.com\/fr\/produit\/flt12b-14b\/#primaryimage\",\"url\":\"https:\/\/fulbat.com\/wp-content\/uploads\/2022\/09\/FLT12B_14B.png\",\"contentUrl\":\"https:\/\/fulbat.com\/wp-content\/uploads\/2022\/09\/FLT12B_14B.png\",\"width\":500,\"height\":500},{\"@type\":\"BreadcrumbList\",\"@id\":\"https:\/\/fulbat.com\/fr\/produit\/flt12b-14b\/#breadcrumb\",\"itemListElement\":[{\"@type\":\"ListItem\",\"position\":1,\"name\":\"Home\",\"item\":\"https:\/\/fulbat.com\/fr\/\"},{\"@type\":\"ListItem\",\"position\":2,\"name\":\"Shop\",\"item\":\"https:\/\/fulbat.com\/shop\/\"},{\"@type\":\"ListItem\",\"position\":3,\"name\":\"D\u00e9marrage\",\"item\":\"https:\/\/fulbat.com\/fr\/demarrage\/\"},{\"@type\":\"ListItem\",\"position\":4,\"name\":\"FLT12B\/14B\"}]},{\"@type\":\"WebSite\",\"@id\":\"https:\/\/fulbat.com\/fr\/#website\",\"url\":\"https:\/\/fulbat.com\/fr\/\",\"name\":\"Fulbat\",\"description\":\"Qualitative, performing &amp; reliable battery solutions\",\"potentialAction\":[{\"@type\":\"SearchAction\",\"target\":{\"@type\":\"EntryPoint\",\"urlTemplate\":\"https:\/\/fulbat.com\/fr\/?s={search_term_string}\"},\"query-input\":{\"@type\":\"PropertyValueSpecification\",\"valueRequired\":true,\"valueName\":\"search_term_string\"}}],\"inLanguage\":\"fr-FR\"}]}<\/script>\n<!-- \/ Yoast SEO plugin. -->","yoast_head_json":{"title":"FLT12B\/14B - Fulbat","description":"%","robots":{"index":"index","follow":"follow","max-snippet":"max-snippet:-1","max-image-preview":"max-image-preview:large","max-video-preview":"max-video-preview:-1"},"canonical":"https:\/\/fulbat.com\/fr\/produit\/flt12b-14b\/","og_locale":"fr_FR","og_type":"article","og_title":"FLT12B\/14B - Fulbat","og_description":"%","og_url":"https:\/\/fulbat.com\/fr\/produit\/flt12b-14b\/","og_site_name":"Fulbat","article_modified_time":"2024-11-20T14:26:51+00:00","og_image":[{"width":500,"height":500,"url":"https:\/\/fulbat.com\/wp-content\/uploads\/2022\/09\/FLT12B_14B.png","type":"image\/png"}],"twitter_card":"summary_large_image","twitter_misc":{"Dur\u00e9e de lecture estim\u00e9e":"2 minutes"},"schema":{"@context":"https:\/\/schema.org","@graph":[{"@type":"WebPage","@id":"https:\/\/fulbat.com\/fr\/produit\/flt12b-14b\/","url":"https:\/\/fulbat.com\/fr\/produit\/flt12b-14b\/","name":"FLT12B\/14B - Fulbat","isPartOf":{"@id":"https:\/\/fulbat.com\/fr\/#website"},"primaryImageOfPage":{"@id":"https:\/\/fulbat.com\/fr\/produit\/flt12b-14b\/#primaryimage"},"image":{"@id":"https:\/\/fulbat.com\/fr\/produit\/flt12b-14b\/#primaryimage"},"thumbnailUrl":"https:\/\/fulbat.com\/wp-content\/uploads\/2022\/09\/FLT12B_14B.png","datePublished":"2020-08-26T10:39:37+00:00","dateModified":"2024-11-20T14:26:51+00:00","description":"%","breadcrumb":{"@id":"https:\/\/fulbat.com\/fr\/produit\/flt12b-14b\/#breadcrumb"},"inLanguage":"fr-FR","potentialAction":[{"@type":"ReadAction","target":["https:\/\/fulbat.com\/fr\/produit\/flt12b-14b\/"]}]},{"@type":"ImageObject","inLanguage":"fr-FR","@id":"https:\/\/fulbat.com\/fr\/produit\/flt12b-14b\/#primaryimage","url":"https:\/\/fulbat.com\/wp-content\/uploads\/2022\/09\/FLT12B_14B.png","contentUrl":"https:\/\/fulbat.com\/wp-content\/uploads\/2022\/09\/FLT12B_14B.png","width":500,"height":500},{"@type":"BreadcrumbList","@id":"https:\/\/fulbat.com\/fr\/produit\/flt12b-14b\/#breadcrumb","itemListElement":[{"@type":"ListItem","position":1,"name":"Home","item":"https:\/\/fulbat.com\/fr\/"},{"@type":"ListItem","position":2,"name":"Shop","item":"https:\/\/fulbat.com\/shop\/"},{"@type":"ListItem","position":3,"name":"D\u00e9marrage","item":"https:\/\/fulbat.com\/fr\/demarrage\/"},{"@type":"ListItem","position":4,"name":"FLT12B\/14B"}]},{"@type":"WebSite","@id":"https:\/\/fulbat.com\/fr\/#website","url":"https:\/\/fulbat.com\/fr\/","name":"Fulbat","description":"Qualitative, performing &amp; reliable battery solutions","potentialAction":[{"@type":"SearchAction","target":{"@type":"EntryPoint","urlTemplate":"https:\/\/fulbat.com\/fr\/?s={search_term_string}"},"query-input":{"@type":"PropertyValueSpecification","valueRequired":true,"valueName":"search_term_string"}}],"inLanguage":"fr-FR"}]}},"_links":{"self":[{"href":"https:\/\/fulbat.com\/fr\/wp-json\/wp\/v2\/product\/9290","targetHints":{"allow":["GET"]}}],"collection":[{"href":"https:\/\/fulbat.com\/fr\/wp-json\/wp\/v2\/product"}],"about":[{"href":"https:\/\/fulbat.com\/fr\/wp-json\/wp\/v2\/types\/product"}],"wp:featuredmedia":[{"embeddable":true,"href":"https:\/\/fulbat.com\/fr\/wp-json\/wp\/v2\/media\/17706"}],"wp:attachment":[{"href":"https:\/\/fulbat.com\/fr\/wp-json\/wp\/v2\/media?parent=9290"}],"wp:term":[{"taxonomy":"product_brand","embeddable":true,"href":"https:\/\/fulbat.com\/fr\/wp-json\/wp\/v2\/product_brand?post=9290"},{"taxonomy":"product_cat","embeddable":true,"href":"https:\/\/fulbat.com\/fr\/wp-json\/wp\/v2\/product_cat?post=9290"},{"taxonomy":"product_tag","embeddable":true,"href":"https:\/\/fulbat.com\/fr\/wp-json\/wp\/v2\/product_tag?post=9290"}],"curies":[{"name":"wp","href":"https:\/\/api.w.org\/{rel}","templated":true}]}}