{"id":9297,"date":"2020-08-03T08:07:05","date_gmt":"2020-08-03T06:07:05","guid":{"rendered":"https:\/\/fulbat.com\/product\/fltk01\/"},"modified":"2024-11-19T16:56:21","modified_gmt":"2024-11-19T15:56:21","slug":"fltk-01","status":"publish","type":"product","link":"https:\/\/fulbat.com\/fr\/produit\/fltk-01\/","title":{"rendered":"FLTK01"},"content":{"rendered":"<p style=\"text-align: justify;\">La batterie FLTK01 fait partie de notre gamme Lithium LiFePO4. \u00c9quip\u00e9e d&rsquo;un syst\u00e8me de gestion de batterie int\u00e9gr\u00e9 et d&rsquo;un testeur de batterie LCD, cette batterie 12,8V 24Wh assurera des performances de d\u00e9marrage extr\u00eames, une autod\u00e9charge tr\u00e8s faible et une dur\u00e9e de vie de cycle extr\u00eame dans des conditions plus s\u00fbres.<\/p>\n<p>Pr\u00eate \u00e0 l&#8217;emploi et de conception ultra l\u00e9g\u00e8re, la batterie FLTK01 est id\u00e9ale pour les pilotes les plus exigeants qui recherchent une exp\u00e9rience de conduite ultime !<\/p>\n<p><img loading=\"lazy\" decoding=\"async\" class=\"alignnone wp-image-8284 lazyloaded\" src=\"https:\/\/fulbat.com\/wp-content\/uploads\/2020\/08\/EU-flag-300x200.jpg\" alt=\"\" width=\"26\" height=\"17\" data-src=\"https:\/\/fulbat.com\/wp-content\/uploads\/2020\/08\/EU-flag-300x200.jpg\" srcset=\"https:\/\/fulbat.com\/wp-content\/uploads\/2020\/08\/EU-flag-300x200.jpg 300w, https:\/\/fulbat.com\/wp-content\/uploads\/2020\/08\/EU-flag-150x100.jpg 150w, https:\/\/fulbat.com\/wp-content\/uploads\/2020\/08\/EU-flag.jpg 425w\" sizes=\"auto, (max-width: 26px) 100vw, 26px\" \/> Conforme \u00e0 la nouvelle r\u00e9glementation Europ\u00e9enne (UE) 2019\/1148 de 2021 concernant la vente d\u2019acide pour batteries<\/p>\n<p>Chargeur compatible : <strong><a href=\"https:\/\/fulbat.com\/chargeur\/chargeur\/fulload-1000\/\" target=\"_blank\" rel=\"noopener noreferrer\">Fulload 1000<\/a><\/strong><\/p>\n","protected":false},"excerpt":{"rendered":"<p>Pr\u00eate \u00e0 l\u2019emploi et sans entretien<\/p>\n<p>Poids ultra l\u00e9ger compar\u00e9 aux batteries plomb<\/p>\n<p>Haute performance de d\u00e9marrage \u00e0 froid<\/p>\n<p>Charge rapide (jusqu\u2019\u00e0 5x plus rapide qu\u2019une batterie plomb)<\/p>\n<p>Peut se monter dans toutes les positions<\/p>\n<p>Testeur de batterie int\u00e9gr\u00e9<\/p>\n<p>Tr\u00e8s faible autod\u00e9charge<\/p>\n","protected":false},"featured_media":19535,"template":"","meta":[],"product_brand":[],"product_cat":[834,849,840,842,847,835,846,845],"product_tag":[1553,910,1445,1469,1452,1468,1444],"class_list":{"0":"post-9297","1":"product","2":"type-product","3":"status-publish","4":"has-post-thumbnail","6":"product_cat-demarrage","7":"product_cat-jet-ski","8":"product_cat-lithium-fr","9":"product_cat-moto","10":"product_cat-motoneige","11":"product_cat-quad","12":"product_cat-scooter-fr","13":"product_cat-ssv-utv-fr","14":"product_tag-560501-fr","15":"product_tag-batterie-de-moto","16":"product_tag-batterie-lithium-fr","17":"product_tag-batterie-scooter-fr","18":"product_tag-lfp01-fr","19":"product_tag-lifep04-fr","20":"product_tag-lithium-fr","22":"first","23":"instock","24":"shipping-taxable","25":"product-type-simple"},"yoast_head":"<!-- This site is optimized with the Yoast SEO plugin v26.9 - https:\/\/yoast.com\/product\/yoast-seo-wordpress\/ -->\n<title>FLTK01 - Fulbat<\/title>\n<meta name=\"description\" content=\"%\" \/>\n<meta name=\"robots\" content=\"index, follow, max-snippet:-1, max-image-preview:large, max-video-preview:-1\" \/>\n<link rel=\"canonical\" href=\"https:\/\/fulbat.com\/fr\/produit\/fltk-01\/\" \/>\n<meta property=\"og:locale\" content=\"fr_FR\" \/>\n<meta property=\"og:type\" content=\"article\" \/>\n<meta property=\"og:title\" content=\"FLTK01 - Fulbat\" \/>\n<meta property=\"og:description\" content=\"%\" \/>\n<meta property=\"og:url\" content=\"https:\/\/fulbat.com\/fr\/produit\/fltk-01\/\" \/>\n<meta property=\"og:site_name\" content=\"Fulbat\" \/>\n<meta property=\"article:modified_time\" content=\"2024-11-19T15:56:21+00:00\" \/>\n<meta property=\"og:image\" content=\"https:\/\/fulbat.com\/wp-content\/uploads\/2020\/08\/2023_FLTK01_LITHIUM-Model_website.png\" \/>\n\t<meta property=\"og:image:width\" content=\"447\" \/>\n\t<meta property=\"og:image:height\" content=\"516\" \/>\n\t<meta property=\"og:image:type\" content=\"image\/png\" \/>\n<meta name=\"twitter:card\" content=\"summary_large_image\" \/>\n<meta name=\"twitter:label1\" content=\"Dur\u00e9e de lecture estim\u00e9e\" \/>\n\t<meta name=\"twitter:data1\" content=\"1 minute\" \/>\n<script type=\"application\/ld+json\" class=\"yoast-schema-graph\">{\"@context\":\"https:\/\/schema.org\",\"@graph\":[{\"@type\":\"WebPage\",\"@id\":\"https:\/\/fulbat.com\/fr\/produit\/fltk-01\/\",\"url\":\"https:\/\/fulbat.com\/fr\/produit\/fltk-01\/\",\"name\":\"FLTK01 - Fulbat\",\"isPartOf\":{\"@id\":\"https:\/\/fulbat.com\/fr\/#website\"},\"primaryImageOfPage\":{\"@id\":\"https:\/\/fulbat.com\/fr\/produit\/fltk-01\/#primaryimage\"},\"image\":{\"@id\":\"https:\/\/fulbat.com\/fr\/produit\/fltk-01\/#primaryimage\"},\"thumbnailUrl\":\"https:\/\/fulbat.com\/wp-content\/uploads\/2020\/08\/2023_FLTK01_LITHIUM-Model_website.png\",\"datePublished\":\"2020-08-03T06:07:05+00:00\",\"dateModified\":\"2024-11-19T15:56:21+00:00\",\"description\":\"%\",\"breadcrumb\":{\"@id\":\"https:\/\/fulbat.com\/fr\/produit\/fltk-01\/#breadcrumb\"},\"inLanguage\":\"fr-FR\",\"potentialAction\":[{\"@type\":\"ReadAction\",\"target\":[\"https:\/\/fulbat.com\/fr\/produit\/fltk-01\/\"]}]},{\"@type\":\"ImageObject\",\"inLanguage\":\"fr-FR\",\"@id\":\"https:\/\/fulbat.com\/fr\/produit\/fltk-01\/#primaryimage\",\"url\":\"https:\/\/fulbat.com\/wp-content\/uploads\/2020\/08\/2023_FLTK01_LITHIUM-Model_website.png\",\"contentUrl\":\"https:\/\/fulbat.com\/wp-content\/uploads\/2020\/08\/2023_FLTK01_LITHIUM-Model_website.png\",\"width\":447,\"height\":516},{\"@type\":\"BreadcrumbList\",\"@id\":\"https:\/\/fulbat.com\/fr\/produit\/fltk-01\/#breadcrumb\",\"itemListElement\":[{\"@type\":\"ListItem\",\"position\":1,\"name\":\"Home\",\"item\":\"https:\/\/fulbat.com\/fr\/\"},{\"@type\":\"ListItem\",\"position\":2,\"name\":\"Shop\",\"item\":\"https:\/\/fulbat.com\/shop\/\"},{\"@type\":\"ListItem\",\"position\":3,\"name\":\"D\u00e9marrage\",\"item\":\"https:\/\/fulbat.com\/fr\/demarrage\/\"},{\"@type\":\"ListItem\",\"position\":4,\"name\":\"FLTK01\"}]},{\"@type\":\"WebSite\",\"@id\":\"https:\/\/fulbat.com\/fr\/#website\",\"url\":\"https:\/\/fulbat.com\/fr\/\",\"name\":\"Fulbat\",\"description\":\"Qualitative, performing &amp; reliable battery solutions\",\"potentialAction\":[{\"@type\":\"SearchAction\",\"target\":{\"@type\":\"EntryPoint\",\"urlTemplate\":\"https:\/\/fulbat.com\/fr\/?s={search_term_string}\"},\"query-input\":{\"@type\":\"PropertyValueSpecification\",\"valueRequired\":true,\"valueName\":\"search_term_string\"}}],\"inLanguage\":\"fr-FR\"}]}<\/script>\n<!-- \/ Yoast SEO plugin. -->","yoast_head_json":{"title":"FLTK01 - Fulbat","description":"%","robots":{"index":"index","follow":"follow","max-snippet":"max-snippet:-1","max-image-preview":"max-image-preview:large","max-video-preview":"max-video-preview:-1"},"canonical":"https:\/\/fulbat.com\/fr\/produit\/fltk-01\/","og_locale":"fr_FR","og_type":"article","og_title":"FLTK01 - Fulbat","og_description":"%","og_url":"https:\/\/fulbat.com\/fr\/produit\/fltk-01\/","og_site_name":"Fulbat","article_modified_time":"2024-11-19T15:56:21+00:00","og_image":[{"width":447,"height":516,"url":"https:\/\/fulbat.com\/wp-content\/uploads\/2020\/08\/2023_FLTK01_LITHIUM-Model_website.png","type":"image\/png"}],"twitter_card":"summary_large_image","twitter_misc":{"Dur\u00e9e de lecture estim\u00e9e":"1 minute"},"schema":{"@context":"https:\/\/schema.org","@graph":[{"@type":"WebPage","@id":"https:\/\/fulbat.com\/fr\/produit\/fltk-01\/","url":"https:\/\/fulbat.com\/fr\/produit\/fltk-01\/","name":"FLTK01 - Fulbat","isPartOf":{"@id":"https:\/\/fulbat.com\/fr\/#website"},"primaryImageOfPage":{"@id":"https:\/\/fulbat.com\/fr\/produit\/fltk-01\/#primaryimage"},"image":{"@id":"https:\/\/fulbat.com\/fr\/produit\/fltk-01\/#primaryimage"},"thumbnailUrl":"https:\/\/fulbat.com\/wp-content\/uploads\/2020\/08\/2023_FLTK01_LITHIUM-Model_website.png","datePublished":"2020-08-03T06:07:05+00:00","dateModified":"2024-11-19T15:56:21+00:00","description":"%","breadcrumb":{"@id":"https:\/\/fulbat.com\/fr\/produit\/fltk-01\/#breadcrumb"},"inLanguage":"fr-FR","potentialAction":[{"@type":"ReadAction","target":["https:\/\/fulbat.com\/fr\/produit\/fltk-01\/"]}]},{"@type":"ImageObject","inLanguage":"fr-FR","@id":"https:\/\/fulbat.com\/fr\/produit\/fltk-01\/#primaryimage","url":"https:\/\/fulbat.com\/wp-content\/uploads\/2020\/08\/2023_FLTK01_LITHIUM-Model_website.png","contentUrl":"https:\/\/fulbat.com\/wp-content\/uploads\/2020\/08\/2023_FLTK01_LITHIUM-Model_website.png","width":447,"height":516},{"@type":"BreadcrumbList","@id":"https:\/\/fulbat.com\/fr\/produit\/fltk-01\/#breadcrumb","itemListElement":[{"@type":"ListItem","position":1,"name":"Home","item":"https:\/\/fulbat.com\/fr\/"},{"@type":"ListItem","position":2,"name":"Shop","item":"https:\/\/fulbat.com\/shop\/"},{"@type":"ListItem","position":3,"name":"D\u00e9marrage","item":"https:\/\/fulbat.com\/fr\/demarrage\/"},{"@type":"ListItem","position":4,"name":"FLTK01"}]},{"@type":"WebSite","@id":"https:\/\/fulbat.com\/fr\/#website","url":"https:\/\/fulbat.com\/fr\/","name":"Fulbat","description":"Qualitative, performing &amp; reliable battery solutions","potentialAction":[{"@type":"SearchAction","target":{"@type":"EntryPoint","urlTemplate":"https:\/\/fulbat.com\/fr\/?s={search_term_string}"},"query-input":{"@type":"PropertyValueSpecification","valueRequired":true,"valueName":"search_term_string"}}],"inLanguage":"fr-FR"}]}},"_links":{"self":[{"href":"https:\/\/fulbat.com\/fr\/wp-json\/wp\/v2\/product\/9297","targetHints":{"allow":["GET"]}}],"collection":[{"href":"https:\/\/fulbat.com\/fr\/wp-json\/wp\/v2\/product"}],"about":[{"href":"https:\/\/fulbat.com\/fr\/wp-json\/wp\/v2\/types\/product"}],"wp:featuredmedia":[{"embeddable":true,"href":"https:\/\/fulbat.com\/fr\/wp-json\/wp\/v2\/media\/19535"}],"wp:attachment":[{"href":"https:\/\/fulbat.com\/fr\/wp-json\/wp\/v2\/media?parent=9297"}],"wp:term":[{"taxonomy":"product_brand","embeddable":true,"href":"https:\/\/fulbat.com\/fr\/wp-json\/wp\/v2\/product_brand?post=9297"},{"taxonomy":"product_cat","embeddable":true,"href":"https:\/\/fulbat.com\/fr\/wp-json\/wp\/v2\/product_cat?post=9297"},{"taxonomy":"product_tag","embeddable":true,"href":"https:\/\/fulbat.com\/fr\/wp-json\/wp\/v2\/product_tag?post=9297"}],"curies":[{"name":"wp","href":"https:\/\/api.w.org\/{rel}","templated":true}]}}