{"id":9349,"date":"2020-09-10T11:55:18","date_gmt":"2020-09-10T09:55:18","guid":{"rendered":"https:\/\/fulbat.com\/product\/fp6-3-2\/"},"modified":"2023-09-14T15:28:59","modified_gmt":"2023-09-14T13:28:59","slug":"fp6-3-2","status":"publish","type":"product","link":"https:\/\/fulbat.com\/fr\/produit\/fp6-3-2\/","title":{"rendered":"FP6-3.2"},"content":{"rendered":"<h6>La batterie FP6-3.2 fait partie de notre gamme industrielle FP &#8211; General Purpose. Sp\u00e9cialement con\u00e7ue pour les applications de secours et de sauvegarde, cette batterie 6V 3.2Ah offre une dur\u00e9e de vie de 5 ans en charge permanente (floating).<\/h6>\n<p>De conception AGM r\u00e9gul\u00e9e par soupape, cette batterie est totalement \u00e9tanche et sans entretien. La batterie FP6-3.2 garantit ainsi des performances \u00e9lev\u00e9es et une grande fiabilit\u00e9 en charge permanente.<\/p>\n","protected":false},"excerpt":{"rendered":"<p>Etanche et sans entretien<\/p>\n<p>Performances \u00e9lev\u00e9es gr\u00e2ce \u00e0 la technologie AGM<\/p>\n<p>Faible taux d&rsquo;autod\u00e9charge (environ 3%\/mois \u00e0 20 \u00b0C)<\/p>\n<p>Grilles plomb-calcium pour une dur\u00e9e de vie sup\u00e9rieure<\/p>\n<p>Utilisation en s\u00e9rie\/parall\u00e8le possible<\/p>\n<p>Fonctionnement dans n\u2019importe quel sens (sauf une utilisation invers\u00e9e continue)<\/p>\n<p>Large plage de temp\u00e9ratures de fonctionnement<\/p>\n<p>Bo\u00eetier robuste (ABS) r\u00e9sistant aux fortes vibrations<\/p>\n<p>Recombinaison des gaz \u00e0 plus de 99% (VRLA)<\/p>\n","protected":false},"featured_media":4967,"template":"","meta":[],"product_brand":[],"product_cat":[818,822,811,825],"product_tag":[1729,1596,951,1733,952,1734,1735],"class_list":{"0":"post-9349","1":"product","2":"type-product","3":"status-publish","4":"has-post-thumbnail","6":"product_cat-alarme-securite","7":"product_cat-fp-general-purpose-agm-fr","8":"product_cat-industriel","9":"product_cat-medical-fr","10":"product_tag-agm-battery-fr","11":"product_tag-batterie-alarme","12":"product_tag-batterie-medicale","13":"product_tag-fp6-3-2-fr","14":"product_tag-general-purpose-battery-fr","15":"product_tag-np2-8-6-fr","16":"product_tag-y3-2-6-fr","18":"first","19":"instock","20":"shipping-taxable","21":"product-type-simple"},"yoast_head":"<!-- This site is optimized with the Yoast SEO plugin v26.9 - https:\/\/yoast.com\/product\/yoast-seo-wordpress\/ -->\n<title>FP6-3.2 - Fulbat<\/title>\n<meta name=\"description\" content=\"%\" \/>\n<meta name=\"robots\" content=\"index, follow, max-snippet:-1, max-image-preview:large, max-video-preview:-1\" \/>\n<link rel=\"canonical\" href=\"https:\/\/fulbat.com\/fr\/produit\/fp6-3-2\/\" \/>\n<meta property=\"og:locale\" content=\"fr_FR\" \/>\n<meta property=\"og:type\" content=\"article\" \/>\n<meta property=\"og:title\" content=\"FP6-3.2 - Fulbat\" \/>\n<meta property=\"og:description\" content=\"%\" \/>\n<meta property=\"og:url\" content=\"https:\/\/fulbat.com\/fr\/produit\/fp6-3-2\/\" \/>\n<meta property=\"og:site_name\" content=\"Fulbat\" \/>\n<meta property=\"article:modified_time\" content=\"2023-09-14T13:28:59+00:00\" \/>\n<meta property=\"og:image\" content=\"https:\/\/fulbat.com\/wp-content\/uploads\/2020\/09\/Fulbat_FP6-3.2_GeneralPurpose_AGM.png\" \/>\n\t<meta property=\"og:image:width\" content=\"572\" \/>\n\t<meta property=\"og:image:height\" content=\"351\" \/>\n\t<meta property=\"og:image:type\" content=\"image\/png\" \/>\n<meta name=\"twitter:card\" content=\"summary_large_image\" \/>\n<script type=\"application\/ld+json\" class=\"yoast-schema-graph\">{\"@context\":\"https:\/\/schema.org\",\"@graph\":[{\"@type\":\"WebPage\",\"@id\":\"https:\/\/fulbat.com\/fr\/produit\/fp6-3-2\/\",\"url\":\"https:\/\/fulbat.com\/fr\/produit\/fp6-3-2\/\",\"name\":\"FP6-3.2 - Fulbat\",\"isPartOf\":{\"@id\":\"https:\/\/fulbat.com\/fr\/#website\"},\"primaryImageOfPage\":{\"@id\":\"https:\/\/fulbat.com\/fr\/produit\/fp6-3-2\/#primaryimage\"},\"image\":{\"@id\":\"https:\/\/fulbat.com\/fr\/produit\/fp6-3-2\/#primaryimage\"},\"thumbnailUrl\":\"https:\/\/fulbat.com\/wp-content\/uploads\/2020\/09\/Fulbat_FP6-3.2_GeneralPurpose_AGM.png\",\"datePublished\":\"2020-09-10T09:55:18+00:00\",\"dateModified\":\"2023-09-14T13:28:59+00:00\",\"description\":\"%\",\"breadcrumb\":{\"@id\":\"https:\/\/fulbat.com\/fr\/produit\/fp6-3-2\/#breadcrumb\"},\"inLanguage\":\"fr-FR\",\"potentialAction\":[{\"@type\":\"ReadAction\",\"target\":[\"https:\/\/fulbat.com\/fr\/produit\/fp6-3-2\/\"]}]},{\"@type\":\"ImageObject\",\"inLanguage\":\"fr-FR\",\"@id\":\"https:\/\/fulbat.com\/fr\/produit\/fp6-3-2\/#primaryimage\",\"url\":\"https:\/\/fulbat.com\/wp-content\/uploads\/2020\/09\/Fulbat_FP6-3.2_GeneralPurpose_AGM.png\",\"contentUrl\":\"https:\/\/fulbat.com\/wp-content\/uploads\/2020\/09\/Fulbat_FP6-3.2_GeneralPurpose_AGM.png\",\"width\":572,\"height\":351,\"caption\":\"Fulbat_FP6-3.2_GeneralPurpose_AGM_alarme_medical_securit\u00e9\"},{\"@type\":\"BreadcrumbList\",\"@id\":\"https:\/\/fulbat.com\/fr\/produit\/fp6-3-2\/#breadcrumb\",\"itemListElement\":[{\"@type\":\"ListItem\",\"position\":1,\"name\":\"Home\",\"item\":\"https:\/\/fulbat.com\/fr\/\"},{\"@type\":\"ListItem\",\"position\":2,\"name\":\"Shop\",\"item\":\"https:\/\/fulbat.com\/shop\/\"},{\"@type\":\"ListItem\",\"position\":3,\"name\":\"Industriel\",\"item\":\"https:\/\/fulbat.com\/fr\/industriel\/\"},{\"@type\":\"ListItem\",\"position\":4,\"name\":\"FP6-3.2\"}]},{\"@type\":\"WebSite\",\"@id\":\"https:\/\/fulbat.com\/fr\/#website\",\"url\":\"https:\/\/fulbat.com\/fr\/\",\"name\":\"Fulbat\",\"description\":\"Qualitative, performing &amp; reliable battery solutions\",\"potentialAction\":[{\"@type\":\"SearchAction\",\"target\":{\"@type\":\"EntryPoint\",\"urlTemplate\":\"https:\/\/fulbat.com\/fr\/?s={search_term_string}\"},\"query-input\":{\"@type\":\"PropertyValueSpecification\",\"valueRequired\":true,\"valueName\":\"search_term_string\"}}],\"inLanguage\":\"fr-FR\"}]}<\/script>\n<!-- \/ Yoast SEO plugin. -->","yoast_head_json":{"title":"FP6-3.2 - Fulbat","description":"%","robots":{"index":"index","follow":"follow","max-snippet":"max-snippet:-1","max-image-preview":"max-image-preview:large","max-video-preview":"max-video-preview:-1"},"canonical":"https:\/\/fulbat.com\/fr\/produit\/fp6-3-2\/","og_locale":"fr_FR","og_type":"article","og_title":"FP6-3.2 - Fulbat","og_description":"%","og_url":"https:\/\/fulbat.com\/fr\/produit\/fp6-3-2\/","og_site_name":"Fulbat","article_modified_time":"2023-09-14T13:28:59+00:00","og_image":[{"width":572,"height":351,"url":"https:\/\/fulbat.com\/wp-content\/uploads\/2020\/09\/Fulbat_FP6-3.2_GeneralPurpose_AGM.png","type":"image\/png"}],"twitter_card":"summary_large_image","schema":{"@context":"https:\/\/schema.org","@graph":[{"@type":"WebPage","@id":"https:\/\/fulbat.com\/fr\/produit\/fp6-3-2\/","url":"https:\/\/fulbat.com\/fr\/produit\/fp6-3-2\/","name":"FP6-3.2 - Fulbat","isPartOf":{"@id":"https:\/\/fulbat.com\/fr\/#website"},"primaryImageOfPage":{"@id":"https:\/\/fulbat.com\/fr\/produit\/fp6-3-2\/#primaryimage"},"image":{"@id":"https:\/\/fulbat.com\/fr\/produit\/fp6-3-2\/#primaryimage"},"thumbnailUrl":"https:\/\/fulbat.com\/wp-content\/uploads\/2020\/09\/Fulbat_FP6-3.2_GeneralPurpose_AGM.png","datePublished":"2020-09-10T09:55:18+00:00","dateModified":"2023-09-14T13:28:59+00:00","description":"%","breadcrumb":{"@id":"https:\/\/fulbat.com\/fr\/produit\/fp6-3-2\/#breadcrumb"},"inLanguage":"fr-FR","potentialAction":[{"@type":"ReadAction","target":["https:\/\/fulbat.com\/fr\/produit\/fp6-3-2\/"]}]},{"@type":"ImageObject","inLanguage":"fr-FR","@id":"https:\/\/fulbat.com\/fr\/produit\/fp6-3-2\/#primaryimage","url":"https:\/\/fulbat.com\/wp-content\/uploads\/2020\/09\/Fulbat_FP6-3.2_GeneralPurpose_AGM.png","contentUrl":"https:\/\/fulbat.com\/wp-content\/uploads\/2020\/09\/Fulbat_FP6-3.2_GeneralPurpose_AGM.png","width":572,"height":351,"caption":"Fulbat_FP6-3.2_GeneralPurpose_AGM_alarme_medical_securit\u00e9"},{"@type":"BreadcrumbList","@id":"https:\/\/fulbat.com\/fr\/produit\/fp6-3-2\/#breadcrumb","itemListElement":[{"@type":"ListItem","position":1,"name":"Home","item":"https:\/\/fulbat.com\/fr\/"},{"@type":"ListItem","position":2,"name":"Shop","item":"https:\/\/fulbat.com\/shop\/"},{"@type":"ListItem","position":3,"name":"Industriel","item":"https:\/\/fulbat.com\/fr\/industriel\/"},{"@type":"ListItem","position":4,"name":"FP6-3.2"}]},{"@type":"WebSite","@id":"https:\/\/fulbat.com\/fr\/#website","url":"https:\/\/fulbat.com\/fr\/","name":"Fulbat","description":"Qualitative, performing &amp; reliable battery solutions","potentialAction":[{"@type":"SearchAction","target":{"@type":"EntryPoint","urlTemplate":"https:\/\/fulbat.com\/fr\/?s={search_term_string}"},"query-input":{"@type":"PropertyValueSpecification","valueRequired":true,"valueName":"search_term_string"}}],"inLanguage":"fr-FR"}]}},"_links":{"self":[{"href":"https:\/\/fulbat.com\/fr\/wp-json\/wp\/v2\/product\/9349","targetHints":{"allow":["GET"]}}],"collection":[{"href":"https:\/\/fulbat.com\/fr\/wp-json\/wp\/v2\/product"}],"about":[{"href":"https:\/\/fulbat.com\/fr\/wp-json\/wp\/v2\/types\/product"}],"wp:featuredmedia":[{"embeddable":true,"href":"https:\/\/fulbat.com\/fr\/wp-json\/wp\/v2\/media\/4967"}],"wp:attachment":[{"href":"https:\/\/fulbat.com\/fr\/wp-json\/wp\/v2\/media?parent=9349"}],"wp:term":[{"taxonomy":"product_brand","embeddable":true,"href":"https:\/\/fulbat.com\/fr\/wp-json\/wp\/v2\/product_brand?post=9349"},{"taxonomy":"product_cat","embeddable":true,"href":"https:\/\/fulbat.com\/fr\/wp-json\/wp\/v2\/product_cat?post=9349"},{"taxonomy":"product_tag","embeddable":true,"href":"https:\/\/fulbat.com\/fr\/wp-json\/wp\/v2\/product_tag?post=9349"}],"curies":[{"name":"wp","href":"https:\/\/api.w.org\/{rel}","templated":true}]}}