{"id":9358,"date":"2020-09-11T15:25:49","date_gmt":"2020-09-11T13:25:49","guid":{"rendered":"https:\/\/fulbat.com\/product\/fpc12-26\/"},"modified":"2025-11-18T09:55:02","modified_gmt":"2025-11-18T08:55:02","slug":"fpc12-26","status":"publish","type":"product","link":"https:\/\/fulbat.com\/fr\/produit\/fpc12-26\/","title":{"rendered":"FPC12-26"},"content":{"rendered":"<p>La batterie FPC12-26 fait partie de notre gamme industrielle FPC &#8211; Cyclic AGM. Sp\u00e9cialement con\u00e7ue pour des applications cycliques intensives, cette batterie 12V 26Ah assure de tr\u00e8s bonnes performances cycliques et ce jusqu&rsquo;\u00e0 une grande profondeur de d\u00e9charge.<\/p>\n<p>Gr\u00e2ce \u00e0 sa technologie AGM r\u00e9gul\u00e9e par soupape et des plaques n\u00e9gatives surdimensionn\u00e9es, la batterie FPC12-26 est id\u00e9ale pour les applications de mobilit\u00e9 et de stockage d\u2019\u00e9nergie.<\/p>\n<p><strong>Dur\u00e9e de vie cyclique<\/strong>:<\/p>\n<ul>\n<li>jusqu\u2019\u00e0 350 cycles \u00e0 100% de profondeur de d\u00e9charge (50% capacit\u00e9 \/ 20\u00b0C)<\/li>\n<li>jusqu\u2019\u00e0 800 cycles \u00e0 50% de profondeur de d\u00e9charge (50% capacit\u00e9 \/ 20\u00b0C)<\/li>\n<li><\/li>\n<\/ul>\n","protected":false},"excerpt":{"rendered":"<p>Etanche et sans entretien<\/p>\n<p>Performances cycliques \u00e9lev\u00e9es : x2 par rapport aux batteries AGM standard<\/p>\n<p>Plaque n\u00e9gative \u00e9paisse et conception am\u00e9lior\u00e9e pour une dur\u00e9e de vie cyclique plus longue<\/p>\n<p>Bonne r\u00e9cup\u00e9ration apr\u00e8s d\u00e9charges profondes<\/p>\n<p>R\u00e9sistance interne plus faible permettant des courants de d\u00e9charges plus \u00e9lev\u00e9s<\/p>\n<p>Faible taux d&rsquo;autod\u00e9charge (environ 3%\/mois \u00e0 20 \u00b0C)<\/p>\n<p>Large plage de temp\u00e9ratures de fonctionnement<\/p>\n<p>Fonctionnement dans n\u2019importe quel sens (sauf une utilisation invers\u00e9e continue)<\/p>\n<p>Bo\u00eetier robuste (ABS) r\u00e9sistant aux fortes vibrations<\/p>\n<p>Recombinaison de gaz \u00e0 plus de 99% (VRLA)<\/p>\n","protected":false},"featured_media":5426,"template":"","meta":[],"product_brand":[],"product_cat":[823,827,820,811,824,825,826],"product_tag":[1757,971,954,970,1746,1771,1772,1773,1774],"class_list":{"0":"post-9358","1":"product","2":"type-product","3":"status-publish","4":"has-post-thumbnail","6":"product_cat-chariot-de-golf","7":"product_cat-energies-renouvelables","8":"product_cat-fpc-cyclic-agm-fr","9":"product_cat-industriel","10":"product_cat-marine-loisir","11":"product_cat-medical-fr","12":"product_cat-mobilite","13":"product_tag-batterie-chariot-de-golf","14":"product_tag-batterie-cyclique","15":"product_tag-batterie-de-loisir","16":"product_tag-batterie-energie-renouvelable","17":"product_tag-batterie-mobilite","18":"product_tag-fpc12-26-fr","19":"product_tag-fpg12-26-fr","20":"product_tag-npc24-12-fr","21":"product_tag-rec26-12i-fr","23":"first","24":"instock","25":"shipping-taxable","26":"product-type-simple"},"yoast_head":"<!-- This site is optimized with the Yoast SEO plugin v26.9 - https:\/\/yoast.com\/product\/yoast-seo-wordpress\/ -->\n<title>FPC12-26 - Fulbat<\/title>\n<meta name=\"description\" content=\"%\" \/>\n<meta name=\"robots\" content=\"index, follow, max-snippet:-1, max-image-preview:large, max-video-preview:-1\" \/>\n<link rel=\"canonical\" href=\"https:\/\/fulbat.com\/fr\/produit\/fpc12-26\/\" \/>\n<meta property=\"og:locale\" content=\"fr_FR\" \/>\n<meta property=\"og:type\" content=\"article\" \/>\n<meta property=\"og:title\" content=\"FPC12-26 - Fulbat\" \/>\n<meta property=\"og:description\" content=\"%\" \/>\n<meta property=\"og:url\" content=\"https:\/\/fulbat.com\/fr\/produit\/fpc12-26\/\" \/>\n<meta property=\"og:site_name\" content=\"Fulbat\" \/>\n<meta property=\"article:modified_time\" content=\"2025-11-18T08:55:02+00:00\" \/>\n<meta property=\"og:image\" content=\"https:\/\/fulbat.com\/wp-content\/uploads\/2020\/09\/FT_FPC12-26_Cyclic_AGM.png\" \/>\n\t<meta property=\"og:image:width\" content=\"457\" \/>\n\t<meta property=\"og:image:height\" content=\"394\" \/>\n\t<meta property=\"og:image:type\" content=\"image\/png\" \/>\n<meta name=\"twitter:card\" content=\"summary_large_image\" \/>\n<meta name=\"twitter:label1\" content=\"Dur\u00e9e de lecture estim\u00e9e\" \/>\n\t<meta name=\"twitter:data1\" content=\"1 minute\" \/>\n<script type=\"application\/ld+json\" class=\"yoast-schema-graph\">{\"@context\":\"https:\/\/schema.org\",\"@graph\":[{\"@type\":\"WebPage\",\"@id\":\"https:\/\/fulbat.com\/fr\/produit\/fpc12-26\/\",\"url\":\"https:\/\/fulbat.com\/fr\/produit\/fpc12-26\/\",\"name\":\"FPC12-26 - Fulbat\",\"isPartOf\":{\"@id\":\"https:\/\/fulbat.com\/fr\/#website\"},\"primaryImageOfPage\":{\"@id\":\"https:\/\/fulbat.com\/fr\/produit\/fpc12-26\/#primaryimage\"},\"image\":{\"@id\":\"https:\/\/fulbat.com\/fr\/produit\/fpc12-26\/#primaryimage\"},\"thumbnailUrl\":\"https:\/\/fulbat.com\/wp-content\/uploads\/2020\/09\/FT_FPC12-26_Cyclic_AGM.png\",\"datePublished\":\"2020-09-11T13:25:49+00:00\",\"dateModified\":\"2025-11-18T08:55:02+00:00\",\"description\":\"%\",\"breadcrumb\":{\"@id\":\"https:\/\/fulbat.com\/fr\/produit\/fpc12-26\/#breadcrumb\"},\"inLanguage\":\"fr-FR\",\"potentialAction\":[{\"@type\":\"ReadAction\",\"target\":[\"https:\/\/fulbat.com\/fr\/produit\/fpc12-26\/\"]}]},{\"@type\":\"ImageObject\",\"inLanguage\":\"fr-FR\",\"@id\":\"https:\/\/fulbat.com\/fr\/produit\/fpc12-26\/#primaryimage\",\"url\":\"https:\/\/fulbat.com\/wp-content\/uploads\/2020\/09\/FT_FPC12-26_Cyclic_AGM.png\",\"contentUrl\":\"https:\/\/fulbat.com\/wp-content\/uploads\/2020\/09\/FT_FPC12-26_Cyclic_AGM.png\",\"width\":457,\"height\":394,\"caption\":\"FT_FPC12-26_Cyclic_AGM_chariotdegolf_loisir_medical-\u00e9nergiesrenouvelables\"},{\"@type\":\"BreadcrumbList\",\"@id\":\"https:\/\/fulbat.com\/fr\/produit\/fpc12-26\/#breadcrumb\",\"itemListElement\":[{\"@type\":\"ListItem\",\"position\":1,\"name\":\"Home\",\"item\":\"https:\/\/fulbat.com\/fr\/\"},{\"@type\":\"ListItem\",\"position\":2,\"name\":\"Shop\",\"item\":\"https:\/\/fulbat.com\/shop\/\"},{\"@type\":\"ListItem\",\"position\":3,\"name\":\"Industriel\",\"item\":\"https:\/\/fulbat.com\/fr\/industriel\/\"},{\"@type\":\"ListItem\",\"position\":4,\"name\":\"FPC12-26\"}]},{\"@type\":\"WebSite\",\"@id\":\"https:\/\/fulbat.com\/fr\/#website\",\"url\":\"https:\/\/fulbat.com\/fr\/\",\"name\":\"Fulbat\",\"description\":\"Qualitative, performing &amp; reliable battery solutions\",\"potentialAction\":[{\"@type\":\"SearchAction\",\"target\":{\"@type\":\"EntryPoint\",\"urlTemplate\":\"https:\/\/fulbat.com\/fr\/?s={search_term_string}\"},\"query-input\":{\"@type\":\"PropertyValueSpecification\",\"valueRequired\":true,\"valueName\":\"search_term_string\"}}],\"inLanguage\":\"fr-FR\"}]}<\/script>\n<!-- \/ Yoast SEO plugin. -->","yoast_head_json":{"title":"FPC12-26 - Fulbat","description":"%","robots":{"index":"index","follow":"follow","max-snippet":"max-snippet:-1","max-image-preview":"max-image-preview:large","max-video-preview":"max-video-preview:-1"},"canonical":"https:\/\/fulbat.com\/fr\/produit\/fpc12-26\/","og_locale":"fr_FR","og_type":"article","og_title":"FPC12-26 - Fulbat","og_description":"%","og_url":"https:\/\/fulbat.com\/fr\/produit\/fpc12-26\/","og_site_name":"Fulbat","article_modified_time":"2025-11-18T08:55:02+00:00","og_image":[{"width":457,"height":394,"url":"https:\/\/fulbat.com\/wp-content\/uploads\/2020\/09\/FT_FPC12-26_Cyclic_AGM.png","type":"image\/png"}],"twitter_card":"summary_large_image","twitter_misc":{"Dur\u00e9e de lecture estim\u00e9e":"1 minute"},"schema":{"@context":"https:\/\/schema.org","@graph":[{"@type":"WebPage","@id":"https:\/\/fulbat.com\/fr\/produit\/fpc12-26\/","url":"https:\/\/fulbat.com\/fr\/produit\/fpc12-26\/","name":"FPC12-26 - Fulbat","isPartOf":{"@id":"https:\/\/fulbat.com\/fr\/#website"},"primaryImageOfPage":{"@id":"https:\/\/fulbat.com\/fr\/produit\/fpc12-26\/#primaryimage"},"image":{"@id":"https:\/\/fulbat.com\/fr\/produit\/fpc12-26\/#primaryimage"},"thumbnailUrl":"https:\/\/fulbat.com\/wp-content\/uploads\/2020\/09\/FT_FPC12-26_Cyclic_AGM.png","datePublished":"2020-09-11T13:25:49+00:00","dateModified":"2025-11-18T08:55:02+00:00","description":"%","breadcrumb":{"@id":"https:\/\/fulbat.com\/fr\/produit\/fpc12-26\/#breadcrumb"},"inLanguage":"fr-FR","potentialAction":[{"@type":"ReadAction","target":["https:\/\/fulbat.com\/fr\/produit\/fpc12-26\/"]}]},{"@type":"ImageObject","inLanguage":"fr-FR","@id":"https:\/\/fulbat.com\/fr\/produit\/fpc12-26\/#primaryimage","url":"https:\/\/fulbat.com\/wp-content\/uploads\/2020\/09\/FT_FPC12-26_Cyclic_AGM.png","contentUrl":"https:\/\/fulbat.com\/wp-content\/uploads\/2020\/09\/FT_FPC12-26_Cyclic_AGM.png","width":457,"height":394,"caption":"FT_FPC12-26_Cyclic_AGM_chariotdegolf_loisir_medical-\u00e9nergiesrenouvelables"},{"@type":"BreadcrumbList","@id":"https:\/\/fulbat.com\/fr\/produit\/fpc12-26\/#breadcrumb","itemListElement":[{"@type":"ListItem","position":1,"name":"Home","item":"https:\/\/fulbat.com\/fr\/"},{"@type":"ListItem","position":2,"name":"Shop","item":"https:\/\/fulbat.com\/shop\/"},{"@type":"ListItem","position":3,"name":"Industriel","item":"https:\/\/fulbat.com\/fr\/industriel\/"},{"@type":"ListItem","position":4,"name":"FPC12-26"}]},{"@type":"WebSite","@id":"https:\/\/fulbat.com\/fr\/#website","url":"https:\/\/fulbat.com\/fr\/","name":"Fulbat","description":"Qualitative, performing &amp; reliable battery solutions","potentialAction":[{"@type":"SearchAction","target":{"@type":"EntryPoint","urlTemplate":"https:\/\/fulbat.com\/fr\/?s={search_term_string}"},"query-input":{"@type":"PropertyValueSpecification","valueRequired":true,"valueName":"search_term_string"}}],"inLanguage":"fr-FR"}]}},"_links":{"self":[{"href":"https:\/\/fulbat.com\/fr\/wp-json\/wp\/v2\/product\/9358","targetHints":{"allow":["GET"]}}],"collection":[{"href":"https:\/\/fulbat.com\/fr\/wp-json\/wp\/v2\/product"}],"about":[{"href":"https:\/\/fulbat.com\/fr\/wp-json\/wp\/v2\/types\/product"}],"wp:featuredmedia":[{"embeddable":true,"href":"https:\/\/fulbat.com\/fr\/wp-json\/wp\/v2\/media\/5426"}],"wp:attachment":[{"href":"https:\/\/fulbat.com\/fr\/wp-json\/wp\/v2\/media?parent=9358"}],"wp:term":[{"taxonomy":"product_brand","embeddable":true,"href":"https:\/\/fulbat.com\/fr\/wp-json\/wp\/v2\/product_brand?post=9358"},{"taxonomy":"product_cat","embeddable":true,"href":"https:\/\/fulbat.com\/fr\/wp-json\/wp\/v2\/product_cat?post=9358"},{"taxonomy":"product_tag","embeddable":true,"href":"https:\/\/fulbat.com\/fr\/wp-json\/wp\/v2\/product_tag?post=9358"}],"curies":[{"name":"wp","href":"https:\/\/api.w.org\/{rel}","templated":true}]}}