{"id":9364,"date":"2020-09-14T09:28:31","date_gmt":"2020-09-14T07:28:31","guid":{"rendered":"https:\/\/fulbat.com\/product\/fpg12-40\/"},"modified":"2025-11-18T15:31:31","modified_gmt":"2025-11-18T14:31:31","slug":"fpg12-40","status":"publish","type":"product","link":"https:\/\/fulbat.com\/fr\/produit\/fpg12-40\/","title":{"rendered":"FPG12-40"},"content":{"rendered":"<p style=\"text-align: justify;\">La batterie FPG12-40 fait partie de notre gamme industrielle FPG &#8211; Cyclic GEL. Sp\u00e9cialement con\u00e7ue pour des applications cycliques intensives, cette batterie 12V 40Ah assure des performances cycliques plus \u00e9lev\u00e9es et une capacit\u00e9 de r\u00e9cup\u00e9ration plus \u00e9lev\u00e9e apr\u00e8s d\u00e9charge profonde que les batteries AGM cycliques.<\/p>\n<p>Grace \u00e0 sa technologie GEL (electrolyte g\u00e9lifi\u00e9e) r\u00e9gul\u00e9e par soupape et \u00e0 sa conception sp\u00e9ciale des plaques, la batterie FPG12-40 est id\u00e9ale pour les applications de mobilit\u00e9 et de stockage d\u2019\u00e9nergie.<\/p>\n<p><strong>Dur\u00e9e de vie cyclique<\/strong>:<\/p>\n<ul>\n<li>jusqu\u2019\u00e0 550 cycles \u00e0 100% de profondeur de d\u00e9charge (50% capacit\u00e9 \/ 20\u00b0C)<\/li>\n<li>jusqu\u2019\u00e0 1100 cycles \u00e0 50% de profondeur de d\u00e9charge (50% capacit\u00e9 \/ 20\u00b0C)<\/li>\n<\/ul>\n","protected":false},"excerpt":{"rendered":"<p>Etanche et sans entretien<\/p>\n<p>Performances cycliques \u00e9lev\u00e9es : x3 par rapport aux batteries AGM standard<\/p>\n<p>Excellente r\u00e9cup\u00e9ration apr\u00e8s d\u00e9charges profondes<\/p>\n<p>Tr\u00e8s faible taux d&rsquo;autod\u00e9charge (environ 2%\/mois \u00e0 20 \u00b0C)<\/p>\n<p>Temp\u00e9rature d\u2019utilisation et profondeur de d\u00e9charge sup\u00e9rieures \u00e0 l\u2019AGM : id\u00e9al en conditions difficiles<\/p>\n<p>Fonctionnement dans n\u2019importe quel sens (sauf une utilisation invers\u00e9e continue)<\/p>\n<p>Bo\u00eetier robuste (ABS) r\u00e9sistant aux fortes vibrations<\/p>\n<p>Pas de ph\u00e9nom\u00e8ne de stratification (\u00e0 l\u2019inverse de l\u2019AGM)<\/p>\n<p>Recombinaison de gaz \u00e0 plus de 99% (VRLA)<\/p>\n","protected":false},"featured_media":5849,"template":"","meta":[],"product_brand":[],"product_cat":[823,827,821,811,824,826],"product_tag":[1757,954,970,911,1746,1758,1759,1760,1761],"class_list":{"0":"post-9364","1":"product","2":"type-product","3":"status-publish","4":"has-post-thumbnail","6":"product_cat-chariot-de-golf","7":"product_cat-energies-renouvelables","8":"product_cat-fpg-cyclic-gel-fr","9":"product_cat-industriel","10":"product_cat-marine-loisir","11":"product_cat-mobilite","12":"product_tag-batterie-chariot-de-golf","13":"product_tag-batterie-de-loisir","14":"product_tag-batterie-energie-renouvelable","15":"product_tag-batterie-gel-fr","16":"product_tag-batterie-mobilite","17":"product_tag-fpc12-40-fr","18":"product_tag-fpg12-40-fr","19":"product_tag-npc38-12-fr","20":"product_tag-rec50-12i-fr","22":"first","23":"instock","24":"shipping-taxable","25":"product-type-simple"},"yoast_head":"<!-- This site is optimized with the Yoast SEO plugin v26.9 - https:\/\/yoast.com\/product\/yoast-seo-wordpress\/ -->\n<title>FPG12-40 - Fulbat<\/title>\n<meta name=\"description\" content=\"%\" \/>\n<meta name=\"robots\" content=\"index, follow, max-snippet:-1, max-image-preview:large, max-video-preview:-1\" \/>\n<link rel=\"canonical\" href=\"https:\/\/fulbat.com\/fr\/produit\/fpg12-40\/\" \/>\n<meta property=\"og:locale\" content=\"fr_FR\" \/>\n<meta property=\"og:type\" content=\"article\" \/>\n<meta property=\"og:title\" content=\"FPG12-40 - Fulbat\" \/>\n<meta property=\"og:description\" content=\"%\" \/>\n<meta property=\"og:url\" content=\"https:\/\/fulbat.com\/fr\/produit\/fpg12-40\/\" \/>\n<meta property=\"og:site_name\" content=\"Fulbat\" \/>\n<meta property=\"article:modified_time\" content=\"2025-11-18T14:31:31+00:00\" \/>\n<meta property=\"og:image\" content=\"https:\/\/fulbat.com\/wp-content\/uploads\/2020\/09\/Fulbat_FPG12-40_Cyclic_GEL.png\" \/>\n\t<meta property=\"og:image:width\" content=\"521\" \/>\n\t<meta property=\"og:image:height\" content=\"454\" \/>\n\t<meta property=\"og:image:type\" content=\"image\/png\" \/>\n<meta name=\"twitter:card\" content=\"summary_large_image\" \/>\n<meta name=\"twitter:label1\" content=\"Dur\u00e9e de lecture estim\u00e9e\" \/>\n\t<meta name=\"twitter:data1\" content=\"1 minute\" \/>\n<script type=\"application\/ld+json\" class=\"yoast-schema-graph\">{\"@context\":\"https:\/\/schema.org\",\"@graph\":[{\"@type\":\"WebPage\",\"@id\":\"https:\/\/fulbat.com\/fr\/produit\/fpg12-40\/\",\"url\":\"https:\/\/fulbat.com\/fr\/produit\/fpg12-40\/\",\"name\":\"FPG12-40 - Fulbat\",\"isPartOf\":{\"@id\":\"https:\/\/fulbat.com\/fr\/#website\"},\"primaryImageOfPage\":{\"@id\":\"https:\/\/fulbat.com\/fr\/produit\/fpg12-40\/#primaryimage\"},\"image\":{\"@id\":\"https:\/\/fulbat.com\/fr\/produit\/fpg12-40\/#primaryimage\"},\"thumbnailUrl\":\"https:\/\/fulbat.com\/wp-content\/uploads\/2020\/09\/Fulbat_FPG12-40_Cyclic_GEL.png\",\"datePublished\":\"2020-09-14T07:28:31+00:00\",\"dateModified\":\"2025-11-18T14:31:31+00:00\",\"description\":\"%\",\"breadcrumb\":{\"@id\":\"https:\/\/fulbat.com\/fr\/produit\/fpg12-40\/#breadcrumb\"},\"inLanguage\":\"fr-FR\",\"potentialAction\":[{\"@type\":\"ReadAction\",\"target\":[\"https:\/\/fulbat.com\/fr\/produit\/fpg12-40\/\"]}]},{\"@type\":\"ImageObject\",\"inLanguage\":\"fr-FR\",\"@id\":\"https:\/\/fulbat.com\/fr\/produit\/fpg12-40\/#primaryimage\",\"url\":\"https:\/\/fulbat.com\/wp-content\/uploads\/2020\/09\/Fulbat_FPG12-40_Cyclic_GEL.png\",\"contentUrl\":\"https:\/\/fulbat.com\/wp-content\/uploads\/2020\/09\/Fulbat_FPG12-40_Cyclic_GEL.png\",\"width\":521,\"height\":454,\"caption\":\"Fulbat_FPG12-40_Cyclic_GEL_mobilit\u00e9_loisir_marine_chariotdegolf_\u00e9nergies renouvelables\"},{\"@type\":\"BreadcrumbList\",\"@id\":\"https:\/\/fulbat.com\/fr\/produit\/fpg12-40\/#breadcrumb\",\"itemListElement\":[{\"@type\":\"ListItem\",\"position\":1,\"name\":\"Home\",\"item\":\"https:\/\/fulbat.com\/fr\/\"},{\"@type\":\"ListItem\",\"position\":2,\"name\":\"Shop\",\"item\":\"https:\/\/fulbat.com\/shop\/\"},{\"@type\":\"ListItem\",\"position\":3,\"name\":\"Industriel\",\"item\":\"https:\/\/fulbat.com\/fr\/industriel\/\"},{\"@type\":\"ListItem\",\"position\":4,\"name\":\"FPG12-40\"}]},{\"@type\":\"WebSite\",\"@id\":\"https:\/\/fulbat.com\/fr\/#website\",\"url\":\"https:\/\/fulbat.com\/fr\/\",\"name\":\"Fulbat\",\"description\":\"Qualitative, performing &amp; reliable battery solutions\",\"potentialAction\":[{\"@type\":\"SearchAction\",\"target\":{\"@type\":\"EntryPoint\",\"urlTemplate\":\"https:\/\/fulbat.com\/fr\/?s={search_term_string}\"},\"query-input\":{\"@type\":\"PropertyValueSpecification\",\"valueRequired\":true,\"valueName\":\"search_term_string\"}}],\"inLanguage\":\"fr-FR\"}]}<\/script>\n<!-- \/ Yoast SEO plugin. -->","yoast_head_json":{"title":"FPG12-40 - Fulbat","description":"%","robots":{"index":"index","follow":"follow","max-snippet":"max-snippet:-1","max-image-preview":"max-image-preview:large","max-video-preview":"max-video-preview:-1"},"canonical":"https:\/\/fulbat.com\/fr\/produit\/fpg12-40\/","og_locale":"fr_FR","og_type":"article","og_title":"FPG12-40 - Fulbat","og_description":"%","og_url":"https:\/\/fulbat.com\/fr\/produit\/fpg12-40\/","og_site_name":"Fulbat","article_modified_time":"2025-11-18T14:31:31+00:00","og_image":[{"width":521,"height":454,"url":"https:\/\/fulbat.com\/wp-content\/uploads\/2020\/09\/Fulbat_FPG12-40_Cyclic_GEL.png","type":"image\/png"}],"twitter_card":"summary_large_image","twitter_misc":{"Dur\u00e9e de lecture estim\u00e9e":"1 minute"},"schema":{"@context":"https:\/\/schema.org","@graph":[{"@type":"WebPage","@id":"https:\/\/fulbat.com\/fr\/produit\/fpg12-40\/","url":"https:\/\/fulbat.com\/fr\/produit\/fpg12-40\/","name":"FPG12-40 - Fulbat","isPartOf":{"@id":"https:\/\/fulbat.com\/fr\/#website"},"primaryImageOfPage":{"@id":"https:\/\/fulbat.com\/fr\/produit\/fpg12-40\/#primaryimage"},"image":{"@id":"https:\/\/fulbat.com\/fr\/produit\/fpg12-40\/#primaryimage"},"thumbnailUrl":"https:\/\/fulbat.com\/wp-content\/uploads\/2020\/09\/Fulbat_FPG12-40_Cyclic_GEL.png","datePublished":"2020-09-14T07:28:31+00:00","dateModified":"2025-11-18T14:31:31+00:00","description":"%","breadcrumb":{"@id":"https:\/\/fulbat.com\/fr\/produit\/fpg12-40\/#breadcrumb"},"inLanguage":"fr-FR","potentialAction":[{"@type":"ReadAction","target":["https:\/\/fulbat.com\/fr\/produit\/fpg12-40\/"]}]},{"@type":"ImageObject","inLanguage":"fr-FR","@id":"https:\/\/fulbat.com\/fr\/produit\/fpg12-40\/#primaryimage","url":"https:\/\/fulbat.com\/wp-content\/uploads\/2020\/09\/Fulbat_FPG12-40_Cyclic_GEL.png","contentUrl":"https:\/\/fulbat.com\/wp-content\/uploads\/2020\/09\/Fulbat_FPG12-40_Cyclic_GEL.png","width":521,"height":454,"caption":"Fulbat_FPG12-40_Cyclic_GEL_mobilit\u00e9_loisir_marine_chariotdegolf_\u00e9nergies renouvelables"},{"@type":"BreadcrumbList","@id":"https:\/\/fulbat.com\/fr\/produit\/fpg12-40\/#breadcrumb","itemListElement":[{"@type":"ListItem","position":1,"name":"Home","item":"https:\/\/fulbat.com\/fr\/"},{"@type":"ListItem","position":2,"name":"Shop","item":"https:\/\/fulbat.com\/shop\/"},{"@type":"ListItem","position":3,"name":"Industriel","item":"https:\/\/fulbat.com\/fr\/industriel\/"},{"@type":"ListItem","position":4,"name":"FPG12-40"}]},{"@type":"WebSite","@id":"https:\/\/fulbat.com\/fr\/#website","url":"https:\/\/fulbat.com\/fr\/","name":"Fulbat","description":"Qualitative, performing &amp; reliable battery solutions","potentialAction":[{"@type":"SearchAction","target":{"@type":"EntryPoint","urlTemplate":"https:\/\/fulbat.com\/fr\/?s={search_term_string}"},"query-input":{"@type":"PropertyValueSpecification","valueRequired":true,"valueName":"search_term_string"}}],"inLanguage":"fr-FR"}]}},"_links":{"self":[{"href":"https:\/\/fulbat.com\/fr\/wp-json\/wp\/v2\/product\/9364","targetHints":{"allow":["GET"]}}],"collection":[{"href":"https:\/\/fulbat.com\/fr\/wp-json\/wp\/v2\/product"}],"about":[{"href":"https:\/\/fulbat.com\/fr\/wp-json\/wp\/v2\/types\/product"}],"wp:featuredmedia":[{"embeddable":true,"href":"https:\/\/fulbat.com\/fr\/wp-json\/wp\/v2\/media\/5849"}],"wp:attachment":[{"href":"https:\/\/fulbat.com\/fr\/wp-json\/wp\/v2\/media?parent=9364"}],"wp:term":[{"taxonomy":"product_brand","embeddable":true,"href":"https:\/\/fulbat.com\/fr\/wp-json\/wp\/v2\/product_brand?post=9364"},{"taxonomy":"product_cat","embeddable":true,"href":"https:\/\/fulbat.com\/fr\/wp-json\/wp\/v2\/product_cat?post=9364"},{"taxonomy":"product_tag","embeddable":true,"href":"https:\/\/fulbat.com\/fr\/wp-json\/wp\/v2\/product_tag?post=9364"}],"curies":[{"name":"wp","href":"https:\/\/api.w.org\/{rel}","templated":true}]}}