{"id":9396,"date":"2020-08-27T12:40:26","date_gmt":"2020-08-27T10:40:26","guid":{"rendered":"https:\/\/fulbat.com\/product\/ftx7l-bs\/"},"modified":"2024-11-19T14:30:56","modified_gmt":"2024-11-19T13:30:56","slug":"ftx7l-bs","status":"publish","type":"product","link":"https:\/\/fulbat.com\/fr\/produit\/ftx7l-bs\/","title":{"rendered":"FTX7L-BS"},"content":{"rendered":"<p style=\"text-align: justify;\">La batterie FTX7L-BS fait partie de notre gamme Maintenance Free. Sp\u00e9cialement con\u00e7ue pour offrir plus de confort et de performances, cette batterie 12V 6.3Ah est livr\u00e9e avec un pack acide et doit \u00eatre activ\u00e9e avant la premi\u00e8re utilisation.<\/p>\n<p>100% \u00e9tanche et sans entretien, la batterie FTX7L-BS est scell\u00e9e une fois activ\u00e9e, ce qui am\u00e9liore sa dur\u00e9e de vie et sa r\u00e9sistance aux conditions difficiles.<\/p>\n<p>Chargeur compatible : <strong><a href=\"https:\/\/fulbat.com\/fr\/chargeur\/chargeur\/fulload-1000\/\" target=\"_blank\" rel=\"noopener noreferrer\">Fulload 1000<\/a><\/strong><\/p>\n","protected":false},"excerpt":{"rendered":"<p>Technologie AGM<\/p>\n<p>Livr\u00e9e avec un pack d\u2019acide<\/p>\n<p>Doit \u00eatre activ\u00e9e avant la premi\u00e8re utilisation<\/p>\n<p>Aucun entretien une fois activ\u00e9e<\/p>\n<p>Dur\u00e9e de vie plus longue<\/p>\n<p>Montage vertical uniquement<\/p>\n<p>Sulfatation interne minimis\u00e9e<\/p>\n<p>Adapt\u00e9e par temps froid<\/p>\n<p>Dur\u00e9e de stockage illimit\u00e9e<\/p>\n","protected":false},"featured_media":4092,"template":"","meta":[],"product_brand":[],"product_cat":[834,841,842,835,846],"product_tag":[910,1557,1448,1469,1520,1527,1836,1528],"class_list":{"0":"post-9396","1":"product","2":"type-product","3":"status-publish","4":"has-post-thumbnail","6":"product_cat-demarrage","7":"product_cat-mf-fr","8":"product_cat-moto","9":"product_cat-quad","10":"product_cat-scooter-fr","11":"product_tag-batterie-de-moto","12":"product_tag-batterie-mf","13":"product_tag-batterie-quad-fr","14":"product_tag-batterie-scooter-fr","15":"product_tag-ftx7l-bs-fr","16":"product_tag-ftx7lbs-fr","17":"product_tag-ytx7l-bs-fr","18":"product_tag-ytx7lbs-fr","20":"first","21":"instock","22":"shipping-taxable","23":"product-type-simple"},"yoast_head":"<!-- This site is optimized with the Yoast SEO plugin v26.9 - https:\/\/yoast.com\/product\/yoast-seo-wordpress\/ -->\n<title>FTX7L-BS - Fulbat<\/title>\n<meta name=\"description\" content=\"%\" \/>\n<meta name=\"robots\" content=\"index, follow, max-snippet:-1, max-image-preview:large, max-video-preview:-1\" \/>\n<link rel=\"canonical\" href=\"https:\/\/fulbat.com\/fr\/produit\/ftx7l-bs\/\" \/>\n<meta property=\"og:locale\" content=\"fr_FR\" \/>\n<meta property=\"og:type\" content=\"article\" \/>\n<meta property=\"og:title\" content=\"FTX7L-BS - Fulbat\" \/>\n<meta property=\"og:description\" content=\"%\" \/>\n<meta property=\"og:url\" content=\"https:\/\/fulbat.com\/fr\/produit\/ftx7l-bs\/\" \/>\n<meta property=\"og:site_name\" content=\"Fulbat\" \/>\n<meta property=\"article:modified_time\" content=\"2024-11-19T13:30:56+00:00\" \/>\n<meta property=\"og:image\" content=\"https:\/\/fulbat.com\/wp-content\/uploads\/2020\/09\/Fulbat_MF_FTX7L-BS.png\" \/>\n\t<meta property=\"og:image:width\" content=\"471\" \/>\n\t<meta property=\"og:image:height\" content=\"554\" \/>\n\t<meta property=\"og:image:type\" content=\"image\/png\" \/>\n<meta name=\"twitter:card\" content=\"summary_large_image\" \/>\n<meta name=\"twitter:label1\" content=\"Dur\u00e9e de lecture estim\u00e9e\" \/>\n\t<meta name=\"twitter:data1\" content=\"1 minute\" \/>\n<script type=\"application\/ld+json\" class=\"yoast-schema-graph\">{\"@context\":\"https:\/\/schema.org\",\"@graph\":[{\"@type\":\"WebPage\",\"@id\":\"https:\/\/fulbat.com\/fr\/produit\/ftx7l-bs\/\",\"url\":\"https:\/\/fulbat.com\/fr\/produit\/ftx7l-bs\/\",\"name\":\"FTX7L-BS - Fulbat\",\"isPartOf\":{\"@id\":\"https:\/\/fulbat.com\/fr\/#website\"},\"primaryImageOfPage\":{\"@id\":\"https:\/\/fulbat.com\/fr\/produit\/ftx7l-bs\/#primaryimage\"},\"image\":{\"@id\":\"https:\/\/fulbat.com\/fr\/produit\/ftx7l-bs\/#primaryimage\"},\"thumbnailUrl\":\"https:\/\/fulbat.com\/wp-content\/uploads\/2020\/09\/Fulbat_MF_FTX7L-BS.png\",\"datePublished\":\"2020-08-27T10:40:26+00:00\",\"dateModified\":\"2024-11-19T13:30:56+00:00\",\"description\":\"%\",\"breadcrumb\":{\"@id\":\"https:\/\/fulbat.com\/fr\/produit\/ftx7l-bs\/#breadcrumb\"},\"inLanguage\":\"fr-FR\",\"potentialAction\":[{\"@type\":\"ReadAction\",\"target\":[\"https:\/\/fulbat.com\/fr\/produit\/ftx7l-bs\/\"]}]},{\"@type\":\"ImageObject\",\"inLanguage\":\"fr-FR\",\"@id\":\"https:\/\/fulbat.com\/fr\/produit\/ftx7l-bs\/#primaryimage\",\"url\":\"https:\/\/fulbat.com\/wp-content\/uploads\/2020\/09\/Fulbat_MF_FTX7L-BS.png\",\"contentUrl\":\"https:\/\/fulbat.com\/wp-content\/uploads\/2020\/09\/Fulbat_MF_FTX7L-BS.png\",\"width\":471,\"height\":554,\"caption\":\"Fulbat_MF-BATTERIE-FTX7L-BS\"},{\"@type\":\"BreadcrumbList\",\"@id\":\"https:\/\/fulbat.com\/fr\/produit\/ftx7l-bs\/#breadcrumb\",\"itemListElement\":[{\"@type\":\"ListItem\",\"position\":1,\"name\":\"Home\",\"item\":\"https:\/\/fulbat.com\/fr\/\"},{\"@type\":\"ListItem\",\"position\":2,\"name\":\"Shop\",\"item\":\"https:\/\/fulbat.com\/shop\/\"},{\"@type\":\"ListItem\",\"position\":3,\"name\":\"D\u00e9marrage\",\"item\":\"https:\/\/fulbat.com\/fr\/demarrage\/\"},{\"@type\":\"ListItem\",\"position\":4,\"name\":\"FTX7L-BS\"}]},{\"@type\":\"WebSite\",\"@id\":\"https:\/\/fulbat.com\/fr\/#website\",\"url\":\"https:\/\/fulbat.com\/fr\/\",\"name\":\"Fulbat\",\"description\":\"Qualitative, performing &amp; reliable battery solutions\",\"potentialAction\":[{\"@type\":\"SearchAction\",\"target\":{\"@type\":\"EntryPoint\",\"urlTemplate\":\"https:\/\/fulbat.com\/fr\/?s={search_term_string}\"},\"query-input\":{\"@type\":\"PropertyValueSpecification\",\"valueRequired\":true,\"valueName\":\"search_term_string\"}}],\"inLanguage\":\"fr-FR\"}]}<\/script>\n<!-- \/ Yoast SEO plugin. -->","yoast_head_json":{"title":"FTX7L-BS - Fulbat","description":"%","robots":{"index":"index","follow":"follow","max-snippet":"max-snippet:-1","max-image-preview":"max-image-preview:large","max-video-preview":"max-video-preview:-1"},"canonical":"https:\/\/fulbat.com\/fr\/produit\/ftx7l-bs\/","og_locale":"fr_FR","og_type":"article","og_title":"FTX7L-BS - Fulbat","og_description":"%","og_url":"https:\/\/fulbat.com\/fr\/produit\/ftx7l-bs\/","og_site_name":"Fulbat","article_modified_time":"2024-11-19T13:30:56+00:00","og_image":[{"width":471,"height":554,"url":"https:\/\/fulbat.com\/wp-content\/uploads\/2020\/09\/Fulbat_MF_FTX7L-BS.png","type":"image\/png"}],"twitter_card":"summary_large_image","twitter_misc":{"Dur\u00e9e de lecture estim\u00e9e":"1 minute"},"schema":{"@context":"https:\/\/schema.org","@graph":[{"@type":"WebPage","@id":"https:\/\/fulbat.com\/fr\/produit\/ftx7l-bs\/","url":"https:\/\/fulbat.com\/fr\/produit\/ftx7l-bs\/","name":"FTX7L-BS - Fulbat","isPartOf":{"@id":"https:\/\/fulbat.com\/fr\/#website"},"primaryImageOfPage":{"@id":"https:\/\/fulbat.com\/fr\/produit\/ftx7l-bs\/#primaryimage"},"image":{"@id":"https:\/\/fulbat.com\/fr\/produit\/ftx7l-bs\/#primaryimage"},"thumbnailUrl":"https:\/\/fulbat.com\/wp-content\/uploads\/2020\/09\/Fulbat_MF_FTX7L-BS.png","datePublished":"2020-08-27T10:40:26+00:00","dateModified":"2024-11-19T13:30:56+00:00","description":"%","breadcrumb":{"@id":"https:\/\/fulbat.com\/fr\/produit\/ftx7l-bs\/#breadcrumb"},"inLanguage":"fr-FR","potentialAction":[{"@type":"ReadAction","target":["https:\/\/fulbat.com\/fr\/produit\/ftx7l-bs\/"]}]},{"@type":"ImageObject","inLanguage":"fr-FR","@id":"https:\/\/fulbat.com\/fr\/produit\/ftx7l-bs\/#primaryimage","url":"https:\/\/fulbat.com\/wp-content\/uploads\/2020\/09\/Fulbat_MF_FTX7L-BS.png","contentUrl":"https:\/\/fulbat.com\/wp-content\/uploads\/2020\/09\/Fulbat_MF_FTX7L-BS.png","width":471,"height":554,"caption":"Fulbat_MF-BATTERIE-FTX7L-BS"},{"@type":"BreadcrumbList","@id":"https:\/\/fulbat.com\/fr\/produit\/ftx7l-bs\/#breadcrumb","itemListElement":[{"@type":"ListItem","position":1,"name":"Home","item":"https:\/\/fulbat.com\/fr\/"},{"@type":"ListItem","position":2,"name":"Shop","item":"https:\/\/fulbat.com\/shop\/"},{"@type":"ListItem","position":3,"name":"D\u00e9marrage","item":"https:\/\/fulbat.com\/fr\/demarrage\/"},{"@type":"ListItem","position":4,"name":"FTX7L-BS"}]},{"@type":"WebSite","@id":"https:\/\/fulbat.com\/fr\/#website","url":"https:\/\/fulbat.com\/fr\/","name":"Fulbat","description":"Qualitative, performing &amp; reliable battery solutions","potentialAction":[{"@type":"SearchAction","target":{"@type":"EntryPoint","urlTemplate":"https:\/\/fulbat.com\/fr\/?s={search_term_string}"},"query-input":{"@type":"PropertyValueSpecification","valueRequired":true,"valueName":"search_term_string"}}],"inLanguage":"fr-FR"}]}},"_links":{"self":[{"href":"https:\/\/fulbat.com\/fr\/wp-json\/wp\/v2\/product\/9396","targetHints":{"allow":["GET"]}}],"collection":[{"href":"https:\/\/fulbat.com\/fr\/wp-json\/wp\/v2\/product"}],"about":[{"href":"https:\/\/fulbat.com\/fr\/wp-json\/wp\/v2\/types\/product"}],"wp:featuredmedia":[{"embeddable":true,"href":"https:\/\/fulbat.com\/fr\/wp-json\/wp\/v2\/media\/4092"}],"wp:attachment":[{"href":"https:\/\/fulbat.com\/fr\/wp-json\/wp\/v2\/media?parent=9396"}],"wp:term":[{"taxonomy":"product_brand","embeddable":true,"href":"https:\/\/fulbat.com\/fr\/wp-json\/wp\/v2\/product_brand?post=9396"},{"taxonomy":"product_cat","embeddable":true,"href":"https:\/\/fulbat.com\/fr\/wp-json\/wp\/v2\/product_cat?post=9396"},{"taxonomy":"product_tag","embeddable":true,"href":"https:\/\/fulbat.com\/fr\/wp-json\/wp\/v2\/product_tag?post=9396"}],"curies":[{"name":"wp","href":"https:\/\/api.w.org\/{rel}","templated":true}]}}