{"id":9402,"date":"2020-09-10T17:40:51","date_gmt":"2020-09-10T15:40:51","guid":{"rendered":"https:\/\/fulbat.com\/product\/fp12-45-motoculture\/"},"modified":"2024-12-09T10:47:53","modified_gmt":"2024-12-09T09:47:53","slug":"fp12-45-motoculture","status":"publish","type":"product","link":"https:\/\/fulbat.com\/fr\/produit\/fp12-45-motoculture\/","title":{"rendered":"FP12-4.5"},"content":{"rendered":"<p style=\"text-align: justify;\">Avec une dur\u00e9e de vie de 5 ans en charge permanente (floating), la batterie FP12-4.5 fait partie de notre gamme VRLA.<\/p>\n<p>Dot\u00e9es de r\u00e9gulation par soupapes, la batterie AGM FP12-4.5 garantit des performances \u00e9lev\u00e9es et une fiabilit\u00e9 optimale.<\/p>\n<p>Chargeurs compatibles : <strong><a href=\"https:\/\/fulbat.com\/fr\/chargeur\/chargeur\/fulload-1000\/\" target=\"_blank\" rel=\"noopener noreferrer\">Fulload 1000<\/a><\/strong> | <a href=\"https:\/\/fulbat.com\/fr\/chargeur\/chargeur\/fulload-f4\/\" target=\"_blank\" rel=\"noopener noreferrer\"><strong>Fulload F4<\/strong> | <\/a><a href=\"https:\/\/fulbat.com\/fr\/chargeur\/chargeur\/fulbank-2000\/\" target=\"_blank\" rel=\"noopener noreferrer\"><strong>Fulbank 2000<\/strong><\/a><\/p>\n","protected":false},"excerpt":{"rendered":"<p>Technologie AGM<\/p>\n<p>Batterie VRLA<\/p>\n<p>Sans entretien, pas de rajout d\u2019eau n\u00e9cessaire<\/p>\n<p>\u00c9tanche : facile \u00e0 exp\u00e9dier<\/p>\n<p>Protection contre d\u00e9charge profonde<\/p>\n<p>Pas de corrosion<\/p>\n<p>Montage dans toutes les positions<\/p>\n<p>Peu de d\u00e9gazage<\/p>\n<p>Longue dur\u00e9e de stockage<\/p>\n<p>Tr\u00e8s bonne performance cyclique et stationnaire<\/p>\n","protected":false},"featured_media":5073,"template":"","meta":[],"product_brand":[],"product_cat":[834,839,848],"product_tag":[1383,1851,1707],"class_list":{"0":"post-9402","1":"product","2":"type-product","3":"status-publish","4":"has-post-thumbnail","6":"product_cat-demarrage","7":"product_cat-motoculture","8":"product_cat-vrla-fr","9":"product_tag-batterie-motoculture-fr","10":"product_tag-batterie-vrla","11":"product_tag-fp12-4-5-fr","13":"first","14":"instock","15":"shipping-taxable","16":"product-type-simple"},"yoast_head":"<!-- This site is optimized with the Yoast SEO plugin v26.9 - https:\/\/yoast.com\/product\/yoast-seo-wordpress\/ -->\n<title>FP12-4.5 - Fulbat<\/title>\n<meta name=\"description\" content=\"%\" \/>\n<meta name=\"robots\" content=\"index, follow, max-snippet:-1, max-image-preview:large, max-video-preview:-1\" \/>\n<link rel=\"canonical\" href=\"https:\/\/fulbat.com\/fr\/produit\/fp12-45-motoculture\/\" \/>\n<meta property=\"og:locale\" content=\"fr_FR\" \/>\n<meta property=\"og:type\" content=\"article\" \/>\n<meta property=\"og:title\" content=\"FP12-4.5 - Fulbat\" \/>\n<meta property=\"og:description\" content=\"%\" \/>\n<meta property=\"og:url\" content=\"https:\/\/fulbat.com\/fr\/produit\/fp12-45-motoculture\/\" \/>\n<meta property=\"og:site_name\" content=\"Fulbat\" \/>\n<meta property=\"article:modified_time\" content=\"2024-12-09T09:47:53+00:00\" \/>\n<meta property=\"og:image\" content=\"https:\/\/fulbat.com\/wp-content\/uploads\/2020\/09\/FULBAT_FP12-4.5_GeneralPurpose_AGM.png\" \/>\n\t<meta property=\"og:image:width\" content=\"384\" \/>\n\t<meta property=\"og:image:height\" content=\"402\" \/>\n\t<meta property=\"og:image:type\" content=\"image\/png\" \/>\n<meta name=\"twitter:card\" content=\"summary_large_image\" \/>\n<meta name=\"twitter:label1\" content=\"Dur\u00e9e de lecture estim\u00e9e\" \/>\n\t<meta name=\"twitter:data1\" content=\"1 minute\" \/>\n<script type=\"application\/ld+json\" class=\"yoast-schema-graph\">{\"@context\":\"https:\/\/schema.org\",\"@graph\":[{\"@type\":\"WebPage\",\"@id\":\"https:\/\/fulbat.com\/fr\/produit\/fp12-45-motoculture\/\",\"url\":\"https:\/\/fulbat.com\/fr\/produit\/fp12-45-motoculture\/\",\"name\":\"FP12-4.5 - Fulbat\",\"isPartOf\":{\"@id\":\"https:\/\/fulbat.com\/fr\/#website\"},\"primaryImageOfPage\":{\"@id\":\"https:\/\/fulbat.com\/fr\/produit\/fp12-45-motoculture\/#primaryimage\"},\"image\":{\"@id\":\"https:\/\/fulbat.com\/fr\/produit\/fp12-45-motoculture\/#primaryimage\"},\"thumbnailUrl\":\"https:\/\/fulbat.com\/wp-content\/uploads\/2020\/09\/FULBAT_FP12-4.5_GeneralPurpose_AGM.png\",\"datePublished\":\"2020-09-10T15:40:51+00:00\",\"dateModified\":\"2024-12-09T09:47:53+00:00\",\"description\":\"%\",\"breadcrumb\":{\"@id\":\"https:\/\/fulbat.com\/fr\/produit\/fp12-45-motoculture\/#breadcrumb\"},\"inLanguage\":\"fr-FR\",\"potentialAction\":[{\"@type\":\"ReadAction\",\"target\":[\"https:\/\/fulbat.com\/fr\/produit\/fp12-45-motoculture\/\"]}]},{\"@type\":\"ImageObject\",\"inLanguage\":\"fr-FR\",\"@id\":\"https:\/\/fulbat.com\/fr\/produit\/fp12-45-motoculture\/#primaryimage\",\"url\":\"https:\/\/fulbat.com\/wp-content\/uploads\/2020\/09\/FULBAT_FP12-4.5_GeneralPurpose_AGM.png\",\"contentUrl\":\"https:\/\/fulbat.com\/wp-content\/uploads\/2020\/09\/FULBAT_FP12-4.5_GeneralPurpose_AGM.png\",\"width\":384,\"height\":402,\"caption\":\"FULBAT_FP12-4.5-BATTERIE_GeneralPurpose_AGM\"},{\"@type\":\"BreadcrumbList\",\"@id\":\"https:\/\/fulbat.com\/fr\/produit\/fp12-45-motoculture\/#breadcrumb\",\"itemListElement\":[{\"@type\":\"ListItem\",\"position\":1,\"name\":\"Home\",\"item\":\"https:\/\/fulbat.com\/fr\/\"},{\"@type\":\"ListItem\",\"position\":2,\"name\":\"Shop\",\"item\":\"https:\/\/fulbat.com\/shop\/\"},{\"@type\":\"ListItem\",\"position\":3,\"name\":\"D\u00e9marrage\",\"item\":\"https:\/\/fulbat.com\/fr\/demarrage\/\"},{\"@type\":\"ListItem\",\"position\":4,\"name\":\"FP12-4.5\"}]},{\"@type\":\"WebSite\",\"@id\":\"https:\/\/fulbat.com\/fr\/#website\",\"url\":\"https:\/\/fulbat.com\/fr\/\",\"name\":\"Fulbat\",\"description\":\"Qualitative, performing &amp; reliable battery solutions\",\"potentialAction\":[{\"@type\":\"SearchAction\",\"target\":{\"@type\":\"EntryPoint\",\"urlTemplate\":\"https:\/\/fulbat.com\/fr\/?s={search_term_string}\"},\"query-input\":{\"@type\":\"PropertyValueSpecification\",\"valueRequired\":true,\"valueName\":\"search_term_string\"}}],\"inLanguage\":\"fr-FR\"}]}<\/script>\n<!-- \/ Yoast SEO plugin. -->","yoast_head_json":{"title":"FP12-4.5 - Fulbat","description":"%","robots":{"index":"index","follow":"follow","max-snippet":"max-snippet:-1","max-image-preview":"max-image-preview:large","max-video-preview":"max-video-preview:-1"},"canonical":"https:\/\/fulbat.com\/fr\/produit\/fp12-45-motoculture\/","og_locale":"fr_FR","og_type":"article","og_title":"FP12-4.5 - Fulbat","og_description":"%","og_url":"https:\/\/fulbat.com\/fr\/produit\/fp12-45-motoculture\/","og_site_name":"Fulbat","article_modified_time":"2024-12-09T09:47:53+00:00","og_image":[{"width":384,"height":402,"url":"https:\/\/fulbat.com\/wp-content\/uploads\/2020\/09\/FULBAT_FP12-4.5_GeneralPurpose_AGM.png","type":"image\/png"}],"twitter_card":"summary_large_image","twitter_misc":{"Dur\u00e9e de lecture estim\u00e9e":"1 minute"},"schema":{"@context":"https:\/\/schema.org","@graph":[{"@type":"WebPage","@id":"https:\/\/fulbat.com\/fr\/produit\/fp12-45-motoculture\/","url":"https:\/\/fulbat.com\/fr\/produit\/fp12-45-motoculture\/","name":"FP12-4.5 - Fulbat","isPartOf":{"@id":"https:\/\/fulbat.com\/fr\/#website"},"primaryImageOfPage":{"@id":"https:\/\/fulbat.com\/fr\/produit\/fp12-45-motoculture\/#primaryimage"},"image":{"@id":"https:\/\/fulbat.com\/fr\/produit\/fp12-45-motoculture\/#primaryimage"},"thumbnailUrl":"https:\/\/fulbat.com\/wp-content\/uploads\/2020\/09\/FULBAT_FP12-4.5_GeneralPurpose_AGM.png","datePublished":"2020-09-10T15:40:51+00:00","dateModified":"2024-12-09T09:47:53+00:00","description":"%","breadcrumb":{"@id":"https:\/\/fulbat.com\/fr\/produit\/fp12-45-motoculture\/#breadcrumb"},"inLanguage":"fr-FR","potentialAction":[{"@type":"ReadAction","target":["https:\/\/fulbat.com\/fr\/produit\/fp12-45-motoculture\/"]}]},{"@type":"ImageObject","inLanguage":"fr-FR","@id":"https:\/\/fulbat.com\/fr\/produit\/fp12-45-motoculture\/#primaryimage","url":"https:\/\/fulbat.com\/wp-content\/uploads\/2020\/09\/FULBAT_FP12-4.5_GeneralPurpose_AGM.png","contentUrl":"https:\/\/fulbat.com\/wp-content\/uploads\/2020\/09\/FULBAT_FP12-4.5_GeneralPurpose_AGM.png","width":384,"height":402,"caption":"FULBAT_FP12-4.5-BATTERIE_GeneralPurpose_AGM"},{"@type":"BreadcrumbList","@id":"https:\/\/fulbat.com\/fr\/produit\/fp12-45-motoculture\/#breadcrumb","itemListElement":[{"@type":"ListItem","position":1,"name":"Home","item":"https:\/\/fulbat.com\/fr\/"},{"@type":"ListItem","position":2,"name":"Shop","item":"https:\/\/fulbat.com\/shop\/"},{"@type":"ListItem","position":3,"name":"D\u00e9marrage","item":"https:\/\/fulbat.com\/fr\/demarrage\/"},{"@type":"ListItem","position":4,"name":"FP12-4.5"}]},{"@type":"WebSite","@id":"https:\/\/fulbat.com\/fr\/#website","url":"https:\/\/fulbat.com\/fr\/","name":"Fulbat","description":"Qualitative, performing &amp; reliable battery solutions","potentialAction":[{"@type":"SearchAction","target":{"@type":"EntryPoint","urlTemplate":"https:\/\/fulbat.com\/fr\/?s={search_term_string}"},"query-input":{"@type":"PropertyValueSpecification","valueRequired":true,"valueName":"search_term_string"}}],"inLanguage":"fr-FR"}]}},"_links":{"self":[{"href":"https:\/\/fulbat.com\/fr\/wp-json\/wp\/v2\/product\/9402","targetHints":{"allow":["GET"]}}],"collection":[{"href":"https:\/\/fulbat.com\/fr\/wp-json\/wp\/v2\/product"}],"about":[{"href":"https:\/\/fulbat.com\/fr\/wp-json\/wp\/v2\/types\/product"}],"wp:featuredmedia":[{"embeddable":true,"href":"https:\/\/fulbat.com\/fr\/wp-json\/wp\/v2\/media\/5073"}],"wp:attachment":[{"href":"https:\/\/fulbat.com\/fr\/wp-json\/wp\/v2\/media?parent=9402"}],"wp:term":[{"taxonomy":"product_brand","embeddable":true,"href":"https:\/\/fulbat.com\/fr\/wp-json\/wp\/v2\/product_brand?post=9402"},{"taxonomy":"product_cat","embeddable":true,"href":"https:\/\/fulbat.com\/fr\/wp-json\/wp\/v2\/product_cat?post=9402"},{"taxonomy":"product_tag","embeddable":true,"href":"https:\/\/fulbat.com\/fr\/wp-json\/wp\/v2\/product_tag?post=9402"}],"curies":[{"name":"wp","href":"https:\/\/api.w.org\/{rel}","templated":true}]}}