{"id":9441,"date":"2020-08-27T10:49:29","date_gmt":"2020-08-27T08:49:29","guid":{"rendered":"https:\/\/fulbat.com\/product\/ft12b-4-gel\/"},"modified":"2024-11-19T15:18:38","modified_gmt":"2024-11-19T14:18:38","slug":"ft12b-4-gel","status":"publish","type":"product","link":"https:\/\/fulbat.com\/fr\/produit\/ft12b-4-gel\/","title":{"rendered":"FT12B-4 GEL"},"content":{"rendered":"<p style=\"text-align: justify;\">La batterie FT12B-4 GEL fait partie de notre gamme GEL. Sp\u00e9cialement con\u00e7ue pour offrir des performances maximales, cette batterie 12V 10.5Ah est pr\u00eate \u00e0 l&#8217;emploi et ne n\u00e9cessitera aucune manipulation d&rsquo;acide, de pr\u00e9paration initiale ni d&rsquo;entretien.<\/p>\n<p>Gr\u00e2ce \u00e0 sa conception 100% \u00e9tanche (VRLA), la batterie FT12B-4 GEL est id\u00e9ale pour tous les sports motoris\u00e9s n\u00e9cessitant de hautes performances.<\/p>\n<p><img loading=\"lazy\" decoding=\"async\" class=\"alignnone wp-image-8284\" src=\"https:\/\/fulbat.com\/wp-content\/uploads\/2020\/08\/EU-flag-300x200.jpg\" alt=\"\" width=\"26\" height=\"17\" srcset=\"https:\/\/fulbat.com\/wp-content\/uploads\/2020\/08\/EU-flag-300x200.jpg 300w, https:\/\/fulbat.com\/wp-content\/uploads\/2020\/08\/EU-flag-150x100.jpg 150w, https:\/\/fulbat.com\/wp-content\/uploads\/2020\/08\/EU-flag.jpg 425w\" sizes=\"auto, (max-width: 26px) 100vw, 26px\" \/> Conforme \u00e0 la nouvelle r\u00e9glementation Europ\u00e9enne (UE) 2019\/1148 de 2021 concernant la vente d\u2019acide pour batteries.<\/p>\n<p>Chargeurs compatibles : <a href=\"https:\/\/fulbat.com\/fr\/chargeur\/chargeur\/fulload-1000\/\" target=\"_blank\" rel=\"noopener noreferrer\"><strong>Fulload 1000<\/strong><\/a> <strong> | <strong><a href=\"https:\/\/fulbat.com\/fr\/chargeur\/chargeur\/fulload-f4\/\" target=\"_blank\" rel=\"noopener noreferrer\">Fulload\u00a0F4<\/a><\/strong><\/strong><\/p>\n","protected":false},"excerpt":{"rendered":"<p>Technologie GEL<\/p>\n<p>Pr\u00eate \u00e0 l\u2019emploi<\/p>\n<p>Activ\u00e9e en usine<\/p>\n<p>Batterie VRLA<\/p>\n<p>\u00c9tanche : facile \u00e0 exp\u00e9dier<\/p>\n<p>100% sans entretien<\/p>\n<p>Montage dans toutes les positions<\/p>\n<p>Sulfatation interne minimis\u00e9e<\/p>\n<p>Adapt\u00e9e par temps froid<\/p>\n<p>Aucune manipulation d\u2019acide<\/p>\n<p>Facile \u00e0 installer<\/p>\n<p>Dur\u00e9e de vie plus longue<\/p>\n","protected":false},"featured_media":12474,"template":"","meta":[],"product_brand":[],"product_cat":[834,838,842,846],"product_tag":[910,911,1469,1496,1983,1982,1984],"class_list":{"0":"post-9441","1":"product","2":"type-product","3":"status-publish","4":"has-post-thumbnail","6":"product_cat-demarrage","7":"product_cat-gel-fr","8":"product_cat-moto","9":"product_cat-scooter-fr","10":"product_tag-batterie-de-moto","11":"product_tag-batterie-gel-fr","12":"product_tag-batterie-scooter-fr","13":"product_tag-ft12b-4-fr","14":"product_tag-ft12b4-fr","15":"product_tag-yt12b-4-fr","16":"product_tag-yt12b4-fr","18":"first","19":"instock","20":"shipping-taxable","21":"product-type-simple"},"yoast_head":"<!-- This site is optimized with the Yoast SEO plugin v26.9 - https:\/\/yoast.com\/product\/yoast-seo-wordpress\/ -->\n<title>FT12B-4 GEL - Fulbat<\/title>\n<meta name=\"description\" content=\"%\" \/>\n<meta name=\"robots\" content=\"index, follow, max-snippet:-1, max-image-preview:large, max-video-preview:-1\" \/>\n<link rel=\"canonical\" href=\"https:\/\/fulbat.com\/fr\/produit\/ft12b-4-gel\/\" \/>\n<meta property=\"og:locale\" content=\"fr_FR\" \/>\n<meta property=\"og:type\" content=\"article\" \/>\n<meta property=\"og:title\" content=\"FT12B-4 GEL - Fulbat\" \/>\n<meta property=\"og:description\" content=\"%\" \/>\n<meta property=\"og:url\" content=\"https:\/\/fulbat.com\/fr\/produit\/ft12b-4-gel\/\" \/>\n<meta property=\"og:site_name\" content=\"Fulbat\" \/>\n<meta property=\"article:modified_time\" content=\"2024-11-19T14:18:38+00:00\" \/>\n<meta property=\"og:image\" content=\"https:\/\/fulbat.com\/wp-content\/uploads\/2021\/11\/Fulbat_GEL_FT12B-41.png\" \/>\n\t<meta property=\"og:image:width\" content=\"539\" \/>\n\t<meta property=\"og:image:height\" content=\"520\" \/>\n\t<meta property=\"og:image:type\" content=\"image\/png\" \/>\n<meta name=\"twitter:card\" content=\"summary_large_image\" \/>\n<meta name=\"twitter:label1\" content=\"Dur\u00e9e de lecture estim\u00e9e\" \/>\n\t<meta name=\"twitter:data1\" content=\"1 minute\" \/>\n<script type=\"application\/ld+json\" class=\"yoast-schema-graph\">{\"@context\":\"https:\/\/schema.org\",\"@graph\":[{\"@type\":\"WebPage\",\"@id\":\"https:\/\/fulbat.com\/fr\/produit\/ft12b-4-gel\/\",\"url\":\"https:\/\/fulbat.com\/fr\/produit\/ft12b-4-gel\/\",\"name\":\"FT12B-4 GEL - Fulbat\",\"isPartOf\":{\"@id\":\"https:\/\/fulbat.com\/fr\/#website\"},\"primaryImageOfPage\":{\"@id\":\"https:\/\/fulbat.com\/fr\/produit\/ft12b-4-gel\/#primaryimage\"},\"image\":{\"@id\":\"https:\/\/fulbat.com\/fr\/produit\/ft12b-4-gel\/#primaryimage\"},\"thumbnailUrl\":\"https:\/\/fulbat.com\/wp-content\/uploads\/2021\/11\/Fulbat_GEL_FT12B-41.png\",\"datePublished\":\"2020-08-27T08:49:29+00:00\",\"dateModified\":\"2024-11-19T14:18:38+00:00\",\"description\":\"%\",\"breadcrumb\":{\"@id\":\"https:\/\/fulbat.com\/fr\/produit\/ft12b-4-gel\/#breadcrumb\"},\"inLanguage\":\"fr-FR\",\"potentialAction\":[{\"@type\":\"ReadAction\",\"target\":[\"https:\/\/fulbat.com\/fr\/produit\/ft12b-4-gel\/\"]}]},{\"@type\":\"ImageObject\",\"inLanguage\":\"fr-FR\",\"@id\":\"https:\/\/fulbat.com\/fr\/produit\/ft12b-4-gel\/#primaryimage\",\"url\":\"https:\/\/fulbat.com\/wp-content\/uploads\/2021\/11\/Fulbat_GEL_FT12B-41.png\",\"contentUrl\":\"https:\/\/fulbat.com\/wp-content\/uploads\/2021\/11\/Fulbat_GEL_FT12B-41.png\",\"width\":539,\"height\":520},{\"@type\":\"BreadcrumbList\",\"@id\":\"https:\/\/fulbat.com\/fr\/produit\/ft12b-4-gel\/#breadcrumb\",\"itemListElement\":[{\"@type\":\"ListItem\",\"position\":1,\"name\":\"Home\",\"item\":\"https:\/\/fulbat.com\/fr\/\"},{\"@type\":\"ListItem\",\"position\":2,\"name\":\"Shop\",\"item\":\"https:\/\/fulbat.com\/shop\/\"},{\"@type\":\"ListItem\",\"position\":3,\"name\":\"D\u00e9marrage\",\"item\":\"https:\/\/fulbat.com\/fr\/demarrage\/\"},{\"@type\":\"ListItem\",\"position\":4,\"name\":\"FT12B-4 GEL\"}]},{\"@type\":\"WebSite\",\"@id\":\"https:\/\/fulbat.com\/fr\/#website\",\"url\":\"https:\/\/fulbat.com\/fr\/\",\"name\":\"Fulbat\",\"description\":\"Qualitative, performing &amp; reliable battery solutions\",\"potentialAction\":[{\"@type\":\"SearchAction\",\"target\":{\"@type\":\"EntryPoint\",\"urlTemplate\":\"https:\/\/fulbat.com\/fr\/?s={search_term_string}\"},\"query-input\":{\"@type\":\"PropertyValueSpecification\",\"valueRequired\":true,\"valueName\":\"search_term_string\"}}],\"inLanguage\":\"fr-FR\"}]}<\/script>\n<!-- \/ Yoast SEO plugin. -->","yoast_head_json":{"title":"FT12B-4 GEL - Fulbat","description":"%","robots":{"index":"index","follow":"follow","max-snippet":"max-snippet:-1","max-image-preview":"max-image-preview:large","max-video-preview":"max-video-preview:-1"},"canonical":"https:\/\/fulbat.com\/fr\/produit\/ft12b-4-gel\/","og_locale":"fr_FR","og_type":"article","og_title":"FT12B-4 GEL - Fulbat","og_description":"%","og_url":"https:\/\/fulbat.com\/fr\/produit\/ft12b-4-gel\/","og_site_name":"Fulbat","article_modified_time":"2024-11-19T14:18:38+00:00","og_image":[{"width":539,"height":520,"url":"https:\/\/fulbat.com\/wp-content\/uploads\/2021\/11\/Fulbat_GEL_FT12B-41.png","type":"image\/png"}],"twitter_card":"summary_large_image","twitter_misc":{"Dur\u00e9e de lecture estim\u00e9e":"1 minute"},"schema":{"@context":"https:\/\/schema.org","@graph":[{"@type":"WebPage","@id":"https:\/\/fulbat.com\/fr\/produit\/ft12b-4-gel\/","url":"https:\/\/fulbat.com\/fr\/produit\/ft12b-4-gel\/","name":"FT12B-4 GEL - Fulbat","isPartOf":{"@id":"https:\/\/fulbat.com\/fr\/#website"},"primaryImageOfPage":{"@id":"https:\/\/fulbat.com\/fr\/produit\/ft12b-4-gel\/#primaryimage"},"image":{"@id":"https:\/\/fulbat.com\/fr\/produit\/ft12b-4-gel\/#primaryimage"},"thumbnailUrl":"https:\/\/fulbat.com\/wp-content\/uploads\/2021\/11\/Fulbat_GEL_FT12B-41.png","datePublished":"2020-08-27T08:49:29+00:00","dateModified":"2024-11-19T14:18:38+00:00","description":"%","breadcrumb":{"@id":"https:\/\/fulbat.com\/fr\/produit\/ft12b-4-gel\/#breadcrumb"},"inLanguage":"fr-FR","potentialAction":[{"@type":"ReadAction","target":["https:\/\/fulbat.com\/fr\/produit\/ft12b-4-gel\/"]}]},{"@type":"ImageObject","inLanguage":"fr-FR","@id":"https:\/\/fulbat.com\/fr\/produit\/ft12b-4-gel\/#primaryimage","url":"https:\/\/fulbat.com\/wp-content\/uploads\/2021\/11\/Fulbat_GEL_FT12B-41.png","contentUrl":"https:\/\/fulbat.com\/wp-content\/uploads\/2021\/11\/Fulbat_GEL_FT12B-41.png","width":539,"height":520},{"@type":"BreadcrumbList","@id":"https:\/\/fulbat.com\/fr\/produit\/ft12b-4-gel\/#breadcrumb","itemListElement":[{"@type":"ListItem","position":1,"name":"Home","item":"https:\/\/fulbat.com\/fr\/"},{"@type":"ListItem","position":2,"name":"Shop","item":"https:\/\/fulbat.com\/shop\/"},{"@type":"ListItem","position":3,"name":"D\u00e9marrage","item":"https:\/\/fulbat.com\/fr\/demarrage\/"},{"@type":"ListItem","position":4,"name":"FT12B-4 GEL"}]},{"@type":"WebSite","@id":"https:\/\/fulbat.com\/fr\/#website","url":"https:\/\/fulbat.com\/fr\/","name":"Fulbat","description":"Qualitative, performing &amp; reliable battery solutions","potentialAction":[{"@type":"SearchAction","target":{"@type":"EntryPoint","urlTemplate":"https:\/\/fulbat.com\/fr\/?s={search_term_string}"},"query-input":{"@type":"PropertyValueSpecification","valueRequired":true,"valueName":"search_term_string"}}],"inLanguage":"fr-FR"}]}},"_links":{"self":[{"href":"https:\/\/fulbat.com\/fr\/wp-json\/wp\/v2\/product\/9441","targetHints":{"allow":["GET"]}}],"collection":[{"href":"https:\/\/fulbat.com\/fr\/wp-json\/wp\/v2\/product"}],"about":[{"href":"https:\/\/fulbat.com\/fr\/wp-json\/wp\/v2\/types\/product"}],"wp:featuredmedia":[{"embeddable":true,"href":"https:\/\/fulbat.com\/fr\/wp-json\/wp\/v2\/media\/12474"}],"wp:attachment":[{"href":"https:\/\/fulbat.com\/fr\/wp-json\/wp\/v2\/media?parent=9441"}],"wp:term":[{"taxonomy":"product_brand","embeddable":true,"href":"https:\/\/fulbat.com\/fr\/wp-json\/wp\/v2\/product_brand?post=9441"},{"taxonomy":"product_cat","embeddable":true,"href":"https:\/\/fulbat.com\/fr\/wp-json\/wp\/v2\/product_cat?post=9441"},{"taxonomy":"product_tag","embeddable":true,"href":"https:\/\/fulbat.com\/fr\/wp-json\/wp\/v2\/product_tag?post=9441"}],"curies":[{"name":"wp","href":"https:\/\/api.w.org\/{rel}","templated":true}]}}