{"id":9458,"date":"2020-09-09T12:20:43","date_gmt":"2020-09-09T10:20:43","guid":{"rendered":"https:\/\/fulbat.com\/product\/fp-rm01\/"},"modified":"2025-11-19T17:31:00","modified_gmt":"2025-11-19T16:31:00","slug":"fp-rm01","status":"publish","type":"product","link":"https:\/\/fulbat.com\/fr\/produit\/fp-rm01\/","title":{"rendered":"FP-RM01"},"content":{"rendered":"<p style=\"text-align: justify;\">La batterie FP-RM01 fait partie de notre gamme Robot. Sp\u00e9cialement con\u00e7ue pour les robots tondeuses, la batterie plomb 12V 7.2Ah r\u00e9pond ainsi aux besoins de charge et de d\u00e9charge intensives n\u00e9cessaire \u00e0 l\u2019utilisation des robots.<\/p>\n<p>La batterie FP-RM01 a \u00e9t\u00e9 d\u00e9velopp\u00e9e pour offrir une longue dur\u00e9e de vie et une autonomie de travail maximale \u00e0 votre robot.<\/p>\n<p>Ce pack batterie est compos\u00e9 de la batterie VRLA FP12-7.2 (590028) et de la connexion Robomow (750042).<\/p>\n<p><strong>Compatible avec les marques:<\/strong> Robomow<br \/>\n<strong>Part number d\u2019origine:<\/strong> MRK9101A&#8230;<\/p>\n","protected":false},"excerpt":{"rendered":"<p>Batterie de type compatible<\/p>\n<p>Longue dur\u00e9e de vie<\/p>\n<p>Grande autonomie : Capacit\u00e9 parfois sup\u00e9rieure \u00e0 la batterie d&rsquo;origine<\/p>\n","protected":false},"featured_media":4467,"template":"","meta":[],"product_brand":[],"product_cat":[834,843],"product_tag":[2020,2044,2038],"class_list":{"0":"post-9458","1":"product","2":"type-product","3":"status-publish","4":"has-post-thumbnail","6":"product_cat-demarrage","7":"product_cat-robot-tondeuse","8":"product_tag-batterie-robot-tondeuse","9":"product_tag-mrk9101a-fr","10":"product_tag-robomow-fr","12":"first","13":"instock","14":"shipping-taxable","15":"product-type-simple"},"yoast_head":"<!-- This site is optimized with the Yoast SEO plugin v26.9 - https:\/\/yoast.com\/product\/yoast-seo-wordpress\/ -->\n<title>FP-RM01 - Fulbat<\/title>\n<meta name=\"description\" content=\"%\" \/>\n<meta name=\"robots\" content=\"index, follow, max-snippet:-1, max-image-preview:large, max-video-preview:-1\" \/>\n<link rel=\"canonical\" href=\"https:\/\/fulbat.com\/fr\/produit\/fp-rm01\/\" \/>\n<meta property=\"og:locale\" content=\"fr_FR\" \/>\n<meta property=\"og:type\" content=\"article\" \/>\n<meta property=\"og:title\" content=\"FP-RM01 - Fulbat\" \/>\n<meta property=\"og:description\" content=\"%\" \/>\n<meta property=\"og:url\" content=\"https:\/\/fulbat.com\/fr\/produit\/fp-rm01\/\" \/>\n<meta property=\"og:site_name\" content=\"Fulbat\" \/>\n<meta property=\"article:modified_time\" content=\"2025-11-19T16:31:00+00:00\" \/>\n<meta property=\"og:image\" content=\"https:\/\/fulbat.com\/wp-content\/uploads\/2020\/09\/FP-RM01.png\" \/>\n\t<meta property=\"og:image:width\" content=\"300\" \/>\n\t<meta property=\"og:image:height\" content=\"214\" \/>\n\t<meta property=\"og:image:type\" content=\"image\/png\" \/>\n<meta name=\"twitter:card\" content=\"summary_large_image\" \/>\n<meta name=\"twitter:label1\" content=\"Dur\u00e9e de lecture estim\u00e9e\" \/>\n\t<meta name=\"twitter:data1\" content=\"1 minute\" \/>\n<script type=\"application\/ld+json\" class=\"yoast-schema-graph\">{\"@context\":\"https:\/\/schema.org\",\"@graph\":[{\"@type\":\"WebPage\",\"@id\":\"https:\/\/fulbat.com\/fr\/produit\/fp-rm01\/\",\"url\":\"https:\/\/fulbat.com\/fr\/produit\/fp-rm01\/\",\"name\":\"FP-RM01 - Fulbat\",\"isPartOf\":{\"@id\":\"https:\/\/fulbat.com\/fr\/#website\"},\"primaryImageOfPage\":{\"@id\":\"https:\/\/fulbat.com\/fr\/produit\/fp-rm01\/#primaryimage\"},\"image\":{\"@id\":\"https:\/\/fulbat.com\/fr\/produit\/fp-rm01\/#primaryimage\"},\"thumbnailUrl\":\"https:\/\/fulbat.com\/wp-content\/uploads\/2020\/09\/FP-RM01.png\",\"datePublished\":\"2020-09-09T10:20:43+00:00\",\"dateModified\":\"2025-11-19T16:31:00+00:00\",\"description\":\"%\",\"breadcrumb\":{\"@id\":\"https:\/\/fulbat.com\/fr\/produit\/fp-rm01\/#breadcrumb\"},\"inLanguage\":\"fr-FR\",\"potentialAction\":[{\"@type\":\"ReadAction\",\"target\":[\"https:\/\/fulbat.com\/fr\/produit\/fp-rm01\/\"]}]},{\"@type\":\"ImageObject\",\"inLanguage\":\"fr-FR\",\"@id\":\"https:\/\/fulbat.com\/fr\/produit\/fp-rm01\/#primaryimage\",\"url\":\"https:\/\/fulbat.com\/wp-content\/uploads\/2020\/09\/FP-RM01.png\",\"contentUrl\":\"https:\/\/fulbat.com\/wp-content\/uploads\/2020\/09\/FP-RM01.png\",\"width\":300,\"height\":214,\"caption\":\"robomow_batterie_robot_tondeuse_MRK9101A\"},{\"@type\":\"BreadcrumbList\",\"@id\":\"https:\/\/fulbat.com\/fr\/produit\/fp-rm01\/#breadcrumb\",\"itemListElement\":[{\"@type\":\"ListItem\",\"position\":1,\"name\":\"Home\",\"item\":\"https:\/\/fulbat.com\/fr\/\"},{\"@type\":\"ListItem\",\"position\":2,\"name\":\"Shop\",\"item\":\"https:\/\/fulbat.com\/shop\/\"},{\"@type\":\"ListItem\",\"position\":3,\"name\":\"D\u00e9marrage\",\"item\":\"https:\/\/fulbat.com\/fr\/demarrage\/\"},{\"@type\":\"ListItem\",\"position\":4,\"name\":\"FP-RM01\"}]},{\"@type\":\"WebSite\",\"@id\":\"https:\/\/fulbat.com\/fr\/#website\",\"url\":\"https:\/\/fulbat.com\/fr\/\",\"name\":\"Fulbat\",\"description\":\"Qualitative, performing &amp; reliable battery solutions\",\"potentialAction\":[{\"@type\":\"SearchAction\",\"target\":{\"@type\":\"EntryPoint\",\"urlTemplate\":\"https:\/\/fulbat.com\/fr\/?s={search_term_string}\"},\"query-input\":{\"@type\":\"PropertyValueSpecification\",\"valueRequired\":true,\"valueName\":\"search_term_string\"}}],\"inLanguage\":\"fr-FR\"}]}<\/script>\n<!-- \/ Yoast SEO plugin. -->","yoast_head_json":{"title":"FP-RM01 - Fulbat","description":"%","robots":{"index":"index","follow":"follow","max-snippet":"max-snippet:-1","max-image-preview":"max-image-preview:large","max-video-preview":"max-video-preview:-1"},"canonical":"https:\/\/fulbat.com\/fr\/produit\/fp-rm01\/","og_locale":"fr_FR","og_type":"article","og_title":"FP-RM01 - Fulbat","og_description":"%","og_url":"https:\/\/fulbat.com\/fr\/produit\/fp-rm01\/","og_site_name":"Fulbat","article_modified_time":"2025-11-19T16:31:00+00:00","og_image":[{"width":300,"height":214,"url":"https:\/\/fulbat.com\/wp-content\/uploads\/2020\/09\/FP-RM01.png","type":"image\/png"}],"twitter_card":"summary_large_image","twitter_misc":{"Dur\u00e9e de lecture estim\u00e9e":"1 minute"},"schema":{"@context":"https:\/\/schema.org","@graph":[{"@type":"WebPage","@id":"https:\/\/fulbat.com\/fr\/produit\/fp-rm01\/","url":"https:\/\/fulbat.com\/fr\/produit\/fp-rm01\/","name":"FP-RM01 - Fulbat","isPartOf":{"@id":"https:\/\/fulbat.com\/fr\/#website"},"primaryImageOfPage":{"@id":"https:\/\/fulbat.com\/fr\/produit\/fp-rm01\/#primaryimage"},"image":{"@id":"https:\/\/fulbat.com\/fr\/produit\/fp-rm01\/#primaryimage"},"thumbnailUrl":"https:\/\/fulbat.com\/wp-content\/uploads\/2020\/09\/FP-RM01.png","datePublished":"2020-09-09T10:20:43+00:00","dateModified":"2025-11-19T16:31:00+00:00","description":"%","breadcrumb":{"@id":"https:\/\/fulbat.com\/fr\/produit\/fp-rm01\/#breadcrumb"},"inLanguage":"fr-FR","potentialAction":[{"@type":"ReadAction","target":["https:\/\/fulbat.com\/fr\/produit\/fp-rm01\/"]}]},{"@type":"ImageObject","inLanguage":"fr-FR","@id":"https:\/\/fulbat.com\/fr\/produit\/fp-rm01\/#primaryimage","url":"https:\/\/fulbat.com\/wp-content\/uploads\/2020\/09\/FP-RM01.png","contentUrl":"https:\/\/fulbat.com\/wp-content\/uploads\/2020\/09\/FP-RM01.png","width":300,"height":214,"caption":"robomow_batterie_robot_tondeuse_MRK9101A"},{"@type":"BreadcrumbList","@id":"https:\/\/fulbat.com\/fr\/produit\/fp-rm01\/#breadcrumb","itemListElement":[{"@type":"ListItem","position":1,"name":"Home","item":"https:\/\/fulbat.com\/fr\/"},{"@type":"ListItem","position":2,"name":"Shop","item":"https:\/\/fulbat.com\/shop\/"},{"@type":"ListItem","position":3,"name":"D\u00e9marrage","item":"https:\/\/fulbat.com\/fr\/demarrage\/"},{"@type":"ListItem","position":4,"name":"FP-RM01"}]},{"@type":"WebSite","@id":"https:\/\/fulbat.com\/fr\/#website","url":"https:\/\/fulbat.com\/fr\/","name":"Fulbat","description":"Qualitative, performing &amp; reliable battery solutions","potentialAction":[{"@type":"SearchAction","target":{"@type":"EntryPoint","urlTemplate":"https:\/\/fulbat.com\/fr\/?s={search_term_string}"},"query-input":{"@type":"PropertyValueSpecification","valueRequired":true,"valueName":"search_term_string"}}],"inLanguage":"fr-FR"}]}},"_links":{"self":[{"href":"https:\/\/fulbat.com\/fr\/wp-json\/wp\/v2\/product\/9458","targetHints":{"allow":["GET"]}}],"collection":[{"href":"https:\/\/fulbat.com\/fr\/wp-json\/wp\/v2\/product"}],"about":[{"href":"https:\/\/fulbat.com\/fr\/wp-json\/wp\/v2\/types\/product"}],"wp:featuredmedia":[{"embeddable":true,"href":"https:\/\/fulbat.com\/fr\/wp-json\/wp\/v2\/media\/4467"}],"wp:attachment":[{"href":"https:\/\/fulbat.com\/fr\/wp-json\/wp\/v2\/media?parent=9458"}],"wp:term":[{"taxonomy":"product_brand","embeddable":true,"href":"https:\/\/fulbat.com\/fr\/wp-json\/wp\/v2\/product_brand?post=9458"},{"taxonomy":"product_cat","embeddable":true,"href":"https:\/\/fulbat.com\/fr\/wp-json\/wp\/v2\/product_cat?post=9458"},{"taxonomy":"product_tag","embeddable":true,"href":"https:\/\/fulbat.com\/fr\/wp-json\/wp\/v2\/product_tag?post=9458"}],"curies":[{"name":"wp","href":"https:\/\/api.w.org\/{rel}","templated":true}]}}