{"id":9459,"date":"2020-09-09T11:33:32","date_gmt":"2020-09-09T09:33:32","guid":{"rendered":"https:\/\/fulbat.com\/product\/fl-hu04\/"},"modified":"2024-11-18T15:54:44","modified_gmt":"2024-11-18T14:54:44","slug":"fl-hu04","status":"publish","type":"product","link":"https:\/\/fulbat.com\/fr\/produit\/fl-hu04\/","title":{"rendered":"FL-HU04"},"content":{"rendered":"<p style=\"text-align: justify;\">La batterie FL-HU04 fait partie de notre gamme Robot Lithium. Sp\u00e9cialement con\u00e7ue pour les robots tondeuses, la batterie Lithium-Ion 18V 5.2Ah r\u00e9pond ainsi aux besoins de charge et de d\u00e9charge intensives n\u00e9cessaire \u00e0 l\u2019utilisation des robots.<\/p>\n<p>\u00c9quip\u00e9e de cellules de haute qualit\u00e9 et de haute capacit\u00e9, la batterie FL-HU04 a \u00e9t\u00e9 d\u00e9velopp\u00e9e pour offrir une longue dur\u00e9e de vie et une autonomie de travail maximale \u00e0 votre robot.<\/p>\n<p><strong>Compatible avec les marques:<\/strong> Husqvarna<br \/>\n<strong>Part number d\u2019origine:<\/strong> 589 58 57-01&#8230;<\/p>\n","protected":false},"excerpt":{"rendered":"<p>Batterie de type compatible<\/p>\n<p>Longue dur\u00e9e de vie<\/p>\n<p>Grande autonomie : Capacit\u00e9 parfois sup\u00e9rieure \u00e0 la batterie d&rsquo;origine<\/p>\n<p>Cellules Lithium de haute qualit\u00e9<\/p>\n","protected":false},"featured_media":14134,"template":"","meta":[],"product_brand":[],"product_cat":[834,843],"product_tag":[2047,2020,2021],"class_list":{"0":"post-9459","1":"product","2":"type-product","3":"status-publish","4":"has-post-thumbnail","6":"product_cat-demarrage","7":"product_cat-robot-tondeuse","8":"product_tag-589-58-57-01-fr","9":"product_tag-batterie-robot-tondeuse","10":"product_tag-husqvarna-fr","12":"first","13":"instock","14":"shipping-taxable","15":"product-type-simple"},"yoast_head":"<!-- This site is optimized with the Yoast SEO plugin v26.9 - https:\/\/yoast.com\/product\/yoast-seo-wordpress\/ -->\n<title>FL-HU04 - Fulbat<\/title>\n<meta name=\"description\" content=\"%\" \/>\n<meta name=\"robots\" content=\"index, follow, max-snippet:-1, max-image-preview:large, max-video-preview:-1\" \/>\n<link rel=\"canonical\" href=\"https:\/\/fulbat.com\/fr\/produit\/fl-hu04\/\" \/>\n<meta property=\"og:locale\" content=\"fr_FR\" \/>\n<meta property=\"og:type\" content=\"article\" \/>\n<meta property=\"og:title\" content=\"FL-HU04 - Fulbat\" \/>\n<meta property=\"og:description\" content=\"%\" \/>\n<meta property=\"og:url\" content=\"https:\/\/fulbat.com\/fr\/produit\/fl-hu04\/\" \/>\n<meta property=\"og:site_name\" content=\"Fulbat\" \/>\n<meta property=\"article:modified_time\" content=\"2024-11-18T14:54:44+00:00\" \/>\n<meta property=\"og:image\" content=\"https:\/\/fulbat.com\/wp-content\/uploads\/2022\/02\/Fulbat_ROBOT_FL-HU04.png\" \/>\n\t<meta property=\"og:image:width\" content=\"580\" \/>\n\t<meta property=\"og:image:height\" content=\"351\" \/>\n\t<meta property=\"og:image:type\" content=\"image\/png\" \/>\n<meta name=\"twitter:card\" content=\"summary_large_image\" \/>\n<meta name=\"twitter:label1\" content=\"Dur\u00e9e de lecture estim\u00e9e\" \/>\n\t<meta name=\"twitter:data1\" content=\"1 minute\" \/>\n<script type=\"application\/ld+json\" class=\"yoast-schema-graph\">{\"@context\":\"https:\/\/schema.org\",\"@graph\":[{\"@type\":\"WebPage\",\"@id\":\"https:\/\/fulbat.com\/fr\/produit\/fl-hu04\/\",\"url\":\"https:\/\/fulbat.com\/fr\/produit\/fl-hu04\/\",\"name\":\"FL-HU04 - Fulbat\",\"isPartOf\":{\"@id\":\"https:\/\/fulbat.com\/fr\/#website\"},\"primaryImageOfPage\":{\"@id\":\"https:\/\/fulbat.com\/fr\/produit\/fl-hu04\/#primaryimage\"},\"image\":{\"@id\":\"https:\/\/fulbat.com\/fr\/produit\/fl-hu04\/#primaryimage\"},\"thumbnailUrl\":\"https:\/\/fulbat.com\/wp-content\/uploads\/2022\/02\/Fulbat_ROBOT_FL-HU04.png\",\"datePublished\":\"2020-09-09T09:33:32+00:00\",\"dateModified\":\"2024-11-18T14:54:44+00:00\",\"description\":\"%\",\"breadcrumb\":{\"@id\":\"https:\/\/fulbat.com\/fr\/produit\/fl-hu04\/#breadcrumb\"},\"inLanguage\":\"fr-FR\",\"potentialAction\":[{\"@type\":\"ReadAction\",\"target\":[\"https:\/\/fulbat.com\/fr\/produit\/fl-hu04\/\"]}]},{\"@type\":\"ImageObject\",\"inLanguage\":\"fr-FR\",\"@id\":\"https:\/\/fulbat.com\/fr\/produit\/fl-hu04\/#primaryimage\",\"url\":\"https:\/\/fulbat.com\/wp-content\/uploads\/2022\/02\/Fulbat_ROBOT_FL-HU04.png\",\"contentUrl\":\"https:\/\/fulbat.com\/wp-content\/uploads\/2022\/02\/Fulbat_ROBOT_FL-HU04.png\",\"width\":580,\"height\":351},{\"@type\":\"BreadcrumbList\",\"@id\":\"https:\/\/fulbat.com\/fr\/produit\/fl-hu04\/#breadcrumb\",\"itemListElement\":[{\"@type\":\"ListItem\",\"position\":1,\"name\":\"Home\",\"item\":\"https:\/\/fulbat.com\/fr\/\"},{\"@type\":\"ListItem\",\"position\":2,\"name\":\"Shop\",\"item\":\"https:\/\/fulbat.com\/shop\/\"},{\"@type\":\"ListItem\",\"position\":3,\"name\":\"D\u00e9marrage\",\"item\":\"https:\/\/fulbat.com\/fr\/demarrage\/\"},{\"@type\":\"ListItem\",\"position\":4,\"name\":\"FL-HU04\"}]},{\"@type\":\"WebSite\",\"@id\":\"https:\/\/fulbat.com\/fr\/#website\",\"url\":\"https:\/\/fulbat.com\/fr\/\",\"name\":\"Fulbat\",\"description\":\"Qualitative, performing &amp; reliable battery solutions\",\"potentialAction\":[{\"@type\":\"SearchAction\",\"target\":{\"@type\":\"EntryPoint\",\"urlTemplate\":\"https:\/\/fulbat.com\/fr\/?s={search_term_string}\"},\"query-input\":{\"@type\":\"PropertyValueSpecification\",\"valueRequired\":true,\"valueName\":\"search_term_string\"}}],\"inLanguage\":\"fr-FR\"}]}<\/script>\n<!-- \/ Yoast SEO plugin. -->","yoast_head_json":{"title":"FL-HU04 - Fulbat","description":"%","robots":{"index":"index","follow":"follow","max-snippet":"max-snippet:-1","max-image-preview":"max-image-preview:large","max-video-preview":"max-video-preview:-1"},"canonical":"https:\/\/fulbat.com\/fr\/produit\/fl-hu04\/","og_locale":"fr_FR","og_type":"article","og_title":"FL-HU04 - Fulbat","og_description":"%","og_url":"https:\/\/fulbat.com\/fr\/produit\/fl-hu04\/","og_site_name":"Fulbat","article_modified_time":"2024-11-18T14:54:44+00:00","og_image":[{"width":580,"height":351,"url":"https:\/\/fulbat.com\/wp-content\/uploads\/2022\/02\/Fulbat_ROBOT_FL-HU04.png","type":"image\/png"}],"twitter_card":"summary_large_image","twitter_misc":{"Dur\u00e9e de lecture estim\u00e9e":"1 minute"},"schema":{"@context":"https:\/\/schema.org","@graph":[{"@type":"WebPage","@id":"https:\/\/fulbat.com\/fr\/produit\/fl-hu04\/","url":"https:\/\/fulbat.com\/fr\/produit\/fl-hu04\/","name":"FL-HU04 - Fulbat","isPartOf":{"@id":"https:\/\/fulbat.com\/fr\/#website"},"primaryImageOfPage":{"@id":"https:\/\/fulbat.com\/fr\/produit\/fl-hu04\/#primaryimage"},"image":{"@id":"https:\/\/fulbat.com\/fr\/produit\/fl-hu04\/#primaryimage"},"thumbnailUrl":"https:\/\/fulbat.com\/wp-content\/uploads\/2022\/02\/Fulbat_ROBOT_FL-HU04.png","datePublished":"2020-09-09T09:33:32+00:00","dateModified":"2024-11-18T14:54:44+00:00","description":"%","breadcrumb":{"@id":"https:\/\/fulbat.com\/fr\/produit\/fl-hu04\/#breadcrumb"},"inLanguage":"fr-FR","potentialAction":[{"@type":"ReadAction","target":["https:\/\/fulbat.com\/fr\/produit\/fl-hu04\/"]}]},{"@type":"ImageObject","inLanguage":"fr-FR","@id":"https:\/\/fulbat.com\/fr\/produit\/fl-hu04\/#primaryimage","url":"https:\/\/fulbat.com\/wp-content\/uploads\/2022\/02\/Fulbat_ROBOT_FL-HU04.png","contentUrl":"https:\/\/fulbat.com\/wp-content\/uploads\/2022\/02\/Fulbat_ROBOT_FL-HU04.png","width":580,"height":351},{"@type":"BreadcrumbList","@id":"https:\/\/fulbat.com\/fr\/produit\/fl-hu04\/#breadcrumb","itemListElement":[{"@type":"ListItem","position":1,"name":"Home","item":"https:\/\/fulbat.com\/fr\/"},{"@type":"ListItem","position":2,"name":"Shop","item":"https:\/\/fulbat.com\/shop\/"},{"@type":"ListItem","position":3,"name":"D\u00e9marrage","item":"https:\/\/fulbat.com\/fr\/demarrage\/"},{"@type":"ListItem","position":4,"name":"FL-HU04"}]},{"@type":"WebSite","@id":"https:\/\/fulbat.com\/fr\/#website","url":"https:\/\/fulbat.com\/fr\/","name":"Fulbat","description":"Qualitative, performing &amp; reliable battery solutions","potentialAction":[{"@type":"SearchAction","target":{"@type":"EntryPoint","urlTemplate":"https:\/\/fulbat.com\/fr\/?s={search_term_string}"},"query-input":{"@type":"PropertyValueSpecification","valueRequired":true,"valueName":"search_term_string"}}],"inLanguage":"fr-FR"}]}},"_links":{"self":[{"href":"https:\/\/fulbat.com\/fr\/wp-json\/wp\/v2\/product\/9459","targetHints":{"allow":["GET"]}}],"collection":[{"href":"https:\/\/fulbat.com\/fr\/wp-json\/wp\/v2\/product"}],"about":[{"href":"https:\/\/fulbat.com\/fr\/wp-json\/wp\/v2\/types\/product"}],"wp:featuredmedia":[{"embeddable":true,"href":"https:\/\/fulbat.com\/fr\/wp-json\/wp\/v2\/media\/14134"}],"wp:attachment":[{"href":"https:\/\/fulbat.com\/fr\/wp-json\/wp\/v2\/media?parent=9459"}],"wp:term":[{"taxonomy":"product_brand","embeddable":true,"href":"https:\/\/fulbat.com\/fr\/wp-json\/wp\/v2\/product_brand?post=9459"},{"taxonomy":"product_cat","embeddable":true,"href":"https:\/\/fulbat.com\/fr\/wp-json\/wp\/v2\/product_cat?post=9459"},{"taxonomy":"product_tag","embeddable":true,"href":"https:\/\/fulbat.com\/fr\/wp-json\/wp\/v2\/product_tag?post=9459"}],"curies":[{"name":"wp","href":"https:\/\/api.w.org\/{rel}","templated":true}]}}