{"id":9484,"date":"2020-09-10T17:22:14","date_gmt":"2020-09-10T15:22:14","guid":{"rendered":"https:\/\/fulbat.com\/product\/f50-n18l-a\/"},"modified":"2025-04-17T10:51:58","modified_gmt":"2025-04-17T08:51:58","slug":"f50-n18l-a-a2-12n18-3a","status":"publish","type":"product","link":"https:\/\/fulbat.com\/fr\/produit\/f50-n18l-a-a2-12n18-3a\/","title":{"rendered":"F50-N18L-A\/12N18-3A"},"content":{"rendered":"<p style=\"text-align: justify;\">La batterie F50-N18L-A\/12N18-3A fait partie de notre gamme DRY. Sp\u00e9cialement con\u00e7ue pour offrir de bonnes performances et une bonne r\u00e9sistance aux vibrations, cette batterie 12V 21.1Ah est livr\u00e9e avec un pack acide. Elle doit \u00eatre activ\u00e9e avant la premi\u00e8re utilisation et n\u00e9cessite d&rsquo;\u00eatre v\u00e9rifi\u00e9e p\u00e9riodiquement.<\/p>\n<p>Gr\u00e2ce \u00e0 sa conception unique, la batterie F50-N18L-A\/12N18-3A ne n\u00e9cessite pas d&rsquo;entretien pendant une longue p\u00e9riode de stockage.<\/p>\n<p>Chargeur compatible : <strong><a href=\"https:\/\/fulbat.com\/charger\/charger\/fulload-f4\/\" target=\"_blank\" rel=\"noopener noreferrer\">Fulload F4<\/a><\/strong><\/p>\n","protected":false},"excerpt":{"rendered":"<p>Construction s\u00e8che<\/p>\n<p>Doit \u00eatre activ\u00e9e avant la premi\u00e8re utilisation<\/p>\n<p>Doit \u00eatre r\u00e9guli\u00e8rement contr\u00f4l\u00e9e et remplie si n\u00e9cessaire<\/p>\n<p>Montage vertical uniquement<\/p>\n<p>Batteries 6V et 12V<\/p>\n<p>Dur\u00e9e de vie standard<\/p>\n<p>Dur\u00e9e de stockage illimit\u00e9e<\/p>\n","protected":false},"featured_media":16929,"template":"","meta":[],"product_brand":[],"product_cat":[834,837,842,839,847,835],"product_tag":[2081,910,1383,1447,1448,1992,1995,1993,1996],"class_list":{"0":"post-9484","1":"product","2":"type-product","3":"status-publish","4":"has-post-thumbnail","6":"product_cat-demarrage","7":"product_cat-dry-fr","8":"product_cat-moto","9":"product_cat-motoculture","10":"product_cat-motoneige","11":"product_cat-quad","12":"product_tag-batterie-conventionnelle","13":"product_tag-batterie-de-moto","14":"product_tag-batterie-motoculture-fr","15":"product_tag-batterie-motoneige-fr","16":"product_tag-batterie-quad-fr","17":"product_tag-f50-n18l-a-fr","18":"product_tag-f50n18la-fr","19":"product_tag-y50-n18l-a-fr","20":"product_tag-y50n18la-fr","22":"first","23":"instock","24":"shipping-taxable","25":"product-type-simple"},"yoast_head":"<!-- This site is optimized with the Yoast SEO plugin v26.9 - https:\/\/yoast.com\/product\/yoast-seo-wordpress\/ -->\n<title>F50-N18L-A\/12N18-3A - Fulbat<\/title>\n<meta name=\"description\" content=\"%\" \/>\n<meta name=\"robots\" content=\"index, follow, max-snippet:-1, max-image-preview:large, max-video-preview:-1\" \/>\n<link rel=\"canonical\" href=\"https:\/\/fulbat.com\/fr\/produit\/f50-n18l-a-a2-12n18-3a\/\" \/>\n<meta property=\"og:locale\" content=\"fr_FR\" \/>\n<meta property=\"og:type\" content=\"article\" \/>\n<meta property=\"og:title\" content=\"F50-N18L-A\/12N18-3A - Fulbat\" \/>\n<meta property=\"og:description\" content=\"%\" \/>\n<meta property=\"og:url\" content=\"https:\/\/fulbat.com\/fr\/produit\/f50-n18l-a-a2-12n18-3a\/\" \/>\n<meta property=\"og:site_name\" content=\"Fulbat\" \/>\n<meta property=\"article:modified_time\" content=\"2025-04-17T08:51:58+00:00\" \/>\n<meta property=\"og:image\" content=\"https:\/\/fulbat.com\/wp-content\/uploads\/2020\/09\/Fulbat_DRY_12N5.5-4A-seule.png\" \/>\n\t<meta property=\"og:image:width\" content=\"506\" \/>\n\t<meta property=\"og:image:height\" content=\"461\" \/>\n\t<meta property=\"og:image:type\" content=\"image\/png\" \/>\n<meta name=\"twitter:card\" content=\"summary_large_image\" \/>\n<meta name=\"twitter:label1\" content=\"Dur\u00e9e de lecture estim\u00e9e\" \/>\n\t<meta name=\"twitter:data1\" content=\"1 minute\" \/>\n<script type=\"application\/ld+json\" class=\"yoast-schema-graph\">{\"@context\":\"https:\/\/schema.org\",\"@graph\":[{\"@type\":\"WebPage\",\"@id\":\"https:\/\/fulbat.com\/fr\/produit\/f50-n18l-a-a2-12n18-3a\/\",\"url\":\"https:\/\/fulbat.com\/fr\/produit\/f50-n18l-a-a2-12n18-3a\/\",\"name\":\"F50-N18L-A\/12N18-3A - Fulbat\",\"isPartOf\":{\"@id\":\"https:\/\/fulbat.com\/fr\/#website\"},\"primaryImageOfPage\":{\"@id\":\"https:\/\/fulbat.com\/fr\/produit\/f50-n18l-a-a2-12n18-3a\/#primaryimage\"},\"image\":{\"@id\":\"https:\/\/fulbat.com\/fr\/produit\/f50-n18l-a-a2-12n18-3a\/#primaryimage\"},\"thumbnailUrl\":\"https:\/\/fulbat.com\/wp-content\/uploads\/2020\/09\/Fulbat_DRY_12N5.5-4A-seule.png\",\"datePublished\":\"2020-09-10T15:22:14+00:00\",\"dateModified\":\"2025-04-17T08:51:58+00:00\",\"description\":\"%\",\"breadcrumb\":{\"@id\":\"https:\/\/fulbat.com\/fr\/produit\/f50-n18l-a-a2-12n18-3a\/#breadcrumb\"},\"inLanguage\":\"fr-FR\",\"potentialAction\":[{\"@type\":\"ReadAction\",\"target\":[\"https:\/\/fulbat.com\/fr\/produit\/f50-n18l-a-a2-12n18-3a\/\"]}]},{\"@type\":\"ImageObject\",\"inLanguage\":\"fr-FR\",\"@id\":\"https:\/\/fulbat.com\/fr\/produit\/f50-n18l-a-a2-12n18-3a\/#primaryimage\",\"url\":\"https:\/\/fulbat.com\/wp-content\/uploads\/2020\/09\/Fulbat_DRY_12N5.5-4A-seule.png\",\"contentUrl\":\"https:\/\/fulbat.com\/wp-content\/uploads\/2020\/09\/Fulbat_DRY_12N5.5-4A-seule.png\",\"width\":506,\"height\":461},{\"@type\":\"BreadcrumbList\",\"@id\":\"https:\/\/fulbat.com\/fr\/produit\/f50-n18l-a-a2-12n18-3a\/#breadcrumb\",\"itemListElement\":[{\"@type\":\"ListItem\",\"position\":1,\"name\":\"Home\",\"item\":\"https:\/\/fulbat.com\/fr\/\"},{\"@type\":\"ListItem\",\"position\":2,\"name\":\"Shop\",\"item\":\"https:\/\/fulbat.com\/shop\/\"},{\"@type\":\"ListItem\",\"position\":3,\"name\":\"D\u00e9marrage\",\"item\":\"https:\/\/fulbat.com\/fr\/demarrage\/\"},{\"@type\":\"ListItem\",\"position\":4,\"name\":\"F50-N18L-A\/12N18-3A\"}]},{\"@type\":\"WebSite\",\"@id\":\"https:\/\/fulbat.com\/fr\/#website\",\"url\":\"https:\/\/fulbat.com\/fr\/\",\"name\":\"Fulbat\",\"description\":\"Qualitative, performing &amp; reliable battery solutions\",\"potentialAction\":[{\"@type\":\"SearchAction\",\"target\":{\"@type\":\"EntryPoint\",\"urlTemplate\":\"https:\/\/fulbat.com\/fr\/?s={search_term_string}\"},\"query-input\":{\"@type\":\"PropertyValueSpecification\",\"valueRequired\":true,\"valueName\":\"search_term_string\"}}],\"inLanguage\":\"fr-FR\"}]}<\/script>\n<!-- \/ Yoast SEO plugin. -->","yoast_head_json":{"title":"F50-N18L-A\/12N18-3A - Fulbat","description":"%","robots":{"index":"index","follow":"follow","max-snippet":"max-snippet:-1","max-image-preview":"max-image-preview:large","max-video-preview":"max-video-preview:-1"},"canonical":"https:\/\/fulbat.com\/fr\/produit\/f50-n18l-a-a2-12n18-3a\/","og_locale":"fr_FR","og_type":"article","og_title":"F50-N18L-A\/12N18-3A - Fulbat","og_description":"%","og_url":"https:\/\/fulbat.com\/fr\/produit\/f50-n18l-a-a2-12n18-3a\/","og_site_name":"Fulbat","article_modified_time":"2025-04-17T08:51:58+00:00","og_image":[{"width":506,"height":461,"url":"https:\/\/fulbat.com\/wp-content\/uploads\/2020\/09\/Fulbat_DRY_12N5.5-4A-seule.png","type":"image\/png"}],"twitter_card":"summary_large_image","twitter_misc":{"Dur\u00e9e de lecture estim\u00e9e":"1 minute"},"schema":{"@context":"https:\/\/schema.org","@graph":[{"@type":"WebPage","@id":"https:\/\/fulbat.com\/fr\/produit\/f50-n18l-a-a2-12n18-3a\/","url":"https:\/\/fulbat.com\/fr\/produit\/f50-n18l-a-a2-12n18-3a\/","name":"F50-N18L-A\/12N18-3A - Fulbat","isPartOf":{"@id":"https:\/\/fulbat.com\/fr\/#website"},"primaryImageOfPage":{"@id":"https:\/\/fulbat.com\/fr\/produit\/f50-n18l-a-a2-12n18-3a\/#primaryimage"},"image":{"@id":"https:\/\/fulbat.com\/fr\/produit\/f50-n18l-a-a2-12n18-3a\/#primaryimage"},"thumbnailUrl":"https:\/\/fulbat.com\/wp-content\/uploads\/2020\/09\/Fulbat_DRY_12N5.5-4A-seule.png","datePublished":"2020-09-10T15:22:14+00:00","dateModified":"2025-04-17T08:51:58+00:00","description":"%","breadcrumb":{"@id":"https:\/\/fulbat.com\/fr\/produit\/f50-n18l-a-a2-12n18-3a\/#breadcrumb"},"inLanguage":"fr-FR","potentialAction":[{"@type":"ReadAction","target":["https:\/\/fulbat.com\/fr\/produit\/f50-n18l-a-a2-12n18-3a\/"]}]},{"@type":"ImageObject","inLanguage":"fr-FR","@id":"https:\/\/fulbat.com\/fr\/produit\/f50-n18l-a-a2-12n18-3a\/#primaryimage","url":"https:\/\/fulbat.com\/wp-content\/uploads\/2020\/09\/Fulbat_DRY_12N5.5-4A-seule.png","contentUrl":"https:\/\/fulbat.com\/wp-content\/uploads\/2020\/09\/Fulbat_DRY_12N5.5-4A-seule.png","width":506,"height":461},{"@type":"BreadcrumbList","@id":"https:\/\/fulbat.com\/fr\/produit\/f50-n18l-a-a2-12n18-3a\/#breadcrumb","itemListElement":[{"@type":"ListItem","position":1,"name":"Home","item":"https:\/\/fulbat.com\/fr\/"},{"@type":"ListItem","position":2,"name":"Shop","item":"https:\/\/fulbat.com\/shop\/"},{"@type":"ListItem","position":3,"name":"D\u00e9marrage","item":"https:\/\/fulbat.com\/fr\/demarrage\/"},{"@type":"ListItem","position":4,"name":"F50-N18L-A\/12N18-3A"}]},{"@type":"WebSite","@id":"https:\/\/fulbat.com\/fr\/#website","url":"https:\/\/fulbat.com\/fr\/","name":"Fulbat","description":"Qualitative, performing &amp; reliable battery solutions","potentialAction":[{"@type":"SearchAction","target":{"@type":"EntryPoint","urlTemplate":"https:\/\/fulbat.com\/fr\/?s={search_term_string}"},"query-input":{"@type":"PropertyValueSpecification","valueRequired":true,"valueName":"search_term_string"}}],"inLanguage":"fr-FR"}]}},"_links":{"self":[{"href":"https:\/\/fulbat.com\/fr\/wp-json\/wp\/v2\/product\/9484","targetHints":{"allow":["GET"]}}],"collection":[{"href":"https:\/\/fulbat.com\/fr\/wp-json\/wp\/v2\/product"}],"about":[{"href":"https:\/\/fulbat.com\/fr\/wp-json\/wp\/v2\/types\/product"}],"wp:featuredmedia":[{"embeddable":true,"href":"https:\/\/fulbat.com\/fr\/wp-json\/wp\/v2\/media\/16929"}],"wp:attachment":[{"href":"https:\/\/fulbat.com\/fr\/wp-json\/wp\/v2\/media?parent=9484"}],"wp:term":[{"taxonomy":"product_brand","embeddable":true,"href":"https:\/\/fulbat.com\/fr\/wp-json\/wp\/v2\/product_brand?post=9484"},{"taxonomy":"product_cat","embeddable":true,"href":"https:\/\/fulbat.com\/fr\/wp-json\/wp\/v2\/product_cat?post=9484"},{"taxonomy":"product_tag","embeddable":true,"href":"https:\/\/fulbat.com\/fr\/wp-json\/wp\/v2\/product_tag?post=9484"}],"curies":[{"name":"wp","href":"https:\/\/api.w.org\/{rel}","templated":true}]}}