{"id":9514,"date":"2020-08-28T12:16:03","date_gmt":"2020-08-28T10:16:03","guid":{"rendered":"https:\/\/fulbat.com\/product\/fb12al-a2\/"},"modified":"2024-11-18T17:05:30","modified_gmt":"2024-11-18T16:05:30","slug":"fb12al-a-a2","status":"publish","type":"product","link":"https:\/\/fulbat.com\/fr\/produit\/fb12al-a-a2\/","title":{"rendered":"FB12AL-A\/A2"},"content":{"rendered":"<p style=\"text-align: justify;\">La batterie FB12AL-A\/A2 fait partie de notre gamme DRY. Sp\u00e9cialement con\u00e7ue pour offrir de bonnes performances et une bonne r\u00e9sistance aux vibrations, cette batterie 12V 12.6Ah est livr\u00e9e avec un pack acide. Elle doit \u00eatre activ\u00e9e avant la premi\u00e8re utilisation et n\u00e9cessite d&rsquo;\u00eatre v\u00e9rifi\u00e9e p\u00e9riodiquement.<\/p>\n<p>Gr\u00e2ce \u00e0 sa conception unique, la batterie FB12AL-A\/A2 ne n\u00e9cessite pas d&rsquo;entretien pendant une longue p\u00e9riode de stockage.<\/p>\n<p>Chargeur compatible : <strong><a href=\"https:\/\/fulbat.com\/fr\/chargeur\/chargeur\/fulload-1000\/\" target=\"_blank\" rel=\"noopener noreferrer\">Fulload 1000<\/a><\/strong><\/p>\n","protected":false},"excerpt":{"rendered":"<p>Construction s\u00e8che<\/p>\n<p>Doit \u00eatre activ\u00e9e avant la premi\u00e8re utilisation<\/p>\n<p>Doit \u00eatre r\u00e9guli\u00e8rement contr\u00f4l\u00e9e et remplie si n\u00e9cessaire<\/p>\n<p>Montage vertical uniquement<\/p>\n<p>Batteries 6V et 12V<\/p>\n<p>Dur\u00e9e de vie standard<\/p>\n<p>Dur\u00e9e de stockage illimit\u00e9e<\/p>\n","protected":false},"featured_media":19145,"template":"","meta":[],"product_brand":[],"product_cat":[834,837,842,846],"product_tag":[2081,910,2082,1469,5418,5419,5411,5412,5481,1956,1958,5509,6033,1957,1959,6046],"class_list":{"0":"post-9514","1":"product","2":"type-product","3":"status-publish","4":"has-post-thumbnail","6":"product_cat-demarrage","7":"product_cat-dry-fr","8":"product_cat-moto","9":"product_cat-scooter-fr","10":"product_tag-batterie-conventionnelle","11":"product_tag-batterie-de-moto","12":"product_tag-batterie-plomb-acide-fr","13":"product_tag-batterie-scooter-fr","14":"product_tag-cb12al-a-a2-fr-2","15":"product_tag-cb12alaa2-fr-2","16":"product_tag-eb12al-a-a2-fr-2","17":"product_tag-eb12alaa2-fr-2","18":"product_tag-fb12al-a-a2-fr-2","19":"product_tag-fb12al-a2-fr","20":"product_tag-fb12ala2-fr","21":"product_tag-fb12alaa2-fr-2","22":"product_tag-yb12al-a-a2-fr-2","23":"product_tag-yb12al-a2-fr","24":"product_tag-yb12ala2-fr","25":"product_tag-yb12alaa2-fr-2","27":"first","28":"instock","29":"shipping-taxable","30":"product-type-simple"},"yoast_head":"<!-- This site is optimized with the Yoast SEO plugin v26.9 - https:\/\/yoast.com\/product\/yoast-seo-wordpress\/ -->\n<title>FB12AL-A\/A2 - Fulbat<\/title>\n<meta name=\"description\" content=\"%\" \/>\n<meta name=\"robots\" content=\"index, follow, max-snippet:-1, max-image-preview:large, max-video-preview:-1\" \/>\n<link rel=\"canonical\" href=\"https:\/\/fulbat.com\/fr\/produit\/fb12al-a-a2\/\" \/>\n<meta property=\"og:locale\" content=\"fr_FR\" \/>\n<meta property=\"og:type\" content=\"article\" \/>\n<meta property=\"og:title\" content=\"FB12AL-A\/A2 - Fulbat\" \/>\n<meta property=\"og:description\" content=\"%\" \/>\n<meta property=\"og:url\" content=\"https:\/\/fulbat.com\/fr\/produit\/fb12al-a-a2\/\" \/>\n<meta property=\"og:site_name\" content=\"Fulbat\" \/>\n<meta property=\"article:modified_time\" content=\"2024-11-18T16:05:30+00:00\" \/>\n<meta property=\"og:image\" content=\"https:\/\/fulbat.com\/wp-content\/uploads\/2020\/08\/FULBAT-DRY-FB12AL-A-A2.png\" \/>\n\t<meta property=\"og:image:width\" content=\"580\" \/>\n\t<meta property=\"og:image:height\" content=\"450\" \/>\n\t<meta property=\"og:image:type\" content=\"image\/png\" \/>\n<meta name=\"twitter:card\" content=\"summary_large_image\" \/>\n<meta name=\"twitter:label1\" content=\"Dur\u00e9e de lecture estim\u00e9e\" \/>\n\t<meta name=\"twitter:data1\" content=\"1 minute\" \/>\n<script type=\"application\/ld+json\" class=\"yoast-schema-graph\">{\"@context\":\"https:\/\/schema.org\",\"@graph\":[{\"@type\":\"WebPage\",\"@id\":\"https:\/\/fulbat.com\/fr\/produit\/fb12al-a-a2\/\",\"url\":\"https:\/\/fulbat.com\/fr\/produit\/fb12al-a-a2\/\",\"name\":\"FB12AL-A\/A2 - Fulbat\",\"isPartOf\":{\"@id\":\"https:\/\/fulbat.com\/fr\/#website\"},\"primaryImageOfPage\":{\"@id\":\"https:\/\/fulbat.com\/fr\/produit\/fb12al-a-a2\/#primaryimage\"},\"image\":{\"@id\":\"https:\/\/fulbat.com\/fr\/produit\/fb12al-a-a2\/#primaryimage\"},\"thumbnailUrl\":\"https:\/\/fulbat.com\/wp-content\/uploads\/2020\/08\/FULBAT-DRY-FB12AL-A-A2.png\",\"datePublished\":\"2020-08-28T10:16:03+00:00\",\"dateModified\":\"2024-11-18T16:05:30+00:00\",\"description\":\"%\",\"breadcrumb\":{\"@id\":\"https:\/\/fulbat.com\/fr\/produit\/fb12al-a-a2\/#breadcrumb\"},\"inLanguage\":\"fr-FR\",\"potentialAction\":[{\"@type\":\"ReadAction\",\"target\":[\"https:\/\/fulbat.com\/fr\/produit\/fb12al-a-a2\/\"]}]},{\"@type\":\"ImageObject\",\"inLanguage\":\"fr-FR\",\"@id\":\"https:\/\/fulbat.com\/fr\/produit\/fb12al-a-a2\/#primaryimage\",\"url\":\"https:\/\/fulbat.com\/wp-content\/uploads\/2020\/08\/FULBAT-DRY-FB12AL-A-A2.png\",\"contentUrl\":\"https:\/\/fulbat.com\/wp-content\/uploads\/2020\/08\/FULBAT-DRY-FB12AL-A-A2.png\",\"width\":580,\"height\":450},{\"@type\":\"BreadcrumbList\",\"@id\":\"https:\/\/fulbat.com\/fr\/produit\/fb12al-a-a2\/#breadcrumb\",\"itemListElement\":[{\"@type\":\"ListItem\",\"position\":1,\"name\":\"Home\",\"item\":\"https:\/\/fulbat.com\/fr\/\"},{\"@type\":\"ListItem\",\"position\":2,\"name\":\"Shop\",\"item\":\"https:\/\/fulbat.com\/shop\/\"},{\"@type\":\"ListItem\",\"position\":3,\"name\":\"D\u00e9marrage\",\"item\":\"https:\/\/fulbat.com\/fr\/demarrage\/\"},{\"@type\":\"ListItem\",\"position\":4,\"name\":\"FB12AL-A\/A2\"}]},{\"@type\":\"WebSite\",\"@id\":\"https:\/\/fulbat.com\/fr\/#website\",\"url\":\"https:\/\/fulbat.com\/fr\/\",\"name\":\"Fulbat\",\"description\":\"Qualitative, performing &amp; reliable battery solutions\",\"potentialAction\":[{\"@type\":\"SearchAction\",\"target\":{\"@type\":\"EntryPoint\",\"urlTemplate\":\"https:\/\/fulbat.com\/fr\/?s={search_term_string}\"},\"query-input\":{\"@type\":\"PropertyValueSpecification\",\"valueRequired\":true,\"valueName\":\"search_term_string\"}}],\"inLanguage\":\"fr-FR\"}]}<\/script>\n<!-- \/ Yoast SEO plugin. -->","yoast_head_json":{"title":"FB12AL-A\/A2 - Fulbat","description":"%","robots":{"index":"index","follow":"follow","max-snippet":"max-snippet:-1","max-image-preview":"max-image-preview:large","max-video-preview":"max-video-preview:-1"},"canonical":"https:\/\/fulbat.com\/fr\/produit\/fb12al-a-a2\/","og_locale":"fr_FR","og_type":"article","og_title":"FB12AL-A\/A2 - Fulbat","og_description":"%","og_url":"https:\/\/fulbat.com\/fr\/produit\/fb12al-a-a2\/","og_site_name":"Fulbat","article_modified_time":"2024-11-18T16:05:30+00:00","og_image":[{"width":580,"height":450,"url":"https:\/\/fulbat.com\/wp-content\/uploads\/2020\/08\/FULBAT-DRY-FB12AL-A-A2.png","type":"image\/png"}],"twitter_card":"summary_large_image","twitter_misc":{"Dur\u00e9e de lecture estim\u00e9e":"1 minute"},"schema":{"@context":"https:\/\/schema.org","@graph":[{"@type":"WebPage","@id":"https:\/\/fulbat.com\/fr\/produit\/fb12al-a-a2\/","url":"https:\/\/fulbat.com\/fr\/produit\/fb12al-a-a2\/","name":"FB12AL-A\/A2 - Fulbat","isPartOf":{"@id":"https:\/\/fulbat.com\/fr\/#website"},"primaryImageOfPage":{"@id":"https:\/\/fulbat.com\/fr\/produit\/fb12al-a-a2\/#primaryimage"},"image":{"@id":"https:\/\/fulbat.com\/fr\/produit\/fb12al-a-a2\/#primaryimage"},"thumbnailUrl":"https:\/\/fulbat.com\/wp-content\/uploads\/2020\/08\/FULBAT-DRY-FB12AL-A-A2.png","datePublished":"2020-08-28T10:16:03+00:00","dateModified":"2024-11-18T16:05:30+00:00","description":"%","breadcrumb":{"@id":"https:\/\/fulbat.com\/fr\/produit\/fb12al-a-a2\/#breadcrumb"},"inLanguage":"fr-FR","potentialAction":[{"@type":"ReadAction","target":["https:\/\/fulbat.com\/fr\/produit\/fb12al-a-a2\/"]}]},{"@type":"ImageObject","inLanguage":"fr-FR","@id":"https:\/\/fulbat.com\/fr\/produit\/fb12al-a-a2\/#primaryimage","url":"https:\/\/fulbat.com\/wp-content\/uploads\/2020\/08\/FULBAT-DRY-FB12AL-A-A2.png","contentUrl":"https:\/\/fulbat.com\/wp-content\/uploads\/2020\/08\/FULBAT-DRY-FB12AL-A-A2.png","width":580,"height":450},{"@type":"BreadcrumbList","@id":"https:\/\/fulbat.com\/fr\/produit\/fb12al-a-a2\/#breadcrumb","itemListElement":[{"@type":"ListItem","position":1,"name":"Home","item":"https:\/\/fulbat.com\/fr\/"},{"@type":"ListItem","position":2,"name":"Shop","item":"https:\/\/fulbat.com\/shop\/"},{"@type":"ListItem","position":3,"name":"D\u00e9marrage","item":"https:\/\/fulbat.com\/fr\/demarrage\/"},{"@type":"ListItem","position":4,"name":"FB12AL-A\/A2"}]},{"@type":"WebSite","@id":"https:\/\/fulbat.com\/fr\/#website","url":"https:\/\/fulbat.com\/fr\/","name":"Fulbat","description":"Qualitative, performing &amp; reliable battery solutions","potentialAction":[{"@type":"SearchAction","target":{"@type":"EntryPoint","urlTemplate":"https:\/\/fulbat.com\/fr\/?s={search_term_string}"},"query-input":{"@type":"PropertyValueSpecification","valueRequired":true,"valueName":"search_term_string"}}],"inLanguage":"fr-FR"}]}},"_links":{"self":[{"href":"https:\/\/fulbat.com\/fr\/wp-json\/wp\/v2\/product\/9514","targetHints":{"allow":["GET"]}}],"collection":[{"href":"https:\/\/fulbat.com\/fr\/wp-json\/wp\/v2\/product"}],"about":[{"href":"https:\/\/fulbat.com\/fr\/wp-json\/wp\/v2\/types\/product"}],"wp:featuredmedia":[{"embeddable":true,"href":"https:\/\/fulbat.com\/fr\/wp-json\/wp\/v2\/media\/19145"}],"wp:attachment":[{"href":"https:\/\/fulbat.com\/fr\/wp-json\/wp\/v2\/media?parent=9514"}],"wp:term":[{"taxonomy":"product_brand","embeddable":true,"href":"https:\/\/fulbat.com\/fr\/wp-json\/wp\/v2\/product_brand?post=9514"},{"taxonomy":"product_cat","embeddable":true,"href":"https:\/\/fulbat.com\/fr\/wp-json\/wp\/v2\/product_cat?post=9514"},{"taxonomy":"product_tag","embeddable":true,"href":"https:\/\/fulbat.com\/fr\/wp-json\/wp\/v2\/product_tag?post=9514"}],"curies":[{"name":"wp","href":"https:\/\/api.w.org\/{rel}","templated":true}]}}